{"id":4817,"date":"2023-10-05T23:01:15","date_gmt":"2023-10-05T21:01:15","guid":{"rendered":"https:\/\/domeniowines.com\/capvespre\/"},"modified":"2025-07-23T10:33:15","modified_gmt":"2025-07-23T08:33:15","slug":"vi-capvespre-bag-in-box","status":"publish","type":"page","link":"https:\/\/domeniowines.com\/ca\/vi-capvespre-bag-in-box\/","title":{"rendered":"Capvespre"},"content":{"rendered":"\t\t<div data-elementor-type=\"wp-page\" data-elementor-id=\"4817\" class=\"elementor elementor-4817 elementor-1385\" data-elementor-post-type=\"page\">\n\t\t\t\t\t\t\t<div class=\"has_eae_slider elementor-element elementor-element-7853c96 e-flex e-con-boxed e-con e-parent\" data-id=\"7853c96\" data-element_type=\"container\" data-settings=\"{&quot;background_background&quot;:&quot;classic&quot;,&quot;content_width&quot;:&quot;boxed&quot;}\" data-core-v316-plus=\"true\">\n\t\t\t\t\t<div class=\"e-con-inner\">\n\t\t\t\t<div class=\"elementor-element elementor-element-cb82c05 elementor-widget elementor-widget-text-editor\" data-id=\"cb82c05\" data-element_type=\"widget\" data-widget_type=\"text-editor.default\">\n\t\t\t\t<div class=\"elementor-widget-container\">\n\t\t\t<style>\/*! elementor - v3.17.0 - 01-11-2023 *\/\n.elementor-widget-text-editor.elementor-drop-cap-view-stacked .elementor-drop-cap{background-color:#69727d;color:#fff}.elementor-widget-text-editor.elementor-drop-cap-view-framed .elementor-drop-cap{color:#69727d;border:3px solid;background-color:transparent}.elementor-widget-text-editor:not(.elementor-drop-cap-view-default) .elementor-drop-cap{margin-top:8px}.elementor-widget-text-editor:not(.elementor-drop-cap-view-default) .elementor-drop-cap-letter{width:1em;height:1em}.elementor-widget-text-editor .elementor-drop-cap{float:left;text-align:center;line-height:1;font-size:50px}.elementor-widget-text-editor .elementor-drop-cap-letter{display:inline-block}<\/style>\t\t\t\t<p>INICI \/ VINS \/ CAPVESPRE<\/p>\n\t\t\t\t\t\t<\/div>\n\t\t\t\t<\/div>\n\t\t\t\t<div class=\"elementor-element elementor-element-b79ae07 elementor-widget elementor-widget-text-editor\" data-id=\"b79ae07\" data-element_type=\"widget\" data-widget_type=\"text-editor.default\">\n\t\t\t\t<div class=\"elementor-widget-container\">\n\t\t\t\t\t\t\t<span style=\"-webkit-text-stroke: 2px #FFFFFF;\">Capvespre <\/span><span style=\"font-size: .4em; text-transform: uppercase; font-weight: lighter;\"> VINS AMB CERTIFICAT VARIETAL<\/span> <span style=\"font-size: .4em; text-transform: uppercase; font-weight: 900;\"><\/span>\t\t\t\t\t\t<\/div>\n\t\t\t\t<\/div>\n\t\t\t\t\t<\/div>\n\t\t\t\t<\/div>\n\t\t<div class=\"has_eae_slider elementor-element elementor-element-497380e e-flex e-con-boxed e-con e-parent\" data-id=\"497380e\" data-element_type=\"container\" data-settings=\"{&quot;background_background&quot;:&quot;gradient&quot;,&quot;content_width&quot;:&quot;boxed&quot;}\" data-core-v316-plus=\"true\">\n\t\t\t\t\t<div class=\"e-con-inner\">\n\t\t<div class=\"has_eae_slider elementor-element elementor-element-0d77e1d e-con-full e-flex e-con e-child\" data-id=\"0d77e1d\" data-element_type=\"container\" data-settings=\"{&quot;content_width&quot;:&quot;full&quot;}\">\n\t\t\t\t<div class=\"elementor-element elementor-element-40481c5 elementor-widget elementor-widget-heading\" data-id=\"40481c5\" data-element_type=\"widget\" data-widget_type=\"heading.default\">\n\t\t\t\t<div class=\"elementor-widget-container\">\n\t\t\t<style>\/*! elementor - v3.17.0 - 01-11-2023 *\/\n.elementor-heading-title{padding:0;margin:0;line-height:1}.elementor-widget-heading .elementor-heading-title[class*=elementor-size-]>a{color:inherit;font-size:inherit;line-height:inherit}.elementor-widget-heading .elementor-heading-title.elementor-size-small{font-size:15px}.elementor-widget-heading .elementor-heading-title.elementor-size-medium{font-size:19px}.elementor-widget-heading .elementor-heading-title.elementor-size-large{font-size:29px}.elementor-widget-heading .elementor-heading-title.elementor-size-xl{font-size:39px}.elementor-widget-heading .elementor-heading-title.elementor-size-xxl{font-size:59px}<\/style><h2 class=\"elementor-heading-title elementor-size-default\">El vi a copes.<\/h2>\t\t<\/div>\n\t\t\t\t<\/div>\n\t\t\t\t<div class=\"elementor-element elementor-element-be835a6 elementor-widget elementor-widget-text-editor\" data-id=\"be835a6\" data-element_type=\"widget\" data-widget_type=\"text-editor.default\">\n\t\t\t\t<div class=\"elementor-widget-container\">\n\t\t\t\t\t\t\t<p>Cellers Domenys elabora i comercialitza els vins Capvespre (blanc, rosat i negre) en formats &#8220;Bag in Box&#8221; de 5 i 15 litres. Amb aquest tipus d&#8217;embalatge, el vi es mant\u00e9 envasat al buit des de la primera fins a l&#8217;\u00faltima copa, cosa que garanteix una millor conservaci\u00f3.<\/p>\n\t\t\t\t\t\t<\/div>\n\t\t\t\t<\/div>\n\t\t\t\t<\/div>\n\t\t<div class=\"has_eae_slider elementor-element elementor-element-7b8e5af e-con-full e-flex e-con e-child\" data-id=\"7b8e5af\" data-element_type=\"container\" data-settings=\"{&quot;content_width&quot;:&quot;full&quot;}\">\n\t\t\t\t<div class=\"elementor-element elementor-element-8e7222a elementor-widget elementor-widget-html\" data-id=\"8e7222a\" data-element_type=\"widget\" data-widget_type=\"html.default\">\n\t\t\t\t<div class=\"elementor-widget-container\">\n\t\t\t<div id=\"vinos6\" class=\"container-fluid producte producte--overflow\">\n    <!-- Add Pagination -->\n    <div class=\"swiper-pagination\"><\/div>\n    <div class=\"swiper-container\">\n\t\t\t\t\t<div class=\"swiper-wrapper\">\n\t\t\t\t\t\t\n\t\t\t\t\t\t<!-- slide -->\n\t\t\t\t\t\t<div class=\"swiper-slide\">\n\t\t \t\t\t\t\t<!-- Producte imatge -->\n\t\t \t\t\t\t\t<div class=\"producte__img\">\n\t\t \t\t\t\t\t\t<img decoding=\"async\" src=\"https:\/\/domeniowines.com\/wp-content\/uploads\/2023\/10\/capvespre1.png\">\n\t\t \t\t\t\t\t<\/div>\n\t\t \n\t\t \t\t\t\t\t<!-- Producte informaci\u00f3 -->\n\t\t \t\t\t\t\t<div class=\"producte__info\">\n\t\t\t\t\t\t\t \t<h2>\n  Bag in Box 5\/15L. Blanc\n\t\t \t\t\t\t\t\t<\/h2>\n\t\t \n\t\t \t\t\t\t\t\t<dl>\n\t\t \t\t\t\t\t\t\t<dt>Varietat<\/dt>\n\t\t \t\t\t\t\t\t\t\t<dd>Xarel\u00b7lo, Macabeu, Parellada<\/dd>\n\t\t \t\t\t\t\t\t\t<!-- <dt>Anyada<\/dt>\n\t\t \t\t\t\t\t\t\t\t<dd>2017<\/dd> -->\n\t\t \t\t\t\t\t\t\t<dt>Alcohol<\/dt>\n\t\t \t\t\t\t\t\t\t\t<dd>11,5%<\/dd>\n\t\t \t\t\t\t\t\t\t<dt>Servei<\/dt>\n\t\t \t\t\t\t\t\t\t\t<dd>8\u201310 \u00b0C<\/dd>\n\t\t \t\t\t\t\t\t<\/dl>\n\n\t\t \t\t\t\t\t\t\n\t\t \t\t\t\t\t<\/div>\n\t\t \t\t\t\t<\/div> <!-- \/ slide -->\n\n\n\t\t\t \t\t\t<!-- slide -->\n\t\t\t\t\t\t<div class=\"swiper-slide\">\n\t\t \t\t\t\t\t<!-- Producte imatge -->\n\t\t \t\t\t\t\t<div class=\"producte__img\">\n\t\t \t\t\t\t\t\t<img decoding=\"async\" src=\"https:\/\/domeniowines.com\/wp-content\/uploads\/2023\/10\/capvespre2.png\">\n\t\t \t\t\t\t\t<\/div>\n\t\t \n\t\t \t\t\t\t\t<!-- Producte informaci\u00f3 -->\n\t\t \t\t\t\t\t<div class=\"producte__info\">\n\t\t\t\t\t\t\t \t<h2>\n  Bag in Box 5\/15L. Rosat\n\t\t \t\t\t\t\t\t<\/h2>\n\t\t \n\t\t \t\t\t\t\t\t<dl>\n\t\t \t\t\t\t\t\t\t<dt>Varietat<\/dt>\n\t\t \t\t\t\t\t\t\t\t<dd>Merlot, Ull de llebre<\/dd>\n\t\t \t\t\t\t\t\t\t<!-- <dt>Anyada<\/dt>\n\t\t \t\t\t\t\t\t\t\t<dd>2017<\/dd> -->\n\t\t \t\t\t\t\t\t\t<dt>Alcohol<\/dt>\n\t\t \t\t\t\t\t\t\t\t<dd>12,5%<\/dd>\n\t\t \t\t\t\t\t\t\t<dt>Servei<\/dt>\n\t\t \t\t\t\t\t\t\t\t<dd>8\u201310 \u00b0C<\/dd>\n\t\t \t\t\t\t\t\t<\/dl>\n\n\t\t \t\t\t\t\t\t\n\t\t \t\t\t\t\t<\/div>\n\t\t \t\t\t\t<\/div> \n\t\t\t\t\t\t<!-- \/ slide -->\n\n\t\t\t\t\t\t<!-- slide -->\n\t\t\t\t\t\t<div class=\"swiper-slide\">\n\t\t\t\t\t\t\t<!-- Producte imatge -->\n\t\t\t\t\t\t\t<div class=\"producte__img\">\n\t\t\t\t\t\t\t\t<img decoding=\"async\" src=\"https:\/\/domeniowines.com\/wp-content\/uploads\/2023\/10\/capvespre3.png\">\n\t\t\t\t\t\t\t<\/div>\n\t\t\n\t\t\t\t\t\t\t<!-- Producte informaci\u00f3 -->\n\t\t\t\t\t\t\t<div class=\"producte__info\">\n\t\t\t\t\t\t\t\t<h2>\n  Bag in Box 5\/15L. Negre\n\t\t \t\t\t\t\t\t<\/h2>\n\t\t \n\t\t \t\t\t\t\t\t<dl>\n\t\t \t\t\t\t\t\t\t<dt>Varietat<\/dt>\n\t\t \t\t\t\t\t\t\t\t<dd>Merlot, Ull de llebre<\/dd>\n\t\t \t\t\t\t\t\t\t<!-- <dt>Anyada<\/dt>\n\t\t \t\t\t\t\t\t\t\t<dd>2017<\/dd> -->\n\t\t \t\t\t\t\t\t\t<dt>Alcohol<\/dt>\n\t\t \t\t\t\t\t\t\t\t<dd>13%<\/dd>\n\t\t \t\t\t\t\t\t\t<dt>Servei<\/dt>\n\t\t \t\t\t\t\t\t\t\t<dd>15\u201318 \u00b0C<\/dd>\n\t\t \t\t\t\t\t\t<\/dl>\n\n\t\t\t\t\t\t\t\t\n\t\t\t\t\t\t\t<\/div>\n\t\t\t\t\t\t<\/div> <!-- \/ slide -->\n\n\t\t\t\t\t<\/div> \n\t\t\t\t<\/div>\n\t\n\t\t\t\t<!-- Navigation buttons -->\n\t\t\t    <div class=\"button button-slider button-slider--left\">\u2039<\/div>\n\t\t\t    <div class=\"button button-slider button-slider--right\">\u203a<\/div>\n<\/div>\t\t<\/div>\n\t\t\t\t<\/div>\n\t\t\t\t<\/div>\n\t\t\t\t\t<\/div>\n\t\t\t\t<\/div>\n\t\t<div class=\"has_eae_slider elementor-element elementor-element-e50238e e-flex e-con-boxed e-con e-parent\" data-id=\"e50238e\" data-element_type=\"container\" data-settings=\"{&quot;background_background&quot;:&quot;classic&quot;,&quot;content_width&quot;:&quot;boxed&quot;}\" data-core-v316-plus=\"true\">\n\t\t\t\t\t<div class=\"e-con-inner\">\n\t\t\t\t<div class=\"elementor-element elementor-element-ad98ab9 arrow elementor-widget elementor-widget-heading\" data-id=\"ad98ab9\" data-element_type=\"widget\" data-widget_type=\"heading.default\">\n\t\t\t\t<div class=\"elementor-widget-container\">\n\t\t\t<p class=\"elementor-heading-title elementor-size-default\"><a href=\"https:\/\/domeniowines.com\/ca\/vins-domenio\/\">TORNAR ALS NOSTRES VINS<\/a><\/p>\t\t<\/div>\n\t\t\t\t<\/div>\n\t\t\t\t\t<\/div>\n\t\t\t\t<\/div>\n\t\t\t\t\t\t\t<\/div>\n\t\t","protected":false},"excerpt":{"rendered":"<p>INICI \/ VINS \/ CAPVESPRE Capvespre VINS AMB CERTIFICAT VARIETAL El vi a copes. Cellers Domenys elabora i comercialitza els vins Capvespre (blanc, rosat i negre) en formats &#8220;Bag in Box&#8221; de 5 i 15 litres. Amb aquest tipus d&#8217;embalatge, el vi es mant\u00e9 envasat al buit des de la primera fins a l&#8217;\u00faltima copa, [&hellip;]<\/p>\n","protected":false},"author":1,"featured_media":0,"parent":0,"menu_order":0,"comment_status":"closed","ping_status":"closed","template":"","meta":{"_eb_attr":"","footnotes":""},"class_list":["post-4817","page","type-page","status-publish","hentry"],"yoast_head":"<!-- This site is optimized with the Yoast SEO plugin v25.5 - https:\/\/yoast.com\/wordpress\/plugins\/seo\/ -->\n<title>Vi Capvespre Bag in Box | Vi a copes amb m\u00e0xima frescor<\/title>\n<meta name=\"description\" content=\"Descobreix el vi Capvespre en format Bag in Box de 5 i 15L. Conservaci\u00f3 \u00f2ptima, m\u00e0xima frescor i comoditat.\" \/>\n<meta name=\"robots\" content=\"index, follow, max-snippet:-1, max-image-preview:large, max-video-preview:-1\" \/>\n<link rel=\"canonical\" href=\"https:\/\/domeniowines.com\/ca\/vi-capvespre-bag-in-box\/\" \/>\n<meta property=\"og:locale\" content=\"ca_ES\" \/>\n<meta property=\"og:type\" content=\"article\" \/>\n<meta property=\"og:title\" content=\"Vi Capvespre Bag in Box | Vi a copes amb m\u00e0xima frescor\" \/>\n<meta property=\"og:description\" content=\"Descobreix el vi Capvespre en format Bag in Box de 5 i 15L. Conservaci\u00f3 \u00f2ptima, m\u00e0xima frescor i comoditat.\" \/>\n<meta property=\"og:url\" content=\"https:\/\/domeniowines.com\/ca\/vi-capvespre-bag-in-box\/\" \/>\n<meta property=\"og:site_name\" content=\"Domenio\" \/>\n<meta property=\"article:modified_time\" content=\"2025-07-23T08:33:15+00:00\" \/>\n<meta property=\"og:image\" content=\"https:\/\/domeniowines.com\/wp-content\/uploads\/2023\/10\/capvespre1.png\" \/>\n<meta name=\"twitter:card\" content=\"summary_large_image\" \/>\n<meta name=\"twitter:label1\" content=\"Temps estimat de lectura\" \/>\n\t<meta name=\"twitter:data1\" content=\"2 minuts\" \/>\n<script type=\"application\/ld+json\" class=\"yoast-schema-graph\">{\"@context\":\"https:\/\/schema.org\",\"@graph\":[{\"@type\":\"WebPage\",\"@id\":\"https:\/\/domeniowines.com\/ca\/vi-capvespre-bag-in-box\/\",\"url\":\"https:\/\/domeniowines.com\/ca\/vi-capvespre-bag-in-box\/\",\"name\":\"Vi Capvespre Bag in Box | Vi a copes amb m\u00e0xima frescor\",\"isPartOf\":{\"@id\":\"https:\/\/domeniowines.com\/#website\"},\"primaryImageOfPage\":{\"@id\":\"https:\/\/domeniowines.com\/ca\/vi-capvespre-bag-in-box\/#primaryimage\"},\"image\":{\"@id\":\"https:\/\/domeniowines.com\/ca\/vi-capvespre-bag-in-box\/#primaryimage\"},\"thumbnailUrl\":\"https:\/\/domeniowines.com\/wp-content\/uploads\/2023\/10\/capvespre1.png\",\"datePublished\":\"2023-10-05T21:01:15+00:00\",\"dateModified\":\"2025-07-23T08:33:15+00:00\",\"description\":\"Descobreix el vi Capvespre en format Bag in Box de 5 i 15L. Conservaci\u00f3 \u00f2ptima, m\u00e0xima frescor i comoditat.\",\"breadcrumb\":{\"@id\":\"https:\/\/domeniowines.com\/ca\/vi-capvespre-bag-in-box\/#breadcrumb\"},\"inLanguage\":\"ca\",\"potentialAction\":[{\"@type\":\"ReadAction\",\"target\":[\"https:\/\/domeniowines.com\/ca\/vi-capvespre-bag-in-box\/\"]}]},{\"@type\":\"ImageObject\",\"inLanguage\":\"ca\",\"@id\":\"https:\/\/domeniowines.com\/ca\/vi-capvespre-bag-in-box\/#primaryimage\",\"url\":\"https:\/\/domeniowines.com\/wp-content\/uploads\/2023\/10\/capvespre1.png\",\"contentUrl\":\"https:\/\/domeniowines.com\/wp-content\/uploads\/2023\/10\/capvespre1.png\"},{\"@type\":\"BreadcrumbList\",\"@id\":\"https:\/\/domeniowines.com\/ca\/vi-capvespre-bag-in-box\/#breadcrumb\",\"itemListElement\":[{\"@type\":\"ListItem\",\"position\":1,\"name\":\"Portada\",\"item\":\"https:\/\/domeniowines.com\/ca\/\"},{\"@type\":\"ListItem\",\"position\":2,\"name\":\"Capvespre\"}]},{\"@type\":\"WebSite\",\"@id\":\"https:\/\/domeniowines.com\/#website\",\"url\":\"https:\/\/domeniowines.com\/\",\"name\":\"Domenio\",\"description\":\"Vins i caves | 1917\",\"potentialAction\":[{\"@type\":\"SearchAction\",\"target\":{\"@type\":\"EntryPoint\",\"urlTemplate\":\"https:\/\/domeniowines.com\/?s={search_term_string}\"},\"query-input\":{\"@type\":\"PropertyValueSpecification\",\"valueRequired\":true,\"valueName\":\"search_term_string\"}}],\"inLanguage\":\"ca\"}]}<\/script>\n<!-- \/ Yoast SEO plugin. -->","yoast_head_json":{"title":"Vi Capvespre Bag in Box | Vi a copes amb m\u00e0xima frescor","description":"Descobreix el vi Capvespre en format Bag in Box de 5 i 15L. Conservaci\u00f3 \u00f2ptima, m\u00e0xima frescor i comoditat.","robots":{"index":"index","follow":"follow","max-snippet":"max-snippet:-1","max-image-preview":"max-image-preview:large","max-video-preview":"max-video-preview:-1"},"canonical":"https:\/\/domeniowines.com\/ca\/vi-capvespre-bag-in-box\/","og_locale":"ca_ES","og_type":"article","og_title":"Vi Capvespre Bag in Box | Vi a copes amb m\u00e0xima frescor","og_description":"Descobreix el vi Capvespre en format Bag in Box de 5 i 15L. Conservaci\u00f3 \u00f2ptima, m\u00e0xima frescor i comoditat.","og_url":"https:\/\/domeniowines.com\/ca\/vi-capvespre-bag-in-box\/","og_site_name":"Domenio","article_modified_time":"2025-07-23T08:33:15+00:00","og_image":[{"url":"https:\/\/domeniowines.com\/wp-content\/uploads\/2023\/10\/capvespre1.png","type":"","width":"","height":""}],"twitter_card":"summary_large_image","twitter_misc":{"Temps estimat de lectura":"2 minuts"},"schema":{"@context":"https:\/\/schema.org","@graph":[{"@type":"WebPage","@id":"https:\/\/domeniowines.com\/ca\/vi-capvespre-bag-in-box\/","url":"https:\/\/domeniowines.com\/ca\/vi-capvespre-bag-in-box\/","name":"Vi Capvespre Bag in Box | Vi a copes amb m\u00e0xima frescor","isPartOf":{"@id":"https:\/\/domeniowines.com\/#website"},"primaryImageOfPage":{"@id":"https:\/\/domeniowines.com\/ca\/vi-capvespre-bag-in-box\/#primaryimage"},"image":{"@id":"https:\/\/domeniowines.com\/ca\/vi-capvespre-bag-in-box\/#primaryimage"},"thumbnailUrl":"https:\/\/domeniowines.com\/wp-content\/uploads\/2023\/10\/capvespre1.png","datePublished":"2023-10-05T21:01:15+00:00","dateModified":"2025-07-23T08:33:15+00:00","description":"Descobreix el vi Capvespre en format Bag in Box de 5 i 15L. Conservaci\u00f3 \u00f2ptima, m\u00e0xima frescor i comoditat.","breadcrumb":{"@id":"https:\/\/domeniowines.com\/ca\/vi-capvespre-bag-in-box\/#breadcrumb"},"inLanguage":"ca","potentialAction":[{"@type":"ReadAction","target":["https:\/\/domeniowines.com\/ca\/vi-capvespre-bag-in-box\/"]}]},{"@type":"ImageObject","inLanguage":"ca","@id":"https:\/\/domeniowines.com\/ca\/vi-capvespre-bag-in-box\/#primaryimage","url":"https:\/\/domeniowines.com\/wp-content\/uploads\/2023\/10\/capvespre1.png","contentUrl":"https:\/\/domeniowines.com\/wp-content\/uploads\/2023\/10\/capvespre1.png"},{"@type":"BreadcrumbList","@id":"https:\/\/domeniowines.com\/ca\/vi-capvespre-bag-in-box\/#breadcrumb","itemListElement":[{"@type":"ListItem","position":1,"name":"Portada","item":"https:\/\/domeniowines.com\/ca\/"},{"@type":"ListItem","position":2,"name":"Capvespre"}]},{"@type":"WebSite","@id":"https:\/\/domeniowines.com\/#website","url":"https:\/\/domeniowines.com\/","name":"Domenio","description":"Vins i caves | 1917","potentialAction":[{"@type":"SearchAction","target":{"@type":"EntryPoint","urlTemplate":"https:\/\/domeniowines.com\/?s={search_term_string}"},"query-input":{"@type":"PropertyValueSpecification","valueRequired":true,"valueName":"search_term_string"}}],"inLanguage":"ca"}]}},"featured_media_urls":[],"_links":{"self":[{"href":"https:\/\/domeniowines.com\/ca\/wp-json\/wp\/v2\/pages\/4817","targetHints":{"allow":["GET"]}}],"collection":[{"href":"https:\/\/domeniowines.com\/ca\/wp-json\/wp\/v2\/pages"}],"about":[{"href":"https:\/\/domeniowines.com\/ca\/wp-json\/wp\/v2\/types\/page"}],"author":[{"embeddable":true,"href":"https:\/\/domeniowines.com\/ca\/wp-json\/wp\/v2\/users\/1"}],"replies":[{"embeddable":true,"href":"https:\/\/domeniowines.com\/ca\/wp-json\/wp\/v2\/comments?post=4817"}],"version-history":[{"count":12,"href":"https:\/\/domeniowines.com\/ca\/wp-json\/wp\/v2\/pages\/4817\/revisions"}],"predecessor-version":[{"id":6743,"href":"https:\/\/domeniowines.com\/ca\/wp-json\/wp\/v2\/pages\/4817\/revisions\/6743"}],"wp:attachment":[{"href":"https:\/\/domeniowines.com\/ca\/wp-json\/wp\/v2\/media?parent=4817"}],"curies":[{"name":"wp","href":"https:\/\/api.w.org\/{rel}","templated":true}]}}