{"id":4835,"date":"2023-10-02T22:06:38","date_gmt":"2023-10-02T20:06:38","guid":{"rendered":"https:\/\/domeniowines.com\/olis-de-cellers-domenys\/"},"modified":"2025-07-23T10:45:35","modified_gmt":"2025-07-23T08:45:35","slug":"oli-domenio-arbequina","status":"publish","type":"page","link":"https:\/\/domeniowines.com\/ca\/oli-domenio-arbequina\/","title":{"rendered":"OLIS DE CELLERS DOMENYS"},"content":{"rendered":"\t\t<div data-elementor-type=\"wp-page\" data-elementor-id=\"4835\" class=\"elementor elementor-4835 elementor-1086\" data-elementor-post-type=\"page\">\n\t\t\t\t\t\t\t<div class=\"has_eae_slider elementor-element elementor-element-7853c96 e-flex e-con-boxed e-con e-parent\" data-id=\"7853c96\" data-element_type=\"container\" data-settings=\"{&quot;background_background&quot;:&quot;classic&quot;,&quot;content_width&quot;:&quot;boxed&quot;}\" data-core-v316-plus=\"true\">\n\t\t\t\t\t<div class=\"e-con-inner\">\n\t\t\t\t<div class=\"elementor-element elementor-element-cb82c05 elementor-widget elementor-widget-text-editor\" data-id=\"cb82c05\" data-element_type=\"widget\" data-widget_type=\"text-editor.default\">\n\t\t\t\t<div class=\"elementor-widget-container\">\n\t\t\t<style>\/*! elementor - v3.17.0 - 01-11-2023 *\/\n.elementor-widget-text-editor.elementor-drop-cap-view-stacked .elementor-drop-cap{background-color:#69727d;color:#fff}.elementor-widget-text-editor.elementor-drop-cap-view-framed .elementor-drop-cap{color:#69727d;border:3px solid;background-color:transparent}.elementor-widget-text-editor:not(.elementor-drop-cap-view-default) .elementor-drop-cap{margin-top:8px}.elementor-widget-text-editor:not(.elementor-drop-cap-view-default) .elementor-drop-cap-letter{width:1em;height:1em}.elementor-widget-text-editor .elementor-drop-cap{float:left;text-align:center;line-height:1;font-size:50px}.elementor-widget-text-editor .elementor-drop-cap-letter{display:inline-block}<\/style>\t\t\t\t<p>INICI \/ VERMUTS \/ OLIS DE CELLERS DOMENYS<\/p>\n\t\t\t\t\t\t<\/div>\n\t\t\t\t<\/div>\n\t\t\t\t<div class=\"elementor-element elementor-element-c55bbfd elementor-widget elementor-widget-text-editor\" data-id=\"c55bbfd\" data-element_type=\"widget\" data-widget_type=\"text-editor.default\">\n\t\t\t\t<div class=\"elementor-widget-container\">\n\t\t\t\t\t\t\t<p><span style=\"-webkit-text-stroke: 2px #FFFFFF;\">Olis de Cellers Domenys<\/span> <span style=\"font-size: .4em; text-transform: uppercase; font-weight: lighter;\">DOP SIURANA<\/span><\/p>\n\t\t\t\t\t\t<\/div>\n\t\t\t\t<\/div>\n\t\t\t\t\t<\/div>\n\t\t\t\t<\/div>\n\t\t<div class=\"has_eae_slider elementor-element elementor-element-497380e e-flex e-con-boxed e-con e-parent\" data-id=\"497380e\" data-element_type=\"container\" data-settings=\"{&quot;background_background&quot;:&quot;gradient&quot;,&quot;content_width&quot;:&quot;boxed&quot;}\" data-core-v316-plus=\"true\">\n\t\t\t\t\t<div class=\"e-con-inner\">\n\t\t<div class=\"has_eae_slider elementor-element elementor-element-0d77e1d e-con-full e-flex e-con e-child\" data-id=\"0d77e1d\" data-element_type=\"container\" data-settings=\"{&quot;content_width&quot;:&quot;full&quot;}\">\n\t\t\t\t<div class=\"elementor-element elementor-element-40481c5 elementor-widget elementor-widget-heading\" data-id=\"40481c5\" data-element_type=\"widget\" data-widget_type=\"heading.default\">\n\t\t\t\t<div class=\"elementor-widget-container\">\n\t\t\t<style>\/*! elementor - v3.17.0 - 01-11-2023 *\/\n.elementor-heading-title{padding:0;margin:0;line-height:1}.elementor-widget-heading .elementor-heading-title[class*=elementor-size-]>a{color:inherit;font-size:inherit;line-height:inherit}.elementor-widget-heading .elementor-heading-title.elementor-size-small{font-size:15px}.elementor-widget-heading .elementor-heading-title.elementor-size-medium{font-size:19px}.elementor-widget-heading .elementor-heading-title.elementor-size-large{font-size:29px}.elementor-widget-heading .elementor-heading-title.elementor-size-xl{font-size:39px}.elementor-widget-heading .elementor-heading-title.elementor-size-xxl{font-size:59px}<\/style><h2 class=\"elementor-heading-title elementor-size-default\">Sabor per als cinc sentits.<\/h2>\t\t<\/div>\n\t\t\t\t<\/div>\n\t\t\t\t<div class=\"elementor-element elementor-element-be835a6 elementor-widget elementor-widget-text-editor\" data-id=\"be835a6\" data-element_type=\"widget\" data-widget_type=\"text-editor.default\">\n\t\t\t\t<div class=\"elementor-widget-container\">\n\t\t\t\t\t\t\t<p>L&#8217;oli de Domenio \u00e9s un producte 100% realitzat amb oliva arbequina. Elaborat mitjan\u00e7ant un proc\u00e9s de producci\u00f3 tradicional, i premsat en fred, destaca per les qualitats organol\u00e8ptiques. Aquest oli d&#8217;oliva verge extra compta amb el prestigi i el reconeixement de la DOP Siurana. L\u00b4aroma i el sabor afruitat d\u00b4aquest oli li confereixen una personalitat pr\u00f2pia i destacada. Fragant, complet, equilibrat, amb cos. Un aliment de sensacions intenses i ple de propietats gustatives. A m\u00e9s, l&#8217;oliva arbequina, de contingut nutricional i vitam\u00ednic ampli, nodreix tot tipus de cuina amb una profunda intensitat al paladar.<\/p>\t\t\t\t\t\t<\/div>\n\t\t\t\t<\/div>\n\t\t\t\t<\/div>\n\t\t<div class=\"has_eae_slider elementor-element elementor-element-7b8e5af e-con-full e-flex e-con e-child\" data-id=\"7b8e5af\" data-element_type=\"container\" data-settings=\"{&quot;content_width&quot;:&quot;full&quot;}\">\n\t\t\t\t<div class=\"elementor-element elementor-element-8e7222a elementor-widget elementor-widget-html\" data-id=\"8e7222a\" data-element_type=\"widget\" data-widget_type=\"html.default\">\n\t\t\t\t<div class=\"elementor-widget-container\">\n\t\t\t<div id=\"slider-productes1\" class=\"container-fluid producte producte--overflow\">\n    <!-- Add Pagination -->\n    <div class=\"swiper-pagination\"><\/div>\n    <div class=\"swiper-container\">\n\t\t\t\t\t<div class=\"swiper-wrapper\">\n\t\t\t\t\t\t\n\t\t\t\t\t\t<!-- slide -->\n\t\t\t\t\t\t<div class=\"swiper-slide\">\n\t\t \t\t\t\t\t<!-- Producte imatge -->\n\t\t \t\t\t\t\t<div class=\"producte__img\">\n\t\t \t\t\t\t\t\t<img decoding=\"async\" src=\"https:\/\/www.domeniowines.com\/img\/productes\/olis-ccdd\/1.png\">\n\t\t \t\t\t\t\t<\/div>\n\t\t \n\t\t \t\t\t\t\t<!-- Producte informaci\u00f3 -->\n\t\t \t\t\t\t\t<div class=\"producte__info\">\n\t\t \t\t\t\t\t\t<h2>\n  Olis de Cellers Domenys  <br>\n  (env\u00e0s de vidre)\n\t\t \t\t\t\t\t\t<\/h2>\n\t\t \n\t\t \t\t\t\t\t\t<dl>\n\t\t \t\t\t\t\t\t\t<dt>Ampolla vidre<\/dt>\n\t\t \t\t\t\t\t\t\t\t<dd>250 ml.<\/dd>\n\t\t \t\t\t\t\t\t\t<dt>Ampolla vidre<\/dt>\n\t\t \t\t\t\t\t\t\t\t<dd>500 ml.<\/dd>\n\t\t \t\t\t\t\t\t\t<dt>Ampolla vidre<\/dt>\n\t\t \t\t\t\t\t\t\t\t<dd>750 ml.<\/dd>\n\t\t \t\t\t\t\t\t<\/dl>\n\t\t \n\t\t \t\t\t\t\t\t<!-- <h4>Nota de cata<\/h4> -->\n\t\t \t\t\t\t\t\t<p>\n  Oli afruitat d'intensitat alta, amb notes d'oliva verda, carxofa i herba acabada de tallar, tamb\u00e9 trobem punts de fruites com la poma i la pera. A la boca \u00e9s gras amb gust de tom\u00e0quet i un final d'ametlla. \u00c9s harm\u00f2nic i ric, oferint un equilibri idoni entre el dol\u00e7, amarg i el picant.\n\t\t \t\t\t\t\t\t<\/p>\n\n\t\t \t\t\t\t\t\t<div class=\"producte__info__DO\">\n\t\t \t\t\t\t\t\t\t<img decoding=\"async\" src=\"https:\/\/www.domeniowines.com\/img\/DOs\/siurana.png\" alt=\"DOP Siurana\">\n\t\t \t\t\t\t\t\t<\/div>\n\t\t \t\t\t\t\t<\/div>\n\t\t \t\t\t\t<\/div> <!-- \/ slide -->\n\n\n\t\t\t \t\t\t<!-- slide -->\n\t\t\t\t\t\t<div class=\"swiper-slide\">\n\t\t \t\t\t\t\t<!-- Producte imatge -->\n\t\t \t\t\t\t\t<div class=\"producte__img\">\n\t\t \t\t\t\t\t\t<img decoding=\"async\" src=\"https:\/\/www.domeniowines.com\/img\/productes\/olis-ccdd\/2.png\">\n\t\t \t\t\t\t\t<\/div>\n\t\t \n\t\t \t\t\t\t\t<!-- Producte informaci\u00f3 -->\n\t\t \t\t\t\t\t<div class=\"producte__info\">\n\t\t \t\t\t\t\t\t<h2>\n  Olis de Cellers Domenys  <br>\n  (env\u00e0s de pl\u00e0stic)\n\t\t \t\t\t\t\t\t<\/h2>\n\t\t \n\t\t \t\t\t\t\t\t<dl>\n\t\t \t\t\t\t\t\t\t<dt>Garrafa pl\u00e0stic<\/dt>\n\t\t \t\t\t\t\t\t\t\t<dd>2 litres<\/dd>\n\t\t \t\t\t\t\t\t\t<dt>Garrafa pl\u00e0stic<\/dt>\n\t\t \t\t\t\t\t\t\t\t<dd>5 litres<\/dd>\n\t\t \t\t\t\t\t\t<\/dl>\n\t\t \n\t\t \t\t\t\t\t\t<!-- <h4>Nota de cata<\/h4> -->\n\t\t \t\t\t\t\t\t<p>\n  L\u00b4aroma i el sabor afruitat d\u00b4aquest oli li confereixen una personalitat pr\u00f2pia i destacada. Fragant, complet, equilibrat, amb cos. Un aliment de sensacions intenses i ple de propietats gustatives.\n\t\t \t\t\t\t\t\t<\/p>\n\n\t\t \t\t\t\t\t\t<div class=\"producte__info__DO\">\n\t\t \t\t\t\t\t\t\t<img decoding=\"async\" src=\"https:\/\/www.domeniowines.com\/\/img\/DOs\/siurana.png\" alt=\"DOP Siurana\">\n\t\t \t\t\t\t\t\t<\/div>\n\t\t \t\t\t\t\t<\/div>\n\t\t \t\t\t\t<\/div> <!-- \/ slide -->\n\n\t\t\t\t\t<\/div> \n\t\t\t\t<\/div>\n\t\n\t\t\t\t<!-- Navigation buttons -->\n\t\t\t    <div class=\"button button-slider button-slider--left\">\u2039<\/div>\n\t\t\t    <div class=\"button button-slider button-slider--right\">\u203a<\/div>\n<\/div>\t\t<\/div>\n\t\t\t\t<\/div>\n\t\t\t\t<\/div>\n\t\t\t\t\t<\/div>\n\t\t\t\t<\/div>\n\t\t<div class=\"has_eae_slider elementor-element elementor-element-e50238e e-flex e-con-boxed e-con e-parent\" data-id=\"e50238e\" data-element_type=\"container\" data-settings=\"{&quot;background_background&quot;:&quot;classic&quot;,&quot;content_width&quot;:&quot;boxed&quot;}\" data-core-v316-plus=\"true\">\n\t\t\t\t\t<div class=\"e-con-inner\">\n\t\t\t\t<div class=\"elementor-element elementor-element-ad98ab9 arrow elementor-widget elementor-widget-heading\" data-id=\"ad98ab9\" data-element_type=\"widget\" data-widget_type=\"heading.default\">\n\t\t\t\t<div class=\"elementor-widget-container\">\n\t\t\t<p class=\"elementor-heading-title elementor-size-default\"><a href=\"https:\/\/domeniowines.com\/ca\/els-nostres-olis\/\">TORNAR ALS NOSTRES OLIS<\/a><\/p>\t\t<\/div>\n\t\t\t\t<\/div>\n\t\t\t\t\t<\/div>\n\t\t\t\t<\/div>\n\t\t\t\t\t\t\t<\/div>\n\t\t","protected":false},"excerpt":{"rendered":"<p>INICI \/ VERMUTS \/ OLIS DE CELLERS DOMENYS Olis de Cellers Domenys DOP SIURANA Sabor per als cinc sentits. L&#8217;oli de Domenio \u00e9s un producte 100% realitzat amb oliva arbequina. Elaborat mitjan\u00e7ant un proc\u00e9s de producci\u00f3 tradicional, i premsat en fred, destaca per les qualitats organol\u00e8ptiques. Aquest oli d&#8217;oliva verge extra compta amb el prestigi [&hellip;]<\/p>\n","protected":false},"author":1,"featured_media":0,"parent":0,"menu_order":0,"comment_status":"closed","ping_status":"closed","template":"","meta":{"_eb_attr":"","footnotes":""},"class_list":["post-4835","page","type-page","status-publish","hentry"],"yoast_head":"<!-- This site is optimized with the Yoast SEO plugin v25.5 - https:\/\/yoast.com\/wordpress\/plugins\/seo\/ -->\n<title>Oli arbequina de Domenio | Oli d\u2019oliva verge extra<\/title>\n<meta name=\"description\" content=\"Oli arbequina verge extra de Domenio, premsat en fred i amb DOP Siurana. Un oli fragant i equilibrat per a tots els sentits.\" \/>\n<meta name=\"robots\" content=\"index, follow, max-snippet:-1, max-image-preview:large, max-video-preview:-1\" \/>\n<link rel=\"canonical\" href=\"https:\/\/domeniowines.com\/ca\/oli-domenio-arbequina\/\" \/>\n<meta property=\"og:locale\" content=\"ca_ES\" \/>\n<meta property=\"og:type\" content=\"article\" \/>\n<meta property=\"og:title\" content=\"Oli arbequina de Domenio | Oli d\u2019oliva verge extra\" \/>\n<meta property=\"og:description\" content=\"Oli arbequina verge extra de Domenio, premsat en fred i amb DOP Siurana. Un oli fragant i equilibrat per a tots els sentits.\" \/>\n<meta property=\"og:url\" content=\"https:\/\/domeniowines.com\/ca\/oli-domenio-arbequina\/\" \/>\n<meta property=\"og:site_name\" content=\"Domenio\" \/>\n<meta property=\"article:modified_time\" content=\"2025-07-23T08:45:35+00:00\" \/>\n<meta property=\"og:image\" content=\"https:\/\/www.domeniowines.com\/img\/productes\/olis-ccdd\/1.png\" \/>\n<meta name=\"twitter:card\" content=\"summary_large_image\" \/>\n<meta name=\"twitter:label1\" content=\"Temps estimat de lectura\" \/>\n\t<meta name=\"twitter:data1\" content=\"2 minuts\" \/>\n<script type=\"application\/ld+json\" class=\"yoast-schema-graph\">{\"@context\":\"https:\/\/schema.org\",\"@graph\":[{\"@type\":\"WebPage\",\"@id\":\"https:\/\/domeniowines.com\/ca\/oli-domenio-arbequina\/\",\"url\":\"https:\/\/domeniowines.com\/ca\/oli-domenio-arbequina\/\",\"name\":\"Oli arbequina de Domenio | Oli d\u2019oliva verge extra\",\"isPartOf\":{\"@id\":\"https:\/\/domeniowines.com\/#website\"},\"primaryImageOfPage\":{\"@id\":\"https:\/\/domeniowines.com\/ca\/oli-domenio-arbequina\/#primaryimage\"},\"image\":{\"@id\":\"https:\/\/domeniowines.com\/ca\/oli-domenio-arbequina\/#primaryimage\"},\"thumbnailUrl\":\"https:\/\/www.domeniowines.com\/img\/productes\/olis-ccdd\/1.png\",\"datePublished\":\"2023-10-02T20:06:38+00:00\",\"dateModified\":\"2025-07-23T08:45:35+00:00\",\"description\":\"Oli arbequina verge extra de Domenio, premsat en fred i amb DOP Siurana. Un oli fragant i equilibrat per a tots els sentits.\",\"breadcrumb\":{\"@id\":\"https:\/\/domeniowines.com\/ca\/oli-domenio-arbequina\/#breadcrumb\"},\"inLanguage\":\"ca\",\"potentialAction\":[{\"@type\":\"ReadAction\",\"target\":[\"https:\/\/domeniowines.com\/ca\/oli-domenio-arbequina\/\"]}]},{\"@type\":\"ImageObject\",\"inLanguage\":\"ca\",\"@id\":\"https:\/\/domeniowines.com\/ca\/oli-domenio-arbequina\/#primaryimage\",\"url\":\"https:\/\/www.domeniowines.com\/img\/productes\/olis-ccdd\/1.png\",\"contentUrl\":\"https:\/\/www.domeniowines.com\/img\/productes\/olis-ccdd\/1.png\"},{\"@type\":\"BreadcrumbList\",\"@id\":\"https:\/\/domeniowines.com\/ca\/oli-domenio-arbequina\/#breadcrumb\",\"itemListElement\":[{\"@type\":\"ListItem\",\"position\":1,\"name\":\"Portada\",\"item\":\"https:\/\/domeniowines.com\/ca\/\"},{\"@type\":\"ListItem\",\"position\":2,\"name\":\"OLIS DE CELLERS DOMENYS\"}]},{\"@type\":\"WebSite\",\"@id\":\"https:\/\/domeniowines.com\/#website\",\"url\":\"https:\/\/domeniowines.com\/\",\"name\":\"Domenio\",\"description\":\"Vins i caves | 1917\",\"potentialAction\":[{\"@type\":\"SearchAction\",\"target\":{\"@type\":\"EntryPoint\",\"urlTemplate\":\"https:\/\/domeniowines.com\/?s={search_term_string}\"},\"query-input\":{\"@type\":\"PropertyValueSpecification\",\"valueRequired\":true,\"valueName\":\"search_term_string\"}}],\"inLanguage\":\"ca\"}]}<\/script>\n<!-- \/ Yoast SEO plugin. -->","yoast_head_json":{"title":"Oli arbequina de Domenio | Oli d\u2019oliva verge extra","description":"Oli arbequina verge extra de Domenio, premsat en fred i amb DOP Siurana. Un oli fragant i equilibrat per a tots els sentits.","robots":{"index":"index","follow":"follow","max-snippet":"max-snippet:-1","max-image-preview":"max-image-preview:large","max-video-preview":"max-video-preview:-1"},"canonical":"https:\/\/domeniowines.com\/ca\/oli-domenio-arbequina\/","og_locale":"ca_ES","og_type":"article","og_title":"Oli arbequina de Domenio | Oli d\u2019oliva verge extra","og_description":"Oli arbequina verge extra de Domenio, premsat en fred i amb DOP Siurana. Un oli fragant i equilibrat per a tots els sentits.","og_url":"https:\/\/domeniowines.com\/ca\/oli-domenio-arbequina\/","og_site_name":"Domenio","article_modified_time":"2025-07-23T08:45:35+00:00","og_image":[{"url":"https:\/\/www.domeniowines.com\/img\/productes\/olis-ccdd\/1.png","type":"","width":"","height":""}],"twitter_card":"summary_large_image","twitter_misc":{"Temps estimat de lectura":"2 minuts"},"schema":{"@context":"https:\/\/schema.org","@graph":[{"@type":"WebPage","@id":"https:\/\/domeniowines.com\/ca\/oli-domenio-arbequina\/","url":"https:\/\/domeniowines.com\/ca\/oli-domenio-arbequina\/","name":"Oli arbequina de Domenio | Oli d\u2019oliva verge extra","isPartOf":{"@id":"https:\/\/domeniowines.com\/#website"},"primaryImageOfPage":{"@id":"https:\/\/domeniowines.com\/ca\/oli-domenio-arbequina\/#primaryimage"},"image":{"@id":"https:\/\/domeniowines.com\/ca\/oli-domenio-arbequina\/#primaryimage"},"thumbnailUrl":"https:\/\/www.domeniowines.com\/img\/productes\/olis-ccdd\/1.png","datePublished":"2023-10-02T20:06:38+00:00","dateModified":"2025-07-23T08:45:35+00:00","description":"Oli arbequina verge extra de Domenio, premsat en fred i amb DOP Siurana. Un oli fragant i equilibrat per a tots els sentits.","breadcrumb":{"@id":"https:\/\/domeniowines.com\/ca\/oli-domenio-arbequina\/#breadcrumb"},"inLanguage":"ca","potentialAction":[{"@type":"ReadAction","target":["https:\/\/domeniowines.com\/ca\/oli-domenio-arbequina\/"]}]},{"@type":"ImageObject","inLanguage":"ca","@id":"https:\/\/domeniowines.com\/ca\/oli-domenio-arbequina\/#primaryimage","url":"https:\/\/www.domeniowines.com\/img\/productes\/olis-ccdd\/1.png","contentUrl":"https:\/\/www.domeniowines.com\/img\/productes\/olis-ccdd\/1.png"},{"@type":"BreadcrumbList","@id":"https:\/\/domeniowines.com\/ca\/oli-domenio-arbequina\/#breadcrumb","itemListElement":[{"@type":"ListItem","position":1,"name":"Portada","item":"https:\/\/domeniowines.com\/ca\/"},{"@type":"ListItem","position":2,"name":"OLIS DE CELLERS DOMENYS"}]},{"@type":"WebSite","@id":"https:\/\/domeniowines.com\/#website","url":"https:\/\/domeniowines.com\/","name":"Domenio","description":"Vins i caves | 1917","potentialAction":[{"@type":"SearchAction","target":{"@type":"EntryPoint","urlTemplate":"https:\/\/domeniowines.com\/?s={search_term_string}"},"query-input":{"@type":"PropertyValueSpecification","valueRequired":true,"valueName":"search_term_string"}}],"inLanguage":"ca"}]}},"featured_media_urls":[],"_links":{"self":[{"href":"https:\/\/domeniowines.com\/ca\/wp-json\/wp\/v2\/pages\/4835","targetHints":{"allow":["GET"]}}],"collection":[{"href":"https:\/\/domeniowines.com\/ca\/wp-json\/wp\/v2\/pages"}],"about":[{"href":"https:\/\/domeniowines.com\/ca\/wp-json\/wp\/v2\/types\/page"}],"author":[{"embeddable":true,"href":"https:\/\/domeniowines.com\/ca\/wp-json\/wp\/v2\/users\/1"}],"replies":[{"embeddable":true,"href":"https:\/\/domeniowines.com\/ca\/wp-json\/wp\/v2\/comments?post=4835"}],"version-history":[{"count":8,"href":"https:\/\/domeniowines.com\/ca\/wp-json\/wp\/v2\/pages\/4835\/revisions"}],"predecessor-version":[{"id":6752,"href":"https:\/\/domeniowines.com\/ca\/wp-json\/wp\/v2\/pages\/4835\/revisions\/6752"}],"wp:attachment":[{"href":"https:\/\/domeniowines.com\/ca\/wp-json\/wp\/v2\/media?parent=4835"}],"curies":[{"name":"wp","href":"https:\/\/api.w.org\/{rel}","templated":true}]}}