{"id":4838,"date":"2023-10-05T21:32:30","date_gmt":"2023-10-05T19:32:30","guid":{"rendered":"https:\/\/domeniowines.com\/nat-1917\/"},"modified":"2025-07-23T10:37:18","modified_gmt":"2025-07-23T08:37:18","slug":"vi-nat-1917","status":"publish","type":"page","link":"https:\/\/domeniowines.com\/ca\/vi-nat-1917\/","title":{"rendered":"Nat 1917"},"content":{"rendered":"\t\t<div data-elementor-type=\"wp-page\" data-elementor-id=\"4838\" class=\"elementor elementor-4838 elementor-1353\" data-elementor-post-type=\"page\">\n\t\t\t\t\t\t\t<div class=\"has_eae_slider elementor-element elementor-element-7853c96 e-flex e-con-boxed e-con e-parent\" data-id=\"7853c96\" data-element_type=\"container\" data-settings=\"{&quot;background_background&quot;:&quot;classic&quot;,&quot;content_width&quot;:&quot;boxed&quot;}\" data-core-v316-plus=\"true\">\n\t\t\t\t\t<div class=\"e-con-inner\">\n\t\t\t\t<div class=\"elementor-element elementor-element-cb82c05 elementor-widget elementor-widget-text-editor\" data-id=\"cb82c05\" data-element_type=\"widget\" data-widget_type=\"text-editor.default\">\n\t\t\t\t<div class=\"elementor-widget-container\">\n\t\t\t<style>\/*! elementor - v3.17.0 - 01-11-2023 *\/\n.elementor-widget-text-editor.elementor-drop-cap-view-stacked .elementor-drop-cap{background-color:#69727d;color:#fff}.elementor-widget-text-editor.elementor-drop-cap-view-framed .elementor-drop-cap{color:#69727d;border:3px solid;background-color:transparent}.elementor-widget-text-editor:not(.elementor-drop-cap-view-default) .elementor-drop-cap{margin-top:8px}.elementor-widget-text-editor:not(.elementor-drop-cap-view-default) .elementor-drop-cap-letter{width:1em;height:1em}.elementor-widget-text-editor .elementor-drop-cap{float:left;text-align:center;line-height:1;font-size:50px}.elementor-widget-text-editor .elementor-drop-cap-letter{display:inline-block}<\/style>\t\t\t\t<p>INICI \/ VINS \/ <span style=\"color: #999999;\">NAT 1917<\/span><\/p>\n\t\t\t\t\t\t<\/div>\n\t\t\t\t<\/div>\n\t\t\t\t<div class=\"elementor-element elementor-element-c55bbfd elementor-widget elementor-widget-text-editor\" data-id=\"c55bbfd\" data-element_type=\"widget\" data-widget_type=\"text-editor.default\">\n\t\t\t\t<div class=\"elementor-widget-container\">\n\t\t\t\t\t\t\t<span style=\"-webkit-text-stroke: 2px #FFFFFF;\">Nat 1917<\/span> <span style=\"font-size: .4em; text-transform: uppercase; font-weight: lighter;\"> D.O. PENED\u00c8S <\/span>\t\t\t\t\t\t<\/div>\n\t\t\t\t<\/div>\n\t\t\t\t\t<\/div>\n\t\t\t\t<\/div>\n\t\t<div class=\"has_eae_slider elementor-element elementor-element-497380e e-flex e-con-boxed e-con e-parent\" data-id=\"497380e\" data-element_type=\"container\" data-settings=\"{&quot;background_background&quot;:&quot;gradient&quot;,&quot;content_width&quot;:&quot;boxed&quot;}\" data-core-v316-plus=\"true\">\n\t\t\t\t\t<div class=\"e-con-inner\">\n\t\t<div class=\"has_eae_slider elementor-element elementor-element-0d77e1d e-con-full e-flex e-con e-child\" data-id=\"0d77e1d\" data-element_type=\"container\" data-settings=\"{&quot;content_width&quot;:&quot;full&quot;}\">\n\t\t\t\t<div class=\"elementor-element elementor-element-40481c5 elementor-widget elementor-widget-heading\" data-id=\"40481c5\" data-element_type=\"widget\" data-widget_type=\"heading.default\">\n\t\t\t\t<div class=\"elementor-widget-container\">\n\t\t\t<style>\/*! elementor - v3.17.0 - 01-11-2023 *\/\n.elementor-heading-title{padding:0;margin:0;line-height:1}.elementor-widget-heading .elementor-heading-title[class*=elementor-size-]>a{color:inherit;font-size:inherit;line-height:inherit}.elementor-widget-heading .elementor-heading-title.elementor-size-small{font-size:15px}.elementor-widget-heading .elementor-heading-title.elementor-size-medium{font-size:19px}.elementor-widget-heading .elementor-heading-title.elementor-size-large{font-size:29px}.elementor-widget-heading .elementor-heading-title.elementor-size-xl{font-size:39px}.elementor-widget-heading .elementor-heading-title.elementor-size-xxl{font-size:59px}<\/style><h2 class=\"elementor-heading-title elementor-size-default\">El vi \u00e9s temps. Des del principi.<\/h2>\t\t<\/div>\n\t\t\t\t<\/div>\n\t\t\t\t<div class=\"elementor-element elementor-element-be835a6 elementor-widget elementor-widget-text-editor\" data-id=\"be835a6\" data-element_type=\"widget\" data-widget_type=\"text-editor.default\">\n\t\t\t\t<div class=\"elementor-widget-container\">\n\t\t\t\t\t\t\t<p>El vi \u00e9s color. El vi \u00e9s olor. El vi \u00e9s sabor. El vi \u00e9s textura. El vi \u00e9s\u2026 El vi \u00e9s tot all\u00f2 que puguis sentir, observar, percebre, apreciar o descobrir. Tot un univers de sentits al qual dedicar moments per fer-t&#8217;ho teu: el vi \u00e9s temps. La fam\u00edlia dels Nat 1917, nom que significa &#8220;nascut el 1917&#8221;, homenatja, a trav\u00e9s de la seva marca, l&#8217;any de naixement de Cellers Domenys i, alhora, el pas del temps amb l&#8217;expressi\u00f3 que sempre els acompanya \u201cEl vi \u00e9s temps\u201d. Relacionat amb el mateix concepte, cadascun dels vins est\u00e0 representat per un tipus de rellotge a la seva etiqueta.<\/p>\n\t\t\t\t\t\t<\/div>\n\t\t\t\t<\/div>\n\t\t\t\t<\/div>\n\t\t<div class=\"has_eae_slider elementor-element elementor-element-7b8e5af e-con-full e-flex e-con e-child\" data-id=\"7b8e5af\" data-element_type=\"container\" data-settings=\"{&quot;content_width&quot;:&quot;full&quot;}\">\n\t\t\t\t<div class=\"elementor-element elementor-element-8e7222a elementor-widget elementor-widget-html\" data-id=\"8e7222a\" data-element_type=\"widget\" data-widget_type=\"html.default\">\n\t\t\t\t<div class=\"elementor-widget-container\">\n\t\t\t<div id=\"vinos3\" class=\"container-fluid producte producte--overflow\">\n    <!-- Add Pagination -->\n    <div class=\"swiper-pagination\"><\/div>\n    <div class=\"swiper-container\">\n\t\t\t\t\t<div class=\"swiper-wrapper\">\n\t\t\t\t\t\t\n\t\t\t\t\t\t<!-- slide -->\n\t\t\t\t\t\t<div class=\"swiper-slide\">\n\t\t \t\t\t\t\t<!-- Producte imatge -->\n\t\t \t\t\t\t\t<div class=\"producte__img\">\n\t\t \t\t\t\t\t\t<img decoding=\"async\" src=\"https:\/\/domeniowines.com\/wp-content\/uploads\/2023\/10\/nat2.png\">\n\t\t \t\t\t\t\t<\/div>\n\t\t \n\t\t \t\t\t\t\t<!-- Producte informaci\u00f3 -->\n\t\t \t\t\t\t\t<div class=\"producte__info\">\n\t\t\t\t\t\t\t\t<h2>\n  Nat 1917 Chardonnay Muscat\n\t\t\t\t\t\t\t\t<\/h2>\n\t\t\n\t\t\t\t\t\t\t\t<dl>\n\t\t\t\t\t\t\t\t\t<dt>Varietat<\/dt>\n\t\t\t\t\t\t\t\t\t\t<dd>Chardonnay Muscat<\/dd>\n\t\t\t\t\t\t\t\t\t<!-- <dt>Anyada<\/dt>\n\t\t\t\t\t\t\t\t\t\t<dd>2017<\/dd> -->\n\t\t\t\t\t\t\t\t\t<dt>Alcohol<\/dt>\n\t\t\t\t\t\t\t\t\t\t<dd>12,5%<\/dd>\n\t\t\t\t\t\t\t\t\t<dt>Servei<\/dt>\n\t\t\t\t\t\t\t\t\t\t<dd>6\u20138 \u00b0C<\/dd>\n\t\t\t\t\t\t\t\t\t<dt>Fitxa t\u00e8cnica<\/dt>\n\t\t\t\t\t\t\t\t\t\t<dd><a href=\"https:\/\/domeniowines.com\/uploads\/fitxes-tecniques\/vi\/Nat1917-BlancCHM-CA.pdf\" target=\"_blank\" class=\"download\">Descarregar PDF<\/a><\/dd>\n\t\t\t\t\t\t\t\t<\/dl>\n\t\t\n\t\t\t\t\t\t\t\t<h4>Nota de tast<\/h4>\n\t\t\t\t\t\t\t\t<p>\n  Nat 1917 Chardonnay Muscat \u00e9s un vi amb un marcat car\u00e0cter floral i amb un perfil arom\u00e0tic ric i singular que combina la noblesa del Chardonnay i l'extravag\u00e0ncia del Muscat. La fruita i les flors transmeten sensacions de dol\u00e7or agradable i equilibrada a la boca.\n\t\t\t\t\t\t\t\t<\/p>\n\n\t\t \t\t\t\t\t\t<div class=\"producte__info__DO\">\n\t\t\t\t\t\t\t\t\t<img decoding=\"async\" src=\"https:\/\/domeniowines.com\/wp-content\/uploads\/2023\/09\/penedes.png\" alt=\"Catalunya\">\n\t\t \t\t\t\t\t\t<\/div>\n\t\t \t\t\t\t\t<\/div>\n\t\t \t\t\t\t<\/div> \n\t\t\t\t\t\t<!-- \/ slide -->\n\n\t\t\t\t\t\t<!-- slide -->\n\t\t\t\t\t\t<div class=\"swiper-slide\">\n\t\t\t\t\t\t\t<!-- Producte imatge -->\n\t\t\t\t\t\t\t<div class=\"producte__img\">\n\t\t\t\t\t\t\t\t<img decoding=\"async\" src=\"https:\/\/domeniowines.com\/wp-content\/uploads\/2023\/10\/nat3.png\">\n\t\t\t\t\t\t\t<\/div>\n\t\t\n\t\t\t\t\t\t\t<!-- Producte informaci\u00f3 -->\n\t\t\t\t\t\t\t<div class=\"producte__info\">\n\t\t\t\t\t\t\t\t<h2>\n  Nat 1917 Cabernet Sauvignon\n\t\t\t\t\t\t\t\t<\/h2>\n\t\t\n\t\t\t\t\t\t\t\t<dl>\n\t\t\t\t\t\t\t\t\t<dt>Varietat<\/dt>\n\t\t\t\t\t\t\t\t\t\t<dd>Cabernet Sauvignon<\/dd>\n\t\t\t\t\t\t\t\t\t<!-- <dt>Anyada<\/dt>\n\t\t\t\t\t\t\t\t\t\t<dd>2014<\/dd> -->\n\t\t\t\t\t\t\t\t\t<dt>Alcohol<\/dt>\n\t\t\t\t\t\t\t\t\t\t<dd>14,5%<\/dd>\n\t\t\t\t\t\t\t\t\t<dt>Servei<\/dt>\n\t\t\t\t\t\t\t\t\t\t<dd>16\u201318 \u00b0C<\/dd>\n\t\t\t\t\t\t\t\t\t<dt>Fitxa t\u00e8cnica<\/dt>\n\t\t\t\t\t\t\t\t\t\t<dd><a href=\"https:\/\/domeniowines.com\/uploads\/fitxes-tecniques\/vi\/Nat1917-Negre-CA.pdf\" target=\"_blank\" class=\"download\">Descarregar PDF<\/a><\/dd>\n\t\t\t\t\t\t\t\t<\/dl>\n\t\t\n\t\t\t\t\t\t\t\t<h4>Nota de tast<\/h4>\n\t\t\t\t\t\t\t\t<p>\n  Nat 1917 Cabernet Sauvignon \u00e9s un vi reposat, d'estructura noble, amb un color cirera intens i aromes complexes. La crian\u00e7a en roure franc\u00e8s tamb\u00e9 aporta notes subtils de fruits secs i bals\u00e0mics.\n\t\t\t\t\t\t\t\t<\/p>\n\n\t\t\t\t\t\t\t\t<div class=\"producte__info__DO\">\n\t\t\t\t\t\t\t\t\t<img decoding=\"async\" src=\"https:\/\/domeniowines.com\/wp-content\/uploads\/2023\/09\/penedes.png\" alt=\"Catalunya\">\n\t\t\t\t\t\t\t\t<\/div>\n\t\t\t\t\t\t\t<\/div>\n\t\t\t\t\t\t<\/div> \n\t\t\t\t\t   \t<!-- \/ slide -->\n\t\t\t\t\t<\/div> \n\t\t\t\t<\/div>\n\t\n\t\t\t\t<!-- Navigation buttons -->\n\t\t\t    <div class=\"button button-slider button-slider--left\">\u2039<\/div>\n\t\t\t    <div class=\"button button-slider button-slider--right\">\u203a<\/div>\n<\/div>\t\t<\/div>\n\t\t\t\t<\/div>\n\t\t\t\t<\/div>\n\t\t\t\t\t<\/div>\n\t\t\t\t<\/div>\n\t\t<div class=\"has_eae_slider elementor-element elementor-element-e50238e e-flex e-con-boxed e-con e-parent\" data-id=\"e50238e\" data-element_type=\"container\" data-settings=\"{&quot;background_background&quot;:&quot;classic&quot;,&quot;content_width&quot;:&quot;boxed&quot;}\" data-core-v316-plus=\"true\">\n\t\t\t\t\t<div class=\"e-con-inner\">\n\t\t\t\t<div class=\"elementor-element elementor-element-ad98ab9 arrow elementor-widget elementor-widget-heading\" data-id=\"ad98ab9\" data-element_type=\"widget\" data-widget_type=\"heading.default\">\n\t\t\t\t<div class=\"elementor-widget-container\">\n\t\t\t<p class=\"elementor-heading-title elementor-size-default\"><a href=\"https:\/\/domeniowines.com\/ca\/vins-domenio\/\">TORNAR ALS NOSTRES VINS<\/a><\/p>\t\t<\/div>\n\t\t\t\t<\/div>\n\t\t\t\t\t<\/div>\n\t\t\t\t<\/div>\n\t\t\t\t\t\t\t<\/div>\n\t\t","protected":false},"excerpt":{"rendered":"<p>INICI \/ VINS \/ NAT 1917 Nat 1917 D.O. PENED\u00c8S El vi \u00e9s temps. Des del principi. El vi \u00e9s color. El vi \u00e9s olor. El vi \u00e9s sabor. El vi \u00e9s textura. El vi \u00e9s\u2026 El vi \u00e9s tot all\u00f2 que puguis sentir, observar, percebre, apreciar o descobrir. Tot un univers de sentits al [&hellip;]<\/p>\n","protected":false},"author":1,"featured_media":0,"parent":0,"menu_order":0,"comment_status":"closed","ping_status":"closed","template":"","meta":{"_eb_attr":"","footnotes":""},"class_list":["post-4838","page","type-page","status-publish","hentry"],"yoast_head":"<!-- This site is optimized with the Yoast SEO plugin v25.5 - https:\/\/yoast.com\/wordpress\/plugins\/seo\/ -->\n<title>Nat 1917 | Homenatge al naixement de Cellers Domenys<\/title>\n<meta name=\"description\" content=\"La gamma de vins Nat 1917 \u00e9s un homenatge al pas del temps i a l&#039;origen de Cellers Domenys. Vins amb \u00e0nima, arom\u00e0tics i complexos\" \/>\n<meta name=\"robots\" content=\"index, follow, max-snippet:-1, max-image-preview:large, max-video-preview:-1\" \/>\n<link rel=\"canonical\" href=\"https:\/\/domeniowines.com\/ca\/vi-nat-1917\/\" \/>\n<meta property=\"og:locale\" content=\"ca_ES\" \/>\n<meta property=\"og:type\" content=\"article\" \/>\n<meta property=\"og:title\" content=\"Nat 1917 | Homenatge al naixement de Cellers Domenys\" \/>\n<meta property=\"og:description\" content=\"La gamma de vins Nat 1917 \u00e9s un homenatge al pas del temps i a l&#039;origen de Cellers Domenys. Vins amb \u00e0nima, arom\u00e0tics i complexos\" \/>\n<meta property=\"og:url\" content=\"https:\/\/domeniowines.com\/ca\/vi-nat-1917\/\" \/>\n<meta property=\"og:site_name\" content=\"Domenio\" \/>\n<meta property=\"article:modified_time\" content=\"2025-07-23T08:37:18+00:00\" \/>\n<meta property=\"og:image\" content=\"https:\/\/domeniowines.com\/wp-content\/uploads\/2023\/10\/nat2.png\" \/>\n<meta name=\"twitter:card\" content=\"summary_large_image\" \/>\n<meta name=\"twitter:label1\" content=\"Temps estimat de lectura\" \/>\n\t<meta name=\"twitter:data1\" content=\"2 minuts\" \/>\n<script type=\"application\/ld+json\" class=\"yoast-schema-graph\">{\"@context\":\"https:\/\/schema.org\",\"@graph\":[{\"@type\":\"WebPage\",\"@id\":\"https:\/\/domeniowines.com\/ca\/vi-nat-1917\/\",\"url\":\"https:\/\/domeniowines.com\/ca\/vi-nat-1917\/\",\"name\":\"Nat 1917 | Homenatge al naixement de Cellers Domenys\",\"isPartOf\":{\"@id\":\"https:\/\/domeniowines.com\/#website\"},\"primaryImageOfPage\":{\"@id\":\"https:\/\/domeniowines.com\/ca\/vi-nat-1917\/#primaryimage\"},\"image\":{\"@id\":\"https:\/\/domeniowines.com\/ca\/vi-nat-1917\/#primaryimage\"},\"thumbnailUrl\":\"https:\/\/domeniowines.com\/wp-content\/uploads\/2023\/10\/nat2.png\",\"datePublished\":\"2023-10-05T19:32:30+00:00\",\"dateModified\":\"2025-07-23T08:37:18+00:00\",\"description\":\"La gamma de vins Nat 1917 \u00e9s un homenatge al pas del temps i a l'origen de Cellers Domenys. Vins amb \u00e0nima, arom\u00e0tics i complexos\",\"breadcrumb\":{\"@id\":\"https:\/\/domeniowines.com\/ca\/vi-nat-1917\/#breadcrumb\"},\"inLanguage\":\"ca\",\"potentialAction\":[{\"@type\":\"ReadAction\",\"target\":[\"https:\/\/domeniowines.com\/ca\/vi-nat-1917\/\"]}]},{\"@type\":\"ImageObject\",\"inLanguage\":\"ca\",\"@id\":\"https:\/\/domeniowines.com\/ca\/vi-nat-1917\/#primaryimage\",\"url\":\"https:\/\/domeniowines.com\/wp-content\/uploads\/2023\/10\/nat2.png\",\"contentUrl\":\"https:\/\/domeniowines.com\/wp-content\/uploads\/2023\/10\/nat2.png\"},{\"@type\":\"BreadcrumbList\",\"@id\":\"https:\/\/domeniowines.com\/ca\/vi-nat-1917\/#breadcrumb\",\"itemListElement\":[{\"@type\":\"ListItem\",\"position\":1,\"name\":\"Portada\",\"item\":\"https:\/\/domeniowines.com\/ca\/\"},{\"@type\":\"ListItem\",\"position\":2,\"name\":\"Nat 1917\"}]},{\"@type\":\"WebSite\",\"@id\":\"https:\/\/domeniowines.com\/#website\",\"url\":\"https:\/\/domeniowines.com\/\",\"name\":\"Domenio\",\"description\":\"Vins i caves | 1917\",\"potentialAction\":[{\"@type\":\"SearchAction\",\"target\":{\"@type\":\"EntryPoint\",\"urlTemplate\":\"https:\/\/domeniowines.com\/?s={search_term_string}\"},\"query-input\":{\"@type\":\"PropertyValueSpecification\",\"valueRequired\":true,\"valueName\":\"search_term_string\"}}],\"inLanguage\":\"ca\"}]}<\/script>\n<!-- \/ Yoast SEO plugin. -->","yoast_head_json":{"title":"Nat 1917 | Homenatge al naixement de Cellers Domenys","description":"La gamma de vins Nat 1917 \u00e9s un homenatge al pas del temps i a l'origen de Cellers Domenys. Vins amb \u00e0nima, arom\u00e0tics i complexos","robots":{"index":"index","follow":"follow","max-snippet":"max-snippet:-1","max-image-preview":"max-image-preview:large","max-video-preview":"max-video-preview:-1"},"canonical":"https:\/\/domeniowines.com\/ca\/vi-nat-1917\/","og_locale":"ca_ES","og_type":"article","og_title":"Nat 1917 | Homenatge al naixement de Cellers Domenys","og_description":"La gamma de vins Nat 1917 \u00e9s un homenatge al pas del temps i a l'origen de Cellers Domenys. Vins amb \u00e0nima, arom\u00e0tics i complexos","og_url":"https:\/\/domeniowines.com\/ca\/vi-nat-1917\/","og_site_name":"Domenio","article_modified_time":"2025-07-23T08:37:18+00:00","og_image":[{"url":"https:\/\/domeniowines.com\/wp-content\/uploads\/2023\/10\/nat2.png","type":"","width":"","height":""}],"twitter_card":"summary_large_image","twitter_misc":{"Temps estimat de lectura":"2 minuts"},"schema":{"@context":"https:\/\/schema.org","@graph":[{"@type":"WebPage","@id":"https:\/\/domeniowines.com\/ca\/vi-nat-1917\/","url":"https:\/\/domeniowines.com\/ca\/vi-nat-1917\/","name":"Nat 1917 | Homenatge al naixement de Cellers Domenys","isPartOf":{"@id":"https:\/\/domeniowines.com\/#website"},"primaryImageOfPage":{"@id":"https:\/\/domeniowines.com\/ca\/vi-nat-1917\/#primaryimage"},"image":{"@id":"https:\/\/domeniowines.com\/ca\/vi-nat-1917\/#primaryimage"},"thumbnailUrl":"https:\/\/domeniowines.com\/wp-content\/uploads\/2023\/10\/nat2.png","datePublished":"2023-10-05T19:32:30+00:00","dateModified":"2025-07-23T08:37:18+00:00","description":"La gamma de vins Nat 1917 \u00e9s un homenatge al pas del temps i a l'origen de Cellers Domenys. Vins amb \u00e0nima, arom\u00e0tics i complexos","breadcrumb":{"@id":"https:\/\/domeniowines.com\/ca\/vi-nat-1917\/#breadcrumb"},"inLanguage":"ca","potentialAction":[{"@type":"ReadAction","target":["https:\/\/domeniowines.com\/ca\/vi-nat-1917\/"]}]},{"@type":"ImageObject","inLanguage":"ca","@id":"https:\/\/domeniowines.com\/ca\/vi-nat-1917\/#primaryimage","url":"https:\/\/domeniowines.com\/wp-content\/uploads\/2023\/10\/nat2.png","contentUrl":"https:\/\/domeniowines.com\/wp-content\/uploads\/2023\/10\/nat2.png"},{"@type":"BreadcrumbList","@id":"https:\/\/domeniowines.com\/ca\/vi-nat-1917\/#breadcrumb","itemListElement":[{"@type":"ListItem","position":1,"name":"Portada","item":"https:\/\/domeniowines.com\/ca\/"},{"@type":"ListItem","position":2,"name":"Nat 1917"}]},{"@type":"WebSite","@id":"https:\/\/domeniowines.com\/#website","url":"https:\/\/domeniowines.com\/","name":"Domenio","description":"Vins i caves | 1917","potentialAction":[{"@type":"SearchAction","target":{"@type":"EntryPoint","urlTemplate":"https:\/\/domeniowines.com\/?s={search_term_string}"},"query-input":{"@type":"PropertyValueSpecification","valueRequired":true,"valueName":"search_term_string"}}],"inLanguage":"ca"}]}},"featured_media_urls":[],"_links":{"self":[{"href":"https:\/\/domeniowines.com\/ca\/wp-json\/wp\/v2\/pages\/4838","targetHints":{"allow":["GET"]}}],"collection":[{"href":"https:\/\/domeniowines.com\/ca\/wp-json\/wp\/v2\/pages"}],"about":[{"href":"https:\/\/domeniowines.com\/ca\/wp-json\/wp\/v2\/types\/page"}],"author":[{"embeddable":true,"href":"https:\/\/domeniowines.com\/ca\/wp-json\/wp\/v2\/users\/1"}],"replies":[{"embeddable":true,"href":"https:\/\/domeniowines.com\/ca\/wp-json\/wp\/v2\/comments?post=4838"}],"version-history":[{"count":32,"href":"https:\/\/domeniowines.com\/ca\/wp-json\/wp\/v2\/pages\/4838\/revisions"}],"predecessor-version":[{"id":6830,"href":"https:\/\/domeniowines.com\/ca\/wp-json\/wp\/v2\/pages\/4838\/revisions\/6830"}],"wp:attachment":[{"href":"https:\/\/domeniowines.com\/ca\/wp-json\/wp\/v2\/media?parent=4838"}],"curies":[{"name":"wp","href":"https:\/\/api.w.org\/{rel}","templated":true}]}}