{"id":4853,"date":"2023-10-04T22:30:03","date_gmt":"2023-10-04T20:30:03","guid":{"rendered":"https:\/\/domeniowines.com\/cava-tres-naus\/"},"modified":"2025-07-23T10:42:06","modified_gmt":"2025-07-23T08:42:06","slug":"cava-tres-naus","status":"publish","type":"page","link":"https:\/\/domeniowines.com\/ca\/cava-tres-naus\/","title":{"rendered":"CAVA TRES NAUS"},"content":{"rendered":"\t\t<div data-elementor-type=\"wp-page\" data-elementor-id=\"4853\" class=\"elementor elementor-4853 elementor-1292\" data-elementor-post-type=\"page\">\n\t\t\t\t\t\t\t<div class=\"has_eae_slider elementor-element elementor-element-7853c96 e-flex e-con-boxed e-con e-parent\" data-id=\"7853c96\" data-element_type=\"container\" data-settings=\"{&quot;background_background&quot;:&quot;classic&quot;,&quot;content_width&quot;:&quot;boxed&quot;}\" data-core-v316-plus=\"true\">\n\t\t\t\t\t<div class=\"e-con-inner\">\n\t\t\t\t<div class=\"elementor-element elementor-element-cb82c05 elementor-widget elementor-widget-text-editor\" data-id=\"cb82c05\" data-element_type=\"widget\" data-widget_type=\"text-editor.default\">\n\t\t\t\t<div class=\"elementor-widget-container\">\n\t\t\t<style>\/*! elementor - v3.17.0 - 01-11-2023 *\/\n.elementor-widget-text-editor.elementor-drop-cap-view-stacked .elementor-drop-cap{background-color:#69727d;color:#fff}.elementor-widget-text-editor.elementor-drop-cap-view-framed .elementor-drop-cap{color:#69727d;border:3px solid;background-color:transparent}.elementor-widget-text-editor:not(.elementor-drop-cap-view-default) .elementor-drop-cap{margin-top:8px}.elementor-widget-text-editor:not(.elementor-drop-cap-view-default) .elementor-drop-cap-letter{width:1em;height:1em}.elementor-widget-text-editor .elementor-drop-cap{float:left;text-align:center;line-height:1;font-size:50px}.elementor-widget-text-editor .elementor-drop-cap-letter{display:inline-block}<\/style>\t\t\t\tINICI \/ CAVES \/ CAVA TRES NAUS\n\t\t\t\t\t\t<\/div>\n\t\t\t\t<\/div>\n\t\t\t\t<div class=\"elementor-element elementor-element-2d29871 elementor-widget elementor-widget-text-editor\" data-id=\"2d29871\" data-element_type=\"widget\" data-widget_type=\"text-editor.default\">\n\t\t\t\t<div class=\"elementor-widget-container\">\n\t\t\t\t\t\t\t<span style=\"-webkit-text-stroke: 2px #FFFFFF;\">Cava Tres Naus<\/span> <span style=\"font-size: .4em; text-transform: uppercase; font-weight: lighter;\">DO CAVA<\/span>\t\t\t\t\t\t<\/div>\n\t\t\t\t<\/div>\n\t\t\t\t\t<\/div>\n\t\t\t\t<\/div>\n\t\t<div class=\"has_eae_slider elementor-element elementor-element-497380e e-flex e-con-boxed e-con e-parent\" data-id=\"497380e\" data-element_type=\"container\" data-settings=\"{&quot;background_background&quot;:&quot;gradient&quot;,&quot;content_width&quot;:&quot;boxed&quot;}\" data-core-v316-plus=\"true\">\n\t\t\t\t\t<div class=\"e-con-inner\">\n\t\t<div class=\"has_eae_slider elementor-element elementor-element-0d77e1d e-con-full e-flex e-con e-child\" data-id=\"0d77e1d\" data-element_type=\"container\" data-settings=\"{&quot;content_width&quot;:&quot;full&quot;}\">\n\t\t\t\t<div class=\"elementor-element elementor-element-40481c5 elementor-widget elementor-widget-heading\" data-id=\"40481c5\" data-element_type=\"widget\" data-widget_type=\"heading.default\">\n\t\t\t\t<div class=\"elementor-widget-container\">\n\t\t\t<style>\/*! elementor - v3.17.0 - 01-11-2023 *\/\n.elementor-heading-title{padding:0;margin:0;line-height:1}.elementor-widget-heading .elementor-heading-title[class*=elementor-size-]>a{color:inherit;font-size:inherit;line-height:inherit}.elementor-widget-heading .elementor-heading-title.elementor-size-small{font-size:15px}.elementor-widget-heading .elementor-heading-title.elementor-size-medium{font-size:19px}.elementor-widget-heading .elementor-heading-title.elementor-size-large{font-size:29px}.elementor-widget-heading .elementor-heading-title.elementor-size-xl{font-size:39px}.elementor-widget-heading .elementor-heading-title.elementor-size-xxl{font-size:59px}<\/style><h2 class=\"elementor-heading-title elementor-size-default\">Elaborats segons el m\u00e8tode tradicional.<\/h2>\t\t<\/div>\n\t\t\t\t<\/div>\n\t\t\t\t<div class=\"elementor-element elementor-element-be835a6 elementor-widget elementor-widget-text-editor\" data-id=\"be835a6\" data-element_type=\"widget\" data-widget_type=\"text-editor.default\">\n\t\t\t\t<div class=\"elementor-widget-container\">\n\t\t\t\t\t\t\t<p>El cava Tres Naus neix a la m\u00e9s absoluta tranquil\u00b7litat i rep\u00f2s. Un proc\u00e9s en qu\u00e8 nom\u00e9s intervenen el temps i els fen\u00f2mens naturals. Aix\u00ed, es formen els cinc tipus de cava Tres Naus: un cava de fermentaci\u00f3 i crian\u00e7a en ampolla sobre mares, elaborat segons el m\u00e8tode tradicional. Aquesta fam\u00edlia de caves s&#8217;elabora \u00edntegrament a la primer catedral del vi del deixeble d&#8217;Antoni Gaud\u00ed, C\u00e8sar Martinell, erigida a Rocafort de Queralt el 1918. Un context i una arquitectura ideals per criar un escum\u00f3s mediterrani que destaca per les seves qualitats organol\u00e8ptiques: arom\u00e0tic, net, fresc, equilibrat i harmoni\u00f3s.<\/p>\t\t\t\t\t\t<\/div>\n\t\t\t\t<\/div>\n\t\t\t\t<\/div>\n\t\t<div class=\"has_eae_slider elementor-element elementor-element-7b8e5af e-con-full e-flex e-con e-child\" data-id=\"7b8e5af\" data-element_type=\"container\" data-settings=\"{&quot;content_width&quot;:&quot;full&quot;}\">\n\t\t\t\t<div class=\"elementor-element elementor-element-8e7222a elementor-widget elementor-widget-html\" data-id=\"8e7222a\" data-element_type=\"widget\" data-widget_type=\"html.default\">\n\t\t\t\t<div class=\"elementor-widget-container\">\n\t\t\t<div id=\"slider-productes3\" class=\"container-fluid producte producte--overflow\">\n    <!-- Add Pagination -->\n    <div class=\"swiper-pagination\"><\/div>\n    <div class=\"swiper-container\">\n\t\t\t\t\t<div class=\"swiper-wrapper\">\n\t\t\t\t\t\t\n\t\t\t\t\t\t<!-- slide -->\n\t\t\t\t\t\t<div class=\"swiper-slide\">\n\t\t \t\t\t\t\t<!-- Producte imatge -->\n\t\t \t\t\t\t\t<div class=\"producte__img\">\n\t\t \t\t\t\t\t\t<img decoding=\"async\" src=\"https:\/\/domeniowines.com\/wp-content\/uploads\/2023\/10\/tree-naus1.png\">\n\t\t \t\t\t\t\t<\/div>\n\t\t \n\t\t \t\t\t\t\t<!-- Producte informaci\u00f3 -->\n\t\t \t\t\t\t\t<div class=\"producte__info\">\n\t\t \t\t\t\t\t\t<h2>\n  Tres Naus  <br>\n  Brut\n\t\t \t\t\t\t\t\t<\/h2>\n\t\t \n\t\t \t\t\t\t\t\t<dl>\n\t\t \t\t\t\t\t\t\t<dt>Varietat<\/dt>\n\t\t \t\t\t\t\t\t\t\t<dd>Xarel\u00b7lo, Macabeu, Parellada i Chardonnay<\/dd>\n\t\t \t\t\t\t\t\t\t<dt>Elaboraci\u00f3<\/dt>\n\t\t \t\t\t\t\t\t\t\t<dd>Crian\u00e7a, des de 10 mesos<\/dd>\n\t\t \t\t\t\t\t\t\t<dt>Alcohol<\/dt>\n\t\t \t\t\t\t\t\t\t\t<dd>11,5%<\/dd>\n\t\t \t\t\t\t\t\t\t<dt>Servei<\/dt>\n\t\t \t\t\t\t\t\t\t\t<dd>6\u20138 \u00b0C<\/dd>\n\t\t \t\t\t\t\t\t\t<dt>Fitxa t\u00e8cnica<\/dt>\n\t\t \t\t\t\t\t\t\t\t<dd><a href=\"https:\/\/domeniowines.com\/uploads\/fitxes-tecniques\/cava\/TresNaus-Brut-CA.pdf\" target=\"_blank\" class=\"download\">Descarregar PDF<\/a><\/dd>\n\t\t \t\t\t\t\t\t<\/dl>\n\t\t \n\t\t \t\t\t\t\t\t<h4>Nota de tast<\/h4>\n\t\t \t\t\t\t\t\t<p>\n  Creat a la cava modernista de Rocafort de Queralt, \u00e9s un cava reposat, fresc, natural i amb una entrada amable i delicada, elaborat amb les varietats tradicionals i Chardonnay. Aroma afruitada, fresc i intens. A la boca combina la vivesa, l'eleg\u00e0ncia i la complexitat: amb un final crem\u00f3s.\n\t\t \t\t\t\t\t\t<\/p>\n\n\t\t \t\t\t\t\t\t<div class=\"producte__info__DO\">\n\t\t \t\t\t\t\t\t\t<img decoding=\"async\" src=\"https:\/\/domeniowines.com\/wp-content\/uploads\/2023\/10\/cava.png\" alt=\"Cava\">\n\t\t \t\t\t\t\t\t<\/div>\n\t\t \t\t\t\t\t<\/div>\n\t\t \t\t\t\t<\/div> <!-- \/ slide -->\n\n\n\t\t\t \t\t\t<!-- slide -->\n\t\t\t\t\t\t<div class=\"swiper-slide\">\n\t\t \t\t\t\t\t<!-- Producte imatge -->\n\t\t \t\t\t\t\t<div class=\"producte__img\">\n\t\t \t\t\t\t\t\t<img decoding=\"async\" src=\"https:\/\/domeniowines.com\/wp-content\/uploads\/2023\/10\/tree-naus2.png\">\n\t\t \t\t\t\t\t<\/div>\n\t\t \n\t\t \t\t\t\t\t<!-- Producte informaci\u00f3 -->\n\t\t \t\t\t\t\t<div class=\"producte__info\">\n\t\t\t\t\t\t\t\t<h2>\n  Tres Naus  <br>\n  Brut Nature\n\t\t\t\t\t\t\t\t<\/h2>\n\t\t\n\t\t\t\t\t\t\t\t<dl>\n\t\t\t\t\t\t\t\t\t<dt>Varietat<\/dt>\n\t\t\t\t\t\t\t\t\t\t<dd>Xarel\u00b7lo, Macabeu i Parellada<\/dd>\n\t\t\t\t\t\t\t\t\t<dt>Elaboraci\u00f3<\/dt>\n\t\t\t\t\t\t\t\t\t\t<dd>Crian\u00e7a, des de 10 mesos<\/dd>\n\t\t\t\t\t\t\t\t\t<dt>Alcohol<\/dt>\n\t\t\t\t\t\t\t\t\t\t<dd>11,5%<\/dd>\n\t\t\t\t\t\t\t\t\t<dt>Servei<\/dt>\n\t\t\t\t\t\t\t\t\t\t<dd>6\u20138 \u00b0C<\/dd>\n\t\t\t\t\t\t\t\t\t<dt>Fitxa t\u00e8cnica<\/dt>\n\t\t\t\t\t\t\t\t\t\t<dd><a href=\"https:\/\/domeniowines.com\/uploads\/fitxes-tecniques\/cava\/TresNaus-BrutNature-CA.pdf\" target=\"_blank\" class=\"download\">Descarregar PDF<\/a><\/dd>\n\t\t\t\t\t\t\t\t<\/dl>\n\t\t \n\t\t \t\t\t\t\t\t<h4>Nota de tast<\/h4>\n\t\t \t\t\t\t\t\t<p>\n  Les varietats Macabeu, Xarel\u00b7lo i Parellada donen cos i vida al Tres Naus Brut Nature. Un cupatge tradicional alhora que instintiu per a un resultat fresc, suau i molt elegant. Aquest Brut Nature reposa a la catedral del vi de Rocafort de Queralt. Presenta colors grocs p\u00e0l\u00b7lids, amb matisos verdosos, aroma fresca i elegant. A la boca destaca la seva nota de frescor i sequedat sent llarg i persistent.\n\t\t\t\t\t\t\t\t<\/p>\n\n\t\t \t\t\t\t\t\t<div class=\"producte__info__DO\">\n\t\t \t\t\t\t\t\t\t<img decoding=\"async\" src=\"https:\/\/domeniowines.com\/wp-content\/uploads\/2023\/10\/cava.png\" alt=\"Cava\">\n\t\t \t\t\t\t\t\t<\/div>\n\t\t \t\t\t\t\t<\/div>\n\t\t \t\t\t\t<\/div> \n\t\t\t\t\t\t<!-- \/ slide -->\n\n\t\t\t\t\t\t<!-- slide -->\n\t\t\t\t\t\t<div class=\"swiper-slide\">\n\t\t\t\t\t\t\t<!-- Producte imatge -->\n\t\t\t\t\t\t\t<div class=\"producte__img\">\n\t\t\t\t\t\t\t\t<img decoding=\"async\" src=\"https:\/\/domeniowines.com\/wp-content\/uploads\/2023\/10\/tree-naus3.png\">\n\t\t\t\t\t\t\t<\/div>\n\t\t\n\t\t\t\t\t\t\t<!-- Producte informaci\u00f3 -->\n\t\t\t\t\t\t\t<div class=\"producte__info\">\n\t\t\t\t\t\t\t\t<h2>\n  Tres Naus  <br>\n  Brut Nature Reserva\n\t\t\t\t\t\t\t\t<\/h2>\n\t\t\n\t\t\t\t\t\t\t\t<dl>\n\t\t\t\t\t\t\t\t\t<dt>Varietat<\/dt>\n\t\t\t\t\t\t\t\t\t\t<dd>Xarel\u00b7lo, Macabeu i Parellada<\/dd>\n\t\t\t\t\t\t\t\t\t<dt>Elaboraci\u00f3<\/dt>\n\t\t\t\t\t\t\t\t\t\t<dd>Crian\u00e7a, des de 24 mesos<\/dd>\n\t\t\t\t\t\t\t\t\t<dt>Alcohol<\/dt>\n\t\t\t\t\t\t\t\t\t\t<dd>11,5%<\/dd>\n\t\t\t\t\t\t\t\t\t<dt>Servei<\/dt>\n\t\t\t\t\t\t\t\t\t\t<dd>6\u20138 \u00b0C<\/dd>\n\t\t\t\t\t\t\t\t\t<dt>Fitxa t\u00e8cnica<\/dt>\n\t\t\t\t\t\t\t\t\t\t<dd><a href=\"https:\/\/domeniowines.com\/uploads\/fitxes-tecniques\/cava\/TresNaus-BrutNatureReserva-CA.pdf\" target=\"_blank\" class=\"download\">Descarregar PDF<\/a><\/dd>\n\t\t\t\t\t\t\t\t<\/dl>\n\t\t\n\t\t\t\t\t\t\t\t<h4>Nota de tast<\/h4>\n\t\t\t\t\t\t\t\t<p>\n  A 566 metres d'altitud, a la catedral del cava de Rocafort de Queralt, durant mesos de rep\u00f2s, en silenci, neix el Brut Nature Reserva de Tres Naus: un cava, de fermentaci\u00f3 i crian\u00e7a especials, elaborat segons el m\u00e8tode tradicional. Destaca per la maduresa, per una gran estructura i per la finor de les bombolles. Color groc daurat net i brillant. Evoca flors blanques i fruites de pinyol madures, aix\u00ed com fruita tropical amb un rerefons d'herbes fresques subtilment torrat.\n\t\t\t\t\t\t\t\t<\/p>\n\n\t\t\t\t\t\t\t\t<div class=\"producte__info__DO\">\n\t\t\t\t\t\t\t\t\t<img decoding=\"async\" src=\"https:\/\/domeniowines.com\/wp-content\/uploads\/2023\/10\/cava.png\" alt=\"Cava\">\n\t\t\t\t\t\t\t\t<\/div>\n\t\t\t\t\t\t\t<\/div>\n\t\t\t\t\t\t<\/div> \n\t\t\t\t\t   \t<!-- \/ slide -->\n\n\t\t\t\t\t\t<!-- slide -->\n\t\t\t\t\t\t<div class=\"swiper-slide\">\n\t\t\t\t\t\t\t<!-- Producte imatge -->\n\t\t\t\t\t\t\t<div class=\"producte__img\">\n\t\t\t\t\t\t\t\t<img decoding=\"async\" src=\"https:\/\/domeniowines.com\/wp-content\/uploads\/2023\/10\/tree-naus4.png\">\n\t\t\t\t\t\t\t<\/div>\n\t\t\n\t\t\t\t\t\t\t<!-- Producte informaci\u00f3 -->\n\t\t\t\t\t\t\t<div class=\"producte__info\">\n\t\t\t\t\t\t\t\t<h2>\n  Tres Naus  <br>\n  Rosat Brut <span class=\"little\">P\u00e0l\u00b7lid \/ Pale<\/span>\n\t\t\t\t\t\t\t\t<\/h2>\n\t\t\n\t\t\t\t\t\t\t\t<dl>\n\t\t\t\t\t\t\t\t\t<dt>Varietat<\/dt>\n\t\t\t\t\t\t\t\t\t\t<dd>Trepat<\/dd>\n\t\t\t\t\t\t\t\t\t<dt>Elaboraci\u00f3<\/dt>\n\t\t\t\t\t\t\t\t\t\t<dd>Crian\u00e7a, des de 12 mesos<\/dd>\n\t\t\t\t\t\t\t\t\t<dt>Alcohol<\/dt>\n\t\t\t\t\t\t\t\t\t\t<dd>11,5%<\/dd>\n\t\t\t\t\t\t\t\t\t<dt>Servei<\/dt>\n\t\t\t\t\t\t\t\t\t\t<dd>6\u20138 \u00b0C<\/dd>\n\t\t\t\t\t\t\t\t\t<dt>Fitxa t\u00e8cnica<\/dt>\n\t\t\t\t\t\t\t\t\t\t<dd><a href=\"https:\/\/domeniowines.com\/uploads\/fitxes-tecniques\/cava\/TresNaus-BrutRosatPallid-CA.pdf\" target=\"_blank\" class=\"download\">Descarregar PDF<\/a><\/dd>\n\t\t\t\t\t\t\t\t<\/dl>\n\t\t\n\t\t\t\t\t\t\t\t<h4>Nota de tast<\/h4>\n\t\t\t\t\t\t\t\t<p>\n  A la Conca de Barber\u00e0 creix una varietat aut\u00f2ctona de ra\u00efm, \u00fanica al m\u00f3n: el Trepat. Una mat\u00e8ria primera excepcional per elaborar un cava rosat amb car\u00e0cter. D'una maceraci\u00f3 molt curta, se n'obt\u00e9 un resultat floral i subtil; un obsequi molt personal per al paladar dels m\u00e9s exigents. Rosa p\u00e0l\u00b7lid brillant amb subtils tons color salm\u00f3 que recorda un \u201cblanc de noirs\u201d. Cava delicat d'aromes amb notes florals, fruites blanques i fruits silvestres. De bombolla fina i integrada, amb estructura viva i estil propi; no passa desapercebut.\n\t\t\t\t\t\t\t\t<\/p>\n\n\t\t\t\t\t\t\t\t<div class=\"producte__info__DO\">\n\t\t\t\t\t\t\t\t\t<img decoding=\"async\" src=\"https:\/\/domeniowines.com\/wp-content\/uploads\/2023\/10\/cava.png\" alt=\"Cava\">\n\t\t\t\t\t\t\t\t<\/div>\n\t\t\t\t\t\t\t<\/div>\n\t\t\t\t\t\t<\/div> \n\t\t\t\t\t   \t<!-- \/ slide -->\n\n\t\t\t\t\t\n\n\t\t\t\t\t<\/div> \n\t\t\t\t<\/div>\n\t\n\t\t\t\t<!-- Navigation buttons -->\n\t\t\t    <div class=\"button button-slider button-slider--left\">\u2039<\/div>\n\t\t\t    <div class=\"button button-slider button-slider--right\">\u203a<\/div>\n<\/div>\t\t<\/div>\n\t\t\t\t<\/div>\n\t\t\t\t<\/div>\n\t\t\t\t\t<\/div>\n\t\t\t\t<\/div>\n\t\t<div class=\"has_eae_slider elementor-element elementor-element-e50238e e-flex e-con-boxed e-con e-parent\" data-id=\"e50238e\" data-element_type=\"container\" data-settings=\"{&quot;background_background&quot;:&quot;classic&quot;,&quot;content_width&quot;:&quot;boxed&quot;}\" data-core-v316-plus=\"true\">\n\t\t\t\t\t<div class=\"e-con-inner\">\n\t\t\t\t<div class=\"elementor-element elementor-element-ad98ab9 arrow elementor-widget elementor-widget-heading\" data-id=\"ad98ab9\" data-element_type=\"widget\" data-widget_type=\"heading.default\">\n\t\t\t\t<div class=\"elementor-widget-container\">\n\t\t\t<p class=\"elementor-heading-title elementor-size-default\"><a href=\"https:\/\/domeniowines.com\/ca\/els-nostres-caves\/\">TORNAR ALS NOSTRES CAVES<\/a><\/p>\t\t<\/div>\n\t\t\t\t<\/div>\n\t\t\t\t\t<\/div>\n\t\t\t\t<\/div>\n\t\t\t\t\t\t\t<\/div>\n\t\t","protected":false},"excerpt":{"rendered":"<p>INICI \/ CAVES \/ CAVA TRES NAUS Cava Tres Naus DO CAVA Elaborats segons el m\u00e8tode tradicional. El cava Tres Naus neix a la m\u00e9s absoluta tranquil\u00b7litat i rep\u00f2s. Un proc\u00e9s en qu\u00e8 nom\u00e9s intervenen el temps i els fen\u00f2mens naturals. Aix\u00ed, es formen els cinc tipus de cava Tres Naus: un cava de fermentaci\u00f3 [&hellip;]<\/p>\n","protected":false},"author":1,"featured_media":0,"parent":0,"menu_order":0,"comment_status":"closed","ping_status":"closed","template":"","meta":{"_eb_attr":"","footnotes":""},"class_list":["post-4853","page","type-page","status-publish","hentry"],"yoast_head":"<!-- This site is optimized with the Yoast SEO plugin v25.5 - https:\/\/yoast.com\/wordpress\/plugins\/seo\/ -->\n<title>Tres Naus | Cava elaborat segons el m\u00e8tode tradicional<\/title>\n<meta name=\"description\" content=\"Descobreix el cava Tres Naus de Domenio, elaborat amb el m\u00e8tode tradicional a la catedral del vi de Rocafort de Queralt. Fresc, equilibrat i amb car\u00e0cter mediterrani.\" \/>\n<meta name=\"robots\" content=\"index, follow, max-snippet:-1, max-image-preview:large, max-video-preview:-1\" \/>\n<link rel=\"canonical\" href=\"https:\/\/domeniowines.com\/ca\/cava-tres-naus\/\" \/>\n<meta property=\"og:locale\" content=\"ca_ES\" \/>\n<meta property=\"og:type\" content=\"article\" \/>\n<meta property=\"og:title\" content=\"Tres Naus | Cava elaborat segons el m\u00e8tode tradicional\" \/>\n<meta property=\"og:description\" content=\"Descobreix el cava Tres Naus de Domenio, elaborat amb el m\u00e8tode tradicional a la catedral del vi de Rocafort de Queralt. Fresc, equilibrat i amb car\u00e0cter mediterrani.\" \/>\n<meta property=\"og:url\" content=\"https:\/\/domeniowines.com\/ca\/cava-tres-naus\/\" \/>\n<meta property=\"og:site_name\" content=\"Domenio\" \/>\n<meta property=\"article:modified_time\" content=\"2025-07-23T08:42:06+00:00\" \/>\n<meta property=\"og:image\" content=\"https:\/\/domeniowines.com\/wp-content\/uploads\/2023\/10\/tree-naus1.png\" \/>\n<meta name=\"twitter:card\" content=\"summary_large_image\" \/>\n<meta name=\"twitter:label1\" content=\"Temps estimat de lectura\" \/>\n\t<meta name=\"twitter:data1\" content=\"4 minuts\" \/>\n<script type=\"application\/ld+json\" class=\"yoast-schema-graph\">{\"@context\":\"https:\/\/schema.org\",\"@graph\":[{\"@type\":\"WebPage\",\"@id\":\"https:\/\/domeniowines.com\/ca\/cava-tres-naus\/\",\"url\":\"https:\/\/domeniowines.com\/ca\/cava-tres-naus\/\",\"name\":\"Tres Naus | Cava elaborat segons el m\u00e8tode tradicional\",\"isPartOf\":{\"@id\":\"https:\/\/domeniowines.com\/#website\"},\"primaryImageOfPage\":{\"@id\":\"https:\/\/domeniowines.com\/ca\/cava-tres-naus\/#primaryimage\"},\"image\":{\"@id\":\"https:\/\/domeniowines.com\/ca\/cava-tres-naus\/#primaryimage\"},\"thumbnailUrl\":\"https:\/\/domeniowines.com\/wp-content\/uploads\/2023\/10\/tree-naus1.png\",\"datePublished\":\"2023-10-04T20:30:03+00:00\",\"dateModified\":\"2025-07-23T08:42:06+00:00\",\"description\":\"Descobreix el cava Tres Naus de Domenio, elaborat amb el m\u00e8tode tradicional a la catedral del vi de Rocafort de Queralt. Fresc, equilibrat i amb car\u00e0cter mediterrani.\",\"breadcrumb\":{\"@id\":\"https:\/\/domeniowines.com\/ca\/cava-tres-naus\/#breadcrumb\"},\"inLanguage\":\"ca\",\"potentialAction\":[{\"@type\":\"ReadAction\",\"target\":[\"https:\/\/domeniowines.com\/ca\/cava-tres-naus\/\"]}]},{\"@type\":\"ImageObject\",\"inLanguage\":\"ca\",\"@id\":\"https:\/\/domeniowines.com\/ca\/cava-tres-naus\/#primaryimage\",\"url\":\"https:\/\/domeniowines.com\/wp-content\/uploads\/2023\/10\/tree-naus1.png\",\"contentUrl\":\"https:\/\/domeniowines.com\/wp-content\/uploads\/2023\/10\/tree-naus1.png\"},{\"@type\":\"BreadcrumbList\",\"@id\":\"https:\/\/domeniowines.com\/ca\/cava-tres-naus\/#breadcrumb\",\"itemListElement\":[{\"@type\":\"ListItem\",\"position\":1,\"name\":\"Portada\",\"item\":\"https:\/\/domeniowines.com\/ca\/\"},{\"@type\":\"ListItem\",\"position\":2,\"name\":\"CAVA TRES NAUS\"}]},{\"@type\":\"WebSite\",\"@id\":\"https:\/\/domeniowines.com\/#website\",\"url\":\"https:\/\/domeniowines.com\/\",\"name\":\"Domenio\",\"description\":\"Vins i caves | 1917\",\"potentialAction\":[{\"@type\":\"SearchAction\",\"target\":{\"@type\":\"EntryPoint\",\"urlTemplate\":\"https:\/\/domeniowines.com\/?s={search_term_string}\"},\"query-input\":{\"@type\":\"PropertyValueSpecification\",\"valueRequired\":true,\"valueName\":\"search_term_string\"}}],\"inLanguage\":\"ca\"}]}<\/script>\n<!-- \/ Yoast SEO plugin. -->","yoast_head_json":{"title":"Tres Naus | Cava elaborat segons el m\u00e8tode tradicional","description":"Descobreix el cava Tres Naus de Domenio, elaborat amb el m\u00e8tode tradicional a la catedral del vi de Rocafort de Queralt. Fresc, equilibrat i amb car\u00e0cter mediterrani.","robots":{"index":"index","follow":"follow","max-snippet":"max-snippet:-1","max-image-preview":"max-image-preview:large","max-video-preview":"max-video-preview:-1"},"canonical":"https:\/\/domeniowines.com\/ca\/cava-tres-naus\/","og_locale":"ca_ES","og_type":"article","og_title":"Tres Naus | Cava elaborat segons el m\u00e8tode tradicional","og_description":"Descobreix el cava Tres Naus de Domenio, elaborat amb el m\u00e8tode tradicional a la catedral del vi de Rocafort de Queralt. Fresc, equilibrat i amb car\u00e0cter mediterrani.","og_url":"https:\/\/domeniowines.com\/ca\/cava-tres-naus\/","og_site_name":"Domenio","article_modified_time":"2025-07-23T08:42:06+00:00","og_image":[{"url":"https:\/\/domeniowines.com\/wp-content\/uploads\/2023\/10\/tree-naus1.png","type":"","width":"","height":""}],"twitter_card":"summary_large_image","twitter_misc":{"Temps estimat de lectura":"4 minuts"},"schema":{"@context":"https:\/\/schema.org","@graph":[{"@type":"WebPage","@id":"https:\/\/domeniowines.com\/ca\/cava-tres-naus\/","url":"https:\/\/domeniowines.com\/ca\/cava-tres-naus\/","name":"Tres Naus | Cava elaborat segons el m\u00e8tode tradicional","isPartOf":{"@id":"https:\/\/domeniowines.com\/#website"},"primaryImageOfPage":{"@id":"https:\/\/domeniowines.com\/ca\/cava-tres-naus\/#primaryimage"},"image":{"@id":"https:\/\/domeniowines.com\/ca\/cava-tres-naus\/#primaryimage"},"thumbnailUrl":"https:\/\/domeniowines.com\/wp-content\/uploads\/2023\/10\/tree-naus1.png","datePublished":"2023-10-04T20:30:03+00:00","dateModified":"2025-07-23T08:42:06+00:00","description":"Descobreix el cava Tres Naus de Domenio, elaborat amb el m\u00e8tode tradicional a la catedral del vi de Rocafort de Queralt. Fresc, equilibrat i amb car\u00e0cter mediterrani.","breadcrumb":{"@id":"https:\/\/domeniowines.com\/ca\/cava-tres-naus\/#breadcrumb"},"inLanguage":"ca","potentialAction":[{"@type":"ReadAction","target":["https:\/\/domeniowines.com\/ca\/cava-tres-naus\/"]}]},{"@type":"ImageObject","inLanguage":"ca","@id":"https:\/\/domeniowines.com\/ca\/cava-tres-naus\/#primaryimage","url":"https:\/\/domeniowines.com\/wp-content\/uploads\/2023\/10\/tree-naus1.png","contentUrl":"https:\/\/domeniowines.com\/wp-content\/uploads\/2023\/10\/tree-naus1.png"},{"@type":"BreadcrumbList","@id":"https:\/\/domeniowines.com\/ca\/cava-tres-naus\/#breadcrumb","itemListElement":[{"@type":"ListItem","position":1,"name":"Portada","item":"https:\/\/domeniowines.com\/ca\/"},{"@type":"ListItem","position":2,"name":"CAVA TRES NAUS"}]},{"@type":"WebSite","@id":"https:\/\/domeniowines.com\/#website","url":"https:\/\/domeniowines.com\/","name":"Domenio","description":"Vins i caves | 1917","potentialAction":[{"@type":"SearchAction","target":{"@type":"EntryPoint","urlTemplate":"https:\/\/domeniowines.com\/?s={search_term_string}"},"query-input":{"@type":"PropertyValueSpecification","valueRequired":true,"valueName":"search_term_string"}}],"inLanguage":"ca"}]}},"featured_media_urls":[],"_links":{"self":[{"href":"https:\/\/domeniowines.com\/ca\/wp-json\/wp\/v2\/pages\/4853","targetHints":{"allow":["GET"]}}],"collection":[{"href":"https:\/\/domeniowines.com\/ca\/wp-json\/wp\/v2\/pages"}],"about":[{"href":"https:\/\/domeniowines.com\/ca\/wp-json\/wp\/v2\/types\/page"}],"author":[{"embeddable":true,"href":"https:\/\/domeniowines.com\/ca\/wp-json\/wp\/v2\/users\/1"}],"replies":[{"embeddable":true,"href":"https:\/\/domeniowines.com\/ca\/wp-json\/wp\/v2\/comments?post=4853"}],"version-history":[{"count":35,"href":"https:\/\/domeniowines.com\/ca\/wp-json\/wp\/v2\/pages\/4853\/revisions"}],"predecessor-version":[{"id":6749,"href":"https:\/\/domeniowines.com\/ca\/wp-json\/wp\/v2\/pages\/4853\/revisions\/6749"}],"wp:attachment":[{"href":"https:\/\/domeniowines.com\/ca\/wp-json\/wp\/v2\/media?parent=4853"}],"curies":[{"name":"wp","href":"https:\/\/api.w.org\/{rel}","templated":true}]}}