{"id":4858,"date":"2023-09-29T22:18:59","date_gmt":"2023-09-29T20:18:59","guid":{"rendered":"https:\/\/domeniowines.com\/contacte\/"},"modified":"2025-07-23T11:08:19","modified_gmt":"2025-07-23T09:08:19","slug":"contacte","status":"publish","type":"page","link":"https:\/\/domeniowines.com\/ca\/contacte\/","title":{"rendered":"CONTACTE"},"content":{"rendered":"\t\t<div data-elementor-type=\"wp-page\" data-elementor-id=\"4858\" class=\"elementor elementor-4858 elementor-895\" data-elementor-post-type=\"page\">\n\t\t\t\t\t\t\t<div class=\"has_eae_slider elementor-element elementor-element-7853c96 e-flex e-con-boxed e-con e-parent\" data-id=\"7853c96\" data-element_type=\"container\" data-settings=\"{&quot;background_background&quot;:&quot;classic&quot;,&quot;content_width&quot;:&quot;boxed&quot;}\" data-core-v316-plus=\"true\">\n\t\t\t\t\t<div class=\"e-con-inner\">\n\t\t\t\t<div class=\"elementor-element elementor-element-cb82c05 elementor-widget elementor-widget-text-editor\" data-id=\"cb82c05\" data-element_type=\"widget\" data-widget_type=\"text-editor.default\">\n\t\t\t\t<div class=\"elementor-widget-container\">\n\t\t\t<style>\/*! elementor - v3.17.0 - 01-11-2023 *\/\n.elementor-widget-text-editor.elementor-drop-cap-view-stacked .elementor-drop-cap{background-color:#69727d;color:#fff}.elementor-widget-text-editor.elementor-drop-cap-view-framed .elementor-drop-cap{color:#69727d;border:3px solid;background-color:transparent}.elementor-widget-text-editor:not(.elementor-drop-cap-view-default) .elementor-drop-cap{margin-top:8px}.elementor-widget-text-editor:not(.elementor-drop-cap-view-default) .elementor-drop-cap-letter{width:1em;height:1em}.elementor-widget-text-editor .elementor-drop-cap{float:left;text-align:center;line-height:1;font-size:50px}.elementor-widget-text-editor .elementor-drop-cap-letter{display:inline-block}<\/style>\t\t\t\t<p><span style=\"vertical-align: inherit;\"><span style=\"vertical-align: inherit;\"><a style=\"color: #fff;\" href=\"\/\"><span style=\"vertical-align: inherit;\"><span style=\"vertical-align: inherit;\">HOME<\/span><\/span><\/a> <span style=\"vertical-align: inherit;\"><span style=\"vertical-align: inherit;\">\/ CONTACT<\/span><\/span><\/span><\/span><\/p>\n\t\t\t\t\t\t<\/div>\n\t\t\t\t<\/div>\n\t\t\t\t<div class=\"elementor-element elementor-element-7d0a599 elementor-widget elementor-widget-heading\" data-id=\"7d0a599\" data-element_type=\"widget\" data-widget_type=\"heading.default\">\n\t\t\t\t<div class=\"elementor-widget-container\">\n\t\t\t<style>\/*! elementor - v3.17.0 - 01-11-2023 *\/\n.elementor-heading-title{padding:0;margin:0;line-height:1}.elementor-widget-heading .elementor-heading-title[class*=elementor-size-]>a{color:inherit;font-size:inherit;line-height:inherit}.elementor-widget-heading .elementor-heading-title.elementor-size-small{font-size:15px}.elementor-widget-heading .elementor-heading-title.elementor-size-medium{font-size:19px}.elementor-widget-heading .elementor-heading-title.elementor-size-large{font-size:29px}.elementor-widget-heading .elementor-heading-title.elementor-size-xl{font-size:39px}.elementor-widget-heading .elementor-heading-title.elementor-size-xxl{font-size:59px}<\/style><h2 class=\"elementor-heading-title elementor-size-default\">Contacte<\/h2>\t\t<\/div>\n\t\t\t\t<\/div>\n\t\t\t\t\t<\/div>\n\t\t\t\t<\/div>\n\t\t<div class=\"has_eae_slider elementor-element elementor-element-2ce0f2c e-flex e-con-boxed e-con e-parent\" data-id=\"2ce0f2c\" data-element_type=\"container\" data-settings=\"{&quot;background_background&quot;:&quot;gradient&quot;,&quot;content_width&quot;:&quot;boxed&quot;}\" data-core-v316-plus=\"true\">\n\t\t\t\t\t<div class=\"e-con-inner\">\n\t\t<div class=\"has_eae_slider elementor-element elementor-element-d0be2c1 e-con-full e-flex e-con e-child\" data-id=\"d0be2c1\" data-element_type=\"container\" data-settings=\"{&quot;content_width&quot;:&quot;full&quot;}\">\n\t\t\t\t<div class=\"elementor-element elementor-element-10792c0 elementor-widget-tablet__width-initial elementor-widget-mobile__width-inherit elementor-widget elementor-widget-heading\" data-id=\"10792c0\" data-element_type=\"widget\" data-widget_type=\"heading.default\">\n\t\t\t\t<div class=\"elementor-widget-container\">\n\t\t\t<h2 class=\"elementor-heading-title elementor-size-default\">Si vols con\u00e8ixer m\u00e9s a fons l'elaboraci\u00f3 dels vins, caves i olis de Domenio o fer-nos arribar els teus suggeriments, no dubtis a contactar-nos. El nostre equip estar\u00e0 encantat d'atendre't.<\/h2>\t\t<\/div>\n\t\t\t\t<\/div>\n\t\t\t\t<div class=\"elementor-element elementor-element-b28ec5d elementor-widget elementor-widget-heading\" data-id=\"b28ec5d\" data-element_type=\"widget\" data-widget_type=\"heading.default\">\n\t\t\t\t<div class=\"elementor-widget-container\">\n\t\t\t<h2 class=\"elementor-heading-title elementor-size-default\">E-mail<\/h2>\t\t<\/div>\n\t\t\t\t<\/div>\n\t\t\t\t<div class=\"elementor-element elementor-element-d74b36a elementor-widget elementor-widget-heading\" data-id=\"d74b36a\" data-element_type=\"widget\" data-widget_type=\"heading.default\">\n\t\t\t\t<div class=\"elementor-widget-container\">\n\t\t\t<h4 class=\"elementor-heading-title elementor-size-default\">info@domeniowines.com<\/h4>\t\t<\/div>\n\t\t\t\t<\/div>\n\t\t\t\t<div class=\"elementor-element elementor-element-8aa6347 elementor-widget elementor-widget-heading\" data-id=\"8aa6347\" data-element_type=\"widget\" data-widget_type=\"heading.default\">\n\t\t\t\t<div class=\"elementor-widget-container\">\n\t\t\t<h2 class=\"elementor-heading-title elementor-size-default\">Tel\u00e8fon<\/h2>\t\t<\/div>\n\t\t\t\t<\/div>\n\t\t\t\t<div class=\"elementor-element elementor-element-5a11b0e elementor-widget elementor-widget-heading\" data-id=\"5a11b0e\" data-element_type=\"widget\" data-widget_type=\"heading.default\">\n\t\t\t\t<div class=\"elementor-widget-container\">\n\t\t\t<h4 class=\"elementor-heading-title elementor-size-default\">+34 977 677 135<\/h4>\t\t<\/div>\n\t\t\t\t<\/div>\n\t\t\t\t<div class=\"elementor-element elementor-element-e3bd62f elementor-widget elementor-widget-heading\" data-id=\"e3bd62f\" data-element_type=\"widget\" data-widget_type=\"heading.default\">\n\t\t\t\t<div class=\"elementor-widget-container\">\n\t\t\t<h2 class=\"elementor-heading-title elementor-size-default\">Domenio<\/h2>\t\t<\/div>\n\t\t\t\t<\/div>\n\t\t\t\t<div class=\"elementor-element elementor-element-118ee99 elementor-widget elementor-widget-heading\" data-id=\"118ee99\" data-element_type=\"widget\" data-widget_type=\"heading.default\">\n\t\t\t\t<div class=\"elementor-widget-container\">\n\t\t\t<h4 class=\"elementor-heading-title elementor-size-default\">Prat de la Riba, 18 \u00b7 43713<br>\nSant Jaume dels Domenys<br>\nTarragona \u00b7 Spain<\/h4>\t\t<\/div>\n\t\t\t\t<\/div>\n\t\t\t\t<\/div>\n\t\t<div class=\"has_eae_slider elementor-element elementor-element-0fb6cb9 e-con-full e-flex e-con e-child\" data-id=\"0fb6cb9\" data-element_type=\"container\" data-settings=\"{&quot;content_width&quot;:&quot;full&quot;}\">\n\t\t<div class=\"has_eae_slider elementor-element elementor-element-188fc7b e-con-full e-flex e-con e-child\" data-id=\"188fc7b\" data-element_type=\"container\" data-settings=\"{&quot;content_width&quot;:&quot;full&quot;}\">\n\t\t\t\t<div class=\"elementor-element elementor-element-5d33661 elementor-widget elementor-widget-ha-cf7 happy-addon ha-cf7\" data-id=\"5d33661\" data-element_type=\"widget\" data-widget_type=\"ha-cf7.default\">\n\t\t\t\t<div class=\"elementor-widget-container\">\n\t\t\t\n<div class=\"wpcf7 no-js\" id=\"wpcf7-f5093-o1\" lang=\"ca\" dir=\"ltr\">\n<div class=\"screen-reader-response\"><p role=\"status\" aria-live=\"polite\" aria-atomic=\"true\"><\/p> <ul><\/ul><\/div>\n<form action=\"\/ca\/wp-json\/wp\/v2\/pages\/4858#wpcf7-f5093-o1\" method=\"post\" class=\"wpcf7-form init ha-cf7-form\" aria-label=\"Formulari de contacte\" novalidate=\"novalidate\" data-status=\"init\">\n<div style=\"display: none;\">\n<input type=\"hidden\" name=\"_wpcf7\" value=\"5093\" \/>\n<input type=\"hidden\" name=\"_wpcf7_version\" value=\"5.8.2\" \/>\n<input type=\"hidden\" name=\"_wpcf7_locale\" value=\"ca\" \/>\n<input type=\"hidden\" name=\"_wpcf7_unit_tag\" value=\"wpcf7-f5093-o1\" \/>\n<input type=\"hidden\" name=\"_wpcf7_container_post\" value=\"0\" \/>\n<input type=\"hidden\" name=\"_wpcf7_posted_data_hash\" value=\"\" \/>\n<\/div>\n<div class=\"field\">\n\t<p><label> NOM <\/label><br \/>\n<span class=\"wpcf7-form-control-wrap\" data-name=\"name\"><input size=\"40\" class=\"wpcf7-form-control wpcf7-text wpcf7-validates-as-required\" autocomplete=\"name\" aria-required=\"true\" aria-invalid=\"false\" placeholder=\"Nom\" value=\"\" type=\"text\" name=\"name\" \/><\/span>\n\t<\/p>\n<\/div>\n<div class=\"field\">\n\t<p><label>COGNOMS<\/label><br \/>\n<span class=\"wpcf7-form-control-wrap\" data-name=\"surname\"><input size=\"40\" class=\"wpcf7-form-control wpcf7-text wpcf7-validates-as-required\" autocomplete=\"name\" aria-required=\"true\" aria-invalid=\"false\" placeholder=\"Cognoms\" value=\"\" type=\"text\" name=\"surname\" \/><\/span>\n\t<\/p>\n<\/div>\n<div class=\"field\">\n\t<p><label>CORREU ELECTR\u00d2NIC<\/label><br \/>\n<span class=\"wpcf7-form-control-wrap\" data-name=\"email\"><input size=\"40\" class=\"wpcf7-form-control wpcf7-email wpcf7-validates-as-required wpcf7-text wpcf7-validates-as-email\" autocomplete=\"email\" aria-required=\"true\" aria-invalid=\"false\" placeholder=\"Correu electr\u00f2nic\" value=\"\" type=\"email\" name=\"email\" \/><\/span>\n\t<\/p>\n<\/div>\n<div class=\"field\">\n\t<p><label>TEL\u00c8FON<\/label><br \/>\n<span class=\"wpcf7-form-control-wrap\" data-name=\"telefone\"><input size=\"40\" class=\"wpcf7-form-control wpcf7-text wpcf7-validates-as-required\" aria-required=\"true\" aria-invalid=\"false\" placeholder=\"Telefono\" value=\"\" type=\"text\" name=\"telefone\" \/><\/span>\n\t<\/p>\n<\/div>\n<div class=\"col100\">\n\t<p><label>TIPUS DE CONSULTA<\/label><br \/>\n<span class=\"wpcf7-form-control-wrap\" data-name=\"selectbox\"><select class=\"wpcf7-form-control wpcf7-select\" aria-invalid=\"false\" name=\"selectbox\"><option value=\"Informaci\u00f3n general\">Informaci\u00f3n general<\/option><option value=\"Consulta comercial\">Consulta comercial<\/option><option value=\"Consulta comercial internacional\">Consulta comercial internacional<\/option><\/select><\/span>\n\t<\/p>\n<\/div>\n<div class=\"col100\">\n\t<p><label> COMENTARIS<\/label><br \/>\n<span class=\"wpcf7-form-control-wrap\" data-name=\"comment\"><textarea cols=\"40\" rows=\"10\" class=\"wpcf7-form-control wpcf7-textarea\" aria-invalid=\"false\" placeholder=\"Comentaris\" name=\"comment\"><\/textarea><\/span>\n\t<\/p>\n<\/div>\n<p><input class=\"wpcf7-form-control wpcf7-submit has-spinner\" type=\"submit\" value=\"Enviar\" \/>\n<\/p><input type='hidden' class='wpcf7-pum' value='{\"closepopup\":false,\"closedelay\":0,\"openpopup\":false,\"openpopup_id\":0}' \/><div class=\"wpcf7-response-output\" aria-hidden=\"true\"><\/div>\n<\/form>\n<\/div>\n\t\t<\/div>\n\t\t\t\t<\/div>\n\t\t\t\t<\/div>\n\t\t\t\t<\/div>\n\t\t\t\t\t<\/div>\n\t\t\t\t<\/div>\n\t\t<div class=\"has_eae_slider elementor-element elementor-element-bc38342 e-con-full e-flex e-con e-parent\" data-id=\"bc38342\" data-element_type=\"container\" data-settings=\"{&quot;content_width&quot;:&quot;full&quot;}\" data-core-v316-plus=\"true\">\n\t\t\t\t<div class=\"elementor-element elementor-element-4d271ae mapa elementor-widget elementor-widget-google_maps\" data-id=\"4d271ae\" data-element_type=\"widget\" data-widget_type=\"google_maps.default\">\n\t\t\t\t<div class=\"elementor-widget-container\">\n\t\t\t<style>\/*! elementor - v3.17.0 - 01-11-2023 *\/\n.elementor-widget-google_maps .elementor-widget-container{overflow:hidden}.elementor-widget-google_maps .elementor-custom-embed{line-height:0}.elementor-widget-google_maps iframe{height:300px}<\/style>\t\t<div class=\"elementor-custom-embed\">\n\t\t\t<iframe loading=\"lazy\"\n\t\t\t\t\tsrc=\"https:\/\/maps.google.com\/maps?q=Carrer%20Prat%20de%20la%20Riba%2C%2018%2C%2043713%20Sant%20Jaume%20dels%20Domenys%2C%20Tarragona&#038;t=m&#038;z=10&#038;output=embed&#038;iwloc=near\"\n\t\t\t\t\ttitle=\"Carrer Prat de la Riba, 18, 43713 Sant Jaume dels Domenys, Tarragona\"\n\t\t\t\t\taria-label=\"Carrer Prat de la Riba, 18, 43713 Sant Jaume dels Domenys, Tarragona\"\n\t\t\t><\/iframe>\n\t\t<\/div>\n\t\t\t\t<\/div>\n\t\t\t\t<\/div>\n\t\t\t\t<\/div>\n\t\t\t\t\t\t\t<\/div>\n\t\t","protected":false},"excerpt":{"rendered":"<p>HOME \/ CONTACT Contacte Si vols con\u00e8ixer m\u00e9s a fons l&#8217;elaboraci\u00f3 dels vins, caves i olis de Domenio o fer-nos arribar els teus suggeriments, no dubtis a contactar-nos. El nostre equip estar\u00e0 encantat d&#8217;atendre&#8217;t. E-mail info@domeniowines.com Tel\u00e8fon +34 977 677 135 Domenio Prat de la Riba, 18 \u00b7 43713 Sant Jaume dels Domenys Tarragona \u00b7 [&hellip;]<\/p>\n","protected":false},"author":1,"featured_media":0,"parent":0,"menu_order":0,"comment_status":"closed","ping_status":"closed","template":"","meta":{"_eb_attr":"","footnotes":""},"class_list":["post-4858","page","type-page","status-publish","hentry"],"yoast_head":"<!-- This site is optimized with the Yoast SEO plugin v25.5 - https:\/\/yoast.com\/wordpress\/plugins\/seo\/ -->\n<title>Contacta amb nosaltres | Domenio<\/title>\n<meta name=\"description\" content=\"Necessites m\u00e9s informaci\u00f3 sobre els nostres vins, caves o olis? Contacta amb l\u2019equip de Domenio per consultes, distribuci\u00f3 o atenci\u00f3 al client.\" \/>\n<meta name=\"robots\" content=\"index, follow, max-snippet:-1, max-image-preview:large, max-video-preview:-1\" \/>\n<link rel=\"canonical\" href=\"https:\/\/domeniowines.com\/ca\/contacte\/\" \/>\n<meta property=\"og:locale\" content=\"ca_ES\" \/>\n<meta property=\"og:type\" content=\"article\" \/>\n<meta property=\"og:title\" content=\"Contacta amb nosaltres | Domenio\" \/>\n<meta property=\"og:description\" content=\"Necessites m\u00e9s informaci\u00f3 sobre els nostres vins, caves o olis? Contacta amb l\u2019equip de Domenio per consultes, distribuci\u00f3 o atenci\u00f3 al client.\" \/>\n<meta property=\"og:url\" content=\"https:\/\/domeniowines.com\/ca\/contacte\/\" \/>\n<meta property=\"og:site_name\" content=\"Domenio\" \/>\n<meta property=\"article:modified_time\" content=\"2025-07-23T09:08:19+00:00\" \/>\n<meta name=\"twitter:card\" content=\"summary_large_image\" \/>\n<meta name=\"twitter:label1\" content=\"Temps estimat de lectura\" \/>\n\t<meta name=\"twitter:data1\" content=\"1 minut\" \/>\n<script type=\"application\/ld+json\" class=\"yoast-schema-graph\">{\"@context\":\"https:\/\/schema.org\",\"@graph\":[{\"@type\":\"WebPage\",\"@id\":\"https:\/\/domeniowines.com\/ca\/contacte\/\",\"url\":\"https:\/\/domeniowines.com\/ca\/contacte\/\",\"name\":\"Contacta amb nosaltres | Domenio\",\"isPartOf\":{\"@id\":\"https:\/\/domeniowines.com\/#website\"},\"datePublished\":\"2023-09-29T20:18:59+00:00\",\"dateModified\":\"2025-07-23T09:08:19+00:00\",\"description\":\"Necessites m\u00e9s informaci\u00f3 sobre els nostres vins, caves o olis? Contacta amb l\u2019equip de Domenio per consultes, distribuci\u00f3 o atenci\u00f3 al client.\",\"breadcrumb\":{\"@id\":\"https:\/\/domeniowines.com\/ca\/contacte\/#breadcrumb\"},\"inLanguage\":\"ca\",\"potentialAction\":[{\"@type\":\"ReadAction\",\"target\":[\"https:\/\/domeniowines.com\/ca\/contacte\/\"]}]},{\"@type\":\"BreadcrumbList\",\"@id\":\"https:\/\/domeniowines.com\/ca\/contacte\/#breadcrumb\",\"itemListElement\":[{\"@type\":\"ListItem\",\"position\":1,\"name\":\"Portada\",\"item\":\"https:\/\/domeniowines.com\/ca\/\"},{\"@type\":\"ListItem\",\"position\":2,\"name\":\"CONTACTE\"}]},{\"@type\":\"WebSite\",\"@id\":\"https:\/\/domeniowines.com\/#website\",\"url\":\"https:\/\/domeniowines.com\/\",\"name\":\"Domenio\",\"description\":\"Vins i caves | 1917\",\"potentialAction\":[{\"@type\":\"SearchAction\",\"target\":{\"@type\":\"EntryPoint\",\"urlTemplate\":\"https:\/\/domeniowines.com\/?s={search_term_string}\"},\"query-input\":{\"@type\":\"PropertyValueSpecification\",\"valueRequired\":true,\"valueName\":\"search_term_string\"}}],\"inLanguage\":\"ca\"}]}<\/script>\n<!-- \/ Yoast SEO plugin. -->","yoast_head_json":{"title":"Contacta amb nosaltres | Domenio","description":"Necessites m\u00e9s informaci\u00f3 sobre els nostres vins, caves o olis? Contacta amb l\u2019equip de Domenio per consultes, distribuci\u00f3 o atenci\u00f3 al client.","robots":{"index":"index","follow":"follow","max-snippet":"max-snippet:-1","max-image-preview":"max-image-preview:large","max-video-preview":"max-video-preview:-1"},"canonical":"https:\/\/domeniowines.com\/ca\/contacte\/","og_locale":"ca_ES","og_type":"article","og_title":"Contacta amb nosaltres | Domenio","og_description":"Necessites m\u00e9s informaci\u00f3 sobre els nostres vins, caves o olis? Contacta amb l\u2019equip de Domenio per consultes, distribuci\u00f3 o atenci\u00f3 al client.","og_url":"https:\/\/domeniowines.com\/ca\/contacte\/","og_site_name":"Domenio","article_modified_time":"2025-07-23T09:08:19+00:00","twitter_card":"summary_large_image","twitter_misc":{"Temps estimat de lectura":"1 minut"},"schema":{"@context":"https:\/\/schema.org","@graph":[{"@type":"WebPage","@id":"https:\/\/domeniowines.com\/ca\/contacte\/","url":"https:\/\/domeniowines.com\/ca\/contacte\/","name":"Contacta amb nosaltres | Domenio","isPartOf":{"@id":"https:\/\/domeniowines.com\/#website"},"datePublished":"2023-09-29T20:18:59+00:00","dateModified":"2025-07-23T09:08:19+00:00","description":"Necessites m\u00e9s informaci\u00f3 sobre els nostres vins, caves o olis? Contacta amb l\u2019equip de Domenio per consultes, distribuci\u00f3 o atenci\u00f3 al client.","breadcrumb":{"@id":"https:\/\/domeniowines.com\/ca\/contacte\/#breadcrumb"},"inLanguage":"ca","potentialAction":[{"@type":"ReadAction","target":["https:\/\/domeniowines.com\/ca\/contacte\/"]}]},{"@type":"BreadcrumbList","@id":"https:\/\/domeniowines.com\/ca\/contacte\/#breadcrumb","itemListElement":[{"@type":"ListItem","position":1,"name":"Portada","item":"https:\/\/domeniowines.com\/ca\/"},{"@type":"ListItem","position":2,"name":"CONTACTE"}]},{"@type":"WebSite","@id":"https:\/\/domeniowines.com\/#website","url":"https:\/\/domeniowines.com\/","name":"Domenio","description":"Vins i caves | 1917","potentialAction":[{"@type":"SearchAction","target":{"@type":"EntryPoint","urlTemplate":"https:\/\/domeniowines.com\/?s={search_term_string}"},"query-input":{"@type":"PropertyValueSpecification","valueRequired":true,"valueName":"search_term_string"}}],"inLanguage":"ca"}]}},"featured_media_urls":[],"_links":{"self":[{"href":"https:\/\/domeniowines.com\/ca\/wp-json\/wp\/v2\/pages\/4858","targetHints":{"allow":["GET"]}}],"collection":[{"href":"https:\/\/domeniowines.com\/ca\/wp-json\/wp\/v2\/pages"}],"about":[{"href":"https:\/\/domeniowines.com\/ca\/wp-json\/wp\/v2\/types\/page"}],"author":[{"embeddable":true,"href":"https:\/\/domeniowines.com\/ca\/wp-json\/wp\/v2\/users\/1"}],"replies":[{"embeddable":true,"href":"https:\/\/domeniowines.com\/ca\/wp-json\/wp\/v2\/comments?post=4858"}],"version-history":[{"count":10,"href":"https:\/\/domeniowines.com\/ca\/wp-json\/wp\/v2\/pages\/4858\/revisions"}],"predecessor-version":[{"id":6425,"href":"https:\/\/domeniowines.com\/ca\/wp-json\/wp\/v2\/pages\/4858\/revisions\/6425"}],"wp:attachment":[{"href":"https:\/\/domeniowines.com\/ca\/wp-json\/wp\/v2\/media?parent=4858"}],"curies":[{"name":"wp","href":"https:\/\/api.w.org\/{rel}","templated":true}]}}