{"id":4868,"date":"2023-09-30T20:34:33","date_gmt":"2023-09-30T18:34:33","guid":{"rendered":"https:\/\/domeniowines.com\/vermut-dommut-classic\/"},"modified":"2025-07-23T10:46:44","modified_gmt":"2025-07-23T08:46:44","slug":"vermut-dommut-classic","status":"publish","type":"page","link":"https:\/\/domeniowines.com\/ca\/vermut-dommut-classic\/","title":{"rendered":"VERMUT DOMMUT CL\u00c0SSIC"},"content":{"rendered":"\t\t<div data-elementor-type=\"wp-page\" data-elementor-id=\"4868\" class=\"elementor elementor-4868 elementor-1006\" data-elementor-post-type=\"page\">\n\t\t\t\t\t\t\t<div class=\"has_eae_slider elementor-element elementor-element-7853c96 e-flex e-con-boxed e-con e-parent\" data-id=\"7853c96\" data-element_type=\"container\" data-settings=\"{&quot;background_background&quot;:&quot;classic&quot;,&quot;content_width&quot;:&quot;boxed&quot;}\" data-core-v316-plus=\"true\">\n\t\t\t\t\t<div class=\"e-con-inner\">\n\t\t\t\t<div class=\"elementor-element elementor-element-cb82c05 elementor-widget elementor-widget-text-editor\" data-id=\"cb82c05\" data-element_type=\"widget\" data-widget_type=\"text-editor.default\">\n\t\t\t\t<div class=\"elementor-widget-container\">\n\t\t\t<style>\/*! elementor - v3.17.0 - 01-11-2023 *\/\n.elementor-widget-text-editor.elementor-drop-cap-view-stacked .elementor-drop-cap{background-color:#69727d;color:#fff}.elementor-widget-text-editor.elementor-drop-cap-view-framed .elementor-drop-cap{color:#69727d;border:3px solid;background-color:transparent}.elementor-widget-text-editor:not(.elementor-drop-cap-view-default) .elementor-drop-cap{margin-top:8px}.elementor-widget-text-editor:not(.elementor-drop-cap-view-default) .elementor-drop-cap-letter{width:1em;height:1em}.elementor-widget-text-editor .elementor-drop-cap{float:left;text-align:center;line-height:1;font-size:50px}.elementor-widget-text-editor .elementor-drop-cap-letter{display:inline-block}<\/style>\t\t\t\t<p>INICI \/ VERMUTS \/ VERMUT DOMMUT CL\u00c0SSIC<\/p>\n\t\t\t\t\t\t<\/div>\n\t\t\t\t<\/div>\n\t\t\t\t<div class=\"elementor-element elementor-element-c55bbfd elementor-widget-mobile__width-inherit elementor-widget elementor-widget-text-editor\" data-id=\"c55bbfd\" data-element_type=\"widget\" data-widget_type=\"text-editor.default\">\n\t\t\t\t<div class=\"elementor-widget-container\">\n\t\t\t\t\t\t\t<span style=\"-webkit-text-stroke: 2px #FFFFFF;\">Dommut Cl\u00e0ssic<\/span> <span style=\"font-size: .4em; text-transform: uppercase; font-weight: lighter;\">ELABORAT A BLANCAFORT<\/span>\t\t\t\t\t\t<\/div>\n\t\t\t\t<\/div>\n\t\t\t\t\t<\/div>\n\t\t\t\t<\/div>\n\t\t<div class=\"has_eae_slider elementor-element elementor-element-497380e e-flex e-con-boxed e-con e-parent\" data-id=\"497380e\" data-element_type=\"container\" data-settings=\"{&quot;background_background&quot;:&quot;classic&quot;,&quot;content_width&quot;:&quot;boxed&quot;}\" data-core-v316-plus=\"true\">\n\t\t\t\t\t<div class=\"e-con-inner\">\n\t\t<div class=\"has_eae_slider elementor-element elementor-element-0d77e1d e-con-full e-flex e-con e-child\" data-id=\"0d77e1d\" data-element_type=\"container\" data-settings=\"{&quot;content_width&quot;:&quot;full&quot;}\">\n\t\t\t\t<div class=\"elementor-element elementor-element-40481c5 elementor-widget elementor-widget-heading\" data-id=\"40481c5\" data-element_type=\"widget\" data-widget_type=\"heading.default\">\n\t\t\t\t<div class=\"elementor-widget-container\">\n\t\t\t<style>\/*! elementor - v3.17.0 - 01-11-2023 *\/\n.elementor-heading-title{padding:0;margin:0;line-height:1}.elementor-widget-heading .elementor-heading-title[class*=elementor-size-]>a{color:inherit;font-size:inherit;line-height:inherit}.elementor-widget-heading .elementor-heading-title.elementor-size-small{font-size:15px}.elementor-widget-heading .elementor-heading-title.elementor-size-medium{font-size:19px}.elementor-widget-heading .elementor-heading-title.elementor-size-large{font-size:29px}.elementor-widget-heading .elementor-heading-title.elementor-size-xl{font-size:39px}.elementor-widget-heading .elementor-heading-title.elementor-size-xxl{font-size:59px}<\/style><h2 class=\"elementor-heading-title elementor-size-default\">Torna el vermut de sempre<\/h2>\t\t<\/div>\n\t\t\t\t<\/div>\n\t\t\t\t<div class=\"elementor-element elementor-element-be835a6 elementor-widget elementor-widget-text-editor\" data-id=\"be835a6\" data-element_type=\"widget\" data-widget_type=\"text-editor.default\">\n\t\t\t\t<div class=\"elementor-widget-container\">\n\t\t\t\t\t\t\t<p>Dommut Vermut Cl\u00e0ssic \u00e9s la nostra f\u00f3rmula tradicional amb la qual portem d\u00e8cades elaborant el tan apreciat i refrescant vermut. Continuem apostant per les nostres varietats i una selecci\u00f3 de m\u00e9s de 40 herbes arom\u00e0tiques i esp\u00e8cies de les nostres contrades, que sols nosaltres coneixem.<br \/><br \/><\/p><p>Aconsellem servir-lo ben fred!!!<br \/><br \/><\/p><p>El maridatge ideal s\u00f3n envinagrats o encurtits en general (olives, banderilles, alberg\u00ednies, carxofes, coliflor&#8230;), embotits, formatges curats, patates xips, pop a la gallega, escopinyes, etc. \u00c9s l&#8217;ingredient perfecte per a elaborar c\u00f2ctels i tamb\u00e9 es pot prendre despr\u00e9s dels \u00e0pats com a digestiu.<\/p>\t\t\t\t\t\t<\/div>\n\t\t\t\t<\/div>\n\t\t\t\t<\/div>\n\t\t<div class=\"has_eae_slider elementor-element elementor-element-7b8e5af e-con-full e-flex e-con e-child\" data-id=\"7b8e5af\" data-element_type=\"container\" data-settings=\"{&quot;content_width&quot;:&quot;full&quot;}\">\n\t\t\t\t<div class=\"elementor-element elementor-element-8e7222a elementor-widget elementor-widget-html\" data-id=\"8e7222a\" data-element_type=\"widget\" data-widget_type=\"html.default\">\n\t\t\t\t<div class=\"elementor-widget-container\">\n\t\t\t<div id=\"slider-productes\" class=\"container-fluid producte producte--overflow\">\n<!-- Add Pagination -->\n<div class=\"swiper-pagination\"><\/div>\n\n\t<div class=\"swiper-container\">\n\t\t<div class=\"swiper-wrapper\">\n\t\t\t\t\t\t\n\t    <!-- slide -->\n\t\t\t\t\t\n\t        <div class=\"swiper-slide\">\n\t\t \t\t\t\t\t<!-- Producte imatge -->\n\t\t \t\t\t\t\t<div class=\"producte__img\">\n\t\t \t\t\t\t\t\t<img decoding=\"async\" src=\"https:\/\/www.domeniowines.com\/img\/productes\/vermut-dommut-classic\/1.png\">\n\t\t \t\t\t\t\t<\/div>\n\t\t \n\t\t \t\t\t\t\t<!-- Producte informaci\u00f3 -->\n\t\t \t\t\t\t\t<div class=\"producte__info\">\n\t\t \t\t\t\t\t\t<h2>\n  Vermut reserva dol\u00e7a\n\t\t \t\t\t\t\t\t<\/h2>\n\t\t \n\t\t \t\t\t\t\t\t<dl>\n\t\t \t\t\t\t\t\t\t<dt>Sucre<\/dt>\n\t\t \t\t\t\t\t\t\t\t<dd>130 g\/l<\/dd>\n\t\t \t\t\t\t\t\t\t<dt>Alcohol<\/dt>\n\t\t \t\t\t\t\t\t\t\t<dd>15%<\/dd>\n\t\t \t\t\t\t\t\t\t<dt>Al\u00b7l\u00e8rgens<\/dt>\n\t\t \t\t\t\t\t\t\t\t<dd>Cont\u00e9 sulfits<\/dd>\n\t \t\t\t\t\t\t\t\t<dt>Fitxa t\u00e8cnica<\/dt>\n\t \t\t\t\t\t\t\t\t\t<dd><a href=\"https:\/\/domeniowines.com\/uploads\/fitxes-tecniques\/vermut\/Vermut-Dommut-CA.pdf\" target=\"_blank\" class=\"download\">Descarregar PDF<\/a><\/dd>\n\t\t \t\t\t\t\t\t<\/dl>\n\t\t \n\t\t \t\t\t\t\t\t<h4>Nota de tast<\/h4>\n\t\t \t\t\t\t\t\t<p>\n  Als ulls, de color vermell amb tonalitats teula evolucionades. Amb una intensitat alta destaquen les aromes de les herbes i flors mediterr\u00e0nies. Complex i d'aromes profundes. En boca destaquen les notes dolcenques, aportades pel caramel i la untuositat. El gust \u00e9s llarg, ampli i amb notes amargues.\n\t\t \t\t\t\t\t\t<\/p>\n\t\t \t\t\t\t\t<\/div>\n\t\t \t\t\t\t<\/div> <!-- \/ slide -->\n\n\t\t\t\t\t<\/div> \n\t\t\t\t<\/div>\n\n\t\t\t\t<!-- Navigation buttons -->\n\t\t\t    <div class=\"button button-slider button-slider--left\">\u2039<\/div>\n\t\t\t    <div class=\"button button-slider button-slider--right\">\u203a<\/div>\n<\/div>\t\t<\/div>\n\t\t\t\t<\/div>\n\t\t\t\t<\/div>\n\t\t\t\t\t<\/div>\n\t\t\t\t<\/div>\n\t\t<div class=\"has_eae_slider elementor-element elementor-element-e50238e e-flex e-con-boxed e-con e-parent\" data-id=\"e50238e\" data-element_type=\"container\" data-settings=\"{&quot;content_width&quot;:&quot;boxed&quot;}\" data-core-v316-plus=\"true\">\n\t\t\t\t\t<div class=\"e-con-inner\">\n\t\t\t\t<div class=\"elementor-element elementor-element-ad98ab9 arrow elementor-widget elementor-widget-heading\" data-id=\"ad98ab9\" data-element_type=\"widget\" data-widget_type=\"heading.default\">\n\t\t\t\t<div class=\"elementor-widget-container\">\n\t\t\t<p class=\"elementor-heading-title elementor-size-default\"><a href=\"https:\/\/domeniowines.com\/ca\/els-nostres-vermuts\/\">TORNAR ALS NOSTRES VERMUTS<\/a><\/p>\t\t<\/div>\n\t\t\t\t<\/div>\n\t\t\t\t\t<\/div>\n\t\t\t\t<\/div>\n\t\t\t\t\t\t\t<\/div>\n\t\t","protected":false},"excerpt":{"rendered":"<p>INICI \/ VERMUTS \/ VERMUT DOMMUT CL\u00c0SSIC Dommut Cl\u00e0ssic ELABORAT A BLANCAFORT Torna el vermut de sempre Dommut Vermut Cl\u00e0ssic \u00e9s la nostra f\u00f3rmula tradicional amb la qual portem d\u00e8cades elaborant el tan apreciat i refrescant vermut. Continuem apostant per les nostres varietats i una selecci\u00f3 de m\u00e9s de 40 herbes arom\u00e0tiques i esp\u00e8cies de [&hellip;]<\/p>\n","protected":false},"author":1,"featured_media":0,"parent":0,"menu_order":0,"comment_status":"closed","ping_status":"closed","template":"","meta":{"_eb_attr":"","footnotes":""},"class_list":["post-4868","page","type-page","status-publish","hentry"],"yoast_head":"<!-- This site is optimized with the Yoast SEO plugin v25.5 - https:\/\/yoast.com\/wordpress\/plugins\/seo\/ -->\n<title>Dommut Vermut Cl\u00e0ssic | El vermut artes\u00e0 de sempre<\/title>\n<meta name=\"description\" content=\"Descobreix Dommut Vermut Cl\u00e0ssic, el vermut artes\u00e0 elaborat amb m\u00e9s de 40 herbes locals. El gust de sempre amb ess\u00e8ncia de territori.\" \/>\n<meta name=\"robots\" content=\"index, follow, max-snippet:-1, max-image-preview:large, max-video-preview:-1\" \/>\n<link rel=\"canonical\" href=\"https:\/\/domeniowines.com\/ca\/vermut-dommut-classic\/\" \/>\n<meta property=\"og:locale\" content=\"ca_ES\" \/>\n<meta property=\"og:type\" content=\"article\" \/>\n<meta property=\"og:title\" content=\"Dommut Vermut Cl\u00e0ssic | El vermut artes\u00e0 de sempre\" \/>\n<meta property=\"og:description\" content=\"Descobreix Dommut Vermut Cl\u00e0ssic, el vermut artes\u00e0 elaborat amb m\u00e9s de 40 herbes locals. El gust de sempre amb ess\u00e8ncia de territori.\" \/>\n<meta property=\"og:url\" content=\"https:\/\/domeniowines.com\/ca\/vermut-dommut-classic\/\" \/>\n<meta property=\"og:site_name\" content=\"Domenio\" \/>\n<meta property=\"article:modified_time\" content=\"2025-07-23T08:46:44+00:00\" \/>\n<meta property=\"og:image\" content=\"https:\/\/www.domeniowines.com\/img\/productes\/vermut-dommut-classic\/1.png\" \/>\n<meta name=\"twitter:card\" content=\"summary_large_image\" \/>\n<meta name=\"twitter:label1\" content=\"Temps estimat de lectura\" \/>\n\t<meta name=\"twitter:data1\" content=\"2 minuts\" \/>\n<script type=\"application\/ld+json\" class=\"yoast-schema-graph\">{\"@context\":\"https:\/\/schema.org\",\"@graph\":[{\"@type\":\"WebPage\",\"@id\":\"https:\/\/domeniowines.com\/ca\/vermut-dommut-classic\/\",\"url\":\"https:\/\/domeniowines.com\/ca\/vermut-dommut-classic\/\",\"name\":\"Dommut Vermut Cl\u00e0ssic | El vermut artes\u00e0 de sempre\",\"isPartOf\":{\"@id\":\"https:\/\/domeniowines.com\/#website\"},\"primaryImageOfPage\":{\"@id\":\"https:\/\/domeniowines.com\/ca\/vermut-dommut-classic\/#primaryimage\"},\"image\":{\"@id\":\"https:\/\/domeniowines.com\/ca\/vermut-dommut-classic\/#primaryimage\"},\"thumbnailUrl\":\"https:\/\/www.domeniowines.com\/img\/productes\/vermut-dommut-classic\/1.png\",\"datePublished\":\"2023-09-30T18:34:33+00:00\",\"dateModified\":\"2025-07-23T08:46:44+00:00\",\"description\":\"Descobreix Dommut Vermut Cl\u00e0ssic, el vermut artes\u00e0 elaborat amb m\u00e9s de 40 herbes locals. El gust de sempre amb ess\u00e8ncia de territori.\",\"breadcrumb\":{\"@id\":\"https:\/\/domeniowines.com\/ca\/vermut-dommut-classic\/#breadcrumb\"},\"inLanguage\":\"ca\",\"potentialAction\":[{\"@type\":\"ReadAction\",\"target\":[\"https:\/\/domeniowines.com\/ca\/vermut-dommut-classic\/\"]}]},{\"@type\":\"ImageObject\",\"inLanguage\":\"ca\",\"@id\":\"https:\/\/domeniowines.com\/ca\/vermut-dommut-classic\/#primaryimage\",\"url\":\"https:\/\/www.domeniowines.com\/img\/productes\/vermut-dommut-classic\/1.png\",\"contentUrl\":\"https:\/\/www.domeniowines.com\/img\/productes\/vermut-dommut-classic\/1.png\"},{\"@type\":\"BreadcrumbList\",\"@id\":\"https:\/\/domeniowines.com\/ca\/vermut-dommut-classic\/#breadcrumb\",\"itemListElement\":[{\"@type\":\"ListItem\",\"position\":1,\"name\":\"Portada\",\"item\":\"https:\/\/domeniowines.com\/ca\/\"},{\"@type\":\"ListItem\",\"position\":2,\"name\":\"VERMUT DOMMUT CL\u00c0SSIC\"}]},{\"@type\":\"WebSite\",\"@id\":\"https:\/\/domeniowines.com\/#website\",\"url\":\"https:\/\/domeniowines.com\/\",\"name\":\"Domenio\",\"description\":\"Vins i caves | 1917\",\"potentialAction\":[{\"@type\":\"SearchAction\",\"target\":{\"@type\":\"EntryPoint\",\"urlTemplate\":\"https:\/\/domeniowines.com\/?s={search_term_string}\"},\"query-input\":{\"@type\":\"PropertyValueSpecification\",\"valueRequired\":true,\"valueName\":\"search_term_string\"}}],\"inLanguage\":\"ca\"}]}<\/script>\n<!-- \/ Yoast SEO plugin. -->","yoast_head_json":{"title":"Dommut Vermut Cl\u00e0ssic | El vermut artes\u00e0 de sempre","description":"Descobreix Dommut Vermut Cl\u00e0ssic, el vermut artes\u00e0 elaborat amb m\u00e9s de 40 herbes locals. El gust de sempre amb ess\u00e8ncia de territori.","robots":{"index":"index","follow":"follow","max-snippet":"max-snippet:-1","max-image-preview":"max-image-preview:large","max-video-preview":"max-video-preview:-1"},"canonical":"https:\/\/domeniowines.com\/ca\/vermut-dommut-classic\/","og_locale":"ca_ES","og_type":"article","og_title":"Dommut Vermut Cl\u00e0ssic | El vermut artes\u00e0 de sempre","og_description":"Descobreix Dommut Vermut Cl\u00e0ssic, el vermut artes\u00e0 elaborat amb m\u00e9s de 40 herbes locals. El gust de sempre amb ess\u00e8ncia de territori.","og_url":"https:\/\/domeniowines.com\/ca\/vermut-dommut-classic\/","og_site_name":"Domenio","article_modified_time":"2025-07-23T08:46:44+00:00","og_image":[{"url":"https:\/\/www.domeniowines.com\/img\/productes\/vermut-dommut-classic\/1.png","type":"","width":"","height":""}],"twitter_card":"summary_large_image","twitter_misc":{"Temps estimat de lectura":"2 minuts"},"schema":{"@context":"https:\/\/schema.org","@graph":[{"@type":"WebPage","@id":"https:\/\/domeniowines.com\/ca\/vermut-dommut-classic\/","url":"https:\/\/domeniowines.com\/ca\/vermut-dommut-classic\/","name":"Dommut Vermut Cl\u00e0ssic | El vermut artes\u00e0 de sempre","isPartOf":{"@id":"https:\/\/domeniowines.com\/#website"},"primaryImageOfPage":{"@id":"https:\/\/domeniowines.com\/ca\/vermut-dommut-classic\/#primaryimage"},"image":{"@id":"https:\/\/domeniowines.com\/ca\/vermut-dommut-classic\/#primaryimage"},"thumbnailUrl":"https:\/\/www.domeniowines.com\/img\/productes\/vermut-dommut-classic\/1.png","datePublished":"2023-09-30T18:34:33+00:00","dateModified":"2025-07-23T08:46:44+00:00","description":"Descobreix Dommut Vermut Cl\u00e0ssic, el vermut artes\u00e0 elaborat amb m\u00e9s de 40 herbes locals. El gust de sempre amb ess\u00e8ncia de territori.","breadcrumb":{"@id":"https:\/\/domeniowines.com\/ca\/vermut-dommut-classic\/#breadcrumb"},"inLanguage":"ca","potentialAction":[{"@type":"ReadAction","target":["https:\/\/domeniowines.com\/ca\/vermut-dommut-classic\/"]}]},{"@type":"ImageObject","inLanguage":"ca","@id":"https:\/\/domeniowines.com\/ca\/vermut-dommut-classic\/#primaryimage","url":"https:\/\/www.domeniowines.com\/img\/productes\/vermut-dommut-classic\/1.png","contentUrl":"https:\/\/www.domeniowines.com\/img\/productes\/vermut-dommut-classic\/1.png"},{"@type":"BreadcrumbList","@id":"https:\/\/domeniowines.com\/ca\/vermut-dommut-classic\/#breadcrumb","itemListElement":[{"@type":"ListItem","position":1,"name":"Portada","item":"https:\/\/domeniowines.com\/ca\/"},{"@type":"ListItem","position":2,"name":"VERMUT DOMMUT CL\u00c0SSIC"}]},{"@type":"WebSite","@id":"https:\/\/domeniowines.com\/#website","url":"https:\/\/domeniowines.com\/","name":"Domenio","description":"Vins i caves | 1917","potentialAction":[{"@type":"SearchAction","target":{"@type":"EntryPoint","urlTemplate":"https:\/\/domeniowines.com\/?s={search_term_string}"},"query-input":{"@type":"PropertyValueSpecification","valueRequired":true,"valueName":"search_term_string"}}],"inLanguage":"ca"}]}},"featured_media_urls":[],"_links":{"self":[{"href":"https:\/\/domeniowines.com\/ca\/wp-json\/wp\/v2\/pages\/4868","targetHints":{"allow":["GET"]}}],"collection":[{"href":"https:\/\/domeniowines.com\/ca\/wp-json\/wp\/v2\/pages"}],"about":[{"href":"https:\/\/domeniowines.com\/ca\/wp-json\/wp\/v2\/types\/page"}],"author":[{"embeddable":true,"href":"https:\/\/domeniowines.com\/ca\/wp-json\/wp\/v2\/users\/1"}],"replies":[{"embeddable":true,"href":"https:\/\/domeniowines.com\/ca\/wp-json\/wp\/v2\/comments?post=4868"}],"version-history":[{"count":20,"href":"https:\/\/domeniowines.com\/ca\/wp-json\/wp\/v2\/pages\/4868\/revisions"}],"predecessor-version":[{"id":6849,"href":"https:\/\/domeniowines.com\/ca\/wp-json\/wp\/v2\/pages\/4868\/revisions\/6849"}],"wp:attachment":[{"href":"https:\/\/domeniowines.com\/ca\/wp-json\/wp\/v2\/media?parent=4868"}],"curies":[{"name":"wp","href":"https:\/\/api.w.org\/{rel}","templated":true}]}}