{"id":4870,"date":"2023-10-05T21:12:20","date_gmt":"2023-10-05T19:12:20","guid":{"rendered":"https:\/\/domeniowines.com\/sunset\/"},"modified":"2025-07-23T10:39:00","modified_gmt":"2025-07-23T08:39:00","slug":"sunset","status":"publish","type":"page","link":"https:\/\/domeniowines.com\/ca\/sunset\/","title":{"rendered":"Sunset"},"content":{"rendered":"\t\t<div data-elementor-type=\"wp-page\" data-elementor-id=\"4870\" class=\"elementor elementor-4870 elementor-1342\" data-elementor-post-type=\"page\">\n\t\t\t\t\t\t\t<div class=\"has_eae_slider elementor-element elementor-element-7853c96 e-flex e-con-boxed e-con e-parent\" data-id=\"7853c96\" data-element_type=\"container\" data-settings=\"{&quot;background_background&quot;:&quot;classic&quot;,&quot;content_width&quot;:&quot;boxed&quot;}\" data-core-v316-plus=\"true\">\n\t\t\t\t\t<div class=\"e-con-inner\">\n\t\t\t\t<div class=\"elementor-element elementor-element-cb82c05 elementor-widget elementor-widget-text-editor\" data-id=\"cb82c05\" data-element_type=\"widget\" data-widget_type=\"text-editor.default\">\n\t\t\t\t<div class=\"elementor-widget-container\">\n\t\t\t<style>\/*! elementor - v3.17.0 - 01-11-2023 *\/\n.elementor-widget-text-editor.elementor-drop-cap-view-stacked .elementor-drop-cap{background-color:#69727d;color:#fff}.elementor-widget-text-editor.elementor-drop-cap-view-framed .elementor-drop-cap{color:#69727d;border:3px solid;background-color:transparent}.elementor-widget-text-editor:not(.elementor-drop-cap-view-default) .elementor-drop-cap{margin-top:8px}.elementor-widget-text-editor:not(.elementor-drop-cap-view-default) .elementor-drop-cap-letter{width:1em;height:1em}.elementor-widget-text-editor .elementor-drop-cap{float:left;text-align:center;line-height:1;font-size:50px}.elementor-widget-text-editor .elementor-drop-cap-letter{display:inline-block}<\/style>\t\t\t\t<p>INICI \/ VINS \/ SUNSET<\/p>\n\t\t\t\t\t\t<\/div>\n\t\t\t\t<\/div>\n\t\t\t\t<div class=\"elementor-element elementor-element-e61e4fb elementor-widget elementor-widget-text-editor\" data-id=\"e61e4fb\" data-element_type=\"widget\" data-widget_type=\"text-editor.default\">\n\t\t\t\t<div class=\"elementor-widget-container\">\n\t\t\t\t\t\t\t<span style=\"-webkit-text-stroke: 2px #FFFFFF;\">Sunset <\/span><span style=\"font-size: .4em; text-transform: uppercase; font-weight: lighter;\"> do CONCA DE BARBER\u00c0<\/span>\t\t\t\t\t\t<\/div>\n\t\t\t\t<\/div>\n\t\t\t\t\t<\/div>\n\t\t\t\t<\/div>\n\t\t<div class=\"has_eae_slider elementor-element elementor-element-497380e e-flex e-con-boxed e-con e-parent\" data-id=\"497380e\" data-element_type=\"container\" data-settings=\"{&quot;background_background&quot;:&quot;gradient&quot;,&quot;content_width&quot;:&quot;boxed&quot;}\" data-core-v316-plus=\"true\">\n\t\t\t\t\t<div class=\"e-con-inner\">\n\t\t<div class=\"has_eae_slider elementor-element elementor-element-0d77e1d e-con-full e-flex e-con e-child\" data-id=\"0d77e1d\" data-element_type=\"container\" data-settings=\"{&quot;content_width&quot;:&quot;full&quot;}\">\n\t\t\t\t<div class=\"elementor-element elementor-element-40481c5 elementor-widget elementor-widget-heading\" data-id=\"40481c5\" data-element_type=\"widget\" data-widget_type=\"heading.default\">\n\t\t\t\t<div class=\"elementor-widget-container\">\n\t\t\t<style>\/*! elementor - v3.17.0 - 01-11-2023 *\/\n.elementor-heading-title{padding:0;margin:0;line-height:1}.elementor-widget-heading .elementor-heading-title[class*=elementor-size-]>a{color:inherit;font-size:inherit;line-height:inherit}.elementor-widget-heading .elementor-heading-title.elementor-size-small{font-size:15px}.elementor-widget-heading .elementor-heading-title.elementor-size-medium{font-size:19px}.elementor-widget-heading .elementor-heading-title.elementor-size-large{font-size:29px}.elementor-widget-heading .elementor-heading-title.elementor-size-xl{font-size:39px}.elementor-widget-heading .elementor-heading-title.elementor-size-xxl{font-size:59px}<\/style><h2 class=\"elementor-heading-title elementor-size-default\">La nova era.<\/h2>\t\t<\/div>\n\t\t\t\t<\/div>\n\t\t\t\t<div class=\"elementor-element elementor-element-be835a6 elementor-widget elementor-widget-text-editor\" data-id=\"be835a6\" data-element_type=\"widget\" data-widget_type=\"text-editor.default\">\n\t\t\t\t<div class=\"elementor-widget-container\">\n\t\t\t\t\t\t\t<p>Sunset \u00e9s una de les traduccions per a Capvespre, evocant la naturalesa que ens envolta i el moment ideal de consum, els vins Sunset destaquen per la seva versatilitat. Perfectes tant pels que comencen a gaudir del m\u00f3n del vi com pels que els agrada gaudir d&#8217;una copa di\u00e0ria. L\u00ednies suaus, integrades i molt afruitades!<\/p>\n\t\t\t\t\t\t<\/div>\n\t\t\t\t<\/div>\n\t\t\t\t<div class=\"elementor-element elementor-element-b179ef4 elementor-widget elementor-widget-image\" data-id=\"b179ef4\" data-element_type=\"widget\" data-widget_type=\"image.default\">\n\t\t\t\t<div class=\"elementor-widget-container\">\n\t\t\t<style>\/*! elementor - v3.17.0 - 01-11-2023 *\/\n.elementor-widget-image{text-align:center}.elementor-widget-image a{display:inline-block}.elementor-widget-image a img[src$=\".svg\"]{width:48px}.elementor-widget-image img{vertical-align:middle;display:inline-block}<\/style>\t\t\t\t\t\t\t\t\t\t\t\t<img loading=\"lazy\" decoding=\"async\" width=\"800\" height=\"196\" src=\"https:\/\/domeniowines.com\/wp-content\/uploads\/2023\/10\/lletres.jpg\" class=\"attachment-large size-large wp-image-1343\" alt=\"\" srcset=\"https:\/\/domeniowines.com\/wp-content\/uploads\/2023\/10\/lletres.jpg 920w, https:\/\/domeniowines.com\/wp-content\/uploads\/2023\/10\/lletres-300x73.jpg 300w, https:\/\/domeniowines.com\/wp-content\/uploads\/2023\/10\/lletres-768x188.jpg 768w, https:\/\/domeniowines.com\/wp-content\/uploads\/2023\/10\/lletres-600x147.jpg 600w\" sizes=\"auto, (max-width: 800px) 100vw, 800px\" \/>\t\t\t\t\t\t\t\t\t\t\t\t\t\t\t<\/div>\n\t\t\t\t<\/div>\n\t\t\t\t<\/div>\n\t\t<div class=\"has_eae_slider elementor-element elementor-element-7b8e5af e-con-full e-flex e-con e-child\" data-id=\"7b8e5af\" data-element_type=\"container\" data-settings=\"{&quot;content_width&quot;:&quot;full&quot;}\">\n\t\t\t\t<div class=\"elementor-element elementor-element-8e7222a elementor-widget elementor-widget-html\" data-id=\"8e7222a\" data-element_type=\"widget\" data-widget_type=\"html.default\">\n\t\t\t\t<div class=\"elementor-widget-container\">\n\t\t\t<div id=\"vinos2\" class=\"container-fluid producte producte--overflow\">\n    <!-- Add Pagination -->\n    <div class=\"swiper-pagination\"><\/div>\n    <div class=\"swiper-container\">\n\t\t\t\t\t<div class=\"swiper-wrapper\">\n\t\t\t\t\t\t\n\t\t\t\t\t\t<!-- slide -->\n\t\t\t\t\t\t<div class=\"swiper-slide\">\n\t\t \t\t\t\t\t<!-- Producte imatge -->\n\t\t \t\t\t\t\t<div class=\"producte__img\">\n\t\t \t\t\t\t\t\t<img decoding=\"async\" src=\"https:\/\/domeniowines.com\/wp-content\/uploads\/2023\/10\/sunset1.png\">\n\t\t \t\t\t\t\t<\/div>\n\t\t \n\t\t \t\t\t\t\t<!-- Producte informaci\u00f3 -->\n\t\t \t\t\t\t\t<div class=\"producte__info\">\n\t\t\t\t\t\t\t\t<h2>\n  Sunset Capvespre blanc\n\t\t\t\t\t\t\t\t<\/h2>\n\t\t\n\t\t\t\t\t\t\t\t<dl>\n\t\t\t\t\t\t\t\t\t<dt>Varietat<\/dt>\n\t\t\t\t\t\t\t\t\t\t<dd>Xarel\u00b7lo, Macabeu, Chardonnay i Muscat d'Alexandria<\/dd>\n\t\t\t\t\t\t\t\t\t<!-- <dt>Anyada<\/dt>\n\t\t\t\t\t\t\t\t\t\t<dd>000<\/dd> -->\n\t\t\t\t\t\t\t\t\t<dt>Alcohol<\/dt>\n\t\t\t\t\t\t\t\t\t\t<dd>12%<\/dd>\n\t\t\t\t\t\t\t\t\t<dt>Servei<\/dt>\n\t\t\t\t\t\t\t\t\t\t<dd>6\u20138 \u00b0C<\/dd>\n\t\t\t\t\t\t\t\t\t<dt>Fitxa t\u00e8cnica<\/dt>\n\t\t\t\t\t\t\t\t\t\t<dd><a href=\"https:\/\/domeniowines.com\/uploads\/fitxes-tecniques\/vi\/Sunset-Blanc-CA.pdf\" target=\"_blank\" class=\"download\">Descarregar PDF<\/a><\/dd>\n\t\t\t\t\t\t\t\t<\/dl>\n\t\t\n\t\t\t\t\t\t\t\t<h4>Nota de tast<\/h4>\n\t\t\t\t\t\t\t\t<p>\n  Groc p\u00e0l\u00b7lid brillant, explosi\u00f3 arom\u00e0tica de notes tropicals. Amable, fresc i afruitat.\n\t\t\t\t\t\t\t\t<\/p>\n\n\t\t \t\t\t\t\t\t<div class=\"producte__info__DO\">\n\t\t\t\t\t\t\t\t\t<img decoding=\"async\" src=\"https:\/\/domeniowines.com\/wp-content\/uploads\/2023\/10\/conca11.png\" alt=\"Catalunya\">\n\t\t \t\t\t\t\t\t<\/div>\n\t\t \t\t\t\t\t<\/div>\n\t\t \t\t\t\t<\/div> <!-- \/ slide -->\n\n\n\t\t\t \t\t\t<!-- slide -->\n\t\t\t\t\t\t<div class=\"swiper-slide\">\n\t\t \t\t\t\t\t<!-- Producte imatge -->\n\t\t \t\t\t\t\t<div class=\"producte__img\">\n\t\t \t\t\t\t\t\t<img decoding=\"async\" src=\"https:\/\/domeniowines.com\/wp-content\/uploads\/2023\/10\/sunset2.png\">\n\t\t \t\t\t\t\t<\/div>\n\t\t \n\t\t \t\t\t\t\t<!-- Producte informaci\u00f3 -->\n\t\t \t\t\t\t\t<div class=\"producte__info\">\n\t\t\t\t\t\t\t\t<h2>\n  Sunset Capvespre rosat\n\t\t\t\t\t\t\t\t<\/h2>\n\t\t\n\t\t\t\t\t\t\t\t<dl>\n\t\t\t\t\t\t\t\t\t<dt>Varietat<\/dt>\n\t\t\t\t\t\t\t\t\t\t<dd>Ull de llebre i Trepat<\/dd>\n\t\t\t\t\t\t\t\t\t<!-- <dt>Anyada<\/dt>\n\t\t\t\t\t\t\t\t\t\t<dd>000<\/dd> -->\n\t\t\t\t\t\t\t\t\t<dt>Alcohol<\/dt>\n\t\t\t\t\t\t\t\t\t\t<dd>11,5%<\/dd>\n\t\t\t\t\t\t\t\t\t<dt>Servei<\/dt>\n\t\t\t\t\t\t\t\t\t\t<dd>8\u201310 \u00b0C<\/dd>\n\t\t\t\t\t\t\t\t\t<dt>Fitxa t\u00e8cnica<\/dt>\n\t\t\t\t\t\t\t\t\t\t<dd><a href=\"https:\/\/domeniowines.com\/uploads\/fitxes-tecniques\/vi\/Sunset-Rosat-CA.pdf\" target=\"_blank\" class=\"download\">Descarregar PDF<\/a><\/dd>\n\t\t\t\t\t\t\t\t<\/dl>\n\t\t\n\t\t\t\t\t\t\t\t<h4>Nota de tast<\/h4>\n\t\t\t\t\t\t\t\t<p>\n  Rosat p\u00e0l\u00b7lid amb notes de cirera, maduixa i grosella. Entrada amable, lleuger i fresc. De final afruitat i llaminer.\n\t\t\t\t\t\t\t\t<\/p>\n\n\t\t \t\t\t\t\t\t<div class=\"producte__info__DO\">\n\t\t\t\t\t\t\t\t\t<img decoding=\"async\" src=\"https:\/\/domeniowines.com\/wp-content\/uploads\/2023\/10\/conca11.png\" alt=\"Catalunya\">\n\t\t \t\t\t\t\t\t<\/div>\n\t\t \t\t\t\t\t<\/div>\n\t\t \t\t\t\t<\/div> \n\t\t\t\t\t\t<!-- \/ slide -->\n\n\t\t\t\t\t\t<!-- slide -->\n\t\t\t\t\t\t<div class=\"swiper-slide\">\n\t\t\t\t\t\t\t<!-- Producte imatge -->\n\t\t\t\t\t\t\t<div class=\"producte__img\">\n\t\t\t\t\t\t\t\t<img decoding=\"async\" src=\"https:\/\/domeniowines.com\/wp-content\/uploads\/2023\/10\/sunset3.png\">\n\t\t\t\t\t\t\t<\/div>\n\t\t\n\t\t\t\t\t\t\t<!-- Producte informaci\u00f3 -->\n\t\t\t\t\t\t\t<div class=\"producte__info\">\n\t\t\t\t\t\t\t\t<h2>\n  Sunset Capvespre negre\n\t\t\t\t\t\t\t\t<\/h2>\n\t\t\n\t\t\t\t\t\t\t\t<dl>\n\t\t\t\t\t\t\t\t\t<dt>Varietat<\/dt>\n\t\t\t\t\t\t\t\t\t\t<dd>Ull de llebre, Cabernet Sauvignon i Syrah<\/dd>\n\t\t\t\t\t\t\t\t\t<!-- <dt>Anyada<\/dt>\n\t\t\t\t\t\t\t\t\t\t<dd>000<\/dd> -->\n\t\t\t\t\t\t\t\t\t<dt>Alcohol<\/dt>\n\t\t\t\t\t\t\t\t\t\t<dd>12,5%<\/dd>\n\t\t\t\t\t\t\t\t\t<dt>Servei<\/dt>\n\t\t\t\t\t\t\t\t\t\t<dd>12\u201314 \u00b0C<\/dd>\n\t\t\t\t\t\t\t\t\t<dt>Fitxa t\u00e8cnica<\/dt>\n\t\t\t\t\t\t\t\t\t\t<dd><a href=\"https:\/\/domeniowines.com\/uploads\/fitxes-tecniques\/vi\/Sunset-Negre-CA.pdf\" target=\"_blank\" class=\"download\">Descarregar PDF<\/a><\/dd>\n\t\t\t\t\t\t\t\t<\/dl>\n\t\t\n\t\t\t\t\t\t\t\t<h4>Nota de tast<\/h4>\n\t\t\t\t\t\t\t\t<p>\n  Intens vermell porpra de capa mitjana. Vers\u00e0til i temptador, afruitat i rod\u00f3, de cos mitj\u00e0 amb tanins integrats.\n\t\t\t\t\t\t\t\t<\/p>\n\n\t\t\t\t\t\t\t\t<div class=\"producte__info__DO\">\n\t\t\t\t\t\t\t\t\t<img decoding=\"async\" src=\"https:\/\/domeniowines.com\/wp-content\/uploads\/2023\/10\/conca11.png\" alt=\"Catalunya\">\n\t\t\t\t\t\t\t\t<\/div>\n\t\t\t\t\t\t\t<\/div>\n\t\t\t\t\t\t<\/div> \n\t\t\t\t\t   \t<!-- \/ slide -->\n\t\t\t\t\t<\/div> \n\t\t\t\t<\/div>\n\t\n\t\t\t\t<!-- Navigation buttons -->\n\t\t\t    <div class=\"button button-slider button-slider--left\">\u2039<\/div>\n\t\t\t    <div class=\"button button-slider button-slider--right\">\u203a<\/div>\n<\/div>\t\t<\/div>\n\t\t\t\t<\/div>\n\t\t\t\t<\/div>\n\t\t\t\t\t<\/div>\n\t\t\t\t<\/div>\n\t\t<div class=\"has_eae_slider elementor-element elementor-element-e50238e e-flex e-con-boxed e-con e-parent\" data-id=\"e50238e\" data-element_type=\"container\" data-settings=\"{&quot;background_background&quot;:&quot;classic&quot;,&quot;content_width&quot;:&quot;boxed&quot;}\" data-core-v316-plus=\"true\">\n\t\t\t\t\t<div class=\"e-con-inner\">\n\t\t\t\t<div class=\"elementor-element elementor-element-ad98ab9 arrow elementor-widget elementor-widget-heading\" data-id=\"ad98ab9\" data-element_type=\"widget\" data-widget_type=\"heading.default\">\n\t\t\t\t<div class=\"elementor-widget-container\">\n\t\t\t<p class=\"elementor-heading-title elementor-size-default\"><a href=\"https:\/\/domeniowines.com\/ca\/vins-domenio\/\">TORNAR ALS NOSTRES VINS<\/a><\/p>\t\t<\/div>\n\t\t\t\t<\/div>\n\t\t\t\t\t<\/div>\n\t\t\t\t<\/div>\n\t\t\t\t\t\t\t<\/div>\n\t\t","protected":false},"excerpt":{"rendered":"<p>INICI \/ VINS \/ SUNSET Sunset do CONCA DE BARBER\u00c0 La nova era. Sunset \u00e9s una de les traduccions per a Capvespre, evocant la naturalesa que ens envolta i el moment ideal de consum, els vins Sunset destaquen per la seva versatilitat. Perfectes tant pels que comencen a gaudir del m\u00f3n del vi com pels [&hellip;]<\/p>\n","protected":false},"author":1,"featured_media":0,"parent":0,"menu_order":0,"comment_status":"closed","ping_status":"closed","template":"","meta":{"_eb_attr":"","footnotes":""},"class_list":["post-4870","page","type-page","status-publish","hentry"],"yoast_head":"<!-- This site is optimized with the Yoast SEO plugin v25.5 - https:\/\/yoast.com\/wordpress\/plugins\/seo\/ -->\n<title>Sunset | Vi afruitat i vers\u00e0til per gaudir cada dia<\/title>\n<meta name=\"description\" content=\"Els vins Sunset de Domenio s\u00f3n frescos, afruitats i f\u00e0cils de beure. Ideals per descobrir el m\u00f3n del vi o gaudir-lo a diari amb naturalitat i plaer.\" \/>\n<meta name=\"robots\" content=\"index, follow, max-snippet:-1, max-image-preview:large, max-video-preview:-1\" \/>\n<link rel=\"canonical\" href=\"https:\/\/domeniowines.com\/ca\/sunset\/\" \/>\n<meta property=\"og:locale\" content=\"ca_ES\" \/>\n<meta property=\"og:type\" content=\"article\" \/>\n<meta property=\"og:title\" content=\"Sunset | Vi afruitat i vers\u00e0til per gaudir cada dia\" \/>\n<meta property=\"og:description\" content=\"Els vins Sunset de Domenio s\u00f3n frescos, afruitats i f\u00e0cils de beure. Ideals per descobrir el m\u00f3n del vi o gaudir-lo a diari amb naturalitat i plaer.\" \/>\n<meta property=\"og:url\" content=\"https:\/\/domeniowines.com\/ca\/sunset\/\" \/>\n<meta property=\"og:site_name\" content=\"Domenio\" \/>\n<meta property=\"article:modified_time\" content=\"2025-07-23T08:39:00+00:00\" \/>\n<meta property=\"og:image\" content=\"https:\/\/domeniowines.com\/wp-content\/uploads\/2023\/10\/lletres.jpg\" \/>\n<meta name=\"twitter:card\" content=\"summary_large_image\" \/>\n<meta name=\"twitter:label1\" content=\"Temps estimat de lectura\" \/>\n\t<meta name=\"twitter:data1\" content=\"3 minuts\" \/>\n<script type=\"application\/ld+json\" class=\"yoast-schema-graph\">{\"@context\":\"https:\/\/schema.org\",\"@graph\":[{\"@type\":\"WebPage\",\"@id\":\"https:\/\/domeniowines.com\/ca\/sunset\/\",\"url\":\"https:\/\/domeniowines.com\/ca\/sunset\/\",\"name\":\"Sunset | Vi afruitat i vers\u00e0til per gaudir cada dia\",\"isPartOf\":{\"@id\":\"https:\/\/domeniowines.com\/#website\"},\"primaryImageOfPage\":{\"@id\":\"https:\/\/domeniowines.com\/ca\/sunset\/#primaryimage\"},\"image\":{\"@id\":\"https:\/\/domeniowines.com\/ca\/sunset\/#primaryimage\"},\"thumbnailUrl\":\"https:\/\/domeniowines.com\/wp-content\/uploads\/2023\/10\/lletres.jpg\",\"datePublished\":\"2023-10-05T19:12:20+00:00\",\"dateModified\":\"2025-07-23T08:39:00+00:00\",\"description\":\"Els vins Sunset de Domenio s\u00f3n frescos, afruitats i f\u00e0cils de beure. Ideals per descobrir el m\u00f3n del vi o gaudir-lo a diari amb naturalitat i plaer.\",\"breadcrumb\":{\"@id\":\"https:\/\/domeniowines.com\/ca\/sunset\/#breadcrumb\"},\"inLanguage\":\"ca\",\"potentialAction\":[{\"@type\":\"ReadAction\",\"target\":[\"https:\/\/domeniowines.com\/ca\/sunset\/\"]}]},{\"@type\":\"ImageObject\",\"inLanguage\":\"ca\",\"@id\":\"https:\/\/domeniowines.com\/ca\/sunset\/#primaryimage\",\"url\":\"https:\/\/domeniowines.com\/wp-content\/uploads\/2023\/10\/lletres.jpg\",\"contentUrl\":\"https:\/\/domeniowines.com\/wp-content\/uploads\/2023\/10\/lletres.jpg\"},{\"@type\":\"BreadcrumbList\",\"@id\":\"https:\/\/domeniowines.com\/ca\/sunset\/#breadcrumb\",\"itemListElement\":[{\"@type\":\"ListItem\",\"position\":1,\"name\":\"Portada\",\"item\":\"https:\/\/domeniowines.com\/ca\/\"},{\"@type\":\"ListItem\",\"position\":2,\"name\":\"Sunset\"}]},{\"@type\":\"WebSite\",\"@id\":\"https:\/\/domeniowines.com\/#website\",\"url\":\"https:\/\/domeniowines.com\/\",\"name\":\"Domenio\",\"description\":\"Vins i caves | 1917\",\"potentialAction\":[{\"@type\":\"SearchAction\",\"target\":{\"@type\":\"EntryPoint\",\"urlTemplate\":\"https:\/\/domeniowines.com\/?s={search_term_string}\"},\"query-input\":{\"@type\":\"PropertyValueSpecification\",\"valueRequired\":true,\"valueName\":\"search_term_string\"}}],\"inLanguage\":\"ca\"}]}<\/script>\n<!-- \/ Yoast SEO plugin. -->","yoast_head_json":{"title":"Sunset | Vi afruitat i vers\u00e0til per gaudir cada dia","description":"Els vins Sunset de Domenio s\u00f3n frescos, afruitats i f\u00e0cils de beure. Ideals per descobrir el m\u00f3n del vi o gaudir-lo a diari amb naturalitat i plaer.","robots":{"index":"index","follow":"follow","max-snippet":"max-snippet:-1","max-image-preview":"max-image-preview:large","max-video-preview":"max-video-preview:-1"},"canonical":"https:\/\/domeniowines.com\/ca\/sunset\/","og_locale":"ca_ES","og_type":"article","og_title":"Sunset | Vi afruitat i vers\u00e0til per gaudir cada dia","og_description":"Els vins Sunset de Domenio s\u00f3n frescos, afruitats i f\u00e0cils de beure. Ideals per descobrir el m\u00f3n del vi o gaudir-lo a diari amb naturalitat i plaer.","og_url":"https:\/\/domeniowines.com\/ca\/sunset\/","og_site_name":"Domenio","article_modified_time":"2025-07-23T08:39:00+00:00","og_image":[{"url":"https:\/\/domeniowines.com\/wp-content\/uploads\/2023\/10\/lletres.jpg","type":"","width":"","height":""}],"twitter_card":"summary_large_image","twitter_misc":{"Temps estimat de lectura":"3 minuts"},"schema":{"@context":"https:\/\/schema.org","@graph":[{"@type":"WebPage","@id":"https:\/\/domeniowines.com\/ca\/sunset\/","url":"https:\/\/domeniowines.com\/ca\/sunset\/","name":"Sunset | Vi afruitat i vers\u00e0til per gaudir cada dia","isPartOf":{"@id":"https:\/\/domeniowines.com\/#website"},"primaryImageOfPage":{"@id":"https:\/\/domeniowines.com\/ca\/sunset\/#primaryimage"},"image":{"@id":"https:\/\/domeniowines.com\/ca\/sunset\/#primaryimage"},"thumbnailUrl":"https:\/\/domeniowines.com\/wp-content\/uploads\/2023\/10\/lletres.jpg","datePublished":"2023-10-05T19:12:20+00:00","dateModified":"2025-07-23T08:39:00+00:00","description":"Els vins Sunset de Domenio s\u00f3n frescos, afruitats i f\u00e0cils de beure. Ideals per descobrir el m\u00f3n del vi o gaudir-lo a diari amb naturalitat i plaer.","breadcrumb":{"@id":"https:\/\/domeniowines.com\/ca\/sunset\/#breadcrumb"},"inLanguage":"ca","potentialAction":[{"@type":"ReadAction","target":["https:\/\/domeniowines.com\/ca\/sunset\/"]}]},{"@type":"ImageObject","inLanguage":"ca","@id":"https:\/\/domeniowines.com\/ca\/sunset\/#primaryimage","url":"https:\/\/domeniowines.com\/wp-content\/uploads\/2023\/10\/lletres.jpg","contentUrl":"https:\/\/domeniowines.com\/wp-content\/uploads\/2023\/10\/lletres.jpg"},{"@type":"BreadcrumbList","@id":"https:\/\/domeniowines.com\/ca\/sunset\/#breadcrumb","itemListElement":[{"@type":"ListItem","position":1,"name":"Portada","item":"https:\/\/domeniowines.com\/ca\/"},{"@type":"ListItem","position":2,"name":"Sunset"}]},{"@type":"WebSite","@id":"https:\/\/domeniowines.com\/#website","url":"https:\/\/domeniowines.com\/","name":"Domenio","description":"Vins i caves | 1917","potentialAction":[{"@type":"SearchAction","target":{"@type":"EntryPoint","urlTemplate":"https:\/\/domeniowines.com\/?s={search_term_string}"},"query-input":{"@type":"PropertyValueSpecification","valueRequired":true,"valueName":"search_term_string"}}],"inLanguage":"ca"}]}},"featured_media_urls":[],"_links":{"self":[{"href":"https:\/\/domeniowines.com\/ca\/wp-json\/wp\/v2\/pages\/4870","targetHints":{"allow":["GET"]}}],"collection":[{"href":"https:\/\/domeniowines.com\/ca\/wp-json\/wp\/v2\/pages"}],"about":[{"href":"https:\/\/domeniowines.com\/ca\/wp-json\/wp\/v2\/types\/page"}],"author":[{"embeddable":true,"href":"https:\/\/domeniowines.com\/ca\/wp-json\/wp\/v2\/users\/1"}],"replies":[{"embeddable":true,"href":"https:\/\/domeniowines.com\/ca\/wp-json\/wp\/v2\/comments?post=4870"}],"version-history":[{"count":39,"href":"https:\/\/domeniowines.com\/ca\/wp-json\/wp\/v2\/pages\/4870\/revisions"}],"predecessor-version":[{"id":6790,"href":"https:\/\/domeniowines.com\/ca\/wp-json\/wp\/v2\/pages\/4870\/revisions\/6790"}],"wp:attachment":[{"href":"https:\/\/domeniowines.com\/ca\/wp-json\/wp\/v2\/media?parent=4870"}],"curies":[{"name":"wp","href":"https:\/\/api.w.org\/{rel}","templated":true}]}}