{"id":4887,"date":"2023-10-04T20:48:39","date_gmt":"2023-10-04T18:48:39","guid":{"rendered":"https:\/\/domeniowines.com\/olis-clot-de-lhora\/"},"modified":"2025-07-23T10:43:26","modified_gmt":"2025-07-23T08:43:26","slug":"oli-clot-de-lhorta","status":"publish","type":"page","link":"https:\/\/domeniowines.com\/ca\/oli-clot-de-lhorta\/","title":{"rendered":"OLIS CLOT DE L&#8217;HORA"},"content":{"rendered":"\t\t<div data-elementor-type=\"wp-page\" data-elementor-id=\"4887\" class=\"elementor elementor-4887 elementor-1269\" data-elementor-post-type=\"page\">\n\t\t\t\t\t\t\t<div class=\"has_eae_slider elementor-element elementor-element-7853c96 e-flex e-con-boxed e-con e-parent\" data-id=\"7853c96\" data-element_type=\"container\" data-settings=\"{&quot;background_background&quot;:&quot;classic&quot;,&quot;content_width&quot;:&quot;boxed&quot;}\" data-core-v316-plus=\"true\">\n\t\t\t\t\t<div class=\"e-con-inner\">\n\t\t\t\t<div class=\"elementor-element elementor-element-cb82c05 elementor-widget elementor-widget-text-editor\" data-id=\"cb82c05\" data-element_type=\"widget\" data-widget_type=\"text-editor.default\">\n\t\t\t\t<div class=\"elementor-widget-container\">\n\t\t\t<style>\/*! elementor - v3.17.0 - 01-11-2023 *\/\n.elementor-widget-text-editor.elementor-drop-cap-view-stacked .elementor-drop-cap{background-color:#69727d;color:#fff}.elementor-widget-text-editor.elementor-drop-cap-view-framed .elementor-drop-cap{color:#69727d;border:3px solid;background-color:transparent}.elementor-widget-text-editor:not(.elementor-drop-cap-view-default) .elementor-drop-cap{margin-top:8px}.elementor-widget-text-editor:not(.elementor-drop-cap-view-default) .elementor-drop-cap-letter{width:1em;height:1em}.elementor-widget-text-editor .elementor-drop-cap{float:left;text-align:center;line-height:1;font-size:50px}.elementor-widget-text-editor .elementor-drop-cap-letter{display:inline-block}<\/style>\t\t\t\t<p><span style=\"vertical-align: inherit;\"><span style=\"vertical-align: inherit;\"><span style=\"vertical-align: inherit;\"><span style=\"vertical-align: inherit;\"><span style=\"vertical-align: inherit;\"><span style=\"vertical-align: inherit;\">HOME \/ VERMUTS \/ CLOT DE L&#8217;HORA OILS<\/span><\/span><\/span><\/span><\/span><\/span><\/p>\n\t\t\t\t\t\t<\/div>\n\t\t\t\t<\/div>\n\t\t\t\t<div class=\"elementor-element elementor-element-c55bbfd elementor-widget elementor-widget-text-editor\" data-id=\"c55bbfd\" data-element_type=\"widget\" data-widget_type=\"text-editor.default\">\n\t\t\t\t<div class=\"elementor-widget-container\">\n\t\t\t\t\t\t\t<p><span style=\"-webkit-text-stroke: 2px #FFFFFF;\"><span style=\"vertical-align: inherit;\"><span style=\"vertical-align: inherit;\">Clot de l&#8217;Hora<\/span><\/span><\/span> <span style=\"font-size: .4em; text-transform: uppercase; font-weight: lighter;\"><span style=\"vertical-align: inherit;\"><span style=\"vertical-align: inherit;\">DOP SIURANA Oils<\/span><\/span><\/span><\/p>\n\t\t\t\t\t\t<\/div>\n\t\t\t\t<\/div>\n\t\t\t\t\t<\/div>\n\t\t\t\t<\/div>\n\t\t<div class=\"has_eae_slider elementor-element elementor-element-497380e e-flex e-con-boxed e-con e-parent\" data-id=\"497380e\" data-element_type=\"container\" data-settings=\"{&quot;background_background&quot;:&quot;gradient&quot;,&quot;content_width&quot;:&quot;boxed&quot;}\" data-core-v316-plus=\"true\">\n\t\t\t\t\t<div class=\"e-con-inner\">\n\t\t<div class=\"has_eae_slider elementor-element elementor-element-0d77e1d e-con-full e-flex e-con e-child\" data-id=\"0d77e1d\" data-element_type=\"container\" data-settings=\"{&quot;content_width&quot;:&quot;full&quot;}\">\n\t\t\t\t<div class=\"elementor-element elementor-element-40481c5 elementor-widget elementor-widget-heading\" data-id=\"40481c5\" data-element_type=\"widget\" data-widget_type=\"heading.default\">\n\t\t\t\t<div class=\"elementor-widget-container\">\n\t\t\t<style>\/*! elementor - v3.17.0 - 01-11-2023 *\/\n.elementor-heading-title{padding:0;margin:0;line-height:1}.elementor-widget-heading .elementor-heading-title[class*=elementor-size-]>a{color:inherit;font-size:inherit;line-height:inherit}.elementor-widget-heading .elementor-heading-title.elementor-size-small{font-size:15px}.elementor-widget-heading .elementor-heading-title.elementor-size-medium{font-size:19px}.elementor-widget-heading .elementor-heading-title.elementor-size-large{font-size:29px}.elementor-widget-heading .elementor-heading-title.elementor-size-xl{font-size:39px}.elementor-widget-heading .elementor-heading-title.elementor-size-xxl{font-size:59px}<\/style><h2 class=\"elementor-heading-title elementor-size-default\">Nascut a La Bisbal del Pened\u00e8s<\/h2>\t\t<\/div>\n\t\t\t\t<\/div>\n\t\t\t\t<div class=\"elementor-element elementor-element-be835a6 elementor-widget elementor-widget-text-editor\" data-id=\"be835a6\" data-element_type=\"widget\" data-widget_type=\"text-editor.default\">\n\t\t\t\t<div class=\"elementor-widget-container\">\n\t\t\t\t\t\t\t<p><span style=\"vertical-align: inherit;\"><span style=\"vertical-align: inherit;\"><span style=\"vertical-align: inherit;\"><span style=\"vertical-align: inherit;\">Extra virgin olive oil born a la Bisbal del Pened\u00e8s, a la hist\u00f2rica illa ubicada al centre de la ciutat.  <\/span><\/span><\/span><span style=\"vertical-align: inherit;\"><span style=\"vertical-align: inherit;\"><span style=\"vertical-align: inherit;\">A product made with Arbequina olives, protegida per la prestigiosa Siurana Protected Designation of Origin.<\/span><\/span><\/span><\/span><\/p>\n\t\t\t\t\t\t<\/div>\n\t\t\t\t<\/div>\n\t\t\t\t<\/div>\n\t\t<div class=\"has_eae_slider elementor-element elementor-element-7b8e5af e-con-full e-flex e-con e-child\" data-id=\"7b8e5af\" data-element_type=\"container\" data-settings=\"{&quot;content_width&quot;:&quot;full&quot;}\">\n\t\t\t\t<div class=\"elementor-element elementor-element-8e7222a elementor-widget elementor-widget-html\" data-id=\"8e7222a\" data-element_type=\"widget\" data-widget_type=\"html.default\">\n\t\t\t\t<div class=\"elementor-widget-container\">\n\t\t\t<div id=\"slider-productes2\" class=\"container-fluid producte producte--overflow\">\n    <!-- Add Pagination -->\n    <div class=\"swiper-pagination\"><\/div>\n    <div class=\"swiper-container\">\n\t\t\t\t\t<div class=\"swiper-wrapper\">\n\t\t\t\t\t\t\n\t\t\t\t\t\t<!-- slide -->\n\t\t\t\t\t\t<div class=\"swiper-slide\">\n\t\t \t\t\t\t\t<!-- Producte imatge -->\n\t\t \t\t\t\t\t<div class=\"producte__img\">\n\t\t \t\t\t\t\t\t<img decoding=\"async\" src=\"https:\/\/domeniowines.com\/wp-content\/uploads\/2023\/10\/olis-clot-de-l-hora1.png\">\n\t\t \t\t\t\t\t<\/div>\n\t\t \n\t\t \t\t\t\t\t<!-- Producte informaci\u00f3 -->\n\t\t \t\t\t\t\t<div class=\"producte__info\">\n\t\t \t\t\t\t\t\t<h2>\n  Olis Clot de L'Hora  <br>\n  (env\u00e0s de vidre)\n\t\t \t\t\t\t\t\t<\/h2>\n\t\t \n\t\t \t\t\t\t\t\t<dl>\n\t\t \t\t\t\t\t\t\t<dt>Ampolla vidre<\/dt>\n\t\t \t\t\t\t\t\t\t\t<dd>50 ml.<\/dd>\n\t\t \t\t\t\t\t\t<\/dl>\n\t\t \n\t\t \t\t\t\t\t\t<!-- <h4>Nota de cata<\/h4> -->\n\t\t \t\t\t\t\t\t\n\n\t\t \t\t\t\t\t\t<div class=\"producte__info__DO\">\n\t\t \t\t\t\t\t\t\t<img decoding=\"async\" src=\"https:\/\/www.domeniowines.com\/img\/DOs\/siurana.png\" alt=\"DOP Siurana\">\n\t\t \t\t\t\t\t\t<\/div>\n\t\t \t\t\t\t\t<\/div>\n\t\t \t\t\t\t<\/div> <!-- \/ slide -->\n\n\n\t\t\t \t\t\t<!-- slide -->\n\t\t\t\t\t\t<div class=\"swiper-slide\">\n\t\t \t\t\t\t\t<!-- Producte imatge -->\n\t\t \t\t\t\t\t<div class=\"producte__img\">\n\t\t \t\t\t\t\t\t<img decoding=\"async\" src=\"https:\/\/domeniowines.com\/wp-content\/uploads\/2023\/10\/olis-clot-de-l-hora2.png\">\n\t\t \t\t\t\t\t<\/div>\n\t\t \n\t\t \t\t\t\t\t<!-- Producte informaci\u00f3 -->\n\t\t \t\t\t\t\t<div class=\"producte__info\">\n\t\t \t\t\t\t\t\t<h2>\n  Olis Clot de L'Hora  <br>\n  (env\u00e0s de pl\u00e0stic)\n\t\t \t\t\t\t\t\t<\/h2>\n\t\t \n\t\t \t\t\t\t\t\t<dl>\n\t\t \t\t\t\t\t\t\t<dt>Garrafa pl\u00e0stic<\/dt>\n\t\t \t\t\t\t\t\t\t\t<dd>2 litres<\/dd>\n\t\t \t\t\t\t\t\t\t<dt>Garrafa pl\u00e0stic<\/dt>\n\t\t \t\t\t\t\t\t\t\t<dd>5 litres<\/dd>\n\t\t \t\t\t\t\t\t<\/dl>\n\t\t \t\t\t\t\t\t<div class=\"producte__info__DO\">\n\t\t \t\t\t\t\t\t\t<img decoding=\"async\" src=\"https:\/\/www.domeniowines.com\/\/img\/DOs\/siurana.png\" alt=\"DOP Siurana\">\n\t\t \t\t\t\t\t\t<\/div>\n\t\t \t\t\t\t\t<\/div>\n\t\t \t\t\t\t<\/div> <!-- \/ slide -->\n\n\t\t\t\t\t<\/div> \n\t\t\t\t<\/div>\n\t\n\t\t\t\t<!-- Navigation buttons -->\n\t\t\t    <div class=\"button button-slider button-slider--left\">\u2039<\/div>\n\t\t\t    <div class=\"button button-slider button-slider--right\">\u203a<\/div>\n<\/div>\t\t<\/div>\n\t\t\t\t<\/div>\n\t\t\t\t<\/div>\n\t\t\t\t\t<\/div>\n\t\t\t\t<\/div>\n\t\t<div class=\"has_eae_slider elementor-element elementor-element-e50238e e-flex e-con-boxed e-con e-parent\" data-id=\"e50238e\" data-element_type=\"container\" data-settings=\"{&quot;background_background&quot;:&quot;classic&quot;,&quot;content_width&quot;:&quot;boxed&quot;}\" data-core-v316-plus=\"true\">\n\t\t\t\t\t<div class=\"e-con-inner\">\n\t\t\t\t<div class=\"elementor-element elementor-element-ad98ab9 arrow elementor-widget elementor-widget-heading\" data-id=\"ad98ab9\" data-element_type=\"widget\" data-widget_type=\"heading.default\">\n\t\t\t\t<div class=\"elementor-widget-container\">\n\t\t\t<p class=\"elementor-heading-title elementor-size-default\"><a href=\"https:\/\/domeniowines.com\/ca\/els-nostres-olis\/\">TORNAR ALS NOSTRES OLIS<\/a><\/p>\t\t<\/div>\n\t\t\t\t<\/div>\n\t\t\t\t\t<\/div>\n\t\t\t\t<\/div>\n\t\t\t\t\t\t\t<\/div>\n\t\t","protected":false},"excerpt":{"rendered":"<p>HOME \/ VERMUTS \/ CLOT DE L&#8217;HORA OILS Clot de l&#8217;Hora DOP SIURANA Oils Nascut a La Bisbal del Pened\u00e8s Extra virgin olive oil born a la Bisbal del Pened\u00e8s, a la hist\u00f2rica illa ubicada al centre de la ciutat. A product made with Arbequina olives, protegida per la prestigiosa Siurana Protected Designation of Origin. [&hellip;]<\/p>\n","protected":false},"author":1,"featured_media":0,"parent":0,"menu_order":0,"comment_status":"closed","ping_status":"closed","template":"","meta":{"_eb_attr":"","footnotes":""},"class_list":["post-4887","page","type-page","status-publish","hentry"],"yoast_head":"<!-- This site is optimized with the Yoast SEO plugin v25.5 - https:\/\/yoast.com\/wordpress\/plugins\/seo\/ -->\n<title>Clot de l\u2019Horta | Oli d\u2019oliva verge extra de La Bisbal del Pened\u00e8s<\/title>\n<meta name=\"description\" content=\"Oli arbequina verge extra Clot de l\u2019Horta, elaborat a La Bisbal del Pened\u00e8s i amb DOP Siurana. Arom\u00e0tic, aut\u00e8ntic i 100% mediterrani.\" \/>\n<meta name=\"robots\" content=\"index, follow, max-snippet:-1, max-image-preview:large, max-video-preview:-1\" \/>\n<link rel=\"canonical\" href=\"https:\/\/domeniowines.com\/ca\/oli-clot-de-lhorta\/\" \/>\n<meta property=\"og:locale\" content=\"ca_ES\" \/>\n<meta property=\"og:type\" content=\"article\" \/>\n<meta property=\"og:title\" content=\"Clot de l\u2019Horta | Oli d\u2019oliva verge extra de La Bisbal del Pened\u00e8s\" \/>\n<meta property=\"og:description\" content=\"Oli arbequina verge extra Clot de l\u2019Horta, elaborat a La Bisbal del Pened\u00e8s i amb DOP Siurana. Arom\u00e0tic, aut\u00e8ntic i 100% mediterrani.\" \/>\n<meta property=\"og:url\" content=\"https:\/\/domeniowines.com\/ca\/oli-clot-de-lhorta\/\" \/>\n<meta property=\"og:site_name\" content=\"Domenio\" \/>\n<meta property=\"article:modified_time\" content=\"2025-07-23T08:43:26+00:00\" \/>\n<meta property=\"og:image\" content=\"https:\/\/domeniowines.com\/wp-content\/uploads\/2023\/10\/olis-clot-de-l-hora1.png\" \/>\n<meta name=\"twitter:card\" content=\"summary_large_image\" \/>\n<meta name=\"twitter:label1\" content=\"Temps estimat de lectura\" \/>\n\t<meta name=\"twitter:data1\" content=\"2 minuts\" \/>\n<script type=\"application\/ld+json\" class=\"yoast-schema-graph\">{\"@context\":\"https:\/\/schema.org\",\"@graph\":[{\"@type\":\"WebPage\",\"@id\":\"https:\/\/domeniowines.com\/ca\/oli-clot-de-lhorta\/\",\"url\":\"https:\/\/domeniowines.com\/ca\/oli-clot-de-lhorta\/\",\"name\":\"Clot de l\u2019Horta | Oli d\u2019oliva verge extra de La Bisbal del Pened\u00e8s\",\"isPartOf\":{\"@id\":\"https:\/\/domeniowines.com\/#website\"},\"primaryImageOfPage\":{\"@id\":\"https:\/\/domeniowines.com\/ca\/oli-clot-de-lhorta\/#primaryimage\"},\"image\":{\"@id\":\"https:\/\/domeniowines.com\/ca\/oli-clot-de-lhorta\/#primaryimage\"},\"thumbnailUrl\":\"https:\/\/domeniowines.com\/wp-content\/uploads\/2023\/10\/olis-clot-de-l-hora1.png\",\"datePublished\":\"2023-10-04T18:48:39+00:00\",\"dateModified\":\"2025-07-23T08:43:26+00:00\",\"description\":\"Oli arbequina verge extra Clot de l\u2019Horta, elaborat a La Bisbal del Pened\u00e8s i amb DOP Siurana. Arom\u00e0tic, aut\u00e8ntic i 100% mediterrani.\",\"breadcrumb\":{\"@id\":\"https:\/\/domeniowines.com\/ca\/oli-clot-de-lhorta\/#breadcrumb\"},\"inLanguage\":\"ca\",\"potentialAction\":[{\"@type\":\"ReadAction\",\"target\":[\"https:\/\/domeniowines.com\/ca\/oli-clot-de-lhorta\/\"]}]},{\"@type\":\"ImageObject\",\"inLanguage\":\"ca\",\"@id\":\"https:\/\/domeniowines.com\/ca\/oli-clot-de-lhorta\/#primaryimage\",\"url\":\"https:\/\/domeniowines.com\/wp-content\/uploads\/2023\/10\/olis-clot-de-l-hora1.png\",\"contentUrl\":\"https:\/\/domeniowines.com\/wp-content\/uploads\/2023\/10\/olis-clot-de-l-hora1.png\"},{\"@type\":\"BreadcrumbList\",\"@id\":\"https:\/\/domeniowines.com\/ca\/oli-clot-de-lhorta\/#breadcrumb\",\"itemListElement\":[{\"@type\":\"ListItem\",\"position\":1,\"name\":\"Portada\",\"item\":\"https:\/\/domeniowines.com\/ca\/\"},{\"@type\":\"ListItem\",\"position\":2,\"name\":\"OLIS CLOT DE L&#8217;HORA\"}]},{\"@type\":\"WebSite\",\"@id\":\"https:\/\/domeniowines.com\/#website\",\"url\":\"https:\/\/domeniowines.com\/\",\"name\":\"Domenio\",\"description\":\"Vins i caves | 1917\",\"potentialAction\":[{\"@type\":\"SearchAction\",\"target\":{\"@type\":\"EntryPoint\",\"urlTemplate\":\"https:\/\/domeniowines.com\/?s={search_term_string}\"},\"query-input\":{\"@type\":\"PropertyValueSpecification\",\"valueRequired\":true,\"valueName\":\"search_term_string\"}}],\"inLanguage\":\"ca\"}]}<\/script>\n<!-- \/ Yoast SEO plugin. -->","yoast_head_json":{"title":"Clot de l\u2019Horta | Oli d\u2019oliva verge extra de La Bisbal del Pened\u00e8s","description":"Oli arbequina verge extra Clot de l\u2019Horta, elaborat a La Bisbal del Pened\u00e8s i amb DOP Siurana. Arom\u00e0tic, aut\u00e8ntic i 100% mediterrani.","robots":{"index":"index","follow":"follow","max-snippet":"max-snippet:-1","max-image-preview":"max-image-preview:large","max-video-preview":"max-video-preview:-1"},"canonical":"https:\/\/domeniowines.com\/ca\/oli-clot-de-lhorta\/","og_locale":"ca_ES","og_type":"article","og_title":"Clot de l\u2019Horta | Oli d\u2019oliva verge extra de La Bisbal del Pened\u00e8s","og_description":"Oli arbequina verge extra Clot de l\u2019Horta, elaborat a La Bisbal del Pened\u00e8s i amb DOP Siurana. Arom\u00e0tic, aut\u00e8ntic i 100% mediterrani.","og_url":"https:\/\/domeniowines.com\/ca\/oli-clot-de-lhorta\/","og_site_name":"Domenio","article_modified_time":"2025-07-23T08:43:26+00:00","og_image":[{"url":"https:\/\/domeniowines.com\/wp-content\/uploads\/2023\/10\/olis-clot-de-l-hora1.png","type":"","width":"","height":""}],"twitter_card":"summary_large_image","twitter_misc":{"Temps estimat de lectura":"2 minuts"},"schema":{"@context":"https:\/\/schema.org","@graph":[{"@type":"WebPage","@id":"https:\/\/domeniowines.com\/ca\/oli-clot-de-lhorta\/","url":"https:\/\/domeniowines.com\/ca\/oli-clot-de-lhorta\/","name":"Clot de l\u2019Horta | Oli d\u2019oliva verge extra de La Bisbal del Pened\u00e8s","isPartOf":{"@id":"https:\/\/domeniowines.com\/#website"},"primaryImageOfPage":{"@id":"https:\/\/domeniowines.com\/ca\/oli-clot-de-lhorta\/#primaryimage"},"image":{"@id":"https:\/\/domeniowines.com\/ca\/oli-clot-de-lhorta\/#primaryimage"},"thumbnailUrl":"https:\/\/domeniowines.com\/wp-content\/uploads\/2023\/10\/olis-clot-de-l-hora1.png","datePublished":"2023-10-04T18:48:39+00:00","dateModified":"2025-07-23T08:43:26+00:00","description":"Oli arbequina verge extra Clot de l\u2019Horta, elaborat a La Bisbal del Pened\u00e8s i amb DOP Siurana. Arom\u00e0tic, aut\u00e8ntic i 100% mediterrani.","breadcrumb":{"@id":"https:\/\/domeniowines.com\/ca\/oli-clot-de-lhorta\/#breadcrumb"},"inLanguage":"ca","potentialAction":[{"@type":"ReadAction","target":["https:\/\/domeniowines.com\/ca\/oli-clot-de-lhorta\/"]}]},{"@type":"ImageObject","inLanguage":"ca","@id":"https:\/\/domeniowines.com\/ca\/oli-clot-de-lhorta\/#primaryimage","url":"https:\/\/domeniowines.com\/wp-content\/uploads\/2023\/10\/olis-clot-de-l-hora1.png","contentUrl":"https:\/\/domeniowines.com\/wp-content\/uploads\/2023\/10\/olis-clot-de-l-hora1.png"},{"@type":"BreadcrumbList","@id":"https:\/\/domeniowines.com\/ca\/oli-clot-de-lhorta\/#breadcrumb","itemListElement":[{"@type":"ListItem","position":1,"name":"Portada","item":"https:\/\/domeniowines.com\/ca\/"},{"@type":"ListItem","position":2,"name":"OLIS CLOT DE L&#8217;HORA"}]},{"@type":"WebSite","@id":"https:\/\/domeniowines.com\/#website","url":"https:\/\/domeniowines.com\/","name":"Domenio","description":"Vins i caves | 1917","potentialAction":[{"@type":"SearchAction","target":{"@type":"EntryPoint","urlTemplate":"https:\/\/domeniowines.com\/?s={search_term_string}"},"query-input":{"@type":"PropertyValueSpecification","valueRequired":true,"valueName":"search_term_string"}}],"inLanguage":"ca"}]}},"featured_media_urls":[],"_links":{"self":[{"href":"https:\/\/domeniowines.com\/ca\/wp-json\/wp\/v2\/pages\/4887","targetHints":{"allow":["GET"]}}],"collection":[{"href":"https:\/\/domeniowines.com\/ca\/wp-json\/wp\/v2\/pages"}],"about":[{"href":"https:\/\/domeniowines.com\/ca\/wp-json\/wp\/v2\/types\/page"}],"author":[{"embeddable":true,"href":"https:\/\/domeniowines.com\/ca\/wp-json\/wp\/v2\/users\/1"}],"replies":[{"embeddable":true,"href":"https:\/\/domeniowines.com\/ca\/wp-json\/wp\/v2\/comments?post=4887"}],"version-history":[{"count":5,"href":"https:\/\/domeniowines.com\/ca\/wp-json\/wp\/v2\/pages\/4887\/revisions"}],"predecessor-version":[{"id":6755,"href":"https:\/\/domeniowines.com\/ca\/wp-json\/wp\/v2\/pages\/4887\/revisions\/6755"}],"wp:attachment":[{"href":"https:\/\/domeniowines.com\/ca\/wp-json\/wp\/v2\/media?parent=4887"}],"curies":[{"name":"wp","href":"https:\/\/api.w.org\/{rel}","templated":true}]}}