{"id":4890,"date":"2023-09-29T22:01:38","date_gmt":"2023-09-29T20:01:38","guid":{"rendered":"https:\/\/domeniowines.com\/del-camp-a-la-taula\/"},"modified":"2025-07-23T11:09:44","modified_gmt":"2025-07-23T09:09:44","slug":"del-camp-a-la-taula","status":"publish","type":"page","link":"https:\/\/domeniowines.com\/ca\/del-camp-a-la-taula\/","title":{"rendered":"DEL CAMP A LA TAULA"},"content":{"rendered":"\t\t<div data-elementor-type=\"wp-page\" data-elementor-id=\"4890\" class=\"elementor elementor-4890 elementor-886\" data-elementor-post-type=\"page\">\n\t\t\t\t\t\t\t<div class=\"has_eae_slider elementor-element elementor-element-7853c96 e-flex e-con-boxed e-con e-parent\" data-id=\"7853c96\" data-element_type=\"container\" data-settings=\"{&quot;background_background&quot;:&quot;classic&quot;,&quot;content_width&quot;:&quot;boxed&quot;}\" data-core-v316-plus=\"true\">\n\t\t\t\t\t<div class=\"e-con-inner\">\n\t\t\t\t<div class=\"elementor-element elementor-element-8accaa3 elementor-widget elementor-widget-spacer\" data-id=\"8accaa3\" data-element_type=\"widget\" data-widget_type=\"spacer.default\">\n\t\t\t\t<div class=\"elementor-widget-container\">\n\t\t\t<style>\/*! elementor - v3.17.0 - 01-11-2023 *\/\n.elementor-column .elementor-spacer-inner{height:var(--spacer-size)}.e-con{--container-widget-width:100%}.e-con-inner>.elementor-widget-spacer,.e-con>.elementor-widget-spacer{width:var(--container-widget-width,var(--spacer-size));--align-self:var(--container-widget-align-self,initial);--flex-shrink:0}.e-con-inner>.elementor-widget-spacer>.elementor-widget-container,.e-con>.elementor-widget-spacer>.elementor-widget-container{height:100%;width:100%}.e-con-inner>.elementor-widget-spacer>.elementor-widget-container>.elementor-spacer,.e-con>.elementor-widget-spacer>.elementor-widget-container>.elementor-spacer{height:100%}.e-con-inner>.elementor-widget-spacer>.elementor-widget-container>.elementor-spacer>.elementor-spacer-inner,.e-con>.elementor-widget-spacer>.elementor-widget-container>.elementor-spacer>.elementor-spacer-inner{height:var(--container-widget-height,var(--spacer-size))}.e-con-inner>.elementor-widget-spacer.elementor-widget-empty,.e-con>.elementor-widget-spacer.elementor-widget-empty{position:relative;min-height:22px;min-width:22px}.e-con-inner>.elementor-widget-spacer.elementor-widget-empty .elementor-widget-empty-icon,.e-con>.elementor-widget-spacer.elementor-widget-empty .elementor-widget-empty-icon{position:absolute;top:0;bottom:0;left:0;right:0;margin:auto;padding:0;width:22px;height:22px}<\/style>\t\t<div class=\"elementor-spacer\">\n\t\t\t<div class=\"elementor-spacer-inner\"><\/div>\n\t\t<\/div>\n\t\t\t\t<\/div>\n\t\t\t\t<\/div>\n\t\t\t\t<div class=\"elementor-element elementor-element-cb82c05 elementor-widget elementor-widget-text-editor\" data-id=\"cb82c05\" data-element_type=\"widget\" data-widget_type=\"text-editor.default\">\n\t\t\t\t<div class=\"elementor-widget-container\">\n\t\t\t<style>\/*! elementor - v3.17.0 - 01-11-2023 *\/\n.elementor-widget-text-editor.elementor-drop-cap-view-stacked .elementor-drop-cap{background-color:#69727d;color:#fff}.elementor-widget-text-editor.elementor-drop-cap-view-framed .elementor-drop-cap{color:#69727d;border:3px solid;background-color:transparent}.elementor-widget-text-editor:not(.elementor-drop-cap-view-default) .elementor-drop-cap{margin-top:8px}.elementor-widget-text-editor:not(.elementor-drop-cap-view-default) .elementor-drop-cap-letter{width:1em;height:1em}.elementor-widget-text-editor .elementor-drop-cap{float:left;text-align:center;line-height:1;font-size:50px}.elementor-widget-text-editor .elementor-drop-cap-letter{display:inline-block}<\/style>\t\t\t\t<p>INICI \/ SOM PRODUCTORS <span style=\"color: #999999;\">\/ DEL CAMP A LA TAULA<\/span><\/p>\n\t\t\t\t\t\t<\/div>\n\t\t\t\t<\/div>\n\t\t\t\t<div class=\"elementor-element elementor-element-7d0a599 elementor-widget-mobile__width-inherit elementor-widget elementor-widget-heading\" data-id=\"7d0a599\" data-element_type=\"widget\" data-widget_type=\"heading.default\">\n\t\t\t\t<div class=\"elementor-widget-container\">\n\t\t\t<style>\/*! elementor - v3.17.0 - 01-11-2023 *\/\n.elementor-heading-title{padding:0;margin:0;line-height:1}.elementor-widget-heading .elementor-heading-title[class*=elementor-size-]>a{color:inherit;font-size:inherit;line-height:inherit}.elementor-widget-heading .elementor-heading-title.elementor-size-small{font-size:15px}.elementor-widget-heading .elementor-heading-title.elementor-size-medium{font-size:19px}.elementor-widget-heading .elementor-heading-title.elementor-size-large{font-size:29px}.elementor-widget-heading .elementor-heading-title.elementor-size-xl{font-size:39px}.elementor-widget-heading .elementor-heading-title.elementor-size-xxl{font-size:59px}<\/style><h2 class=\"elementor-heading-title elementor-size-default\">Del camp a la taula<\/h2>\t\t<\/div>\n\t\t\t\t<\/div>\n\t\t\t\t\t<\/div>\n\t\t\t\t<\/div>\n\t\t<div class=\"has_eae_slider elementor-element elementor-element-497380e e-flex e-con-boxed e-con e-parent\" data-id=\"497380e\" data-element_type=\"container\" data-settings=\"{&quot;background_background&quot;:&quot;classic&quot;,&quot;content_width&quot;:&quot;boxed&quot;}\" data-core-v316-plus=\"true\">\n\t\t\t\t\t<div class=\"e-con-inner\">\n\t\t<div class=\"has_eae_slider elementor-element elementor-element-0d77e1d e-con-full e-flex e-con e-child\" data-id=\"0d77e1d\" data-element_type=\"container\" data-settings=\"{&quot;content_width&quot;:&quot;full&quot;}\">\n\t\t\t\t<div class=\"elementor-element elementor-element-572a2ae elementor-nav-menu__align-left elementor-nav-menu--dropdown-none elementor-widget elementor-widget-nav-menu\" data-id=\"572a2ae\" data-element_type=\"widget\" data-settings=\"{&quot;layout&quot;:&quot;vertical&quot;,&quot;submenu_icon&quot;:{&quot;value&quot;:&quot;&lt;i class=\\&quot;\\&quot;&gt;&lt;\\\/i&gt;&quot;,&quot;library&quot;:&quot;&quot;}}\" data-widget_type=\"nav-menu.default\">\n\t\t\t\t<div class=\"elementor-widget-container\">\n\t\t\t<link rel=\"stylesheet\" href=\"https:\/\/domeniowines.com\/wp-content\/plugins\/elementor-pro\/assets\/css\/widget-nav-menu.min.css\">\t\t\t<nav class=\"elementor-nav-menu--main elementor-nav-menu__container elementor-nav-menu--layout-vertical e--pointer-text e--animation-shrink\">\n\t\t\t\t<ul id=\"menu-1-572a2ae\" class=\"elementor-nav-menu sm-vertical\"><li class=\"menu-item menu-item-type-post_type menu-item-object-page menu-item-5050\"><a href=\"https:\/\/domeniowines.com\/ca\/vinyes-i-oliveres-mediterranies\/\" class=\"elementor-item\">VINYES MEDITERR\u00c0NIES<\/a><\/li>\n<li class=\"menu-item menu-item-type-post_type menu-item-object-page menu-item-5051\"><a href=\"https:\/\/domeniowines.com\/ca\/els-nostres-cellers\/\" class=\"elementor-item\">Els nostres cellers<\/a><\/li>\n<li class=\"menu-item menu-item-type-post_type menu-item-object-page menu-item-5052\"><a href=\"https:\/\/domeniowines.com\/ca\/elaboracio-i-certificats\/\" class=\"elementor-item\">Elaboraci\u00f3 i certificats<\/a><\/li>\n<li class=\"menu-item menu-item-type-post_type menu-item-object-page menu-item-5053\"><a href=\"https:\/\/domeniowines.com\/ca\/del-camp-a-la-taula\/\" class=\"elementor-item\">DEL CAMP A LA TAULA<\/a><\/li>\n<\/ul>\t\t\t<\/nav>\n\t\t\t\t\t\t<nav class=\"elementor-nav-menu--dropdown elementor-nav-menu__container\" aria-hidden=\"true\">\n\t\t\t\t<ul id=\"menu-2-572a2ae\" class=\"elementor-nav-menu sm-vertical\"><li class=\"menu-item menu-item-type-post_type menu-item-object-page menu-item-5050\"><a href=\"https:\/\/domeniowines.com\/ca\/vinyes-i-oliveres-mediterranies\/\" class=\"elementor-item\" tabindex=\"-1\">VINYES MEDITERR\u00c0NIES<\/a><\/li>\n<li class=\"menu-item menu-item-type-post_type menu-item-object-page menu-item-5051\"><a href=\"https:\/\/domeniowines.com\/ca\/els-nostres-cellers\/\" class=\"elementor-item\" tabindex=\"-1\">Els nostres cellers<\/a><\/li>\n<li class=\"menu-item menu-item-type-post_type menu-item-object-page menu-item-5052\"><a href=\"https:\/\/domeniowines.com\/ca\/elaboracio-i-certificats\/\" class=\"elementor-item\" tabindex=\"-1\">Elaboraci\u00f3 i certificats<\/a><\/li>\n<li class=\"menu-item menu-item-type-post_type menu-item-object-page menu-item-5053\"><a href=\"https:\/\/domeniowines.com\/ca\/del-camp-a-la-taula\/\" class=\"elementor-item\" tabindex=\"-1\">DEL CAMP A LA TAULA<\/a><\/li>\n<\/ul>\t\t\t<\/nav>\n\t\t\t\t<\/div>\n\t\t\t\t<\/div>\n\t\t\t\t<\/div>\n\t\t<div class=\"has_eae_slider elementor-element elementor-element-7b8e5af e-con-full e-flex e-con e-child\" data-id=\"7b8e5af\" data-element_type=\"container\" data-settings=\"{&quot;content_width&quot;:&quot;full&quot;}\">\n\t\t\t\t<div class=\"elementor-element elementor-element-5383290 elementor-widget elementor-widget-image\" data-id=\"5383290\" data-element_type=\"widget\" data-widget_type=\"image.default\">\n\t\t\t\t<div class=\"elementor-widget-container\">\n\t\t\t<style>\/*! elementor - v3.17.0 - 01-11-2023 *\/\n.elementor-widget-image{text-align:center}.elementor-widget-image a{display:inline-block}.elementor-widget-image a img[src$=\".svg\"]{width:48px}.elementor-widget-image img{vertical-align:middle;display:inline-block}<\/style>\t\t\t\t\t\t\t\t\t\t\t\t<img loading=\"lazy\" decoding=\"async\" width=\"1920\" height=\"1080\" src=\"https:\/\/domeniowines.com\/wp-content\/uploads\/2023\/09\/del-camp-a-la-taula.jpg\" class=\"attachment-full size-full wp-image-887\" alt=\"\" srcset=\"https:\/\/domeniowines.com\/wp-content\/uploads\/2023\/09\/del-camp-a-la-taula.jpg 1920w, https:\/\/domeniowines.com\/wp-content\/uploads\/2023\/09\/del-camp-a-la-taula-300x169.jpg 300w, https:\/\/domeniowines.com\/wp-content\/uploads\/2023\/09\/del-camp-a-la-taula-1024x576.jpg 1024w, https:\/\/domeniowines.com\/wp-content\/uploads\/2023\/09\/del-camp-a-la-taula-768x432.jpg 768w, https:\/\/domeniowines.com\/wp-content\/uploads\/2023\/09\/del-camp-a-la-taula-1536x864.jpg 1536w, https:\/\/domeniowines.com\/wp-content\/uploads\/2023\/09\/del-camp-a-la-taula-600x338.jpg 600w, https:\/\/domeniowines.com\/wp-content\/uploads\/2023\/09\/del-camp-a-la-taula-1200x675.jpg 1200w\" sizes=\"auto, (max-width: 1920px) 100vw, 1920px\" \/>\t\t\t\t\t\t\t\t\t\t\t\t\t\t\t<\/div>\n\t\t\t\t<\/div>\n\t\t\t\t<div class=\"elementor-element elementor-element-5b42727 elementor-widget elementor-widget-spacer\" data-id=\"5b42727\" data-element_type=\"widget\" data-widget_type=\"spacer.default\">\n\t\t\t\t<div class=\"elementor-widget-container\">\n\t\t\t\t\t<div class=\"elementor-spacer\">\n\t\t\t<div class=\"elementor-spacer-inner\"><\/div>\n\t\t<\/div>\n\t\t\t\t<\/div>\n\t\t\t\t<\/div>\n\t\t\t\t<div class=\"elementor-element elementor-element-e8e0714 elementor-widget elementor-widget-heading\" data-id=\"e8e0714\" data-element_type=\"widget\" data-widget_type=\"heading.default\">\n\t\t\t\t<div class=\"elementor-widget-container\">\n\t\t\t<h2 class=\"elementor-heading-title elementor-size-default\">Del camp a la taula<\/h2>\t\t<\/div>\n\t\t\t\t<\/div>\n\t\t\t\t<div class=\"elementor-element elementor-element-21e352e elementor-widget elementor-widget-heading\" data-id=\"21e352e\" data-element_type=\"widget\" data-widget_type=\"heading.default\">\n\t\t\t\t<div class=\"elementor-widget-container\">\n\t\t\t<p class=\"elementor-heading-title elementor-size-small\">La producci\u00f3 dels vins, caves i olis de Domenio est\u00e0 totalment controlada des dels seus Inicis. Per aix\u00f2 ens agrada dir que supervisem tot el proc\u00e9s, des del camp fins a la taula.<\/p>\t\t<\/div>\n\t\t\t\t<\/div>\n\t\t\t\t<div class=\"elementor-element elementor-element-e0f9bb5 elementor-widget elementor-widget-heading\" data-id=\"e0f9bb5\" data-element_type=\"widget\" data-widget_type=\"heading.default\">\n\t\t\t\t<div class=\"elementor-widget-container\">\n\t\t\t<p class=\"elementor-heading-title elementor-size-small\">Treballem sobre els camps de conreu de vuit pobles del sud-est catal\u00e0 durant tot l'any. De verema a verema, de collita a collita i de producci\u00f3 en producci\u00f3.<\/p>\t\t<\/div>\n\t\t\t\t<\/div>\n\t\t\t\t<div class=\"elementor-element elementor-element-77d697b elementor-widget elementor-widget-heading\" data-id=\"77d697b\" data-element_type=\"widget\" data-widget_type=\"heading.default\">\n\t\t\t\t<div class=\"elementor-widget-container\">\n\t\t\t<p class=\"elementor-heading-title elementor-size-small\">Els processos de transformaci\u00f3 aliment\u00e0ria en els que treballem a Domenio es desenvolupen amb controls exhaustius i supervisats pel Departament T\u00e8cnic de l\u2019entitat. Una activitat que considerem fonamental per aconseguir una producci\u00f3 resultant que compti amb les m\u00e0ximes garanties.<\/p>\t\t<\/div>\n\t\t\t\t<\/div>\n\t\t\t\t<div class=\"elementor-element elementor-element-d80dc39 elementor-widget elementor-widget-heading\" data-id=\"d80dc39\" data-element_type=\"widget\" data-widget_type=\"heading.default\">\n\t\t\t\t<div class=\"elementor-widget-container\">\n\t\t\t<p class=\"elementor-heading-title elementor-size-small\">Per aix\u00f2, a Domenio no nom\u00e9s treballem en la producci\u00f3 i l\u2019embotellament dels derivats del ra\u00efm i les olives; vetllem pel producte molt abans que aquest sigui el fruit de l\u2019esfor\u00e7 i la dedicaci\u00f3 de l\u2019equip de Cellers Domenys. Supervisem la cura del camp, la sostenibilitat dels conreus i la qualitat de la mat\u00e8ria primera.<\/p>\t\t<\/div>\n\t\t\t\t<\/div>\n\t\t\t\t<div class=\"elementor-element elementor-element-7521143 elementor-widget elementor-widget-heading\" data-id=\"7521143\" data-element_type=\"widget\" data-widget_type=\"heading.default\">\n\t\t\t\t<div class=\"elementor-widget-container\">\n\t\t\t<p class=\"elementor-heading-title elementor-size-small\">Controlem el transport i l\u2019entrada del material als cellers i les alm\u00e0sseres. Revisem que tot el proc\u00e9s de producci\u00f3 sigui \u00f2ptim i compleixi amb els m\u00e0xims requisits de qualitat i les exig\u00e8ncies de les Denominacions d\u2019Origen i, una vegada obtinguts els embotellats, assegurem que el producte estigui preparat per a la seva comercialitzaci\u00f3. En aquest sentit, Domenio disposa d\u2019uns departaments comercials, nacional i internacional, especialitzats en els productes i en la planificaci\u00f3, coordinaci\u00f3 i desenvolupament de tot un programa d\u2019accions per potenciar i ampliar la pres\u00e8ncia dels vins, caves i olis de la marca no tan sols al territori, sin\u00f3 tamb\u00e9 m\u00e9s enll\u00e0 de les fronteres.<\/p>\t\t<\/div>\n\t\t\t\t<\/div>\n\t\t\t\t<\/div>\n\t\t\t\t\t<\/div>\n\t\t\t\t<\/div>\n\t\t\t\t\t\t\t<\/div>\n\t\t","protected":false},"excerpt":{"rendered":"<p>INICI \/ SOM PRODUCTORS \/ DEL CAMP A LA TAULA Del camp a la taula Del camp a la taula La producci\u00f3 dels vins, caves i olis de Domenio est\u00e0 totalment controlada des dels seus Inicis. Per aix\u00f2 ens agrada dir que supervisem tot el proc\u00e9s, des del camp fins a la taula. Treballem sobre [&hellip;]<\/p>\n","protected":false},"author":1,"featured_media":0,"parent":0,"menu_order":0,"comment_status":"closed","ping_status":"closed","template":"","meta":{"_eb_attr":"","footnotes":""},"class_list":["post-4890","page","type-page","status-publish","hentry"],"yoast_head":"<!-- This site is optimized with the Yoast SEO plugin v25.5 - https:\/\/yoast.com\/wordpress\/plugins\/seo\/ -->\n<title>Del camp a la taula | Control integral de qualitat | Domenio Wines<\/title>\n<meta name=\"description\" content=\"Descobreix com Domenio Wines controla tot el proc\u00e9s de producci\u00f3 dels seus vins, caves i olis: des del conreu fins a la taula, amb m\u00e0xima garantia i sostenibilitat.\" \/>\n<meta name=\"robots\" content=\"index, follow, max-snippet:-1, max-image-preview:large, max-video-preview:-1\" \/>\n<link rel=\"canonical\" href=\"https:\/\/domeniowines.com\/ca\/del-camp-a-la-taula\/\" \/>\n<meta property=\"og:locale\" content=\"ca_ES\" \/>\n<meta property=\"og:type\" content=\"article\" \/>\n<meta property=\"og:title\" content=\"Del camp a la taula | Control integral de qualitat | Domenio Wines\" \/>\n<meta property=\"og:description\" content=\"Descobreix com Domenio Wines controla tot el proc\u00e9s de producci\u00f3 dels seus vins, caves i olis: des del conreu fins a la taula, amb m\u00e0xima garantia i sostenibilitat.\" \/>\n<meta property=\"og:url\" content=\"https:\/\/domeniowines.com\/ca\/del-camp-a-la-taula\/\" \/>\n<meta property=\"og:site_name\" content=\"Domenio\" \/>\n<meta property=\"article:modified_time\" content=\"2025-07-23T09:09:44+00:00\" \/>\n<meta property=\"og:image\" content=\"https:\/\/domeniowines.com\/wp-content\/uploads\/2023\/09\/del-camp-a-la-taula.jpg\" \/>\n<meta name=\"twitter:card\" content=\"summary_large_image\" \/>\n<meta name=\"twitter:label1\" content=\"Temps estimat de lectura\" \/>\n\t<meta name=\"twitter:data1\" content=\"2 minuts\" \/>\n<script type=\"application\/ld+json\" class=\"yoast-schema-graph\">{\"@context\":\"https:\/\/schema.org\",\"@graph\":[{\"@type\":\"WebPage\",\"@id\":\"https:\/\/domeniowines.com\/ca\/del-camp-a-la-taula\/\",\"url\":\"https:\/\/domeniowines.com\/ca\/del-camp-a-la-taula\/\",\"name\":\"Del camp a la taula | Control integral de qualitat | Domenio Wines\",\"isPartOf\":{\"@id\":\"https:\/\/domeniowines.com\/#website\"},\"primaryImageOfPage\":{\"@id\":\"https:\/\/domeniowines.com\/ca\/del-camp-a-la-taula\/#primaryimage\"},\"image\":{\"@id\":\"https:\/\/domeniowines.com\/ca\/del-camp-a-la-taula\/#primaryimage\"},\"thumbnailUrl\":\"https:\/\/domeniowines.com\/wp-content\/uploads\/2023\/09\/del-camp-a-la-taula.jpg\",\"datePublished\":\"2023-09-29T20:01:38+00:00\",\"dateModified\":\"2025-07-23T09:09:44+00:00\",\"description\":\"Descobreix com Domenio Wines controla tot el proc\u00e9s de producci\u00f3 dels seus vins, caves i olis: des del conreu fins a la taula, amb m\u00e0xima garantia i sostenibilitat.\",\"breadcrumb\":{\"@id\":\"https:\/\/domeniowines.com\/ca\/del-camp-a-la-taula\/#breadcrumb\"},\"inLanguage\":\"ca\",\"potentialAction\":[{\"@type\":\"ReadAction\",\"target\":[\"https:\/\/domeniowines.com\/ca\/del-camp-a-la-taula\/\"]}]},{\"@type\":\"ImageObject\",\"inLanguage\":\"ca\",\"@id\":\"https:\/\/domeniowines.com\/ca\/del-camp-a-la-taula\/#primaryimage\",\"url\":\"https:\/\/domeniowines.com\/wp-content\/uploads\/2023\/09\/del-camp-a-la-taula.jpg\",\"contentUrl\":\"https:\/\/domeniowines.com\/wp-content\/uploads\/2023\/09\/del-camp-a-la-taula.jpg\"},{\"@type\":\"BreadcrumbList\",\"@id\":\"https:\/\/domeniowines.com\/ca\/del-camp-a-la-taula\/#breadcrumb\",\"itemListElement\":[{\"@type\":\"ListItem\",\"position\":1,\"name\":\"Portada\",\"item\":\"https:\/\/domeniowines.com\/ca\/\"},{\"@type\":\"ListItem\",\"position\":2,\"name\":\"DEL CAMP A LA TAULA\"}]},{\"@type\":\"WebSite\",\"@id\":\"https:\/\/domeniowines.com\/#website\",\"url\":\"https:\/\/domeniowines.com\/\",\"name\":\"Domenio\",\"description\":\"Vins i caves | 1917\",\"potentialAction\":[{\"@type\":\"SearchAction\",\"target\":{\"@type\":\"EntryPoint\",\"urlTemplate\":\"https:\/\/domeniowines.com\/?s={search_term_string}\"},\"query-input\":{\"@type\":\"PropertyValueSpecification\",\"valueRequired\":true,\"valueName\":\"search_term_string\"}}],\"inLanguage\":\"ca\"}]}<\/script>\n<!-- \/ Yoast SEO plugin. -->","yoast_head_json":{"title":"Del camp a la taula | Control integral de qualitat | Domenio Wines","description":"Descobreix com Domenio Wines controla tot el proc\u00e9s de producci\u00f3 dels seus vins, caves i olis: des del conreu fins a la taula, amb m\u00e0xima garantia i sostenibilitat.","robots":{"index":"index","follow":"follow","max-snippet":"max-snippet:-1","max-image-preview":"max-image-preview:large","max-video-preview":"max-video-preview:-1"},"canonical":"https:\/\/domeniowines.com\/ca\/del-camp-a-la-taula\/","og_locale":"ca_ES","og_type":"article","og_title":"Del camp a la taula | Control integral de qualitat | Domenio Wines","og_description":"Descobreix com Domenio Wines controla tot el proc\u00e9s de producci\u00f3 dels seus vins, caves i olis: des del conreu fins a la taula, amb m\u00e0xima garantia i sostenibilitat.","og_url":"https:\/\/domeniowines.com\/ca\/del-camp-a-la-taula\/","og_site_name":"Domenio","article_modified_time":"2025-07-23T09:09:44+00:00","og_image":[{"url":"https:\/\/domeniowines.com\/wp-content\/uploads\/2023\/09\/del-camp-a-la-taula.jpg","type":"","width":"","height":""}],"twitter_card":"summary_large_image","twitter_misc":{"Temps estimat de lectura":"2 minuts"},"schema":{"@context":"https:\/\/schema.org","@graph":[{"@type":"WebPage","@id":"https:\/\/domeniowines.com\/ca\/del-camp-a-la-taula\/","url":"https:\/\/domeniowines.com\/ca\/del-camp-a-la-taula\/","name":"Del camp a la taula | Control integral de qualitat | Domenio Wines","isPartOf":{"@id":"https:\/\/domeniowines.com\/#website"},"primaryImageOfPage":{"@id":"https:\/\/domeniowines.com\/ca\/del-camp-a-la-taula\/#primaryimage"},"image":{"@id":"https:\/\/domeniowines.com\/ca\/del-camp-a-la-taula\/#primaryimage"},"thumbnailUrl":"https:\/\/domeniowines.com\/wp-content\/uploads\/2023\/09\/del-camp-a-la-taula.jpg","datePublished":"2023-09-29T20:01:38+00:00","dateModified":"2025-07-23T09:09:44+00:00","description":"Descobreix com Domenio Wines controla tot el proc\u00e9s de producci\u00f3 dels seus vins, caves i olis: des del conreu fins a la taula, amb m\u00e0xima garantia i sostenibilitat.","breadcrumb":{"@id":"https:\/\/domeniowines.com\/ca\/del-camp-a-la-taula\/#breadcrumb"},"inLanguage":"ca","potentialAction":[{"@type":"ReadAction","target":["https:\/\/domeniowines.com\/ca\/del-camp-a-la-taula\/"]}]},{"@type":"ImageObject","inLanguage":"ca","@id":"https:\/\/domeniowines.com\/ca\/del-camp-a-la-taula\/#primaryimage","url":"https:\/\/domeniowines.com\/wp-content\/uploads\/2023\/09\/del-camp-a-la-taula.jpg","contentUrl":"https:\/\/domeniowines.com\/wp-content\/uploads\/2023\/09\/del-camp-a-la-taula.jpg"},{"@type":"BreadcrumbList","@id":"https:\/\/domeniowines.com\/ca\/del-camp-a-la-taula\/#breadcrumb","itemListElement":[{"@type":"ListItem","position":1,"name":"Portada","item":"https:\/\/domeniowines.com\/ca\/"},{"@type":"ListItem","position":2,"name":"DEL CAMP A LA TAULA"}]},{"@type":"WebSite","@id":"https:\/\/domeniowines.com\/#website","url":"https:\/\/domeniowines.com\/","name":"Domenio","description":"Vins i caves | 1917","potentialAction":[{"@type":"SearchAction","target":{"@type":"EntryPoint","urlTemplate":"https:\/\/domeniowines.com\/?s={search_term_string}"},"query-input":{"@type":"PropertyValueSpecification","valueRequired":true,"valueName":"search_term_string"}}],"inLanguage":"ca"}]}},"featured_media_urls":[],"_links":{"self":[{"href":"https:\/\/domeniowines.com\/ca\/wp-json\/wp\/v2\/pages\/4890","targetHints":{"allow":["GET"]}}],"collection":[{"href":"https:\/\/domeniowines.com\/ca\/wp-json\/wp\/v2\/pages"}],"about":[{"href":"https:\/\/domeniowines.com\/ca\/wp-json\/wp\/v2\/types\/page"}],"author":[{"embeddable":true,"href":"https:\/\/domeniowines.com\/ca\/wp-json\/wp\/v2\/users\/1"}],"replies":[{"embeddable":true,"href":"https:\/\/domeniowines.com\/ca\/wp-json\/wp\/v2\/comments?post=4890"}],"version-history":[{"count":11,"href":"https:\/\/domeniowines.com\/ca\/wp-json\/wp\/v2\/pages\/4890\/revisions"}],"predecessor-version":[{"id":6422,"href":"https:\/\/domeniowines.com\/ca\/wp-json\/wp\/v2\/pages\/4890\/revisions\/6422"}],"wp:attachment":[{"href":"https:\/\/domeniowines.com\/ca\/wp-json\/wp\/v2\/media?parent=4890"}],"curies":[{"name":"wp","href":"https:\/\/api.w.org\/{rel}","templated":true}]}}