{"id":4904,"date":"2023-09-27T21:50:34","date_gmt":"2023-09-27T19:50:34","guid":{"rendered":"https:\/\/domeniowines.com\/vinyes-mediterranies\/"},"modified":"2025-07-23T11:14:25","modified_gmt":"2025-07-23T09:14:25","slug":"vinyes-i-oliveres-mediterranies","status":"publish","type":"page","link":"https:\/\/domeniowines.com\/ca\/vinyes-i-oliveres-mediterranies\/","title":{"rendered":"VINYES MEDITERR\u00c0NIES"},"content":{"rendered":"\t\t<div data-elementor-type=\"wp-page\" data-elementor-id=\"4904\" class=\"elementor elementor-4904 elementor-762\" data-elementor-post-type=\"page\">\n\t\t\t\t\t\t\t<div class=\"has_eae_slider elementor-element elementor-element-7853c96 e-flex e-con-boxed e-con e-parent\" data-id=\"7853c96\" data-element_type=\"container\" data-settings=\"{&quot;background_background&quot;:&quot;classic&quot;,&quot;content_width&quot;:&quot;boxed&quot;}\" data-core-v316-plus=\"true\">\n\t\t\t\t\t<div class=\"e-con-inner\">\n\t\t\t\t<div class=\"elementor-element elementor-element-69fb8a4 elementor-widget elementor-widget-spacer\" data-id=\"69fb8a4\" data-element_type=\"widget\" data-widget_type=\"spacer.default\">\n\t\t\t\t<div class=\"elementor-widget-container\">\n\t\t\t<style>\/*! elementor - v3.17.0 - 01-11-2023 *\/\n.elementor-column .elementor-spacer-inner{height:var(--spacer-size)}.e-con{--container-widget-width:100%}.e-con-inner>.elementor-widget-spacer,.e-con>.elementor-widget-spacer{width:var(--container-widget-width,var(--spacer-size));--align-self:var(--container-widget-align-self,initial);--flex-shrink:0}.e-con-inner>.elementor-widget-spacer>.elementor-widget-container,.e-con>.elementor-widget-spacer>.elementor-widget-container{height:100%;width:100%}.e-con-inner>.elementor-widget-spacer>.elementor-widget-container>.elementor-spacer,.e-con>.elementor-widget-spacer>.elementor-widget-container>.elementor-spacer{height:100%}.e-con-inner>.elementor-widget-spacer>.elementor-widget-container>.elementor-spacer>.elementor-spacer-inner,.e-con>.elementor-widget-spacer>.elementor-widget-container>.elementor-spacer>.elementor-spacer-inner{height:var(--container-widget-height,var(--spacer-size))}.e-con-inner>.elementor-widget-spacer.elementor-widget-empty,.e-con>.elementor-widget-spacer.elementor-widget-empty{position:relative;min-height:22px;min-width:22px}.e-con-inner>.elementor-widget-spacer.elementor-widget-empty .elementor-widget-empty-icon,.e-con>.elementor-widget-spacer.elementor-widget-empty .elementor-widget-empty-icon{position:absolute;top:0;bottom:0;left:0;right:0;margin:auto;padding:0;width:22px;height:22px}<\/style>\t\t<div class=\"elementor-spacer\">\n\t\t\t<div class=\"elementor-spacer-inner\"><\/div>\n\t\t<\/div>\n\t\t\t\t<\/div>\n\t\t\t\t<\/div>\n\t\t\t\t<div class=\"elementor-element elementor-element-cb82c05 elementor-widget elementor-widget-text-editor\" data-id=\"cb82c05\" data-element_type=\"widget\" data-widget_type=\"text-editor.default\">\n\t\t\t\t<div class=\"elementor-widget-container\">\n\t\t\t<style>\/*! elementor - v3.17.0 - 01-11-2023 *\/\n.elementor-widget-text-editor.elementor-drop-cap-view-stacked .elementor-drop-cap{background-color:#69727d;color:#fff}.elementor-widget-text-editor.elementor-drop-cap-view-framed .elementor-drop-cap{color:#69727d;border:3px solid;background-color:transparent}.elementor-widget-text-editor:not(.elementor-drop-cap-view-default) .elementor-drop-cap{margin-top:8px}.elementor-widget-text-editor:not(.elementor-drop-cap-view-default) .elementor-drop-cap-letter{width:1em;height:1em}.elementor-widget-text-editor .elementor-drop-cap{float:left;text-align:center;line-height:1;font-size:50px}.elementor-widget-text-editor .elementor-drop-cap-letter{display:inline-block}<\/style>\t\t\t\t<p>INICI \/ SOM PRODUCTORS \/ <span style=\"color: #999999;\">VINYES MEDITERRANIS<\/span><\/p>\n\t\t\t\t\t\t<\/div>\n\t\t\t\t<\/div>\n\t\t\t\t<div class=\"elementor-element elementor-element-7d0a599 elementor-widget-mobile__width-inherit elementor-widget elementor-widget-heading\" data-id=\"7d0a599\" data-element_type=\"widget\" data-widget_type=\"heading.default\">\n\t\t\t\t<div class=\"elementor-widget-container\">\n\t\t\t<style>\/*! elementor - v3.17.0 - 01-11-2023 *\/\n.elementor-heading-title{padding:0;margin:0;line-height:1}.elementor-widget-heading .elementor-heading-title[class*=elementor-size-]>a{color:inherit;font-size:inherit;line-height:inherit}.elementor-widget-heading .elementor-heading-title.elementor-size-small{font-size:15px}.elementor-widget-heading .elementor-heading-title.elementor-size-medium{font-size:19px}.elementor-widget-heading .elementor-heading-title.elementor-size-large{font-size:29px}.elementor-widget-heading .elementor-heading-title.elementor-size-xl{font-size:39px}.elementor-widget-heading .elementor-heading-title.elementor-size-xxl{font-size:59px}<\/style><h2 class=\"elementor-heading-title elementor-size-default\">Vinyes i oliveres mediterr\u00e0nies<\/h2>\t\t<\/div>\n\t\t\t\t<\/div>\n\t\t\t\t\t<\/div>\n\t\t\t\t<\/div>\n\t\t<div class=\"has_eae_slider elementor-element elementor-element-497380e e-flex e-con-boxed e-con e-parent\" data-id=\"497380e\" data-element_type=\"container\" data-settings=\"{&quot;background_background&quot;:&quot;classic&quot;,&quot;content_width&quot;:&quot;boxed&quot;}\" data-core-v316-plus=\"true\">\n\t\t\t\t\t<div class=\"e-con-inner\">\n\t\t<div class=\"has_eae_slider elementor-element elementor-element-0d77e1d e-con-full e-flex e-con e-child\" data-id=\"0d77e1d\" data-element_type=\"container\" data-settings=\"{&quot;content_width&quot;:&quot;full&quot;}\">\n\t\t\t\t<div class=\"elementor-element elementor-element-68a4a8c elementor-nav-menu__align-left elementor-nav-menu--dropdown-none elementor-widget elementor-widget-nav-menu\" data-id=\"68a4a8c\" data-element_type=\"widget\" data-settings=\"{&quot;layout&quot;:&quot;vertical&quot;,&quot;submenu_icon&quot;:{&quot;value&quot;:&quot;&lt;i class=\\&quot;\\&quot;&gt;&lt;\\\/i&gt;&quot;,&quot;library&quot;:&quot;&quot;}}\" data-widget_type=\"nav-menu.default\">\n\t\t\t\t<div class=\"elementor-widget-container\">\n\t\t\t<link rel=\"stylesheet\" href=\"https:\/\/domeniowines.com\/wp-content\/plugins\/elementor-pro\/assets\/css\/widget-nav-menu.min.css\">\t\t\t<nav class=\"elementor-nav-menu--main elementor-nav-menu__container elementor-nav-menu--layout-vertical e--pointer-text e--animation-shrink\">\n\t\t\t\t<ul id=\"menu-1-68a4a8c\" class=\"elementor-nav-menu sm-vertical\"><li class=\"menu-item menu-item-type-post_type menu-item-object-page menu-item-5050\"><a href=\"https:\/\/domeniowines.com\/ca\/vinyes-i-oliveres-mediterranies\/\" class=\"elementor-item\">VINYES MEDITERR\u00c0NIES<\/a><\/li>\n<li class=\"menu-item menu-item-type-post_type menu-item-object-page menu-item-5051\"><a href=\"https:\/\/domeniowines.com\/ca\/els-nostres-cellers\/\" class=\"elementor-item\">Els nostres cellers<\/a><\/li>\n<li class=\"menu-item menu-item-type-post_type menu-item-object-page menu-item-5052\"><a href=\"https:\/\/domeniowines.com\/ca\/elaboracio-i-certificats\/\" class=\"elementor-item\">Elaboraci\u00f3 i certificats<\/a><\/li>\n<li class=\"menu-item menu-item-type-post_type menu-item-object-page menu-item-5053\"><a href=\"https:\/\/domeniowines.com\/ca\/del-camp-a-la-taula\/\" class=\"elementor-item\">DEL CAMP A LA TAULA<\/a><\/li>\n<\/ul>\t\t\t<\/nav>\n\t\t\t\t\t\t<nav class=\"elementor-nav-menu--dropdown elementor-nav-menu__container\" aria-hidden=\"true\">\n\t\t\t\t<ul id=\"menu-2-68a4a8c\" class=\"elementor-nav-menu sm-vertical\"><li class=\"menu-item menu-item-type-post_type menu-item-object-page menu-item-5050\"><a href=\"https:\/\/domeniowines.com\/ca\/vinyes-i-oliveres-mediterranies\/\" class=\"elementor-item\" tabindex=\"-1\">VINYES MEDITERR\u00c0NIES<\/a><\/li>\n<li class=\"menu-item menu-item-type-post_type menu-item-object-page menu-item-5051\"><a href=\"https:\/\/domeniowines.com\/ca\/els-nostres-cellers\/\" class=\"elementor-item\" tabindex=\"-1\">Els nostres cellers<\/a><\/li>\n<li class=\"menu-item menu-item-type-post_type menu-item-object-page menu-item-5052\"><a href=\"https:\/\/domeniowines.com\/ca\/elaboracio-i-certificats\/\" class=\"elementor-item\" tabindex=\"-1\">Elaboraci\u00f3 i certificats<\/a><\/li>\n<li class=\"menu-item menu-item-type-post_type menu-item-object-page menu-item-5053\"><a href=\"https:\/\/domeniowines.com\/ca\/del-camp-a-la-taula\/\" class=\"elementor-item\" tabindex=\"-1\">DEL CAMP A LA TAULA<\/a><\/li>\n<\/ul>\t\t\t<\/nav>\n\t\t\t\t<\/div>\n\t\t\t\t<\/div>\n\t\t\t\t<\/div>\n\t\t<div class=\"has_eae_slider elementor-element elementor-element-7b8e5af e-con-full e-flex e-con e-child\" data-id=\"7b8e5af\" data-element_type=\"container\" data-settings=\"{&quot;content_width&quot;:&quot;full&quot;}\">\n\t\t\t\t<div class=\"elementor-element elementor-element-5383290 elementor-widget elementor-widget-image\" data-id=\"5383290\" data-element_type=\"widget\" data-widget_type=\"image.default\">\n\t\t\t\t<div class=\"elementor-widget-container\">\n\t\t\t<style>\/*! elementor - v3.17.0 - 01-11-2023 *\/\n.elementor-widget-image{text-align:center}.elementor-widget-image a{display:inline-block}.elementor-widget-image a img[src$=\".svg\"]{width:48px}.elementor-widget-image img{vertical-align:middle;display:inline-block}<\/style>\t\t\t\t\t\t\t\t\t\t\t\t<img loading=\"lazy\" decoding=\"async\" width=\"1920\" height=\"1080\" src=\"https:\/\/domeniowines.com\/wp-content\/uploads\/2023\/09\/vinyes-i-oliveres-mediterranies.jpg\" class=\"attachment-full size-full wp-image-767\" alt=\"\" srcset=\"https:\/\/domeniowines.com\/wp-content\/uploads\/2023\/09\/vinyes-i-oliveres-mediterranies.jpg 1920w, https:\/\/domeniowines.com\/wp-content\/uploads\/2023\/09\/vinyes-i-oliveres-mediterranies-300x169.jpg 300w, https:\/\/domeniowines.com\/wp-content\/uploads\/2023\/09\/vinyes-i-oliveres-mediterranies-1024x576.jpg 1024w, https:\/\/domeniowines.com\/wp-content\/uploads\/2023\/09\/vinyes-i-oliveres-mediterranies-768x432.jpg 768w, https:\/\/domeniowines.com\/wp-content\/uploads\/2023\/09\/vinyes-i-oliveres-mediterranies-1536x864.jpg 1536w, https:\/\/domeniowines.com\/wp-content\/uploads\/2023\/09\/vinyes-i-oliveres-mediterranies-600x338.jpg 600w, https:\/\/domeniowines.com\/wp-content\/uploads\/2023\/09\/vinyes-i-oliveres-mediterranies-1200x675.jpg 1200w\" sizes=\"auto, (max-width: 1920px) 100vw, 1920px\" \/>\t\t\t\t\t\t\t\t\t\t\t\t\t\t\t<\/div>\n\t\t\t\t<\/div>\n\t\t\t\t<div class=\"elementor-element elementor-element-2ec44d3 elementor-widget elementor-widget-spacer\" data-id=\"2ec44d3\" data-element_type=\"widget\" data-widget_type=\"spacer.default\">\n\t\t\t\t<div class=\"elementor-widget-container\">\n\t\t\t\t\t<div class=\"elementor-spacer\">\n\t\t\t<div class=\"elementor-spacer-inner\"><\/div>\n\t\t<\/div>\n\t\t\t\t<\/div>\n\t\t\t\t<\/div>\n\t\t\t\t<div class=\"elementor-element elementor-element-e8e0714 elementor-widget elementor-widget-heading\" data-id=\"e8e0714\" data-element_type=\"widget\" data-widget_type=\"heading.default\">\n\t\t\t\t<div class=\"elementor-widget-container\">\n\t\t\t<h2 class=\"elementor-heading-title elementor-size-default\">Vinyes i oliveres mediterr\u00e0nies<\/h2>\t\t<\/div>\n\t\t\t\t<\/div>\n\t\t\t\t<div class=\"elementor-element elementor-element-21e352e elementor-widget elementor-widget-heading\" data-id=\"21e352e\" data-element_type=\"widget\" data-widget_type=\"heading.default\">\n\t\t\t\t<div class=\"elementor-widget-container\">\n\t\t\t<p class=\"elementor-heading-title elementor-size-small\">La distribuci\u00f3 territorial de Domenio va de la costa fins a l'interior del pa\u00eds, factor que ens atorga una producci\u00f3 vitivin\u00edcola i oleica d\u2019intenses i gustoses propietats. Aix\u00f2 ens proporciona el reconeixement de 5 importants denominacions d'origen del territori catal\u00e0: DO Cava, DO Pened\u00e8s, DO Conca de Barber\u00e0, DO Catalunya i DOP Siurana.<\/p>\t\t<\/div>\n\t\t\t\t<\/div>\n\t\t\t\t<div class=\"elementor-element elementor-element-e0f9bb5 elementor-widget elementor-widget-heading\" data-id=\"e0f9bb5\" data-element_type=\"widget\" data-widget_type=\"heading.default\">\n\t\t\t\t<div class=\"elementor-widget-container\">\n\t\t\t<p class=\"elementor-heading-title elementor-size-small\">Els nostres camps de conreu, al cor del mar Mediterrani, s\u00f3n la base de la nostra producci\u00f3 i la filosofia de Domenio. Les vinyes i oliveres dels pagesos socis de Cellers Domenys neixen a mig cam\u00ed de la costa i el prelitoral catal\u00e0 i s\u2019estenen fins a les comarques d\u2019interior del Camp de Tarragona. Indrets que des de fa anys han estat treballats per extreure\u2019n els millors fruits de la terra.<\/p>\t\t<\/div>\n\t\t\t\t<\/div>\n\t\t\t\t<div class=\"elementor-element elementor-element-828095a elementor-widget elementor-widget-image\" data-id=\"828095a\" data-element_type=\"widget\" data-widget_type=\"image.default\">\n\t\t\t\t<div class=\"elementor-widget-container\">\n\t\t\t\t\t\t\t\t\t\t\t\t\t\t\t<img loading=\"lazy\" decoding=\"async\" width=\"884\" height=\"892\" src=\"https:\/\/domeniowines.com\/wp-content\/uploads\/2024\/03\/Mapa.png\" class=\"attachment-full size-full wp-image-6414\" alt=\"\" srcset=\"https:\/\/domeniowines.com\/wp-content\/uploads\/2024\/03\/Mapa.png 884w, https:\/\/domeniowines.com\/wp-content\/uploads\/2024\/03\/Mapa-297x300.png 297w, https:\/\/domeniowines.com\/wp-content\/uploads\/2024\/03\/Mapa-150x150.png 150w, https:\/\/domeniowines.com\/wp-content\/uploads\/2024\/03\/Mapa-768x775.png 768w, https:\/\/domeniowines.com\/wp-content\/uploads\/2024\/03\/Mapa-600x605.png 600w\" sizes=\"auto, (max-width: 884px) 100vw, 884px\" \/>\t\t\t\t\t\t\t\t\t\t\t\t\t\t\t<\/div>\n\t\t\t\t<\/div>\n\t\t\t\t<div class=\"elementor-element elementor-element-20e9898 elementor-widget elementor-widget-spacer\" data-id=\"20e9898\" data-element_type=\"widget\" data-widget_type=\"spacer.default\">\n\t\t\t\t<div class=\"elementor-widget-container\">\n\t\t\t\t\t<div class=\"elementor-spacer\">\n\t\t\t<div class=\"elementor-spacer-inner\"><\/div>\n\t\t<\/div>\n\t\t\t\t<\/div>\n\t\t\t\t<\/div>\n\t\t\t\t<div class=\"elementor-element elementor-element-a35fa0d elementor-widget elementor-widget-heading\" data-id=\"a35fa0d\" data-element_type=\"widget\" data-widget_type=\"heading.default\">\n\t\t\t\t<div class=\"elementor-widget-container\">\n\t\t\t<h3 class=\"elementor-heading-title elementor-size-default\">Baix Pened\u00e8s<\/h3>\t\t<\/div>\n\t\t\t\t<\/div>\n\t\t\t\t<div class=\"elementor-element elementor-element-6a22b87 elementor-widget elementor-widget-heading\" data-id=\"6a22b87\" data-element_type=\"widget\" data-widget_type=\"heading.default\">\n\t\t\t\t<div class=\"elementor-widget-container\">\n\t\t\t<h2 class=\"elementor-heading-title elementor-size-default\">Al Pened\u00e8s s\u00f3n abra\u00e7ades per la Serra del Montmell i ubicades a escassos quil\u00f2metres del Mediterrani, on reposen en un clima de temperatures suaus. Terrenys planers sobre la depressi\u00f3 prelitoral del Pened\u00e8s, terres poc profundes i s\u00f2l calcari, ideals per al conreu de la vinya.<\/h2>\t\t<\/div>\n\t\t\t\t<\/div>\n\t\t\t\t<div class=\"elementor-element elementor-element-eae15dc elementor-widget elementor-widget-heading\" data-id=\"eae15dc\" data-element_type=\"widget\" data-widget_type=\"heading.default\">\n\t\t\t\t<div class=\"elementor-widget-container\">\n\t\t\t<h3 class=\"elementor-heading-title elementor-size-default\">Conca de Barber\u00e0<\/h3>\t\t<\/div>\n\t\t\t\t<\/div>\n\t\t\t\t<div class=\"elementor-element elementor-element-ed3eaf4 elementor-widget elementor-widget-heading\" data-id=\"ed3eaf4\" data-element_type=\"widget\" data-widget_type=\"heading.default\">\n\t\t\t\t<div class=\"elementor-widget-container\">\n\t\t\t<h2 class=\"elementor-heading-title elementor-size-default\">A La Conca de Barber\u00e0, terra de bellesa singular. Relleus irregulars i forts contrastos de color. Vinyes que s\u2019estenen a mig cam\u00ed de les Serres del Tallat i de Queralt. Terres compactes i profundes, de textura franc-argilosa. El seu clima \u00e9s mediterrani-continental, d\u2019hiverns freds i estius c\u00e0lids.<\/h2>\t\t<\/div>\n\t\t\t\t<\/div>\n\t\t\t\t<div class=\"elementor-element elementor-element-2c32998 elementor-widget elementor-widget-heading\" data-id=\"2c32998\" data-element_type=\"widget\" data-widget_type=\"heading.default\">\n\t\t\t\t<div class=\"elementor-widget-container\">\n\t\t\t<h3 class=\"elementor-heading-title elementor-size-default\">Alt Camp<\/h3>\t\t<\/div>\n\t\t\t\t<\/div>\n\t\t\t\t<div class=\"elementor-element elementor-element-b6654a6 elementor-widget elementor-widget-heading\" data-id=\"b6654a6\" data-element_type=\"widget\" data-widget_type=\"heading.default\">\n\t\t\t\t<div class=\"elementor-widget-container\">\n\t\t\t<h2 class=\"elementor-heading-title elementor-size-default\">Entre la c\u00e0lida costa i l\u2019interior, a cavall de la Serra del Montmell i el Mass\u00eds de Bonastre, hi ha vinyes mediterr\u00e0nies plantades en terres poc profundes i calc\u00e0ries, en un terrer caracter\u00edstic del prelitoral catal\u00e0 i acompanyades per un clima de temperatures suaus.<\/h2>\t\t<\/div>\n\t\t\t\t<\/div>\n\t\t\t\t<\/div>\n\t\t\t\t\t<\/div>\n\t\t\t\t<\/div>\n\t\t\t\t\t\t\t<\/div>\n\t\t","protected":false},"excerpt":{"rendered":"<p>INICI \/ SOM PRODUCTORS \/ VINYES MEDITERRANIS Vinyes i oliveres mediterr\u00e0nies Vinyes i oliveres mediterr\u00e0nies La distribuci\u00f3 territorial de Domenio va de la costa fins a l&#8217;interior del pa\u00eds, factor que ens atorga una producci\u00f3 vitivin\u00edcola i oleica d\u2019intenses i gustoses propietats. Aix\u00f2 ens proporciona el reconeixement de 5 importants denominacions d&#8217;origen del territori catal\u00e0: [&hellip;]<\/p>\n","protected":false},"author":1,"featured_media":0,"parent":0,"menu_order":0,"comment_status":"closed","ping_status":"closed","template":"","meta":{"_eb_attr":"","footnotes":""},"class_list":["post-4904","page","type-page","status-publish","hentry"],"yoast_head":"<!-- This site is optimized with the Yoast SEO plugin v25.5 - https:\/\/yoast.com\/wordpress\/plugins\/seo\/ -->\n<title>Vinyes mediterr\u00e0nies | Producci\u00f3 de qualitat | Domenio Wines<\/title>\n<meta name=\"description\" content=\"Les vinyes i oliveres mediterr\u00e0nies de Domenio s\u2019estenen del litoral fins a l\u2019interior del Camp de Tarragona, oferint vins i olis amb 5 Denominacions d&#039;Origen.\" \/>\n<meta name=\"robots\" content=\"index, follow, max-snippet:-1, max-image-preview:large, max-video-preview:-1\" \/>\n<link rel=\"canonical\" href=\"https:\/\/domeniowines.com\/ca\/vinyes-i-oliveres-mediterranies\/\" \/>\n<meta property=\"og:locale\" content=\"ca_ES\" \/>\n<meta property=\"og:type\" content=\"article\" \/>\n<meta property=\"og:title\" content=\"Vinyes mediterr\u00e0nies | Producci\u00f3 de qualitat | Domenio Wines\" \/>\n<meta property=\"og:description\" content=\"Les vinyes i oliveres mediterr\u00e0nies de Domenio s\u2019estenen del litoral fins a l\u2019interior del Camp de Tarragona, oferint vins i olis amb 5 Denominacions d&#039;Origen.\" \/>\n<meta property=\"og:url\" content=\"https:\/\/domeniowines.com\/ca\/vinyes-i-oliveres-mediterranies\/\" \/>\n<meta property=\"og:site_name\" content=\"Domenio\" \/>\n<meta property=\"article:modified_time\" content=\"2025-07-23T09:14:25+00:00\" \/>\n<meta property=\"og:image\" content=\"https:\/\/domeniowines.com\/wp-content\/uploads\/2023\/09\/vinyes-i-oliveres-mediterranies.jpg\" \/>\n<meta name=\"twitter:card\" content=\"summary_large_image\" \/>\n<meta name=\"twitter:label1\" content=\"Temps estimat de lectura\" \/>\n\t<meta name=\"twitter:data1\" content=\"2 minuts\" \/>\n<script type=\"application\/ld+json\" class=\"yoast-schema-graph\">{\"@context\":\"https:\/\/schema.org\",\"@graph\":[{\"@type\":\"WebPage\",\"@id\":\"https:\/\/domeniowines.com\/ca\/vinyes-i-oliveres-mediterranies\/\",\"url\":\"https:\/\/domeniowines.com\/ca\/vinyes-i-oliveres-mediterranies\/\",\"name\":\"Vinyes mediterr\u00e0nies | Producci\u00f3 de qualitat | Domenio Wines\",\"isPartOf\":{\"@id\":\"https:\/\/domeniowines.com\/#website\"},\"primaryImageOfPage\":{\"@id\":\"https:\/\/domeniowines.com\/ca\/vinyes-i-oliveres-mediterranies\/#primaryimage\"},\"image\":{\"@id\":\"https:\/\/domeniowines.com\/ca\/vinyes-i-oliveres-mediterranies\/#primaryimage\"},\"thumbnailUrl\":\"https:\/\/domeniowines.com\/wp-content\/uploads\/2023\/09\/vinyes-i-oliveres-mediterranies.jpg\",\"datePublished\":\"2023-09-27T19:50:34+00:00\",\"dateModified\":\"2025-07-23T09:14:25+00:00\",\"description\":\"Les vinyes i oliveres mediterr\u00e0nies de Domenio s\u2019estenen del litoral fins a l\u2019interior del Camp de Tarragona, oferint vins i olis amb 5 Denominacions d'Origen.\",\"breadcrumb\":{\"@id\":\"https:\/\/domeniowines.com\/ca\/vinyes-i-oliveres-mediterranies\/#breadcrumb\"},\"inLanguage\":\"ca\",\"potentialAction\":[{\"@type\":\"ReadAction\",\"target\":[\"https:\/\/domeniowines.com\/ca\/vinyes-i-oliveres-mediterranies\/\"]}]},{\"@type\":\"ImageObject\",\"inLanguage\":\"ca\",\"@id\":\"https:\/\/domeniowines.com\/ca\/vinyes-i-oliveres-mediterranies\/#primaryimage\",\"url\":\"https:\/\/domeniowines.com\/wp-content\/uploads\/2023\/09\/vinyes-i-oliveres-mediterranies.jpg\",\"contentUrl\":\"https:\/\/domeniowines.com\/wp-content\/uploads\/2023\/09\/vinyes-i-oliveres-mediterranies.jpg\"},{\"@type\":\"BreadcrumbList\",\"@id\":\"https:\/\/domeniowines.com\/ca\/vinyes-i-oliveres-mediterranies\/#breadcrumb\",\"itemListElement\":[{\"@type\":\"ListItem\",\"position\":1,\"name\":\"Portada\",\"item\":\"https:\/\/domeniowines.com\/ca\/\"},{\"@type\":\"ListItem\",\"position\":2,\"name\":\"VINYES MEDITERR\u00c0NIES\"}]},{\"@type\":\"WebSite\",\"@id\":\"https:\/\/domeniowines.com\/#website\",\"url\":\"https:\/\/domeniowines.com\/\",\"name\":\"Domenio\",\"description\":\"Vins i caves | 1917\",\"potentialAction\":[{\"@type\":\"SearchAction\",\"target\":{\"@type\":\"EntryPoint\",\"urlTemplate\":\"https:\/\/domeniowines.com\/?s={search_term_string}\"},\"query-input\":{\"@type\":\"PropertyValueSpecification\",\"valueRequired\":true,\"valueName\":\"search_term_string\"}}],\"inLanguage\":\"ca\"}]}<\/script>\n<!-- \/ Yoast SEO plugin. -->","yoast_head_json":{"title":"Vinyes mediterr\u00e0nies | Producci\u00f3 de qualitat | Domenio Wines","description":"Les vinyes i oliveres mediterr\u00e0nies de Domenio s\u2019estenen del litoral fins a l\u2019interior del Camp de Tarragona, oferint vins i olis amb 5 Denominacions d'Origen.","robots":{"index":"index","follow":"follow","max-snippet":"max-snippet:-1","max-image-preview":"max-image-preview:large","max-video-preview":"max-video-preview:-1"},"canonical":"https:\/\/domeniowines.com\/ca\/vinyes-i-oliveres-mediterranies\/","og_locale":"ca_ES","og_type":"article","og_title":"Vinyes mediterr\u00e0nies | Producci\u00f3 de qualitat | Domenio Wines","og_description":"Les vinyes i oliveres mediterr\u00e0nies de Domenio s\u2019estenen del litoral fins a l\u2019interior del Camp de Tarragona, oferint vins i olis amb 5 Denominacions d'Origen.","og_url":"https:\/\/domeniowines.com\/ca\/vinyes-i-oliveres-mediterranies\/","og_site_name":"Domenio","article_modified_time":"2025-07-23T09:14:25+00:00","og_image":[{"url":"https:\/\/domeniowines.com\/wp-content\/uploads\/2023\/09\/vinyes-i-oliveres-mediterranies.jpg","type":"","width":"","height":""}],"twitter_card":"summary_large_image","twitter_misc":{"Temps estimat de lectura":"2 minuts"},"schema":{"@context":"https:\/\/schema.org","@graph":[{"@type":"WebPage","@id":"https:\/\/domeniowines.com\/ca\/vinyes-i-oliveres-mediterranies\/","url":"https:\/\/domeniowines.com\/ca\/vinyes-i-oliveres-mediterranies\/","name":"Vinyes mediterr\u00e0nies | Producci\u00f3 de qualitat | Domenio Wines","isPartOf":{"@id":"https:\/\/domeniowines.com\/#website"},"primaryImageOfPage":{"@id":"https:\/\/domeniowines.com\/ca\/vinyes-i-oliveres-mediterranies\/#primaryimage"},"image":{"@id":"https:\/\/domeniowines.com\/ca\/vinyes-i-oliveres-mediterranies\/#primaryimage"},"thumbnailUrl":"https:\/\/domeniowines.com\/wp-content\/uploads\/2023\/09\/vinyes-i-oliveres-mediterranies.jpg","datePublished":"2023-09-27T19:50:34+00:00","dateModified":"2025-07-23T09:14:25+00:00","description":"Les vinyes i oliveres mediterr\u00e0nies de Domenio s\u2019estenen del litoral fins a l\u2019interior del Camp de Tarragona, oferint vins i olis amb 5 Denominacions d'Origen.","breadcrumb":{"@id":"https:\/\/domeniowines.com\/ca\/vinyes-i-oliveres-mediterranies\/#breadcrumb"},"inLanguage":"ca","potentialAction":[{"@type":"ReadAction","target":["https:\/\/domeniowines.com\/ca\/vinyes-i-oliveres-mediterranies\/"]}]},{"@type":"ImageObject","inLanguage":"ca","@id":"https:\/\/domeniowines.com\/ca\/vinyes-i-oliveres-mediterranies\/#primaryimage","url":"https:\/\/domeniowines.com\/wp-content\/uploads\/2023\/09\/vinyes-i-oliveres-mediterranies.jpg","contentUrl":"https:\/\/domeniowines.com\/wp-content\/uploads\/2023\/09\/vinyes-i-oliveres-mediterranies.jpg"},{"@type":"BreadcrumbList","@id":"https:\/\/domeniowines.com\/ca\/vinyes-i-oliveres-mediterranies\/#breadcrumb","itemListElement":[{"@type":"ListItem","position":1,"name":"Portada","item":"https:\/\/domeniowines.com\/ca\/"},{"@type":"ListItem","position":2,"name":"VINYES MEDITERR\u00c0NIES"}]},{"@type":"WebSite","@id":"https:\/\/domeniowines.com\/#website","url":"https:\/\/domeniowines.com\/","name":"Domenio","description":"Vins i caves | 1917","potentialAction":[{"@type":"SearchAction","target":{"@type":"EntryPoint","urlTemplate":"https:\/\/domeniowines.com\/?s={search_term_string}"},"query-input":{"@type":"PropertyValueSpecification","valueRequired":true,"valueName":"search_term_string"}}],"inLanguage":"ca"}]}},"featured_media_urls":[],"_links":{"self":[{"href":"https:\/\/domeniowines.com\/ca\/wp-json\/wp\/v2\/pages\/4904","targetHints":{"allow":["GET"]}}],"collection":[{"href":"https:\/\/domeniowines.com\/ca\/wp-json\/wp\/v2\/pages"}],"about":[{"href":"https:\/\/domeniowines.com\/ca\/wp-json\/wp\/v2\/types\/page"}],"author":[{"embeddable":true,"href":"https:\/\/domeniowines.com\/ca\/wp-json\/wp\/v2\/users\/1"}],"replies":[{"embeddable":true,"href":"https:\/\/domeniowines.com\/ca\/wp-json\/wp\/v2\/comments?post=4904"}],"version-history":[{"count":12,"href":"https:\/\/domeniowines.com\/ca\/wp-json\/wp\/v2\/pages\/4904\/revisions"}],"predecessor-version":[{"id":6419,"href":"https:\/\/domeniowines.com\/ca\/wp-json\/wp\/v2\/pages\/4904\/revisions\/6419"}],"wp:attachment":[{"href":"https:\/\/domeniowines.com\/ca\/wp-json\/wp\/v2\/media?parent=4904"}],"curies":[{"name":"wp","href":"https:\/\/api.w.org\/{rel}","templated":true}]}}