{"id":4925,"date":"2023-09-25T19:27:21","date_gmt":"2023-09-25T17:27:21","guid":{"rendered":"https:\/\/domeniowines.com\/els-nostres-vermuts\/"},"modified":"2025-07-23T11:23:52","modified_gmt":"2025-07-23T09:23:52","slug":"els-nostres-vermuts","status":"publish","type":"page","link":"https:\/\/domeniowines.com\/ca\/els-nostres-vermuts\/","title":{"rendered":"Els nostres vermuts"},"content":{"rendered":"\t\t<div data-elementor-type=\"wp-page\" data-elementor-id=\"4925\" class=\"elementor elementor-4925 elementor-609\" data-elementor-post-type=\"page\">\n\t\t\t\t\t\t\t<div class=\"has_eae_slider elementor-element elementor-element-253c7a0 e-flex e-con-boxed e-con e-parent\" data-id=\"253c7a0\" data-element_type=\"container\" data-settings=\"{&quot;background_background&quot;:&quot;classic&quot;,&quot;content_width&quot;:&quot;boxed&quot;}\" data-core-v316-plus=\"true\">\n\t\t\t\t\t<div class=\"e-con-inner\">\n\t\t\t\t<div class=\"elementor-element elementor-element-44fe0ff elementor-widget elementor-widget-spacer\" data-id=\"44fe0ff\" data-element_type=\"widget\" data-widget_type=\"spacer.default\">\n\t\t\t\t<div class=\"elementor-widget-container\">\n\t\t\t<style>\/*! elementor - v3.17.0 - 01-11-2023 *\/\n.elementor-column .elementor-spacer-inner{height:var(--spacer-size)}.e-con{--container-widget-width:100%}.e-con-inner>.elementor-widget-spacer,.e-con>.elementor-widget-spacer{width:var(--container-widget-width,var(--spacer-size));--align-self:var(--container-widget-align-self,initial);--flex-shrink:0}.e-con-inner>.elementor-widget-spacer>.elementor-widget-container,.e-con>.elementor-widget-spacer>.elementor-widget-container{height:100%;width:100%}.e-con-inner>.elementor-widget-spacer>.elementor-widget-container>.elementor-spacer,.e-con>.elementor-widget-spacer>.elementor-widget-container>.elementor-spacer{height:100%}.e-con-inner>.elementor-widget-spacer>.elementor-widget-container>.elementor-spacer>.elementor-spacer-inner,.e-con>.elementor-widget-spacer>.elementor-widget-container>.elementor-spacer>.elementor-spacer-inner{height:var(--container-widget-height,var(--spacer-size))}.e-con-inner>.elementor-widget-spacer.elementor-widget-empty,.e-con>.elementor-widget-spacer.elementor-widget-empty{position:relative;min-height:22px;min-width:22px}.e-con-inner>.elementor-widget-spacer.elementor-widget-empty .elementor-widget-empty-icon,.e-con>.elementor-widget-spacer.elementor-widget-empty .elementor-widget-empty-icon{position:absolute;top:0;bottom:0;left:0;right:0;margin:auto;padding:0;width:22px;height:22px}<\/style>\t\t<div class=\"elementor-spacer\">\n\t\t\t<div class=\"elementor-spacer-inner\"><\/div>\n\t\t<\/div>\n\t\t\t\t<\/div>\n\t\t\t\t<\/div>\n\t\t\t\t<div class=\"elementor-element elementor-element-b1301ad elementor-widget elementor-widget-text-editor\" data-id=\"b1301ad\" data-element_type=\"widget\" data-widget_type=\"text-editor.default\">\n\t\t\t\t<div class=\"elementor-widget-container\">\n\t\t\t<style>\/*! elementor - v3.17.0 - 01-11-2023 *\/\n.elementor-widget-text-editor.elementor-drop-cap-view-stacked .elementor-drop-cap{background-color:#69727d;color:#fff}.elementor-widget-text-editor.elementor-drop-cap-view-framed .elementor-drop-cap{color:#69727d;border:3px solid;background-color:transparent}.elementor-widget-text-editor:not(.elementor-drop-cap-view-default) .elementor-drop-cap{margin-top:8px}.elementor-widget-text-editor:not(.elementor-drop-cap-view-default) .elementor-drop-cap-letter{width:1em;height:1em}.elementor-widget-text-editor .elementor-drop-cap{float:left;text-align:center;line-height:1;font-size:50px}.elementor-widget-text-editor .elementor-drop-cap-letter{display:inline-block}<\/style>\t\t\t\t<p>INICI \/ <span style=\"color: #999999;\">VERMUTS<\/span><\/p>\n\t\t\t\t\t\t<\/div>\n\t\t\t\t<\/div>\n\t\t\t\t<div class=\"elementor-element elementor-element-7224fa7 elementor-widget-mobile__width-inherit elementor-widget elementor-widget-heading\" data-id=\"7224fa7\" data-element_type=\"widget\" data-widget_type=\"heading.default\">\n\t\t\t\t<div class=\"elementor-widget-container\">\n\t\t\t<style>\/*! elementor - v3.17.0 - 01-11-2023 *\/\n.elementor-heading-title{padding:0;margin:0;line-height:1}.elementor-widget-heading .elementor-heading-title[class*=elementor-size-]>a{color:inherit;font-size:inherit;line-height:inherit}.elementor-widget-heading .elementor-heading-title.elementor-size-small{font-size:15px}.elementor-widget-heading .elementor-heading-title.elementor-size-medium{font-size:19px}.elementor-widget-heading .elementor-heading-title.elementor-size-large{font-size:29px}.elementor-widget-heading .elementor-heading-title.elementor-size-xl{font-size:39px}.elementor-widget-heading .elementor-heading-title.elementor-size-xxl{font-size:59px}<\/style><h2 class=\"elementor-heading-title elementor-size-default\">Els nostres vermuts<\/h2>\t\t<\/div>\n\t\t\t\t<\/div>\n\t\t\t\t\t<\/div>\n\t\t\t\t<\/div>\n\t\t<div class=\"has_eae_slider elementor-element elementor-element-2d8f95e e-flex e-con-boxed e-con e-parent\" data-id=\"2d8f95e\" data-element_type=\"container\" data-settings=\"{&quot;background_background&quot;:&quot;gradient&quot;,&quot;content_width&quot;:&quot;boxed&quot;}\" data-core-v316-plus=\"true\">\n\t\t\t\t\t<div class=\"e-con-inner\">\n\t\t<div class=\"has_eae_slider elementor-element elementor-element-90c3b47 e-con-full e-flex e-con e-child\" data-id=\"90c3b47\" data-element_type=\"container\" data-settings=\"{&quot;content_width&quot;:&quot;full&quot;}\">\n\t\t\t\t<div class=\"elementor-element elementor-element-e57fa7e elementor-widget elementor-widget-heading\" data-id=\"e57fa7e\" data-element_type=\"widget\" data-widget_type=\"heading.default\">\n\t\t\t\t<div class=\"elementor-widget-container\">\n\t\t\t<h2 class=\"elementor-heading-title elementor-size-default\">Amor, passi\u00f3, proximitat, sostenibilitat, qualitat i respecte al medi s\u00f3n el denominador com\u00fa dels nostres vermuts. Una elaboraci\u00f3 artesanal que fa del Dommut Cl\u00e0ssic un vermut indispensable. Per\u00f2... com es fa?\nEl vi blanc i el vi negre maceren amb m\u00e9s de 40 bot\u00e0nics durant tres mesos per extreure'n les ess\u00e8ncies. Posteriorment, el vi \u00e9s dotze mesos en una tina en rep\u00f2s perqu\u00e8 aquestes ess\u00e8ncies s'harmonitzin amb el vi. El resultat final ha de ser equilibrat, amb una bona harmonia entre dol\u00e7or, acidesa i amargor. Entre els bot\u00e0nics hi ha el donzell i altres t\u00edpics de la zona que li atorguen un car\u00e0cter \u00fanic.<\/h2>\t\t<\/div>\n\t\t\t\t<\/div>\n\t\t\t\t<\/div>\n\t\t<div class=\"has_eae_slider elementor-element elementor-element-3fe6906 e-con-full e-flex e-con e-child\" data-id=\"3fe6906\" data-element_type=\"container\" data-settings=\"{&quot;content_width&quot;:&quot;full&quot;}\">\n\t\t\t\t<\/div>\n\t\t\t\t\t<\/div>\n\t\t\t\t<\/div>\n\t\t<div class=\"has_eae_slider elementor-element elementor-element-083a2e1 e-flex e-con-boxed e-con e-parent\" data-id=\"083a2e1\" data-element_type=\"container\" data-settings=\"{&quot;background_background&quot;:&quot;gradient&quot;,&quot;content_width&quot;:&quot;boxed&quot;}\" data-core-v316-plus=\"true\">\n\t\t\t\t\t<div class=\"e-con-inner\">\n\t\t<div class=\"has_eae_slider elementor-element elementor-element-d676bd9 e-con-full e-flex e-con e-child\" data-id=\"d676bd9\" data-element_type=\"container\" data-settings=\"{&quot;content_width&quot;:&quot;full&quot;}\">\n\t\t<div class=\"has_eae_slider elementor-element elementor-element-cd59de2 e-con-full e-flex e-con e-child\" data-id=\"cd59de2\" data-element_type=\"container\" data-settings=\"{&quot;content_width&quot;:&quot;full&quot;}\">\n\t\t\t\t<div class=\"elementor-element elementor-element-aa8c8b5 elementor-widget elementor-widget-image\" data-id=\"aa8c8b5\" data-element_type=\"widget\" data-widget_type=\"image.default\">\n\t\t\t\t<div class=\"elementor-widget-container\">\n\t\t\t<style>\/*! elementor - v3.17.0 - 01-11-2023 *\/\n.elementor-widget-image{text-align:center}.elementor-widget-image a{display:inline-block}.elementor-widget-image a img[src$=\".svg\"]{width:48px}.elementor-widget-image img{vertical-align:middle;display:inline-block}<\/style>\t\t\t\t\t\t\t\t\t\t\t\t<img loading=\"lazy\" decoding=\"async\" width=\"600\" height=\"637\" src=\"https:\/\/domeniowines.com\/wp-content\/uploads\/2023\/10\/vermut.png\" class=\"attachment-large size-large wp-image-4185\" alt=\"\" srcset=\"https:\/\/domeniowines.com\/wp-content\/uploads\/2023\/10\/vermut.png 600w, https:\/\/domeniowines.com\/wp-content\/uploads\/2023\/10\/vermut-283x300.png 283w\" sizes=\"auto, (max-width: 600px) 100vw, 600px\" \/>\t\t\t\t\t\t\t\t\t\t\t\t\t\t\t<\/div>\n\t\t\t\t<\/div>\n\t\t\t\t<\/div>\n\t\t\t\t<\/div>\n\t\t<div class=\"has_eae_slider elementor-element elementor-element-35d7c1b e-con-full e-flex e-con e-child\" data-id=\"35d7c1b\" data-element_type=\"container\" data-settings=\"{&quot;content_width&quot;:&quot;full&quot;}\">\n\t\t<div class=\"has_eae_slider elementor-element elementor-element-27e38fe e-con-full e-flex e-con e-child\" data-id=\"27e38fe\" data-element_type=\"container\" data-settings=\"{&quot;content_width&quot;:&quot;full&quot;}\">\n\t\t\t\t<div class=\"elementor-element elementor-element-bc6ab1c elementor-widget elementor-widget-heading\" data-id=\"bc6ab1c\" data-element_type=\"widget\" data-widget_type=\"heading.default\">\n\t\t\t\t<div class=\"elementor-widget-container\">\n\t\t\t<h3 class=\"elementor-heading-title elementor-size-default\">Vermut Dommut Cl\u00e0ssic<\/h3>\t\t<\/div>\n\t\t\t\t<\/div>\n\t\t\t\t<div class=\"elementor-element elementor-element-eace134 elementor-widget elementor-widget-heading\" data-id=\"eace134\" data-element_type=\"widget\" data-widget_type=\"heading.default\">\n\t\t\t\t<div class=\"elementor-widget-container\">\n\t\t\t<p class=\"elementor-heading-title elementor-size-default\">ELABORAT A BLANCAFORT<\/p>\t\t<\/div>\n\t\t\t\t<\/div>\n\t\t\t\t<div class=\"elementor-element elementor-element-d207ebc elementor-widget elementor-widget-heading\" data-id=\"d207ebc\" data-element_type=\"widget\" data-widget_type=\"heading.default\">\n\t\t\t\t<div class=\"elementor-widget-container\">\n\t\t\t<p class=\"elementor-heading-title elementor-size-default\">Torna el vermut de sempre<\/p>\t\t<\/div>\n\t\t\t\t<\/div>\n\t\t\t\t<div class=\"elementor-element elementor-element-1a01e20 elementor-widget elementor-widget-button\" data-id=\"1a01e20\" data-element_type=\"widget\" data-widget_type=\"button.default\">\n\t\t\t\t<div class=\"elementor-widget-container\">\n\t\t\t\t\t<div class=\"elementor-button-wrapper\">\n\t\t\t<a class=\"elementor-button elementor-button-link elementor-size-sm\" href=\"https:\/\/domeniowines.com\/ca\/vermut-dommut-classic\/\">\n\t\t\t\t\t\t<span class=\"elementor-button-content-wrapper\">\n\t\t\t\t\t\t<span class=\"elementor-button-text\">VEURE GAMMA<\/span>\n\t\t<\/span>\n\t\t\t\t\t<\/a>\n\t\t<\/div>\n\t\t\t\t<\/div>\n\t\t\t\t<\/div>\n\t\t\t\t<\/div>\n\t\t\t\t<\/div>\n\t\t\t\t\t<\/div>\n\t\t\t\t<\/div>\n\t\t<div class=\"has_eae_slider elementor-element elementor-element-beaf387 e-con-full e-flex e-con e-parent\" data-id=\"beaf387\" data-element_type=\"container\" data-settings=\"{&quot;content_width&quot;:&quot;full&quot;,&quot;background_background&quot;:&quot;classic&quot;}\" data-core-v316-plus=\"true\">\n\t\t<div class=\"has_eae_slider elementor-element elementor-element-5747168 e-con-full e-flex e-con e-child\" data-id=\"5747168\" data-element_type=\"container\" data-settings=\"{&quot;content_width&quot;:&quot;full&quot;,&quot;background_background&quot;:&quot;classic&quot;}\">\n\t\t<div data-ha-element-link=\"{&quot;url&quot;:&quot;https:\\\/\\\/domeniowines.com\\\/vinos-domenio-wines\\\/&quot;,&quot;is_external&quot;:&quot;&quot;,&quot;nofollow&quot;:&quot;&quot;,&quot;custom_attributes&quot;:&quot;&quot;}\" style=\"cursor: pointer\" class=\"has_eae_slider elementor-element elementor-element-080dc38 e-con-full e-flex e-con e-child\" data-id=\"080dc38\" data-element_type=\"container\" data-settings=\"{&quot;content_width&quot;:&quot;full&quot;,&quot;background_background&quot;:&quot;classic&quot;}\">\n\t\t\t\t<div class=\"elementor-element elementor-element-c77acc6 elementor-widget elementor-widget-heading\" data-id=\"c77acc6\" data-element_type=\"widget\" data-widget_type=\"heading.default\">\n\t\t\t\t<div class=\"elementor-widget-container\">\n\t\t\t<h3 class=\"elementor-heading-title elementor-size-default\"><a href=\"https:\/\/domeniowines.com\/ca\/?page_id=4938\">Els nostres vins\n<\/a><\/h3>\t\t<\/div>\n\t\t\t\t<\/div>\n\t\t\t\t<\/div>\n\t\t<div data-ha-element-link=\"{&quot;url&quot;:&quot;https:\\\/\\\/domeniowines.com\\\/nuestros-cavas\\\/&quot;,&quot;is_external&quot;:&quot;&quot;,&quot;nofollow&quot;:&quot;&quot;,&quot;custom_attributes&quot;:&quot;&quot;}\" style=\"cursor: pointer\" class=\"has_eae_slider elementor-element elementor-element-941a953 e-con-full e-flex e-con e-child\" data-id=\"941a953\" data-element_type=\"container\" data-settings=\"{&quot;content_width&quot;:&quot;full&quot;,&quot;background_background&quot;:&quot;classic&quot;}\">\n\t\t\t\t<div class=\"elementor-element elementor-element-03a868b elementor-widget elementor-widget-heading\" data-id=\"03a868b\" data-element_type=\"widget\" data-widget_type=\"heading.default\">\n\t\t\t\t<div class=\"elementor-widget-container\">\n\t\t\t<h3 class=\"elementor-heading-title elementor-size-default\"><a href=\"https:\/\/domeniowines.com\/ca\/?page_id=4905\">Els nostres caves<\/a><\/h3>\t\t<\/div>\n\t\t\t\t<\/div>\n\t\t\t\t<\/div>\n\t\t<div data-ha-element-link=\"{&quot;url&quot;:&quot;https:\\\/\\\/domeniowines.com\\\/nuestros-aceites\\\/&quot;,&quot;is_external&quot;:&quot;&quot;,&quot;nofollow&quot;:&quot;&quot;,&quot;custom_attributes&quot;:&quot;&quot;}\" style=\"cursor: pointer\" class=\"has_eae_slider elementor-element elementor-element-a42cfbc e-con-full e-flex e-con e-child\" data-id=\"a42cfbc\" data-element_type=\"container\" data-settings=\"{&quot;content_width&quot;:&quot;full&quot;,&quot;background_background&quot;:&quot;classic&quot;}\">\n\t\t\t\t<div class=\"elementor-element elementor-element-ab1187e elementor-widget elementor-widget-heading\" data-id=\"ab1187e\" data-element_type=\"widget\" data-widget_type=\"heading.default\">\n\t\t\t\t<div class=\"elementor-widget-container\">\n\t\t\t<h3 class=\"elementor-heading-title elementor-size-default\"><a href=\"https:\/\/domeniowines.com\/nuestros-aceites\/\">Els nostres olis<\/a><\/h3>\t\t<\/div>\n\t\t\t\t<\/div>\n\t\t\t\t<\/div>\n\t\t\t\t<\/div>\n\t\t\t\t<\/div>\n\t\t\t\t\t\t\t<\/div>\n\t\t","protected":false},"excerpt":{"rendered":"<p>INICI \/ VERMUTS Els nostres vermuts Amor, passi\u00f3, proximitat, sostenibilitat, qualitat i respecte al medi s\u00f3n el denominador com\u00fa dels nostres vermuts. Una elaboraci\u00f3 artesanal que fa del Dommut Cl\u00e0ssic un vermut indispensable. Per\u00f2&#8230; com es fa? El vi blanc i el vi negre maceren amb m\u00e9s de 40 bot\u00e0nics durant tres mesos per extreure&#8217;n [&hellip;]<\/p>\n","protected":false},"author":1,"featured_media":0,"parent":0,"menu_order":0,"comment_status":"closed","ping_status":"closed","template":"","meta":{"_eb_attr":"","footnotes":""},"class_list":["post-4925","page","type-page","status-publish","hentry"],"yoast_head":"<!-- This site is optimized with the Yoast SEO plugin v25.5 - https:\/\/yoast.com\/wordpress\/plugins\/seo\/ -->\n<title>Els nostres vermuts | Vermut artesanal de Cellers Domenys<\/title>\n<meta name=\"description\" content=\"Descobreix els nostres vermuts de Cellers Domenys: elaboraci\u00f3 artesanal amb m\u00e9s de 40 bot\u00e0nics i 12 mesos de rep\u00f2s.\" \/>\n<meta name=\"robots\" content=\"index, follow, max-snippet:-1, max-image-preview:large, max-video-preview:-1\" \/>\n<link rel=\"canonical\" href=\"https:\/\/domeniowines.com\/ca\/els-nostres-vermuts\/\" \/>\n<meta property=\"og:locale\" content=\"ca_ES\" \/>\n<meta property=\"og:type\" content=\"article\" \/>\n<meta property=\"og:title\" content=\"Els nostres vermuts | Vermut artesanal de Cellers Domenys\" \/>\n<meta property=\"og:description\" content=\"Descobreix els nostres vermuts de Cellers Domenys: elaboraci\u00f3 artesanal amb m\u00e9s de 40 bot\u00e0nics i 12 mesos de rep\u00f2s.\" \/>\n<meta property=\"og:url\" content=\"https:\/\/domeniowines.com\/ca\/els-nostres-vermuts\/\" \/>\n<meta property=\"og:site_name\" content=\"Domenio\" \/>\n<meta property=\"article:modified_time\" content=\"2025-07-23T09:23:52+00:00\" \/>\n<meta property=\"og:image\" content=\"https:\/\/domeniowines.com\/wp-content\/uploads\/2023\/10\/vermut.png\" \/>\n<meta name=\"twitter:card\" content=\"summary_large_image\" \/>\n<meta name=\"twitter:label1\" content=\"Temps estimat de lectura\" \/>\n\t<meta name=\"twitter:data1\" content=\"1 minut\" \/>\n<script type=\"application\/ld+json\" class=\"yoast-schema-graph\">{\"@context\":\"https:\/\/schema.org\",\"@graph\":[{\"@type\":\"WebPage\",\"@id\":\"https:\/\/domeniowines.com\/ca\/els-nostres-vermuts\/\",\"url\":\"https:\/\/domeniowines.com\/ca\/els-nostres-vermuts\/\",\"name\":\"Els nostres vermuts | Vermut artesanal de Cellers Domenys\",\"isPartOf\":{\"@id\":\"https:\/\/domeniowines.com\/#website\"},\"primaryImageOfPage\":{\"@id\":\"https:\/\/domeniowines.com\/ca\/els-nostres-vermuts\/#primaryimage\"},\"image\":{\"@id\":\"https:\/\/domeniowines.com\/ca\/els-nostres-vermuts\/#primaryimage\"},\"thumbnailUrl\":\"https:\/\/domeniowines.com\/wp-content\/uploads\/2023\/10\/vermut.png\",\"datePublished\":\"2023-09-25T17:27:21+00:00\",\"dateModified\":\"2025-07-23T09:23:52+00:00\",\"description\":\"Descobreix els nostres vermuts de Cellers Domenys: elaboraci\u00f3 artesanal amb m\u00e9s de 40 bot\u00e0nics i 12 mesos de rep\u00f2s.\",\"breadcrumb\":{\"@id\":\"https:\/\/domeniowines.com\/ca\/els-nostres-vermuts\/#breadcrumb\"},\"inLanguage\":\"ca\",\"potentialAction\":[{\"@type\":\"ReadAction\",\"target\":[\"https:\/\/domeniowines.com\/ca\/els-nostres-vermuts\/\"]}]},{\"@type\":\"ImageObject\",\"inLanguage\":\"ca\",\"@id\":\"https:\/\/domeniowines.com\/ca\/els-nostres-vermuts\/#primaryimage\",\"url\":\"https:\/\/domeniowines.com\/wp-content\/uploads\/2023\/10\/vermut.png\",\"contentUrl\":\"https:\/\/domeniowines.com\/wp-content\/uploads\/2023\/10\/vermut.png\"},{\"@type\":\"BreadcrumbList\",\"@id\":\"https:\/\/domeniowines.com\/ca\/els-nostres-vermuts\/#breadcrumb\",\"itemListElement\":[{\"@type\":\"ListItem\",\"position\":1,\"name\":\"Portada\",\"item\":\"https:\/\/domeniowines.com\/ca\/\"},{\"@type\":\"ListItem\",\"position\":2,\"name\":\"Els nostres vermuts\"}]},{\"@type\":\"WebSite\",\"@id\":\"https:\/\/domeniowines.com\/#website\",\"url\":\"https:\/\/domeniowines.com\/\",\"name\":\"Domenio\",\"description\":\"Vins i caves | 1917\",\"potentialAction\":[{\"@type\":\"SearchAction\",\"target\":{\"@type\":\"EntryPoint\",\"urlTemplate\":\"https:\/\/domeniowines.com\/?s={search_term_string}\"},\"query-input\":{\"@type\":\"PropertyValueSpecification\",\"valueRequired\":true,\"valueName\":\"search_term_string\"}}],\"inLanguage\":\"ca\"}]}<\/script>\n<!-- \/ Yoast SEO plugin. -->","yoast_head_json":{"title":"Els nostres vermuts | Vermut artesanal de Cellers Domenys","description":"Descobreix els nostres vermuts de Cellers Domenys: elaboraci\u00f3 artesanal amb m\u00e9s de 40 bot\u00e0nics i 12 mesos de rep\u00f2s.","robots":{"index":"index","follow":"follow","max-snippet":"max-snippet:-1","max-image-preview":"max-image-preview:large","max-video-preview":"max-video-preview:-1"},"canonical":"https:\/\/domeniowines.com\/ca\/els-nostres-vermuts\/","og_locale":"ca_ES","og_type":"article","og_title":"Els nostres vermuts | Vermut artesanal de Cellers Domenys","og_description":"Descobreix els nostres vermuts de Cellers Domenys: elaboraci\u00f3 artesanal amb m\u00e9s de 40 bot\u00e0nics i 12 mesos de rep\u00f2s.","og_url":"https:\/\/domeniowines.com\/ca\/els-nostres-vermuts\/","og_site_name":"Domenio","article_modified_time":"2025-07-23T09:23:52+00:00","og_image":[{"url":"https:\/\/domeniowines.com\/wp-content\/uploads\/2023\/10\/vermut.png","type":"","width":"","height":""}],"twitter_card":"summary_large_image","twitter_misc":{"Temps estimat de lectura":"1 minut"},"schema":{"@context":"https:\/\/schema.org","@graph":[{"@type":"WebPage","@id":"https:\/\/domeniowines.com\/ca\/els-nostres-vermuts\/","url":"https:\/\/domeniowines.com\/ca\/els-nostres-vermuts\/","name":"Els nostres vermuts | Vermut artesanal de Cellers Domenys","isPartOf":{"@id":"https:\/\/domeniowines.com\/#website"},"primaryImageOfPage":{"@id":"https:\/\/domeniowines.com\/ca\/els-nostres-vermuts\/#primaryimage"},"image":{"@id":"https:\/\/domeniowines.com\/ca\/els-nostres-vermuts\/#primaryimage"},"thumbnailUrl":"https:\/\/domeniowines.com\/wp-content\/uploads\/2023\/10\/vermut.png","datePublished":"2023-09-25T17:27:21+00:00","dateModified":"2025-07-23T09:23:52+00:00","description":"Descobreix els nostres vermuts de Cellers Domenys: elaboraci\u00f3 artesanal amb m\u00e9s de 40 bot\u00e0nics i 12 mesos de rep\u00f2s.","breadcrumb":{"@id":"https:\/\/domeniowines.com\/ca\/els-nostres-vermuts\/#breadcrumb"},"inLanguage":"ca","potentialAction":[{"@type":"ReadAction","target":["https:\/\/domeniowines.com\/ca\/els-nostres-vermuts\/"]}]},{"@type":"ImageObject","inLanguage":"ca","@id":"https:\/\/domeniowines.com\/ca\/els-nostres-vermuts\/#primaryimage","url":"https:\/\/domeniowines.com\/wp-content\/uploads\/2023\/10\/vermut.png","contentUrl":"https:\/\/domeniowines.com\/wp-content\/uploads\/2023\/10\/vermut.png"},{"@type":"BreadcrumbList","@id":"https:\/\/domeniowines.com\/ca\/els-nostres-vermuts\/#breadcrumb","itemListElement":[{"@type":"ListItem","position":1,"name":"Portada","item":"https:\/\/domeniowines.com\/ca\/"},{"@type":"ListItem","position":2,"name":"Els nostres vermuts"}]},{"@type":"WebSite","@id":"https:\/\/domeniowines.com\/#website","url":"https:\/\/domeniowines.com\/","name":"Domenio","description":"Vins i caves | 1917","potentialAction":[{"@type":"SearchAction","target":{"@type":"EntryPoint","urlTemplate":"https:\/\/domeniowines.com\/?s={search_term_string}"},"query-input":{"@type":"PropertyValueSpecification","valueRequired":true,"valueName":"search_term_string"}}],"inLanguage":"ca"}]}},"featured_media_urls":[],"_links":{"self":[{"href":"https:\/\/domeniowines.com\/ca\/wp-json\/wp\/v2\/pages\/4925","targetHints":{"allow":["GET"]}}],"collection":[{"href":"https:\/\/domeniowines.com\/ca\/wp-json\/wp\/v2\/pages"}],"about":[{"href":"https:\/\/domeniowines.com\/ca\/wp-json\/wp\/v2\/types\/page"}],"author":[{"embeddable":true,"href":"https:\/\/domeniowines.com\/ca\/wp-json\/wp\/v2\/users\/1"}],"replies":[{"embeddable":true,"href":"https:\/\/domeniowines.com\/ca\/wp-json\/wp\/v2\/comments?post=4925"}],"version-history":[{"count":10,"href":"https:\/\/domeniowines.com\/ca\/wp-json\/wp\/v2\/pages\/4925\/revisions"}],"predecessor-version":[{"id":6330,"href":"https:\/\/domeniowines.com\/ca\/wp-json\/wp\/v2\/pages\/4925\/revisions\/6330"}],"wp:attachment":[{"href":"https:\/\/domeniowines.com\/ca\/wp-json\/wp\/v2\/media?parent=4925"}],"curies":[{"name":"wp","href":"https:\/\/api.w.org\/{rel}","templated":true}]}}