{"id":4937,"date":"2023-09-27T17:42:17","date_gmt":"2023-09-27T15:42:17","guid":{"rendered":"https:\/\/domeniowines.com\/empresa-cooperativa\/"},"modified":"2025-07-23T11:18:08","modified_gmt":"2025-07-23T09:18:08","slug":"empresa-cooperativa","status":"publish","type":"page","link":"https:\/\/domeniowines.com\/ca\/empresa-cooperativa\/","title":{"rendered":"EMPRESA COOPERATIVA"},"content":{"rendered":"\t\t<div data-elementor-type=\"wp-page\" data-elementor-id=\"4937\" class=\"elementor elementor-4937 elementor-725\" data-elementor-post-type=\"page\">\n\t\t\t\t\t\t\t<div class=\"has_eae_slider elementor-element elementor-element-bbe0faa e-flex e-con-boxed e-con e-parent\" data-id=\"bbe0faa\" data-element_type=\"container\" data-settings=\"{&quot;background_background&quot;:&quot;classic&quot;,&quot;content_width&quot;:&quot;boxed&quot;}\" data-core-v316-plus=\"true\">\n\t\t\t\t\t<div class=\"e-con-inner\">\n\t\t\t\t<div class=\"elementor-element elementor-element-afe3cc9 elementor-widget elementor-widget-spacer\" data-id=\"afe3cc9\" data-element_type=\"widget\" data-widget_type=\"spacer.default\">\n\t\t\t\t<div class=\"elementor-widget-container\">\n\t\t\t<style>\/*! elementor - v3.17.0 - 01-11-2023 *\/\n.elementor-column .elementor-spacer-inner{height:var(--spacer-size)}.e-con{--container-widget-width:100%}.e-con-inner>.elementor-widget-spacer,.e-con>.elementor-widget-spacer{width:var(--container-widget-width,var(--spacer-size));--align-self:var(--container-widget-align-self,initial);--flex-shrink:0}.e-con-inner>.elementor-widget-spacer>.elementor-widget-container,.e-con>.elementor-widget-spacer>.elementor-widget-container{height:100%;width:100%}.e-con-inner>.elementor-widget-spacer>.elementor-widget-container>.elementor-spacer,.e-con>.elementor-widget-spacer>.elementor-widget-container>.elementor-spacer{height:100%}.e-con-inner>.elementor-widget-spacer>.elementor-widget-container>.elementor-spacer>.elementor-spacer-inner,.e-con>.elementor-widget-spacer>.elementor-widget-container>.elementor-spacer>.elementor-spacer-inner{height:var(--container-widget-height,var(--spacer-size))}.e-con-inner>.elementor-widget-spacer.elementor-widget-empty,.e-con>.elementor-widget-spacer.elementor-widget-empty{position:relative;min-height:22px;min-width:22px}.e-con-inner>.elementor-widget-spacer.elementor-widget-empty .elementor-widget-empty-icon,.e-con>.elementor-widget-spacer.elementor-widget-empty .elementor-widget-empty-icon{position:absolute;top:0;bottom:0;left:0;right:0;margin:auto;padding:0;width:22px;height:22px}<\/style>\t\t<div class=\"elementor-spacer\">\n\t\t\t<div class=\"elementor-spacer-inner\"><\/div>\n\t\t<\/div>\n\t\t\t\t<\/div>\n\t\t\t\t<\/div>\n\t\t\t\t<div class=\"elementor-element elementor-element-79e3c17 elementor-widget elementor-widget-text-editor\" data-id=\"79e3c17\" data-element_type=\"widget\" data-widget_type=\"text-editor.default\">\n\t\t\t\t<div class=\"elementor-widget-container\">\n\t\t\t<style>\/*! elementor - v3.17.0 - 01-11-2023 *\/\n.elementor-widget-text-editor.elementor-drop-cap-view-stacked .elementor-drop-cap{background-color:#69727d;color:#fff}.elementor-widget-text-editor.elementor-drop-cap-view-framed .elementor-drop-cap{color:#69727d;border:3px solid;background-color:transparent}.elementor-widget-text-editor:not(.elementor-drop-cap-view-default) .elementor-drop-cap{margin-top:8px}.elementor-widget-text-editor:not(.elementor-drop-cap-view-default) .elementor-drop-cap-letter{width:1em;height:1em}.elementor-widget-text-editor .elementor-drop-cap{float:left;text-align:center;line-height:1;font-size:50px}.elementor-widget-text-editor .elementor-drop-cap-letter{display:inline-block}<\/style>\t\t\t\t<p>INICI \/ BY CELLERS DOMENYS \/ <span style=\"color: #999999;\">EMPRESA COOPERATIVA<\/span><\/p>\n\t\t\t\t\t\t<\/div>\n\t\t\t\t<\/div>\n\t\t\t\t<div class=\"elementor-element elementor-element-36dc0fe elementor-widget-mobile__width-inherit elementor-widget elementor-widget-heading\" data-id=\"36dc0fe\" data-element_type=\"widget\" data-widget_type=\"heading.default\">\n\t\t\t\t<div class=\"elementor-widget-container\">\n\t\t\t<style>\/*! elementor - v3.17.0 - 01-11-2023 *\/\n.elementor-heading-title{padding:0;margin:0;line-height:1}.elementor-widget-heading .elementor-heading-title[class*=elementor-size-]>a{color:inherit;font-size:inherit;line-height:inherit}.elementor-widget-heading .elementor-heading-title.elementor-size-small{font-size:15px}.elementor-widget-heading .elementor-heading-title.elementor-size-medium{font-size:19px}.elementor-widget-heading .elementor-heading-title.elementor-size-large{font-size:29px}.elementor-widget-heading .elementor-heading-title.elementor-size-xl{font-size:39px}.elementor-widget-heading .elementor-heading-title.elementor-size-xxl{font-size:59px}<\/style><h2 class=\"elementor-heading-title elementor-size-default\">Empresa cooperativa<\/h2>\t\t<\/div>\n\t\t\t\t<\/div>\n\t\t\t\t\t<\/div>\n\t\t\t\t<\/div>\n\t\t<div class=\"has_eae_slider elementor-element elementor-element-497380e e-flex e-con-boxed e-con e-parent\" data-id=\"497380e\" data-element_type=\"container\" data-settings=\"{&quot;background_background&quot;:&quot;classic&quot;,&quot;content_width&quot;:&quot;boxed&quot;}\" data-core-v316-plus=\"true\">\n\t\t\t\t\t<div class=\"e-con-inner\">\n\t\t<div class=\"has_eae_slider elementor-element elementor-element-0d77e1d e-con-full e-flex e-con e-child\" data-id=\"0d77e1d\" data-element_type=\"container\" data-settings=\"{&quot;content_width&quot;:&quot;full&quot;}\">\n\t\t\t\t<div class=\"elementor-element elementor-element-b05ea27 elementor-nav-menu__align-left elementor-nav-menu--dropdown-none elementor-widget elementor-widget-nav-menu\" data-id=\"b05ea27\" data-element_type=\"widget\" data-settings=\"{&quot;layout&quot;:&quot;vertical&quot;,&quot;submenu_icon&quot;:{&quot;value&quot;:&quot;&lt;i class=\\&quot;\\&quot;&gt;&lt;\\\/i&gt;&quot;,&quot;library&quot;:&quot;&quot;}}\" data-widget_type=\"nav-menu.default\">\n\t\t\t\t<div class=\"elementor-widget-container\">\n\t\t\t<link rel=\"stylesheet\" href=\"https:\/\/domeniowines.com\/wp-content\/plugins\/elementor-pro\/assets\/css\/widget-nav-menu.min.css\">\t\t\t<nav class=\"elementor-nav-menu--main elementor-nav-menu__container elementor-nav-menu--layout-vertical e--pointer-text e--animation-shrink\">\n\t\t\t\t<ul id=\"menu-1-b05ea27\" class=\"elementor-nav-menu sm-vertical\"><li class=\"menu-item menu-item-type-post_type menu-item-object-page menu-item-5044\"><a href=\"https:\/\/domeniowines.com\/ca\/esperit-cooperatiu\/\" class=\"elementor-item\">ESPERIT COOPERATIU<\/a><\/li>\n<li class=\"menu-item menu-item-type-post_type menu-item-object-page menu-item-5045\"><a href=\"https:\/\/domeniowines.com\/ca\/empresa-cooperativa\/\" class=\"elementor-item\">EMPRESA COOPERATIVA<\/a><\/li>\n<li class=\"menu-item menu-item-type-post_type menu-item-object-page menu-item-5046\"><a href=\"https:\/\/domeniowines.com\/ca\/premis-destacats\/\" class=\"elementor-item\">Premis destacats<\/a><\/li>\n<\/ul>\t\t\t<\/nav>\n\t\t\t\t\t\t<nav class=\"elementor-nav-menu--dropdown elementor-nav-menu__container\" aria-hidden=\"true\">\n\t\t\t\t<ul id=\"menu-2-b05ea27\" class=\"elementor-nav-menu sm-vertical\"><li class=\"menu-item menu-item-type-post_type menu-item-object-page menu-item-5044\"><a href=\"https:\/\/domeniowines.com\/ca\/esperit-cooperatiu\/\" class=\"elementor-item\" tabindex=\"-1\">ESPERIT COOPERATIU<\/a><\/li>\n<li class=\"menu-item menu-item-type-post_type menu-item-object-page menu-item-5045\"><a href=\"https:\/\/domeniowines.com\/ca\/empresa-cooperativa\/\" class=\"elementor-item\" tabindex=\"-1\">EMPRESA COOPERATIVA<\/a><\/li>\n<li class=\"menu-item menu-item-type-post_type menu-item-object-page menu-item-5046\"><a href=\"https:\/\/domeniowines.com\/ca\/premis-destacats\/\" class=\"elementor-item\" tabindex=\"-1\">Premis destacats<\/a><\/li>\n<\/ul>\t\t\t<\/nav>\n\t\t\t\t<\/div>\n\t\t\t\t<\/div>\n\t\t\t\t<\/div>\n\t\t<div class=\"has_eae_slider elementor-element elementor-element-7b8e5af e-con-full e-flex e-con e-child\" data-id=\"7b8e5af\" data-element_type=\"container\" data-settings=\"{&quot;content_width&quot;:&quot;full&quot;}\">\n\t\t\t\t<div class=\"elementor-element elementor-element-5383290 elementor-widget elementor-widget-image\" data-id=\"5383290\" data-element_type=\"widget\" data-widget_type=\"image.default\">\n\t\t\t\t<div class=\"elementor-widget-container\">\n\t\t\t<style>\/*! elementor - v3.17.0 - 01-11-2023 *\/\n.elementor-widget-image{text-align:center}.elementor-widget-image a{display:inline-block}.elementor-widget-image a img[src$=\".svg\"]{width:48px}.elementor-widget-image img{vertical-align:middle;display:inline-block}<\/style>\t\t\t\t\t\t\t\t\t\t\t\t<img loading=\"lazy\" decoding=\"async\" width=\"1920\" height=\"1080\" src=\"https:\/\/domeniowines.com\/wp-content\/uploads\/2023\/09\/empresa-cooperativa.jpg\" class=\"attachment-full size-full wp-image-730\" alt=\"\" srcset=\"https:\/\/domeniowines.com\/wp-content\/uploads\/2023\/09\/empresa-cooperativa.jpg 1920w, https:\/\/domeniowines.com\/wp-content\/uploads\/2023\/09\/empresa-cooperativa-300x169.jpg 300w, https:\/\/domeniowines.com\/wp-content\/uploads\/2023\/09\/empresa-cooperativa-1024x576.jpg 1024w, https:\/\/domeniowines.com\/wp-content\/uploads\/2023\/09\/empresa-cooperativa-768x432.jpg 768w, https:\/\/domeniowines.com\/wp-content\/uploads\/2023\/09\/empresa-cooperativa-1536x864.jpg 1536w, https:\/\/domeniowines.com\/wp-content\/uploads\/2023\/09\/empresa-cooperativa-600x338.jpg 600w, https:\/\/domeniowines.com\/wp-content\/uploads\/2023\/09\/empresa-cooperativa-1200x675.jpg 1200w\" sizes=\"auto, (max-width: 1920px) 100vw, 1920px\" \/>\t\t\t\t\t\t\t\t\t\t\t\t\t\t\t<\/div>\n\t\t\t\t<\/div>\n\t\t\t\t<div class=\"elementor-element elementor-element-eedf54e elementor-widget elementor-widget-spacer\" data-id=\"eedf54e\" data-element_type=\"widget\" data-widget_type=\"spacer.default\">\n\t\t\t\t<div class=\"elementor-widget-container\">\n\t\t\t\t\t<div class=\"elementor-spacer\">\n\t\t\t<div class=\"elementor-spacer-inner\"><\/div>\n\t\t<\/div>\n\t\t\t\t<\/div>\n\t\t\t\t<\/div>\n\t\t\t\t<div class=\"elementor-element elementor-element-e8e0714 elementor-widget elementor-widget-heading\" data-id=\"e8e0714\" data-element_type=\"widget\" data-widget_type=\"heading.default\">\n\t\t\t\t<div class=\"elementor-widget-container\">\n\t\t\t<h2 class=\"elementor-heading-title elementor-size-default\">Empresa cooperativa<\/h2>\t\t<\/div>\n\t\t\t\t<\/div>\n\t\t\t\t<div class=\"elementor-element elementor-element-21e352e elementor-widget elementor-widget-heading\" data-id=\"21e352e\" data-element_type=\"widget\" data-widget_type=\"heading.default\">\n\t\t\t\t<div class=\"elementor-widget-container\">\n\t\t\t<h2 class=\"elementor-heading-title elementor-size-default\">Sant Jaume dels Domenys, Banyeres del Pened\u00e8s, Bellvei del Pened\u00e8s, la Bisbal del Pened\u00e8s, Rocafort de Queralt, Blancafort, Rodony\u00e0, i Pira. L'organitzaci\u00f3 Cellers Domenys est\u00e0 formada per vuit cooperatives, amb m\u00e9s de 800 socis en conjunt, un equip hum\u00e0 format per una cinquantena de professionals i una extensi\u00f3 territorial superior a les 2.600 hect\u00e0rees de vinya i d'olivera.<\/h2>\t\t<\/div>\n\t\t\t\t<\/div>\n\t\t\t\t<div class=\"elementor-element elementor-element-3f8d4df elementor-widget elementor-widget-heading\" data-id=\"3f8d4df\" data-element_type=\"widget\" data-widget_type=\"heading.default\">\n\t\t\t\t<div class=\"elementor-widget-container\">\n\t\t\t<h2 class=\"elementor-heading-title elementor-size-default\">Cellers Domenys \u00e9s una cooperativa de primer grau que elabora productes alimentaris d'origen 100% cooperatiu. Vins per al consum diari i per a ocasions especials, olis premsats en fred, cupatges ben estructurats i caves per brindar en les millors celebracions. Tots ells, controlats exhaustivament des de la producci\u00f3 al camp fins a l'embotellat final de la m\u00e0 de Domenio.<\/h2>\t\t<\/div>\n\t\t\t\t<\/div>\n\t\t\t\t<div class=\"elementor-element elementor-element-5fc847c elementor-widget elementor-widget-heading\" data-id=\"5fc847c\" data-element_type=\"widget\" data-widget_type=\"heading.default\">\n\t\t\t\t<div class=\"elementor-widget-container\">\n\t\t\t<h2 class=\"elementor-heading-title elementor-size-default\">L'\u00e0nima cooperativa de Cellers Domenys d\u00f3na un caire especial als nostres productes, no nom\u00e9s pel resultat final sin\u00f3 tamb\u00e9 per l'aportaci\u00f3 que es fa al territori i les persones que en formen part.<\/h2>\t\t<\/div>\n\t\t\t\t<\/div>\n\t\t\t\t<div class=\"elementor-element elementor-element-a35fa0d elementor-widget elementor-widget-heading\" data-id=\"a35fa0d\" data-element_type=\"widget\" data-widget_type=\"heading.default\">\n\t\t\t\t<div class=\"elementor-widget-container\">\n\t\t\t<h3 class=\"elementor-heading-title elementor-size-default\">Cellers Domenys, l\u2019agermanament de 8 pobles<\/h3>\t\t<\/div>\n\t\t\t\t<\/div>\n\t\t\t\t<div class=\"elementor-element elementor-element-6a22b87 elementor-widget elementor-widget-heading\" data-id=\"6a22b87\" data-element_type=\"widget\" data-widget_type=\"heading.default\">\n\t\t\t\t<div class=\"elementor-widget-container\">\n\t\t\t<h2 class=\"elementor-heading-title elementor-size-default\">Cellers Domenys neix el 1917 a Sant Jaume dels Domenys. El 2006 comen\u00e7a un proc\u00e9s de fusi\u00f3 amb diferents cooperatives de la zona que acaba el 2024 amb vuit pobles agermanats: Banyeres del Pened\u00e8s, Bellvei del Pened\u00e8s, La Bisbal del Pened\u00e8s, Blancafort, Rocafort de Queralt, Rodony\u00e0, Pira i, per descomptat, Sant Jaume dels Domenys.<\/h2>\t\t<\/div>\n\t\t\t\t<\/div>\n\t\t\t\t<div class=\"elementor-element elementor-element-b040a08 elementor-widget elementor-widget-heading\" data-id=\"b040a08\" data-element_type=\"widget\" data-widget_type=\"heading.default\">\n\t\t\t\t<div class=\"elementor-widget-container\">\n\t\t\t<h2 class=\"elementor-heading-title elementor-size-default\">Aquesta fusi\u00f3 ha donat lloc a una organitzaci\u00f3 que amplia les seves fronteres per encarar, ara des d'una perspectiva internacional, nous reptes per superar-se cada dia. Amb una forma de treballar especialment local i d\u2019esperit cooperatiu, Cellers Domenys \u00e9s una empresa que ha crescut durant m\u00e9s de 100 anys per la confian\u00e7a dipositada i els atributs dels seus productes. Amb la vista posada en oferir alts est\u00e0ndards de qualitat en tota la producci\u00f3, l\u2019organitzaci\u00f3 mant\u00e9 la seva aposta per la innovaci\u00f3 i la tecnologia en l\u2019elaboraci\u00f3 de tots els vins, caves i olis, alhora que, compromesos amb el territori, treballa en totes aquelles decisions institucionals que volen posicionar la cooperativa com un referent a nivell mundial, per\u00f2 sense perdre l\u2019ess\u00e8ncia cooperativa.<\/h2>\t\t<\/div>\n\t\t\t\t<\/div>\n\t\t\t\t<div class=\"elementor-element elementor-element-a76f915 elementor-widget elementor-widget-text-editor\" data-id=\"a76f915\" data-element_type=\"widget\" data-widget_type=\"text-editor.default\">\n\t\t\t\t<div class=\"elementor-widget-container\">\n\t\t\t\t\t\t\t<p>Vols saber m\u00e9s sobre la cooperativa de Cellers Domenys? Pots descobrir-ho tot <a href=\"https:\/\/domeniowines.com\/ca\/\">aqu\u00ed<\/a> .<\/p>\t\t\t\t\t\t<\/div>\n\t\t\t\t<\/div>\n\t\t\t\t<\/div>\n\t\t\t\t\t<\/div>\n\t\t\t\t<\/div>\n\t\t\t\t\t\t\t<\/div>\n\t\t","protected":false},"excerpt":{"rendered":"<p>INICI \/ BY CELLERS DOMENYS \/ EMPRESA COOPERATIVA Empresa cooperativa Empresa cooperativa Sant Jaume dels Domenys, Banyeres del Pened\u00e8s, Bellvei del Pened\u00e8s, la Bisbal del Pened\u00e8s, Rocafort de Queralt, Blancafort, Rodony\u00e0, i Pira. L&#8217;organitzaci\u00f3 Cellers Domenys est\u00e0 formada per vuit cooperatives, amb m\u00e9s de 800 socis en conjunt, un equip hum\u00e0 format per una cinquantena [&hellip;]<\/p>\n","protected":false},"author":1,"featured_media":0,"parent":0,"menu_order":0,"comment_status":"closed","ping_status":"closed","template":"","meta":{"_eb_attr":"","footnotes":""},"class_list":["post-4937","page","type-page","status-publish","hentry"],"yoast_head":"<!-- This site is optimized with the Yoast SEO plugin v25.5 - https:\/\/yoast.com\/wordpress\/plugins\/seo\/ -->\n<title>Cooperativa vitivin\u00edcola Cellers Domenys | 100% producci\u00f3 pr\u00f2pia<\/title>\n<meta name=\"description\" content=\"Cellers Domenys \u00e9s una cooperativa de primer grau formada per 8 pobles del sud-est catal\u00e0. Descobreix la seva filosofia i traject\u00f2ria.\" \/>\n<meta name=\"robots\" content=\"index, follow, max-snippet:-1, max-image-preview:large, max-video-preview:-1\" \/>\n<link rel=\"canonical\" href=\"https:\/\/domeniowines.com\/ca\/empresa-cooperativa\/\" \/>\n<meta property=\"og:locale\" content=\"ca_ES\" \/>\n<meta property=\"og:type\" content=\"article\" \/>\n<meta property=\"og:title\" content=\"Cooperativa vitivin\u00edcola Cellers Domenys | 100% producci\u00f3 pr\u00f2pia\" \/>\n<meta property=\"og:description\" content=\"Cellers Domenys \u00e9s una cooperativa de primer grau formada per 8 pobles del sud-est catal\u00e0. Descobreix la seva filosofia i traject\u00f2ria.\" \/>\n<meta property=\"og:url\" content=\"https:\/\/domeniowines.com\/ca\/empresa-cooperativa\/\" \/>\n<meta property=\"og:site_name\" content=\"Domenio\" \/>\n<meta property=\"article:modified_time\" content=\"2025-07-23T09:18:08+00:00\" \/>\n<meta property=\"og:image\" content=\"https:\/\/domeniowines.com\/wp-content\/uploads\/2023\/09\/empresa-cooperativa.jpg\" \/>\n<meta name=\"twitter:card\" content=\"summary_large_image\" \/>\n<meta name=\"twitter:label1\" content=\"Temps estimat de lectura\" \/>\n\t<meta name=\"twitter:data1\" content=\"2 minuts\" \/>\n<script type=\"application\/ld+json\" class=\"yoast-schema-graph\">{\"@context\":\"https:\/\/schema.org\",\"@graph\":[{\"@type\":\"WebPage\",\"@id\":\"https:\/\/domeniowines.com\/ca\/empresa-cooperativa\/\",\"url\":\"https:\/\/domeniowines.com\/ca\/empresa-cooperativa\/\",\"name\":\"Cooperativa vitivin\u00edcola Cellers Domenys | 100% producci\u00f3 pr\u00f2pia\",\"isPartOf\":{\"@id\":\"https:\/\/domeniowines.com\/#website\"},\"primaryImageOfPage\":{\"@id\":\"https:\/\/domeniowines.com\/ca\/empresa-cooperativa\/#primaryimage\"},\"image\":{\"@id\":\"https:\/\/domeniowines.com\/ca\/empresa-cooperativa\/#primaryimage\"},\"thumbnailUrl\":\"https:\/\/domeniowines.com\/wp-content\/uploads\/2023\/09\/empresa-cooperativa.jpg\",\"datePublished\":\"2023-09-27T15:42:17+00:00\",\"dateModified\":\"2025-07-23T09:18:08+00:00\",\"description\":\"Cellers Domenys \u00e9s una cooperativa de primer grau formada per 8 pobles del sud-est catal\u00e0. Descobreix la seva filosofia i traject\u00f2ria.\",\"breadcrumb\":{\"@id\":\"https:\/\/domeniowines.com\/ca\/empresa-cooperativa\/#breadcrumb\"},\"inLanguage\":\"ca\",\"potentialAction\":[{\"@type\":\"ReadAction\",\"target\":[\"https:\/\/domeniowines.com\/ca\/empresa-cooperativa\/\"]}]},{\"@type\":\"ImageObject\",\"inLanguage\":\"ca\",\"@id\":\"https:\/\/domeniowines.com\/ca\/empresa-cooperativa\/#primaryimage\",\"url\":\"https:\/\/domeniowines.com\/wp-content\/uploads\/2023\/09\/empresa-cooperativa.jpg\",\"contentUrl\":\"https:\/\/domeniowines.com\/wp-content\/uploads\/2023\/09\/empresa-cooperativa.jpg\"},{\"@type\":\"BreadcrumbList\",\"@id\":\"https:\/\/domeniowines.com\/ca\/empresa-cooperativa\/#breadcrumb\",\"itemListElement\":[{\"@type\":\"ListItem\",\"position\":1,\"name\":\"Portada\",\"item\":\"https:\/\/domeniowines.com\/ca\/\"},{\"@type\":\"ListItem\",\"position\":2,\"name\":\"EMPRESA COOPERATIVA\"}]},{\"@type\":\"WebSite\",\"@id\":\"https:\/\/domeniowines.com\/#website\",\"url\":\"https:\/\/domeniowines.com\/\",\"name\":\"Domenio\",\"description\":\"Vins i caves | 1917\",\"potentialAction\":[{\"@type\":\"SearchAction\",\"target\":{\"@type\":\"EntryPoint\",\"urlTemplate\":\"https:\/\/domeniowines.com\/?s={search_term_string}\"},\"query-input\":{\"@type\":\"PropertyValueSpecification\",\"valueRequired\":true,\"valueName\":\"search_term_string\"}}],\"inLanguage\":\"ca\"}]}<\/script>\n<!-- \/ Yoast SEO plugin. -->","yoast_head_json":{"title":"Cooperativa vitivin\u00edcola Cellers Domenys | 100% producci\u00f3 pr\u00f2pia","description":"Cellers Domenys \u00e9s una cooperativa de primer grau formada per 8 pobles del sud-est catal\u00e0. Descobreix la seva filosofia i traject\u00f2ria.","robots":{"index":"index","follow":"follow","max-snippet":"max-snippet:-1","max-image-preview":"max-image-preview:large","max-video-preview":"max-video-preview:-1"},"canonical":"https:\/\/domeniowines.com\/ca\/empresa-cooperativa\/","og_locale":"ca_ES","og_type":"article","og_title":"Cooperativa vitivin\u00edcola Cellers Domenys | 100% producci\u00f3 pr\u00f2pia","og_description":"Cellers Domenys \u00e9s una cooperativa de primer grau formada per 8 pobles del sud-est catal\u00e0. Descobreix la seva filosofia i traject\u00f2ria.","og_url":"https:\/\/domeniowines.com\/ca\/empresa-cooperativa\/","og_site_name":"Domenio","article_modified_time":"2025-07-23T09:18:08+00:00","og_image":[{"url":"https:\/\/domeniowines.com\/wp-content\/uploads\/2023\/09\/empresa-cooperativa.jpg","type":"","width":"","height":""}],"twitter_card":"summary_large_image","twitter_misc":{"Temps estimat de lectura":"2 minuts"},"schema":{"@context":"https:\/\/schema.org","@graph":[{"@type":"WebPage","@id":"https:\/\/domeniowines.com\/ca\/empresa-cooperativa\/","url":"https:\/\/domeniowines.com\/ca\/empresa-cooperativa\/","name":"Cooperativa vitivin\u00edcola Cellers Domenys | 100% producci\u00f3 pr\u00f2pia","isPartOf":{"@id":"https:\/\/domeniowines.com\/#website"},"primaryImageOfPage":{"@id":"https:\/\/domeniowines.com\/ca\/empresa-cooperativa\/#primaryimage"},"image":{"@id":"https:\/\/domeniowines.com\/ca\/empresa-cooperativa\/#primaryimage"},"thumbnailUrl":"https:\/\/domeniowines.com\/wp-content\/uploads\/2023\/09\/empresa-cooperativa.jpg","datePublished":"2023-09-27T15:42:17+00:00","dateModified":"2025-07-23T09:18:08+00:00","description":"Cellers Domenys \u00e9s una cooperativa de primer grau formada per 8 pobles del sud-est catal\u00e0. Descobreix la seva filosofia i traject\u00f2ria.","breadcrumb":{"@id":"https:\/\/domeniowines.com\/ca\/empresa-cooperativa\/#breadcrumb"},"inLanguage":"ca","potentialAction":[{"@type":"ReadAction","target":["https:\/\/domeniowines.com\/ca\/empresa-cooperativa\/"]}]},{"@type":"ImageObject","inLanguage":"ca","@id":"https:\/\/domeniowines.com\/ca\/empresa-cooperativa\/#primaryimage","url":"https:\/\/domeniowines.com\/wp-content\/uploads\/2023\/09\/empresa-cooperativa.jpg","contentUrl":"https:\/\/domeniowines.com\/wp-content\/uploads\/2023\/09\/empresa-cooperativa.jpg"},{"@type":"BreadcrumbList","@id":"https:\/\/domeniowines.com\/ca\/empresa-cooperativa\/#breadcrumb","itemListElement":[{"@type":"ListItem","position":1,"name":"Portada","item":"https:\/\/domeniowines.com\/ca\/"},{"@type":"ListItem","position":2,"name":"EMPRESA COOPERATIVA"}]},{"@type":"WebSite","@id":"https:\/\/domeniowines.com\/#website","url":"https:\/\/domeniowines.com\/","name":"Domenio","description":"Vins i caves | 1917","potentialAction":[{"@type":"SearchAction","target":{"@type":"EntryPoint","urlTemplate":"https:\/\/domeniowines.com\/?s={search_term_string}"},"query-input":{"@type":"PropertyValueSpecification","valueRequired":true,"valueName":"search_term_string"}}],"inLanguage":"ca"}]}},"featured_media_urls":[],"_links":{"self":[{"href":"https:\/\/domeniowines.com\/ca\/wp-json\/wp\/v2\/pages\/4937","targetHints":{"allow":["GET"]}}],"collection":[{"href":"https:\/\/domeniowines.com\/ca\/wp-json\/wp\/v2\/pages"}],"about":[{"href":"https:\/\/domeniowines.com\/ca\/wp-json\/wp\/v2\/types\/page"}],"author":[{"embeddable":true,"href":"https:\/\/domeniowines.com\/ca\/wp-json\/wp\/v2\/users\/1"}],"replies":[{"embeddable":true,"href":"https:\/\/domeniowines.com\/ca\/wp-json\/wp\/v2\/comments?post=4937"}],"version-history":[{"count":14,"href":"https:\/\/domeniowines.com\/ca\/wp-json\/wp\/v2\/pages\/4937\/revisions"}],"predecessor-version":[{"id":6486,"href":"https:\/\/domeniowines.com\/ca\/wp-json\/wp\/v2\/pages\/4937\/revisions\/6486"}],"wp:attachment":[{"href":"https:\/\/domeniowines.com\/ca\/wp-json\/wp\/v2\/media?parent=4937"}],"curies":[{"name":"wp","href":"https:\/\/api.w.org\/{rel}","templated":true}]}}