{"id":4953,"date":"2023-09-25T19:20:04","date_gmt":"2023-09-25T17:20:04","guid":{"rendered":"https:\/\/domeniowines.com\/els-nostres-olis\/"},"modified":"2025-07-23T11:26:03","modified_gmt":"2025-07-23T09:26:03","slug":"oli-doliva-dop-siurana","status":"publish","type":"page","link":"https:\/\/domeniowines.com\/ca\/oli-doliva-dop-siurana\/","title":{"rendered":"Els nostres olis"},"content":{"rendered":"\t\t<div data-elementor-type=\"wp-page\" data-elementor-id=\"4953\" class=\"elementor elementor-4953 elementor-594\" data-elementor-post-type=\"page\">\n\t\t\t\t\t\t\t<div class=\"has_eae_slider elementor-element elementor-element-253c7a0 e-flex e-con-boxed e-con e-parent\" data-id=\"253c7a0\" data-element_type=\"container\" data-settings=\"{&quot;background_background&quot;:&quot;classic&quot;,&quot;content_width&quot;:&quot;boxed&quot;}\" data-core-v316-plus=\"true\">\n\t\t\t\t\t<div class=\"e-con-inner\">\n\t\t\t\t<div class=\"elementor-element elementor-element-ce1bc6b elementor-widget elementor-widget-spacer\" data-id=\"ce1bc6b\" data-element_type=\"widget\" data-widget_type=\"spacer.default\">\n\t\t\t\t<div class=\"elementor-widget-container\">\n\t\t\t<style>\/*! elementor - v3.17.0 - 01-11-2023 *\/\n.elementor-column .elementor-spacer-inner{height:var(--spacer-size)}.e-con{--container-widget-width:100%}.e-con-inner>.elementor-widget-spacer,.e-con>.elementor-widget-spacer{width:var(--container-widget-width,var(--spacer-size));--align-self:var(--container-widget-align-self,initial);--flex-shrink:0}.e-con-inner>.elementor-widget-spacer>.elementor-widget-container,.e-con>.elementor-widget-spacer>.elementor-widget-container{height:100%;width:100%}.e-con-inner>.elementor-widget-spacer>.elementor-widget-container>.elementor-spacer,.e-con>.elementor-widget-spacer>.elementor-widget-container>.elementor-spacer{height:100%}.e-con-inner>.elementor-widget-spacer>.elementor-widget-container>.elementor-spacer>.elementor-spacer-inner,.e-con>.elementor-widget-spacer>.elementor-widget-container>.elementor-spacer>.elementor-spacer-inner{height:var(--container-widget-height,var(--spacer-size))}.e-con-inner>.elementor-widget-spacer.elementor-widget-empty,.e-con>.elementor-widget-spacer.elementor-widget-empty{position:relative;min-height:22px;min-width:22px}.e-con-inner>.elementor-widget-spacer.elementor-widget-empty .elementor-widget-empty-icon,.e-con>.elementor-widget-spacer.elementor-widget-empty .elementor-widget-empty-icon{position:absolute;top:0;bottom:0;left:0;right:0;margin:auto;padding:0;width:22px;height:22px}<\/style>\t\t<div class=\"elementor-spacer\">\n\t\t\t<div class=\"elementor-spacer-inner\"><\/div>\n\t\t<\/div>\n\t\t\t\t<\/div>\n\t\t\t\t<\/div>\n\t\t\t\t<div class=\"elementor-element elementor-element-c5abc52 elementor-widget elementor-widget-text-editor\" data-id=\"c5abc52\" data-element_type=\"widget\" data-widget_type=\"text-editor.default\">\n\t\t\t\t<div class=\"elementor-widget-container\">\n\t\t\t<style>\/*! elementor - v3.17.0 - 01-11-2023 *\/\n.elementor-widget-text-editor.elementor-drop-cap-view-stacked .elementor-drop-cap{background-color:#69727d;color:#fff}.elementor-widget-text-editor.elementor-drop-cap-view-framed .elementor-drop-cap{color:#69727d;border:3px solid;background-color:transparent}.elementor-widget-text-editor:not(.elementor-drop-cap-view-default) .elementor-drop-cap{margin-top:8px}.elementor-widget-text-editor:not(.elementor-drop-cap-view-default) .elementor-drop-cap-letter{width:1em;height:1em}.elementor-widget-text-editor .elementor-drop-cap{float:left;text-align:center;line-height:1;font-size:50px}.elementor-widget-text-editor .elementor-drop-cap-letter{display:inline-block}<\/style>\t\t\t\t<p>INICI \/ <span style=\"color: #999999;\">CAVES<\/span><\/p>\n\t\t\t\t\t\t<\/div>\n\t\t\t\t<\/div>\n\t\t\t\t<div class=\"elementor-element elementor-element-7224fa7 elementor-widget-mobile__width-inherit elementor-widget elementor-widget-heading\" data-id=\"7224fa7\" data-element_type=\"widget\" data-widget_type=\"heading.default\">\n\t\t\t\t<div class=\"elementor-widget-container\">\n\t\t\t<style>\/*! elementor - v3.17.0 - 01-11-2023 *\/\n.elementor-heading-title{padding:0;margin:0;line-height:1}.elementor-widget-heading .elementor-heading-title[class*=elementor-size-]>a{color:inherit;font-size:inherit;line-height:inherit}.elementor-widget-heading .elementor-heading-title.elementor-size-small{font-size:15px}.elementor-widget-heading .elementor-heading-title.elementor-size-medium{font-size:19px}.elementor-widget-heading .elementor-heading-title.elementor-size-large{font-size:29px}.elementor-widget-heading .elementor-heading-title.elementor-size-xl{font-size:39px}.elementor-widget-heading .elementor-heading-title.elementor-size-xxl{font-size:59px}<\/style><h2 class=\"elementor-heading-title elementor-size-default\">Els nostres olis<\/h2>\t\t<\/div>\n\t\t\t\t<\/div>\n\t\t\t\t\t<\/div>\n\t\t\t\t<\/div>\n\t\t<div class=\"has_eae_slider elementor-element elementor-element-2d8f95e e-flex e-con-boxed e-con e-parent\" data-id=\"2d8f95e\" data-element_type=\"container\" data-settings=\"{&quot;background_background&quot;:&quot;classic&quot;,&quot;content_width&quot;:&quot;boxed&quot;}\" data-core-v316-plus=\"true\">\n\t\t\t\t\t<div class=\"e-con-inner\">\n\t\t<div class=\"has_eae_slider elementor-element elementor-element-90c3b47 e-con-full e-flex e-con e-child\" data-id=\"90c3b47\" data-element_type=\"container\" data-settings=\"{&quot;content_width&quot;:&quot;full&quot;}\">\n\t\t\t\t<div class=\"elementor-element elementor-element-e57fa7e elementor-widget elementor-widget-heading\" data-id=\"e57fa7e\" data-element_type=\"widget\" data-widget_type=\"heading.default\">\n\t\t\t\t<div class=\"elementor-widget-container\">\n\t\t\t<h2 class=\"elementor-heading-title elementor-size-default\">Siurana, una important denominaci\u00f3 d'origen per als olis d'oliva originaris del Camp de Tarragona. Des del Baix Pened\u00e8s fins a la Ribera d'Ebre: Priorat, Baix Camp, Conca de Barber\u00e0, Tarragon\u00e8s i Alt Camp. Set comarques amb m\u00e9s de 12.000 hect\u00e0rees de terreny dedicades a la producci\u00f3 d'olives arbequines, un tret diferenciador dels nostres olis que ens confereix personalitat pr\u00f2pia sota l'empara de la Denominaci\u00f3 d'Origen Protegida (DOP) Siurana.<\/h2>\t\t<\/div>\n\t\t\t\t<\/div>\n\t\t\t\t<\/div>\n\t\t<div class=\"has_eae_slider elementor-element elementor-element-3fe6906 e-con-full e-flex e-con e-child\" data-id=\"3fe6906\" data-element_type=\"container\" data-settings=\"{&quot;content_width&quot;:&quot;full&quot;}\">\n\t\t\t\t<\/div>\n\t\t\t\t\t<\/div>\n\t\t\t\t<\/div>\n\t\t<div class=\"has_eae_slider elementor-element elementor-element-083a2e1 e-flex e-con-boxed e-con e-parent\" data-id=\"083a2e1\" data-element_type=\"container\" data-settings=\"{&quot;background_background&quot;:&quot;classic&quot;,&quot;content_width&quot;:&quot;boxed&quot;}\" data-core-v316-plus=\"true\">\n\t\t\t\t\t<div class=\"e-con-inner\">\n\t\t<div class=\"has_eae_slider elementor-element elementor-element-d676bd9 e-con-full e-flex e-con e-child\" data-id=\"d676bd9\" data-element_type=\"container\" data-settings=\"{&quot;content_width&quot;:&quot;full&quot;}\">\n\t\t<div class=\"has_eae_slider elementor-element elementor-element-cd59de2 e-con-full e-flex e-con e-child\" data-id=\"cd59de2\" data-element_type=\"container\" data-settings=\"{&quot;content_width&quot;:&quot;full&quot;}\">\n\t\t\t\t<div class=\"elementor-element elementor-element-18e7fc7 elementor-widget elementor-widget-image\" data-id=\"18e7fc7\" data-element_type=\"widget\" data-widget_type=\"image.default\">\n\t\t\t\t<div class=\"elementor-widget-container\">\n\t\t\t<style>\/*! elementor - v3.17.0 - 01-11-2023 *\/\n.elementor-widget-image{text-align:center}.elementor-widget-image a{display:inline-block}.elementor-widget-image a img[src$=\".svg\"]{width:48px}.elementor-widget-image img{vertical-align:middle;display:inline-block}<\/style>\t\t\t\t\t\t\t\t\t\t\t\t<img loading=\"lazy\" decoding=\"async\" width=\"768\" height=\"440\" src=\"https:\/\/domeniowines.com\/wp-content\/uploads\/2023\/10\/aceite-768x440.png\" class=\"attachment-medium_large size-medium_large wp-image-4277\" alt=\"\" srcset=\"https:\/\/domeniowines.com\/wp-content\/uploads\/2023\/10\/aceite-768x440.png 768w, https:\/\/domeniowines.com\/wp-content\/uploads\/2023\/10\/aceite-300x172.png 300w, https:\/\/domeniowines.com\/wp-content\/uploads\/2023\/10\/aceite-600x344.png 600w, https:\/\/domeniowines.com\/wp-content\/uploads\/2023\/10\/aceite.png 800w\" sizes=\"auto, (max-width: 768px) 100vw, 768px\" \/>\t\t\t\t\t\t\t\t\t\t\t\t\t\t\t<\/div>\n\t\t\t\t<\/div>\n\t\t\t\t<\/div>\n\t\t\t\t<\/div>\n\t\t<div class=\"has_eae_slider elementor-element elementor-element-35d7c1b e-con-full e-flex e-con e-child\" data-id=\"35d7c1b\" data-element_type=\"container\" data-settings=\"{&quot;content_width&quot;:&quot;full&quot;}\">\n\t\t<div class=\"has_eae_slider elementor-element elementor-element-27e38fe e-con-full e-flex e-con e-child\" data-id=\"27e38fe\" data-element_type=\"container\" data-settings=\"{&quot;content_width&quot;:&quot;full&quot;}\">\n\t\t\t\t<div class=\"elementor-element elementor-element-bc6ab1c elementor-widget elementor-widget-heading\" data-id=\"bc6ab1c\" data-element_type=\"widget\" data-widget_type=\"heading.default\">\n\t\t\t\t<div class=\"elementor-widget-container\">\n\t\t\t<h3 class=\"elementor-heading-title elementor-size-default\">Olis de Cellers Domenys<\/h3>\t\t<\/div>\n\t\t\t\t<\/div>\n\t\t\t\t<div class=\"elementor-element elementor-element-eace134 elementor-widget elementor-widget-heading\" data-id=\"eace134\" data-element_type=\"widget\" data-widget_type=\"heading.default\">\n\t\t\t\t<div class=\"elementor-widget-container\">\n\t\t\t<h5 class=\"elementor-heading-title elementor-size-default\">DOP SIURANA<\/h5>\t\t<\/div>\n\t\t\t\t<\/div>\n\t\t\t\t<div class=\"elementor-element elementor-element-d207ebc elementor-widget elementor-widget-heading\" data-id=\"d207ebc\" data-element_type=\"widget\" data-widget_type=\"heading.default\">\n\t\t\t\t<div class=\"elementor-widget-container\">\n\t\t\t<p class=\"elementor-heading-title elementor-size-default\">Sabor per als cinc sentits.<\/p>\t\t<\/div>\n\t\t\t\t<\/div>\n\t\t\t\t<div class=\"elementor-element elementor-element-1a01e20 elementor-widget elementor-widget-button\" data-id=\"1a01e20\" data-element_type=\"widget\" data-widget_type=\"button.default\">\n\t\t\t\t<div class=\"elementor-widget-container\">\n\t\t\t\t\t<div class=\"elementor-button-wrapper\">\n\t\t\t<a class=\"elementor-button elementor-button-link elementor-size-sm\" href=\"https:\/\/domeniowines.com\/ca\/?page_id=4835\">\n\t\t\t\t\t\t<span class=\"elementor-button-content-wrapper\">\n\t\t\t\t\t\t<span class=\"elementor-button-text\">VEURE GAMMA<\/span>\n\t\t<\/span>\n\t\t\t\t\t<\/a>\n\t\t<\/div>\n\t\t\t\t<\/div>\n\t\t\t\t<\/div>\n\t\t\t\t<\/div>\n\t\t\t\t<\/div>\n\t\t\t\t\t<\/div>\n\t\t\t\t<\/div>\n\t\t<div class=\"has_eae_slider elementor-element elementor-element-e494e21 e-flex e-con-boxed e-con e-parent\" data-id=\"e494e21\" data-element_type=\"container\" data-settings=\"{&quot;background_background&quot;:&quot;classic&quot;,&quot;content_width&quot;:&quot;boxed&quot;}\" data-core-v316-plus=\"true\">\n\t\t\t\t\t<div class=\"e-con-inner\">\n\t\t<div class=\"has_eae_slider elementor-element elementor-element-9e370c9 e-con-full e-flex e-con e-child\" data-id=\"9e370c9\" data-element_type=\"container\" data-settings=\"{&quot;content_width&quot;:&quot;full&quot;}\">\n\t\t<div class=\"has_eae_slider elementor-element elementor-element-656cef2 e-con-full e-flex e-con e-child\" data-id=\"656cef2\" data-element_type=\"container\" data-settings=\"{&quot;content_width&quot;:&quot;full&quot;}\">\n\t\t\t\t<div class=\"elementor-element elementor-element-283f0b8 elementor-widget elementor-widget-image\" data-id=\"283f0b8\" data-element_type=\"widget\" data-widget_type=\"image.default\">\n\t\t\t\t<div class=\"elementor-widget-container\">\n\t\t\t\t\t\t\t\t\t\t\t\t\t\t\t<img loading=\"lazy\" decoding=\"async\" width=\"768\" height=\"440\" src=\"https:\/\/domeniowines.com\/wp-content\/uploads\/2023\/10\/aceite2-768x440.png\" class=\"attachment-medium_large size-medium_large wp-image-4276\" alt=\"\" srcset=\"https:\/\/domeniowines.com\/wp-content\/uploads\/2023\/10\/aceite2-768x440.png 768w, https:\/\/domeniowines.com\/wp-content\/uploads\/2023\/10\/aceite2-300x172.png 300w, https:\/\/domeniowines.com\/wp-content\/uploads\/2023\/10\/aceite2-600x344.png 600w, https:\/\/domeniowines.com\/wp-content\/uploads\/2023\/10\/aceite2.png 800w\" sizes=\"auto, (max-width: 768px) 100vw, 768px\" \/>\t\t\t\t\t\t\t\t\t\t\t\t\t\t\t<\/div>\n\t\t\t\t<\/div>\n\t\t\t\t<\/div>\n\t\t\t\t<\/div>\n\t\t<div class=\"has_eae_slider elementor-element elementor-element-a1d567d e-con-full e-flex e-con e-child\" data-id=\"a1d567d\" data-element_type=\"container\" data-settings=\"{&quot;content_width&quot;:&quot;full&quot;}\">\n\t\t<div class=\"has_eae_slider elementor-element elementor-element-3bb4236 e-con-full e-flex e-con e-child\" data-id=\"3bb4236\" data-element_type=\"container\" data-settings=\"{&quot;content_width&quot;:&quot;full&quot;}\">\n\t\t\t\t<div class=\"elementor-element elementor-element-0c18032 elementor-widget elementor-widget-heading\" data-id=\"0c18032\" data-element_type=\"widget\" data-widget_type=\"heading.default\">\n\t\t\t\t<div class=\"elementor-widget-container\">\n\t\t\t<h3 class=\"elementor-heading-title elementor-size-default\">Olis Clot de l'Hora<\/h3>\t\t<\/div>\n\t\t\t\t<\/div>\n\t\t\t\t<div class=\"elementor-element elementor-element-c7769de elementor-widget elementor-widget-heading\" data-id=\"c7769de\" data-element_type=\"widget\" data-widget_type=\"heading.default\">\n\t\t\t\t<div class=\"elementor-widget-container\">\n\t\t\t<h5 class=\"elementor-heading-title elementor-size-default\">DOP SIURANA<\/h5>\t\t<\/div>\n\t\t\t\t<\/div>\n\t\t\t\t<div class=\"elementor-element elementor-element-a58856d elementor-widget elementor-widget-heading\" data-id=\"a58856d\" data-element_type=\"widget\" data-widget_type=\"heading.default\">\n\t\t\t\t<div class=\"elementor-widget-container\">\n\t\t\t<p class=\"elementor-heading-title elementor-size-default\">Nascut a La Bisbal del Pened\u00e8s.<\/p>\t\t<\/div>\n\t\t\t\t<\/div>\n\t\t\t\t<div class=\"elementor-element elementor-element-839221c elementor-widget elementor-widget-button\" data-id=\"839221c\" data-element_type=\"widget\" data-widget_type=\"button.default\">\n\t\t\t\t<div class=\"elementor-widget-container\">\n\t\t\t\t\t<div class=\"elementor-button-wrapper\">\n\t\t\t<a class=\"elementor-button elementor-button-link elementor-size-sm\" href=\"https:\/\/domeniowines.com\/ca\/?page_id=4887\">\n\t\t\t\t\t\t<span class=\"elementor-button-content-wrapper\">\n\t\t\t\t\t\t<span class=\"elementor-button-text\">VEURE GAMMA<\/span>\n\t\t<\/span>\n\t\t\t\t\t<\/a>\n\t\t<\/div>\n\t\t\t\t<\/div>\n\t\t\t\t<\/div>\n\t\t\t\t<\/div>\n\t\t\t\t<\/div>\n\t\t\t\t\t<\/div>\n\t\t\t\t<\/div>\n\t\t<div class=\"has_eae_slider elementor-element elementor-element-c5ea48e e-con-full e-flex e-con e-parent\" data-id=\"c5ea48e\" data-element_type=\"container\" data-settings=\"{&quot;content_width&quot;:&quot;full&quot;,&quot;background_background&quot;:&quot;classic&quot;}\" data-core-v316-plus=\"true\">\n\t\t<div class=\"has_eae_slider elementor-element elementor-element-afcfee7 e-con-full e-flex e-con e-child\" data-id=\"afcfee7\" data-element_type=\"container\" data-settings=\"{&quot;content_width&quot;:&quot;full&quot;,&quot;background_background&quot;:&quot;classic&quot;}\">\n\t\t<div data-ha-element-link=\"{&quot;url&quot;:&quot;https:\\\/\\\/domeniowines.com\\\/vinos-domenio-wines\\\/&quot;,&quot;is_external&quot;:&quot;&quot;,&quot;nofollow&quot;:&quot;&quot;,&quot;custom_attributes&quot;:&quot;&quot;}\" style=\"cursor: pointer\" class=\"has_eae_slider elementor-element elementor-element-d39f522 e-con-full e-flex e-con e-child\" data-id=\"d39f522\" data-element_type=\"container\" data-settings=\"{&quot;content_width&quot;:&quot;full&quot;,&quot;background_background&quot;:&quot;classic&quot;}\">\n\t\t\t\t<div class=\"elementor-element elementor-element-5e870e4 elementor-widget elementor-widget-heading\" data-id=\"5e870e4\" data-element_type=\"widget\" data-widget_type=\"heading.default\">\n\t\t\t\t<div class=\"elementor-widget-container\">\n\t\t\t<h3 class=\"elementor-heading-title elementor-size-default\"><a href=\"https:\/\/domeniowines.com\/ca\/?page_id=4938\">Els nostres vins\n<\/a><\/h3>\t\t<\/div>\n\t\t\t\t<\/div>\n\t\t\t\t<\/div>\n\t\t<div data-ha-element-link=\"{&quot;url&quot;:&quot;https:\\\/\\\/domeniowines.com\\\/nuestros-cavas\\\/&quot;,&quot;is_external&quot;:&quot;&quot;,&quot;nofollow&quot;:&quot;&quot;,&quot;custom_attributes&quot;:&quot;&quot;}\" style=\"cursor: pointer\" class=\"has_eae_slider elementor-element elementor-element-64afcbd e-con-full e-flex e-con e-child\" data-id=\"64afcbd\" data-element_type=\"container\" data-settings=\"{&quot;content_width&quot;:&quot;full&quot;,&quot;background_background&quot;:&quot;classic&quot;}\">\n\t\t\t\t<div class=\"elementor-element elementor-element-2d5a9a2 elementor-widget elementor-widget-heading\" data-id=\"2d5a9a2\" data-element_type=\"widget\" data-widget_type=\"heading.default\">\n\t\t\t\t<div class=\"elementor-widget-container\">\n\t\t\t<h3 class=\"elementor-heading-title elementor-size-default\"><a href=\"https:\/\/domeniowines.com\/ca\/?page_id=4905\">Els nostres caves<\/a><\/h3>\t\t<\/div>\n\t\t\t\t<\/div>\n\t\t\t\t<\/div>\n\t\t<div data-ha-element-link=\"{&quot;url&quot;:&quot;https:\\\/\\\/domeniowines.com\\\/nuestros-vermuts\\\/&quot;,&quot;is_external&quot;:&quot;&quot;,&quot;nofollow&quot;:&quot;&quot;,&quot;custom_attributes&quot;:&quot;&quot;}\" style=\"cursor: pointer\" class=\"has_eae_slider elementor-element elementor-element-37cedca e-con-full e-flex e-con e-child\" data-id=\"37cedca\" data-element_type=\"container\" data-settings=\"{&quot;content_width&quot;:&quot;full&quot;,&quot;background_background&quot;:&quot;classic&quot;}\">\n\t\t\t\t<div class=\"elementor-element elementor-element-5c17180 elementor-widget elementor-widget-heading\" data-id=\"5c17180\" data-element_type=\"widget\" data-widget_type=\"heading.default\">\n\t\t\t\t<div class=\"elementor-widget-container\">\n\t\t\t<h3 class=\"elementor-heading-title elementor-size-default\"><a href=\"https:\/\/domeniowines.com\/ca\/?page_id=4925\">Els nostres vermuts<\/a><\/h3>\t\t<\/div>\n\t\t\t\t<\/div>\n\t\t\t\t<\/div>\n\t\t\t\t<\/div>\n\t\t\t\t<\/div>\n\t\t\t\t\t\t\t<\/div>\n\t\t","protected":false},"excerpt":{"rendered":"<p>INICI \/ CAVES Els nostres olis Siurana, una important denominaci\u00f3 d&#8217;origen per als olis d&#8217;oliva originaris del Camp de Tarragona. Des del Baix Pened\u00e8s fins a la Ribera d&#8217;Ebre: Priorat, Baix Camp, Conca de Barber\u00e0, Tarragon\u00e8s i Alt Camp. Set comarques amb m\u00e9s de 12.000 hect\u00e0rees de terreny dedicades a la producci\u00f3 d&#8217;olives arbequines, un [&hellip;]<\/p>\n","protected":false},"author":1,"featured_media":0,"parent":0,"menu_order":0,"comment_status":"closed","ping_status":"closed","template":"","meta":{"_eb_attr":"","footnotes":""},"class_list":["post-4953","page","type-page","status-publish","hentry"],"yoast_head":"<!-- This site is optimized with the Yoast SEO plugin v25.5 - https:\/\/yoast.com\/wordpress\/plugins\/seo\/ -->\n<title>Els nostres olis | Oli d&#039;oliva verge extra amb DOP Siurana<\/title>\n<meta name=\"description\" content=\"Descobreix l&#039;oli d&#039;oliva verge extra de Domenio elaborat amb arbequina i DOP Siurana. Qualitat, sabor i origen mediterrani.\" \/>\n<meta name=\"robots\" content=\"index, follow, max-snippet:-1, max-image-preview:large, max-video-preview:-1\" \/>\n<link rel=\"canonical\" href=\"https:\/\/domeniowines.com\/ca\/oli-doliva-dop-siurana\/\" \/>\n<meta property=\"og:locale\" content=\"ca_ES\" \/>\n<meta property=\"og:type\" content=\"article\" \/>\n<meta property=\"og:title\" content=\"Els nostres olis | Oli d&#039;oliva verge extra amb DOP Siurana\" \/>\n<meta property=\"og:description\" content=\"Descobreix l&#039;oli d&#039;oliva verge extra de Domenio elaborat amb arbequina i DOP Siurana. Qualitat, sabor i origen mediterrani.\" \/>\n<meta property=\"og:url\" content=\"https:\/\/domeniowines.com\/ca\/oli-doliva-dop-siurana\/\" \/>\n<meta property=\"og:site_name\" content=\"Domenio\" \/>\n<meta property=\"article:modified_time\" content=\"2025-07-23T09:26:03+00:00\" \/>\n<meta property=\"og:image\" content=\"https:\/\/domeniowines.com\/wp-content\/uploads\/2023\/10\/aceite-768x440.png\" \/>\n<meta name=\"twitter:card\" content=\"summary_large_image\" \/>\n<meta name=\"twitter:label1\" content=\"Temps estimat de lectura\" \/>\n\t<meta name=\"twitter:data1\" content=\"1 minut\" \/>\n<script type=\"application\/ld+json\" class=\"yoast-schema-graph\">{\"@context\":\"https:\/\/schema.org\",\"@graph\":[{\"@type\":\"WebPage\",\"@id\":\"https:\/\/domeniowines.com\/ca\/oli-doliva-dop-siurana\/\",\"url\":\"https:\/\/domeniowines.com\/ca\/oli-doliva-dop-siurana\/\",\"name\":\"Els nostres olis | Oli d'oliva verge extra amb DOP Siurana\",\"isPartOf\":{\"@id\":\"https:\/\/domeniowines.com\/#website\"},\"primaryImageOfPage\":{\"@id\":\"https:\/\/domeniowines.com\/ca\/oli-doliva-dop-siurana\/#primaryimage\"},\"image\":{\"@id\":\"https:\/\/domeniowines.com\/ca\/oli-doliva-dop-siurana\/#primaryimage\"},\"thumbnailUrl\":\"https:\/\/domeniowines.com\/wp-content\/uploads\/2023\/10\/aceite-768x440.png\",\"datePublished\":\"2023-09-25T17:20:04+00:00\",\"dateModified\":\"2025-07-23T09:26:03+00:00\",\"description\":\"Descobreix l'oli d'oliva verge extra de Domenio elaborat amb arbequina i DOP Siurana. Qualitat, sabor i origen mediterrani.\",\"breadcrumb\":{\"@id\":\"https:\/\/domeniowines.com\/ca\/oli-doliva-dop-siurana\/#breadcrumb\"},\"inLanguage\":\"ca\",\"potentialAction\":[{\"@type\":\"ReadAction\",\"target\":[\"https:\/\/domeniowines.com\/ca\/oli-doliva-dop-siurana\/\"]}]},{\"@type\":\"ImageObject\",\"inLanguage\":\"ca\",\"@id\":\"https:\/\/domeniowines.com\/ca\/oli-doliva-dop-siurana\/#primaryimage\",\"url\":\"https:\/\/domeniowines.com\/wp-content\/uploads\/2023\/10\/aceite-768x440.png\",\"contentUrl\":\"https:\/\/domeniowines.com\/wp-content\/uploads\/2023\/10\/aceite-768x440.png\"},{\"@type\":\"BreadcrumbList\",\"@id\":\"https:\/\/domeniowines.com\/ca\/oli-doliva-dop-siurana\/#breadcrumb\",\"itemListElement\":[{\"@type\":\"ListItem\",\"position\":1,\"name\":\"Portada\",\"item\":\"https:\/\/domeniowines.com\/ca\/\"},{\"@type\":\"ListItem\",\"position\":2,\"name\":\"Els nostres olis\"}]},{\"@type\":\"WebSite\",\"@id\":\"https:\/\/domeniowines.com\/#website\",\"url\":\"https:\/\/domeniowines.com\/\",\"name\":\"Domenio\",\"description\":\"Vins i caves | 1917\",\"potentialAction\":[{\"@type\":\"SearchAction\",\"target\":{\"@type\":\"EntryPoint\",\"urlTemplate\":\"https:\/\/domeniowines.com\/?s={search_term_string}\"},\"query-input\":{\"@type\":\"PropertyValueSpecification\",\"valueRequired\":true,\"valueName\":\"search_term_string\"}}],\"inLanguage\":\"ca\"}]}<\/script>\n<!-- \/ Yoast SEO plugin. -->","yoast_head_json":{"title":"Els nostres olis | Oli d'oliva verge extra amb DOP Siurana","description":"Descobreix l'oli d'oliva verge extra de Domenio elaborat amb arbequina i DOP Siurana. Qualitat, sabor i origen mediterrani.","robots":{"index":"index","follow":"follow","max-snippet":"max-snippet:-1","max-image-preview":"max-image-preview:large","max-video-preview":"max-video-preview:-1"},"canonical":"https:\/\/domeniowines.com\/ca\/oli-doliva-dop-siurana\/","og_locale":"ca_ES","og_type":"article","og_title":"Els nostres olis | Oli d'oliva verge extra amb DOP Siurana","og_description":"Descobreix l'oli d'oliva verge extra de Domenio elaborat amb arbequina i DOP Siurana. Qualitat, sabor i origen mediterrani.","og_url":"https:\/\/domeniowines.com\/ca\/oli-doliva-dop-siurana\/","og_site_name":"Domenio","article_modified_time":"2025-07-23T09:26:03+00:00","og_image":[{"url":"https:\/\/domeniowines.com\/wp-content\/uploads\/2023\/10\/aceite-768x440.png","type":"","width":"","height":""}],"twitter_card":"summary_large_image","twitter_misc":{"Temps estimat de lectura":"1 minut"},"schema":{"@context":"https:\/\/schema.org","@graph":[{"@type":"WebPage","@id":"https:\/\/domeniowines.com\/ca\/oli-doliva-dop-siurana\/","url":"https:\/\/domeniowines.com\/ca\/oli-doliva-dop-siurana\/","name":"Els nostres olis | Oli d'oliva verge extra amb DOP Siurana","isPartOf":{"@id":"https:\/\/domeniowines.com\/#website"},"primaryImageOfPage":{"@id":"https:\/\/domeniowines.com\/ca\/oli-doliva-dop-siurana\/#primaryimage"},"image":{"@id":"https:\/\/domeniowines.com\/ca\/oli-doliva-dop-siurana\/#primaryimage"},"thumbnailUrl":"https:\/\/domeniowines.com\/wp-content\/uploads\/2023\/10\/aceite-768x440.png","datePublished":"2023-09-25T17:20:04+00:00","dateModified":"2025-07-23T09:26:03+00:00","description":"Descobreix l'oli d'oliva verge extra de Domenio elaborat amb arbequina i DOP Siurana. Qualitat, sabor i origen mediterrani.","breadcrumb":{"@id":"https:\/\/domeniowines.com\/ca\/oli-doliva-dop-siurana\/#breadcrumb"},"inLanguage":"ca","potentialAction":[{"@type":"ReadAction","target":["https:\/\/domeniowines.com\/ca\/oli-doliva-dop-siurana\/"]}]},{"@type":"ImageObject","inLanguage":"ca","@id":"https:\/\/domeniowines.com\/ca\/oli-doliva-dop-siurana\/#primaryimage","url":"https:\/\/domeniowines.com\/wp-content\/uploads\/2023\/10\/aceite-768x440.png","contentUrl":"https:\/\/domeniowines.com\/wp-content\/uploads\/2023\/10\/aceite-768x440.png"},{"@type":"BreadcrumbList","@id":"https:\/\/domeniowines.com\/ca\/oli-doliva-dop-siurana\/#breadcrumb","itemListElement":[{"@type":"ListItem","position":1,"name":"Portada","item":"https:\/\/domeniowines.com\/ca\/"},{"@type":"ListItem","position":2,"name":"Els nostres olis"}]},{"@type":"WebSite","@id":"https:\/\/domeniowines.com\/#website","url":"https:\/\/domeniowines.com\/","name":"Domenio","description":"Vins i caves | 1917","potentialAction":[{"@type":"SearchAction","target":{"@type":"EntryPoint","urlTemplate":"https:\/\/domeniowines.com\/?s={search_term_string}"},"query-input":{"@type":"PropertyValueSpecification","valueRequired":true,"valueName":"search_term_string"}}],"inLanguage":"ca"}]}},"featured_media_urls":[],"_links":{"self":[{"href":"https:\/\/domeniowines.com\/ca\/wp-json\/wp\/v2\/pages\/4953","targetHints":{"allow":["GET"]}}],"collection":[{"href":"https:\/\/domeniowines.com\/ca\/wp-json\/wp\/v2\/pages"}],"about":[{"href":"https:\/\/domeniowines.com\/ca\/wp-json\/wp\/v2\/types\/page"}],"author":[{"embeddable":true,"href":"https:\/\/domeniowines.com\/ca\/wp-json\/wp\/v2\/users\/1"}],"replies":[{"embeddable":true,"href":"https:\/\/domeniowines.com\/ca\/wp-json\/wp\/v2\/comments?post=4953"}],"version-history":[{"count":6,"href":"https:\/\/domeniowines.com\/ca\/wp-json\/wp\/v2\/pages\/4953\/revisions"}],"predecessor-version":[{"id":6327,"href":"https:\/\/domeniowines.com\/ca\/wp-json\/wp\/v2\/pages\/4953\/revisions\/6327"}],"wp:attachment":[{"href":"https:\/\/domeniowines.com\/ca\/wp-json\/wp\/v2\/media?parent=4953"}],"curies":[{"name":"wp","href":"https:\/\/api.w.org\/{rel}","templated":true}]}}