{"id":4965,"date":"2023-09-25T20:43:34","date_gmt":"2023-09-25T18:43:34","guid":{"rendered":"https:\/\/domeniowines.com\/esperit-cooperatiu\/"},"modified":"2025-07-23T11:19:40","modified_gmt":"2025-07-23T09:19:40","slug":"esperit-cooperatiu","status":"publish","type":"page","link":"https:\/\/domeniowines.com\/ca\/esperit-cooperatiu\/","title":{"rendered":"ESPERIT COOPERATIU"},"content":{"rendered":"\t\t<div data-elementor-type=\"wp-page\" data-elementor-id=\"4965\" class=\"elementor elementor-4965 elementor-632\" data-elementor-post-type=\"page\">\n\t\t\t\t\t\t\t<div class=\"has_eae_slider elementor-element elementor-element-7853c96 e-flex e-con-boxed e-con e-parent\" data-id=\"7853c96\" data-element_type=\"container\" data-settings=\"{&quot;background_background&quot;:&quot;classic&quot;,&quot;content_width&quot;:&quot;boxed&quot;}\" data-core-v316-plus=\"true\">\n\t\t\t\t\t<div class=\"e-con-inner\">\n\t\t\t\t<div class=\"elementor-element elementor-element-227645b elementor-widget elementor-widget-spacer\" data-id=\"227645b\" data-element_type=\"widget\" data-widget_type=\"spacer.default\">\n\t\t\t\t<div class=\"elementor-widget-container\">\n\t\t\t<style>\/*! elementor - v3.17.0 - 01-11-2023 *\/\n.elementor-column .elementor-spacer-inner{height:var(--spacer-size)}.e-con{--container-widget-width:100%}.e-con-inner>.elementor-widget-spacer,.e-con>.elementor-widget-spacer{width:var(--container-widget-width,var(--spacer-size));--align-self:var(--container-widget-align-self,initial);--flex-shrink:0}.e-con-inner>.elementor-widget-spacer>.elementor-widget-container,.e-con>.elementor-widget-spacer>.elementor-widget-container{height:100%;width:100%}.e-con-inner>.elementor-widget-spacer>.elementor-widget-container>.elementor-spacer,.e-con>.elementor-widget-spacer>.elementor-widget-container>.elementor-spacer{height:100%}.e-con-inner>.elementor-widget-spacer>.elementor-widget-container>.elementor-spacer>.elementor-spacer-inner,.e-con>.elementor-widget-spacer>.elementor-widget-container>.elementor-spacer>.elementor-spacer-inner{height:var(--container-widget-height,var(--spacer-size))}.e-con-inner>.elementor-widget-spacer.elementor-widget-empty,.e-con>.elementor-widget-spacer.elementor-widget-empty{position:relative;min-height:22px;min-width:22px}.e-con-inner>.elementor-widget-spacer.elementor-widget-empty .elementor-widget-empty-icon,.e-con>.elementor-widget-spacer.elementor-widget-empty .elementor-widget-empty-icon{position:absolute;top:0;bottom:0;left:0;right:0;margin:auto;padding:0;width:22px;height:22px}<\/style>\t\t<div class=\"elementor-spacer\">\n\t\t\t<div class=\"elementor-spacer-inner\"><\/div>\n\t\t<\/div>\n\t\t\t\t<\/div>\n\t\t\t\t<\/div>\n\t\t\t\t<div class=\"elementor-element elementor-element-cb82c05 elementor-widget elementor-widget-text-editor\" data-id=\"cb82c05\" data-element_type=\"widget\" data-widget_type=\"text-editor.default\">\n\t\t\t\t<div class=\"elementor-widget-container\">\n\t\t\t<style>\/*! elementor - v3.17.0 - 01-11-2023 *\/\n.elementor-widget-text-editor.elementor-drop-cap-view-stacked .elementor-drop-cap{background-color:#69727d;color:#fff}.elementor-widget-text-editor.elementor-drop-cap-view-framed .elementor-drop-cap{color:#69727d;border:3px solid;background-color:transparent}.elementor-widget-text-editor:not(.elementor-drop-cap-view-default) .elementor-drop-cap{margin-top:8px}.elementor-widget-text-editor:not(.elementor-drop-cap-view-default) .elementor-drop-cap-letter{width:1em;height:1em}.elementor-widget-text-editor .elementor-drop-cap{float:left;text-align:center;line-height:1;font-size:50px}.elementor-widget-text-editor .elementor-drop-cap-letter{display:inline-block}<\/style>\t\t\t\t<p>INICI \/ BY CELLERS DOMENYS \/ <span style=\"color: #999999;\">ESPERIT COOPERATIU<\/span><\/p>\n\t\t\t\t\t\t<\/div>\n\t\t\t\t<\/div>\n\t\t\t\t<div class=\"elementor-element elementor-element-7d0a599 elementor-widget-mobile__width-inherit elementor-widget elementor-widget-heading\" data-id=\"7d0a599\" data-element_type=\"widget\" data-widget_type=\"heading.default\">\n\t\t\t\t<div class=\"elementor-widget-container\">\n\t\t\t<style>\/*! elementor - v3.17.0 - 01-11-2023 *\/\n.elementor-heading-title{padding:0;margin:0;line-height:1}.elementor-widget-heading .elementor-heading-title[class*=elementor-size-]>a{color:inherit;font-size:inherit;line-height:inherit}.elementor-widget-heading .elementor-heading-title.elementor-size-small{font-size:15px}.elementor-widget-heading .elementor-heading-title.elementor-size-medium{font-size:19px}.elementor-widget-heading .elementor-heading-title.elementor-size-large{font-size:29px}.elementor-widget-heading .elementor-heading-title.elementor-size-xl{font-size:39px}.elementor-widget-heading .elementor-heading-title.elementor-size-xxl{font-size:59px}<\/style><h2 class=\"elementor-heading-title elementor-size-default\">Car\u00e0cter vitivin\u00edcola, esperit cooperatiu<\/h2>\t\t<\/div>\n\t\t\t\t<\/div>\n\t\t\t\t\t<\/div>\n\t\t\t\t<\/div>\n\t\t<div class=\"has_eae_slider elementor-element elementor-element-497380e e-flex e-con-boxed e-con e-parent\" data-id=\"497380e\" data-element_type=\"container\" data-settings=\"{&quot;background_background&quot;:&quot;classic&quot;,&quot;content_width&quot;:&quot;boxed&quot;}\" data-core-v316-plus=\"true\">\n\t\t\t\t\t<div class=\"e-con-inner\">\n\t\t<div class=\"has_eae_slider elementor-element elementor-element-0d77e1d e-con-full e-flex e-con e-child\" data-id=\"0d77e1d\" data-element_type=\"container\" data-settings=\"{&quot;content_width&quot;:&quot;full&quot;}\">\n\t\t\t\t<div class=\"elementor-element elementor-element-712f187 elementor-nav-menu__align-left elementor-nav-menu--dropdown-none elementor-widget elementor-widget-nav-menu\" data-id=\"712f187\" data-element_type=\"widget\" data-settings=\"{&quot;layout&quot;:&quot;vertical&quot;,&quot;submenu_icon&quot;:{&quot;value&quot;:&quot;&lt;i class=\\&quot;\\&quot;&gt;&lt;\\\/i&gt;&quot;,&quot;library&quot;:&quot;&quot;}}\" data-widget_type=\"nav-menu.default\">\n\t\t\t\t<div class=\"elementor-widget-container\">\n\t\t\t<link rel=\"stylesheet\" href=\"https:\/\/domeniowines.com\/wp-content\/plugins\/elementor-pro\/assets\/css\/widget-nav-menu.min.css\">\t\t\t<nav class=\"elementor-nav-menu--main elementor-nav-menu__container elementor-nav-menu--layout-vertical e--pointer-text e--animation-shrink\">\n\t\t\t\t<ul id=\"menu-1-712f187\" class=\"elementor-nav-menu sm-vertical\"><li class=\"menu-item menu-item-type-post_type menu-item-object-page menu-item-5044\"><a href=\"https:\/\/domeniowines.com\/ca\/esperit-cooperatiu\/\" class=\"elementor-item\">ESPERIT COOPERATIU<\/a><\/li>\n<li class=\"menu-item menu-item-type-post_type menu-item-object-page menu-item-5045\"><a href=\"https:\/\/domeniowines.com\/ca\/empresa-cooperativa\/\" class=\"elementor-item\">EMPRESA COOPERATIVA<\/a><\/li>\n<li class=\"menu-item menu-item-type-post_type menu-item-object-page menu-item-5046\"><a href=\"https:\/\/domeniowines.com\/ca\/premis-destacats\/\" class=\"elementor-item\">Premis destacats<\/a><\/li>\n<\/ul>\t\t\t<\/nav>\n\t\t\t\t\t\t<nav class=\"elementor-nav-menu--dropdown elementor-nav-menu__container\" aria-hidden=\"true\">\n\t\t\t\t<ul id=\"menu-2-712f187\" class=\"elementor-nav-menu sm-vertical\"><li class=\"menu-item menu-item-type-post_type menu-item-object-page menu-item-5044\"><a href=\"https:\/\/domeniowines.com\/ca\/esperit-cooperatiu\/\" class=\"elementor-item\" tabindex=\"-1\">ESPERIT COOPERATIU<\/a><\/li>\n<li class=\"menu-item menu-item-type-post_type menu-item-object-page menu-item-5045\"><a href=\"https:\/\/domeniowines.com\/ca\/empresa-cooperativa\/\" class=\"elementor-item\" tabindex=\"-1\">EMPRESA COOPERATIVA<\/a><\/li>\n<li class=\"menu-item menu-item-type-post_type menu-item-object-page menu-item-5046\"><a href=\"https:\/\/domeniowines.com\/ca\/premis-destacats\/\" class=\"elementor-item\" tabindex=\"-1\">Premis destacats<\/a><\/li>\n<\/ul>\t\t\t<\/nav>\n\t\t\t\t<\/div>\n\t\t\t\t<\/div>\n\t\t\t\t<\/div>\n\t\t<div class=\"has_eae_slider elementor-element elementor-element-7b8e5af e-con-full e-flex e-con e-child\" data-id=\"7b8e5af\" data-element_type=\"container\" data-settings=\"{&quot;content_width&quot;:&quot;full&quot;}\">\n\t\t\t\t<div class=\"elementor-element elementor-element-5383290 elementor-widget elementor-widget-image\" data-id=\"5383290\" data-element_type=\"widget\" data-widget_type=\"image.default\">\n\t\t\t\t<div class=\"elementor-widget-container\">\n\t\t\t<style>\/*! elementor - v3.17.0 - 01-11-2023 *\/\n.elementor-widget-image{text-align:center}.elementor-widget-image a{display:inline-block}.elementor-widget-image a img[src$=\".svg\"]{width:48px}.elementor-widget-image img{vertical-align:middle;display:inline-block}<\/style>\t\t\t\t\t\t\t\t\t\t\t\t<img loading=\"lazy\" decoding=\"async\" width=\"1920\" height=\"1080\" src=\"https:\/\/domeniowines.com\/wp-content\/uploads\/2023\/09\/esperit-cooperatiu-1.jpg\" class=\"attachment-full size-full wp-image-692\" alt=\"\" srcset=\"https:\/\/domeniowines.com\/wp-content\/uploads\/2023\/09\/esperit-cooperatiu-1.jpg 1920w, https:\/\/domeniowines.com\/wp-content\/uploads\/2023\/09\/esperit-cooperatiu-1-300x169.jpg 300w, https:\/\/domeniowines.com\/wp-content\/uploads\/2023\/09\/esperit-cooperatiu-1-1024x576.jpg 1024w, https:\/\/domeniowines.com\/wp-content\/uploads\/2023\/09\/esperit-cooperatiu-1-768x432.jpg 768w, https:\/\/domeniowines.com\/wp-content\/uploads\/2023\/09\/esperit-cooperatiu-1-1536x864.jpg 1536w, https:\/\/domeniowines.com\/wp-content\/uploads\/2023\/09\/esperit-cooperatiu-1-600x338.jpg 600w, https:\/\/domeniowines.com\/wp-content\/uploads\/2023\/09\/esperit-cooperatiu-1-1200x675.jpg 1200w\" sizes=\"auto, (max-width: 1920px) 100vw, 1920px\" \/>\t\t\t\t\t\t\t\t\t\t\t\t\t\t\t<\/div>\n\t\t\t\t<\/div>\n\t\t\t\t<div class=\"elementor-element elementor-element-e8e0714 elementor-widget elementor-widget-heading\" data-id=\"e8e0714\" data-element_type=\"widget\" data-widget_type=\"heading.default\">\n\t\t\t\t<div class=\"elementor-widget-container\">\n\t\t\t<h2 class=\"elementor-heading-title elementor-size-default\">Cellers Domenys, una cooperativa amb m\u00e9s de 100 anys d'hist\u00f2ria<\/h2>\t\t<\/div>\n\t\t\t\t<\/div>\n\t\t\t\t<div class=\"elementor-element elementor-element-21e352e elementor-widget elementor-widget-heading\" data-id=\"21e352e\" data-element_type=\"widget\" data-widget_type=\"heading.default\">\n\t\t\t\t<div class=\"elementor-widget-container\">\n\t\t\t<h2 class=\"elementor-heading-title elementor-size-default\">Domenio \u00e9s el projecte d'embotellament i comercialitzaci\u00f3 a nivell nacional i internacional de Cellers Domenys, una de les cooperatives m\u00e9s importants del sud-est de Catalunya. Productors de vins, caves i olis, a Domenio treballem la terra, les vinyes, el ra\u00efm i les oliveres de set pobles referents al mercat catal\u00e0. Aix\u00f2, combinat amb les capacitats, els coneixements i el potencial del celler, s\u00f3n els pilars d'un projecte de futur a llarg termini.<\/h2>\t\t<\/div>\n\t\t\t\t<\/div>\n\t\t\t\t<div class=\"elementor-element elementor-element-3f8d4df elementor-widget elementor-widget-heading\" data-id=\"3f8d4df\" data-element_type=\"widget\" data-widget_type=\"heading.default\">\n\t\t\t\t<div class=\"elementor-widget-container\">\n\t\t\t<h2 class=\"elementor-heading-title elementor-size-default\">Cooperaci\u00f3, participaci\u00f3, innovaci\u00f3, responsabilitat social\u2026 Des del 1917, aquests i molts altres s\u00f3n el conjunt de valors que mouen Cellers Domenys a treballar per construir una entitat compromesa amb les persones i el territori. Avui dia, la cooperativa \u00e9s fruit de la uni\u00f3 de diverses organitzacions del sector vitivin\u00edcola catal\u00e0. M\u00e9s de 100 anys d'hist\u00f2ria que es van escrivint amb car\u00e0cter i esperit cooperatiu.<\/h2>\t\t<\/div>\n\t\t\t\t<\/div>\n\t\t\t\t<div class=\"elementor-element elementor-element-a35fa0d elementor-widget elementor-widget-heading\" data-id=\"a35fa0d\" data-element_type=\"widget\" data-widget_type=\"heading.default\">\n\t\t\t\t<div class=\"elementor-widget-container\">\n\t\t\t<h3 class=\"elementor-heading-title elementor-size-default\">Productes fets amb \u00e0nima<\/h3>\t\t<\/div>\n\t\t\t\t<\/div>\n\t\t\t\t<div class=\"elementor-element elementor-element-6a22b87 elementor-widget elementor-widget-heading\" data-id=\"6a22b87\" data-element_type=\"widget\" data-widget_type=\"heading.default\">\n\t\t\t\t<div class=\"elementor-widget-container\">\n\t\t\t<h2 class=\"elementor-heading-title elementor-size-default\">A l'\u00e0mbit de treball de Cellers Domenys \u2013de la costa fins a l'interior de Catalunya\u2013 hi ha mat\u00e8ria de primera qualitat. La producci\u00f3 vitivin\u00edcola i oleica, que barreja tradici\u00f3 i noves tecnologies a parts iguals, forma part del proc\u00e9s d'elaboraci\u00f3 de vi, cava i oli de la cooperativa. Una producci\u00f3 que compta amb el reconeixement de 5 importants Denominacions d'Origen de la zona i que avalen el control que es fa des de Domenio als seus productes: DO Pened\u00e8s, DO Conca de Barber\u00e0, DO Catalunya, DO Cava i DOP Siurana.<\/h2>\t\t<\/div>\n\t\t\t\t<\/div>\n\t\t\t\t<div class=\"elementor-element elementor-element-b040a08 elementor-widget elementor-widget-heading\" data-id=\"b040a08\" data-element_type=\"widget\" data-widget_type=\"heading.default\">\n\t\t\t\t<div class=\"elementor-widget-container\">\n\t\t\t<h2 class=\"elementor-heading-title elementor-size-default\">El reconeixement d\u2019aquestes Denominacions d\u2019Origen posa de manifest el treball i dedicaci\u00f3 de tots els socis i s\u00f2cies de la cooperativa i tamb\u00e9 de l\u2019equip hum\u00e0 de Domenio el qual compta amb tota una estructura tecnol\u00f2gica i d\u2019assessorament que permeten optimitzar al m\u00e0xim la gesti\u00f3 i control t\u00e8cnic dels camps de conreu i dels processos que intervenen en el desenvolupament dels fruits. Alhora, faciliten el manteniment i la protecci\u00f3 de les finques i cultius mitjan\u00e7ant informaci\u00f3 rigorosa sobre l\u2019estat de les vinyes i oliveres. Pioners en la implementaci\u00f3 d\u2019un programa de gesti\u00f3 integral de la vinya anomenat Domenio Vitis el qual permet un control exhaustiu de les parcel\u00b7les de producci\u00f3 de ra\u00efm, a Domenio es realitza una gesti\u00f3 tecnificada i rigorosa del camp de conreu mitjan\u00e7ant un sistema de tra\u00e7abilitat dissenyat per garantir la seguretat aliment\u00e0ria en tots els processos.<\/h2>\t\t<\/div>\n\t\t\t\t<\/div>\n\t\t\t\t<div class=\"elementor-element elementor-element-16e473c elementor-widget elementor-widget-image\" data-id=\"16e473c\" data-element_type=\"widget\" data-widget_type=\"image.default\">\n\t\t\t\t<div class=\"elementor-widget-container\">\n\t\t\t\t\t\t\t\t\t\t\t\t\t\t\t<img loading=\"lazy\" decoding=\"async\" width=\"1920\" height=\"1080\" src=\"https:\/\/domeniowines.com\/wp-content\/uploads\/2023\/09\/esperit-cooperatiu-2.jpg\" class=\"attachment-full size-full wp-image-703\" alt=\"\" srcset=\"https:\/\/domeniowines.com\/wp-content\/uploads\/2023\/09\/esperit-cooperatiu-2.jpg 1920w, https:\/\/domeniowines.com\/wp-content\/uploads\/2023\/09\/esperit-cooperatiu-2-300x169.jpg 300w, https:\/\/domeniowines.com\/wp-content\/uploads\/2023\/09\/esperit-cooperatiu-2-1024x576.jpg 1024w, https:\/\/domeniowines.com\/wp-content\/uploads\/2023\/09\/esperit-cooperatiu-2-768x432.jpg 768w, https:\/\/domeniowines.com\/wp-content\/uploads\/2023\/09\/esperit-cooperatiu-2-1536x864.jpg 1536w, https:\/\/domeniowines.com\/wp-content\/uploads\/2023\/09\/esperit-cooperatiu-2-600x338.jpg 600w, https:\/\/domeniowines.com\/wp-content\/uploads\/2023\/09\/esperit-cooperatiu-2-1200x675.jpg 1200w\" sizes=\"auto, (max-width: 1920px) 100vw, 1920px\" \/>\t\t\t\t\t\t\t\t\t\t\t\t\t\t\t<\/div>\n\t\t\t\t<\/div>\n\t\t\t\t<div class=\"elementor-element elementor-element-5035e3a elementor-widget elementor-widget-spacer\" data-id=\"5035e3a\" data-element_type=\"widget\" data-widget_type=\"spacer.default\">\n\t\t\t\t<div class=\"elementor-widget-container\">\n\t\t\t\t\t<div class=\"elementor-spacer\">\n\t\t\t<div class=\"elementor-spacer-inner\"><\/div>\n\t\t<\/div>\n\t\t\t\t<\/div>\n\t\t\t\t<\/div>\n\t\t\t\t<div class=\"elementor-element elementor-element-f3987f3 elementor-widget elementor-widget-heading\" data-id=\"f3987f3\" data-element_type=\"widget\" data-widget_type=\"heading.default\">\n\t\t\t\t<div class=\"elementor-widget-container\">\n\t\t\t<h3 class=\"elementor-heading-title elementor-size-default\">Proximitat per garantir els millors resultats<\/h3>\t\t<\/div>\n\t\t\t\t<\/div>\n\t\t\t\t<div class=\"elementor-element elementor-element-de9eca9 elementor-widget elementor-widget-heading\" data-id=\"de9eca9\" data-element_type=\"widget\" data-widget_type=\"heading.default\">\n\t\t\t\t<div class=\"elementor-widget-container\">\n\t\t\t<h2 class=\"elementor-heading-title elementor-size-default\">Des de la gesti\u00f3 del camp (finques, tractaments, incid\u00e8ncies i plagues...) fins a l\u2019elaboraci\u00f3 final dels nostres vins, caves i olis, passant per proves abans de la recol\u00b7lecci\u00f3 del ra\u00efm i les olives o comprovacions de la qualitat als nostres laboratoris. El nostre \u00e9s un proc\u00e9s complex i que necessita especial atenci\u00f3 per garantir tots els processos de qualitat exigits. Per aix\u00f2, ens agrada treballar amb productes de proximitat, collites de kil\u00f2metre 0 i gent que coneix el territori despr\u00e9s de diversos anys treballant als camps del Baix Pened\u00e8s, de la Conca de Barber\u00e0 i de l\u2019Alt Camp. Nom\u00e9s aix\u00ed es poden aconseguir vins, caves i olis amb ess\u00e8ncia, aroma i gust propis; garantint una producci\u00f3 que compleix amb els protocols i est\u00e0ndards en tots els processos, tant a l\u2019entrada com a la sortida dels nostres cellers i alm\u00e0sseres.<\/h2>\t\t<\/div>\n\t\t\t\t<\/div>\n\t\t\t\t<\/div>\n\t\t\t\t\t<\/div>\n\t\t\t\t<\/div>\n\t\t\t\t\t\t\t<\/div>\n\t\t","protected":false},"excerpt":{"rendered":"<p>INICI \/ BY CELLERS DOMENYS \/ ESPERIT COOPERATIU Car\u00e0cter vitivin\u00edcola, esperit cooperatiu Cellers Domenys, una cooperativa amb m\u00e9s de 100 anys d&#8217;hist\u00f2ria Domenio \u00e9s el projecte d&#8217;embotellament i comercialitzaci\u00f3 a nivell nacional i internacional de Cellers Domenys, una de les cooperatives m\u00e9s importants del sud-est de Catalunya. Productors de vins, caves i olis, a Domenio [&hellip;]<\/p>\n","protected":false},"author":1,"featured_media":0,"parent":0,"menu_order":0,"comment_status":"closed","ping_status":"closed","template":"","meta":{"_eb_attr":"","footnotes":""},"class_list":["post-4965","page","type-page","status-publish","hentry"],"yoast_head":"<!-- This site is optimized with the Yoast SEO plugin v25.5 - https:\/\/yoast.com\/wordpress\/plugins\/seo\/ -->\n<title>Esperit cooperatiu Cellers Domenys | Comprom\u00eds amb el territori<\/title>\n<meta name=\"description\" content=\"L&#039;esperit cooperatiu de Cellers Domenys impulsa la producci\u00f3 de vins, caves i olis amb \u00e0nima, sostenibilitat i arrelament territorial des de fa m\u00e9s de 100 anys.\" \/>\n<meta name=\"robots\" content=\"index, follow, max-snippet:-1, max-image-preview:large, max-video-preview:-1\" \/>\n<link rel=\"canonical\" href=\"https:\/\/domeniowines.com\/ca\/esperit-cooperatiu\/\" \/>\n<meta property=\"og:locale\" content=\"ca_ES\" \/>\n<meta property=\"og:type\" content=\"article\" \/>\n<meta property=\"og:title\" content=\"Esperit cooperatiu Cellers Domenys | Comprom\u00eds amb el territori\" \/>\n<meta property=\"og:description\" content=\"L&#039;esperit cooperatiu de Cellers Domenys impulsa la producci\u00f3 de vins, caves i olis amb \u00e0nima, sostenibilitat i arrelament territorial des de fa m\u00e9s de 100 anys.\" \/>\n<meta property=\"og:url\" content=\"https:\/\/domeniowines.com\/ca\/esperit-cooperatiu\/\" \/>\n<meta property=\"og:site_name\" content=\"Domenio\" \/>\n<meta property=\"article:modified_time\" content=\"2025-07-23T09:19:40+00:00\" \/>\n<meta property=\"og:image\" content=\"https:\/\/domeniowines.com\/wp-content\/uploads\/2023\/09\/esperit-cooperatiu-1.jpg\" \/>\n<meta name=\"twitter:card\" content=\"summary_large_image\" \/>\n<meta name=\"twitter:label1\" content=\"Temps estimat de lectura\" \/>\n\t<meta name=\"twitter:data1\" content=\"3 minuts\" \/>\n<script type=\"application\/ld+json\" class=\"yoast-schema-graph\">{\"@context\":\"https:\/\/schema.org\",\"@graph\":[{\"@type\":\"WebPage\",\"@id\":\"https:\/\/domeniowines.com\/ca\/esperit-cooperatiu\/\",\"url\":\"https:\/\/domeniowines.com\/ca\/esperit-cooperatiu\/\",\"name\":\"Esperit cooperatiu Cellers Domenys | Comprom\u00eds amb el territori\",\"isPartOf\":{\"@id\":\"https:\/\/domeniowines.com\/#website\"},\"primaryImageOfPage\":{\"@id\":\"https:\/\/domeniowines.com\/ca\/esperit-cooperatiu\/#primaryimage\"},\"image\":{\"@id\":\"https:\/\/domeniowines.com\/ca\/esperit-cooperatiu\/#primaryimage\"},\"thumbnailUrl\":\"https:\/\/domeniowines.com\/wp-content\/uploads\/2023\/09\/esperit-cooperatiu-1.jpg\",\"datePublished\":\"2023-09-25T18:43:34+00:00\",\"dateModified\":\"2025-07-23T09:19:40+00:00\",\"description\":\"L'esperit cooperatiu de Cellers Domenys impulsa la producci\u00f3 de vins, caves i olis amb \u00e0nima, sostenibilitat i arrelament territorial des de fa m\u00e9s de 100 anys.\",\"breadcrumb\":{\"@id\":\"https:\/\/domeniowines.com\/ca\/esperit-cooperatiu\/#breadcrumb\"},\"inLanguage\":\"ca\",\"potentialAction\":[{\"@type\":\"ReadAction\",\"target\":[\"https:\/\/domeniowines.com\/ca\/esperit-cooperatiu\/\"]}]},{\"@type\":\"ImageObject\",\"inLanguage\":\"ca\",\"@id\":\"https:\/\/domeniowines.com\/ca\/esperit-cooperatiu\/#primaryimage\",\"url\":\"https:\/\/domeniowines.com\/wp-content\/uploads\/2023\/09\/esperit-cooperatiu-1.jpg\",\"contentUrl\":\"https:\/\/domeniowines.com\/wp-content\/uploads\/2023\/09\/esperit-cooperatiu-1.jpg\"},{\"@type\":\"BreadcrumbList\",\"@id\":\"https:\/\/domeniowines.com\/ca\/esperit-cooperatiu\/#breadcrumb\",\"itemListElement\":[{\"@type\":\"ListItem\",\"position\":1,\"name\":\"Portada\",\"item\":\"https:\/\/domeniowines.com\/ca\/\"},{\"@type\":\"ListItem\",\"position\":2,\"name\":\"ESPERIT COOPERATIU\"}]},{\"@type\":\"WebSite\",\"@id\":\"https:\/\/domeniowines.com\/#website\",\"url\":\"https:\/\/domeniowines.com\/\",\"name\":\"Domenio\",\"description\":\"Vins i caves | 1917\",\"potentialAction\":[{\"@type\":\"SearchAction\",\"target\":{\"@type\":\"EntryPoint\",\"urlTemplate\":\"https:\/\/domeniowines.com\/?s={search_term_string}\"},\"query-input\":{\"@type\":\"PropertyValueSpecification\",\"valueRequired\":true,\"valueName\":\"search_term_string\"}}],\"inLanguage\":\"ca\"}]}<\/script>\n<!-- \/ Yoast SEO plugin. -->","yoast_head_json":{"title":"Esperit cooperatiu Cellers Domenys | Comprom\u00eds amb el territori","description":"L'esperit cooperatiu de Cellers Domenys impulsa la producci\u00f3 de vins, caves i olis amb \u00e0nima, sostenibilitat i arrelament territorial des de fa m\u00e9s de 100 anys.","robots":{"index":"index","follow":"follow","max-snippet":"max-snippet:-1","max-image-preview":"max-image-preview:large","max-video-preview":"max-video-preview:-1"},"canonical":"https:\/\/domeniowines.com\/ca\/esperit-cooperatiu\/","og_locale":"ca_ES","og_type":"article","og_title":"Esperit cooperatiu Cellers Domenys | Comprom\u00eds amb el territori","og_description":"L'esperit cooperatiu de Cellers Domenys impulsa la producci\u00f3 de vins, caves i olis amb \u00e0nima, sostenibilitat i arrelament territorial des de fa m\u00e9s de 100 anys.","og_url":"https:\/\/domeniowines.com\/ca\/esperit-cooperatiu\/","og_site_name":"Domenio","article_modified_time":"2025-07-23T09:19:40+00:00","og_image":[{"url":"https:\/\/domeniowines.com\/wp-content\/uploads\/2023\/09\/esperit-cooperatiu-1.jpg","type":"","width":"","height":""}],"twitter_card":"summary_large_image","twitter_misc":{"Temps estimat de lectura":"3 minuts"},"schema":{"@context":"https:\/\/schema.org","@graph":[{"@type":"WebPage","@id":"https:\/\/domeniowines.com\/ca\/esperit-cooperatiu\/","url":"https:\/\/domeniowines.com\/ca\/esperit-cooperatiu\/","name":"Esperit cooperatiu Cellers Domenys | Comprom\u00eds amb el territori","isPartOf":{"@id":"https:\/\/domeniowines.com\/#website"},"primaryImageOfPage":{"@id":"https:\/\/domeniowines.com\/ca\/esperit-cooperatiu\/#primaryimage"},"image":{"@id":"https:\/\/domeniowines.com\/ca\/esperit-cooperatiu\/#primaryimage"},"thumbnailUrl":"https:\/\/domeniowines.com\/wp-content\/uploads\/2023\/09\/esperit-cooperatiu-1.jpg","datePublished":"2023-09-25T18:43:34+00:00","dateModified":"2025-07-23T09:19:40+00:00","description":"L'esperit cooperatiu de Cellers Domenys impulsa la producci\u00f3 de vins, caves i olis amb \u00e0nima, sostenibilitat i arrelament territorial des de fa m\u00e9s de 100 anys.","breadcrumb":{"@id":"https:\/\/domeniowines.com\/ca\/esperit-cooperatiu\/#breadcrumb"},"inLanguage":"ca","potentialAction":[{"@type":"ReadAction","target":["https:\/\/domeniowines.com\/ca\/esperit-cooperatiu\/"]}]},{"@type":"ImageObject","inLanguage":"ca","@id":"https:\/\/domeniowines.com\/ca\/esperit-cooperatiu\/#primaryimage","url":"https:\/\/domeniowines.com\/wp-content\/uploads\/2023\/09\/esperit-cooperatiu-1.jpg","contentUrl":"https:\/\/domeniowines.com\/wp-content\/uploads\/2023\/09\/esperit-cooperatiu-1.jpg"},{"@type":"BreadcrumbList","@id":"https:\/\/domeniowines.com\/ca\/esperit-cooperatiu\/#breadcrumb","itemListElement":[{"@type":"ListItem","position":1,"name":"Portada","item":"https:\/\/domeniowines.com\/ca\/"},{"@type":"ListItem","position":2,"name":"ESPERIT COOPERATIU"}]},{"@type":"WebSite","@id":"https:\/\/domeniowines.com\/#website","url":"https:\/\/domeniowines.com\/","name":"Domenio","description":"Vins i caves | 1917","potentialAction":[{"@type":"SearchAction","target":{"@type":"EntryPoint","urlTemplate":"https:\/\/domeniowines.com\/?s={search_term_string}"},"query-input":{"@type":"PropertyValueSpecification","valueRequired":true,"valueName":"search_term_string"}}],"inLanguage":"ca"}]}},"featured_media_urls":[],"_links":{"self":[{"href":"https:\/\/domeniowines.com\/ca\/wp-json\/wp\/v2\/pages\/4965","targetHints":{"allow":["GET"]}}],"collection":[{"href":"https:\/\/domeniowines.com\/ca\/wp-json\/wp\/v2\/pages"}],"about":[{"href":"https:\/\/domeniowines.com\/ca\/wp-json\/wp\/v2\/types\/page"}],"author":[{"embeddable":true,"href":"https:\/\/domeniowines.com\/ca\/wp-json\/wp\/v2\/users\/1"}],"replies":[{"embeddable":true,"href":"https:\/\/domeniowines.com\/ca\/wp-json\/wp\/v2\/comments?post=4965"}],"version-history":[{"count":11,"href":"https:\/\/domeniowines.com\/ca\/wp-json\/wp\/v2\/pages\/4965\/revisions"}],"predecessor-version":[{"id":6333,"href":"https:\/\/domeniowines.com\/ca\/wp-json\/wp\/v2\/pages\/4965\/revisions\/6333"}],"wp:attachment":[{"href":"https:\/\/domeniowines.com\/ca\/wp-json\/wp\/v2\/media?parent=4965"}],"curies":[{"name":"wp","href":"https:\/\/api.w.org\/{rel}","templated":true}]}}