{"id":4819,"date":"2023-10-05T21:57:33","date_gmt":"2023-10-05T19:57:33","guid":{"rendered":"https:\/\/domeniowines.com\/anima-nua-cor-viu\/"},"modified":"2024-05-29T12:19:58","modified_gmt":"2024-05-29T10:19:58","slug":"anima-nua-cor-viu","status":"publish","type":"page","link":"https:\/\/domeniowines.com\/en\/anima-nua-cor-viu\/","title":{"rendered":"\u00c0NIMA NUA COR VIU"},"content":{"rendered":"\t\t<div data-elementor-type=\"wp-page\" data-elementor-id=\"4819\" class=\"elementor elementor-4819 elementor-1363\" data-elementor-post-type=\"page\">\n\t\t\t\t\t\t\t<div class=\"has_eae_slider elementor-element elementor-element-7853c96 e-flex e-con-boxed e-con e-parent\" data-id=\"7853c96\" data-element_type=\"container\" data-settings=\"{&quot;background_background&quot;:&quot;classic&quot;,&quot;content_width&quot;:&quot;boxed&quot;}\" data-core-v316-plus=\"true\">\n\t\t\t\t\t<div class=\"e-con-inner\">\n\t\t\t\t<div class=\"elementor-element elementor-element-cb82c05 elementor-widget elementor-widget-text-editor\" data-id=\"cb82c05\" data-element_type=\"widget\" data-widget_type=\"text-editor.default\">\n\t\t\t\t<div class=\"elementor-widget-container\">\n\t\t\t<style>\/*! elementor - v3.17.0 - 01-11-2023 *\/\n.elementor-widget-text-editor.elementor-drop-cap-view-stacked .elementor-drop-cap{background-color:#69727d;color:#fff}.elementor-widget-text-editor.elementor-drop-cap-view-framed .elementor-drop-cap{color:#69727d;border:3px solid;background-color:transparent}.elementor-widget-text-editor:not(.elementor-drop-cap-view-default) .elementor-drop-cap{margin-top:8px}.elementor-widget-text-editor:not(.elementor-drop-cap-view-default) .elementor-drop-cap-letter{width:1em;height:1em}.elementor-widget-text-editor .elementor-drop-cap{float:left;text-align:center;line-height:1;font-size:50px}.elementor-widget-text-editor .elementor-drop-cap-letter{display:inline-block}<\/style>\t\t\t\t<p>HOME \/ WINES \/ \u00c0NIMA NUA COR VIU<\/p>\n\t\t\t\t\t\t<\/div>\n\t\t\t\t<\/div>\n\t\t\t\t<div class=\"elementor-element elementor-element-c55bbfd elementor-widget elementor-widget-text-editor\" data-id=\"c55bbfd\" data-element_type=\"widget\" data-widget_type=\"text-editor.default\">\n\t\t\t\t<div class=\"elementor-widget-container\">\n\t\t\t\t\t\t\t<span style=\"-webkit-text-stroke: 2px #FFFFFF;\">\u00c0nima nua cor viu<\/span><span style=\"font-size: .4em; text-transform: uppercase; font-weight: lighter;\"> D.O. CONCA DE BARBER\u00c0 | D.O. PENED\u00c8S | <\/span> <span style=\"font-size: .4em; text-transform: uppercase; font-weight: 900;\">ECO<\/span>\t\t\t\t\t\t<\/div>\n\t\t\t\t<\/div>\n\t\t\t\t\t<\/div>\n\t\t\t\t<\/div>\n\t\t<div class=\"has_eae_slider elementor-element elementor-element-497380e e-flex e-con-boxed e-con e-parent\" data-id=\"497380e\" data-element_type=\"container\" data-settings=\"{&quot;background_background&quot;:&quot;gradient&quot;,&quot;content_width&quot;:&quot;boxed&quot;}\" data-core-v316-plus=\"true\">\n\t\t\t\t\t<div class=\"e-con-inner\">\n\t\t<div class=\"has_eae_slider elementor-element elementor-element-0d77e1d e-con-full e-flex e-con e-child\" data-id=\"0d77e1d\" data-element_type=\"container\" data-settings=\"{&quot;content_width&quot;:&quot;full&quot;}\">\n\t\t\t\t<div class=\"elementor-element elementor-element-40481c5 elementor-widget elementor-widget-heading\" data-id=\"40481c5\" data-element_type=\"widget\" data-widget_type=\"heading.default\">\n\t\t\t\t<div class=\"elementor-widget-container\">\n\t\t\t<style>\/*! elementor - v3.17.0 - 01-11-2023 *\/\n.elementor-heading-title{padding:0;margin:0;line-height:1}.elementor-widget-heading .elementor-heading-title[class*=elementor-size-]>a{color:inherit;font-size:inherit;line-height:inherit}.elementor-widget-heading .elementor-heading-title.elementor-size-small{font-size:15px}.elementor-widget-heading .elementor-heading-title.elementor-size-medium{font-size:19px}.elementor-widget-heading .elementor-heading-title.elementor-size-large{font-size:29px}.elementor-widget-heading .elementor-heading-title.elementor-size-xl{font-size:39px}.elementor-widget-heading .elementor-heading-title.elementor-size-xxl{font-size:59px}<\/style><h2 class=\"elementor-heading-title elementor-size-default\">From the earth.<\/h2>\t\t<\/div>\n\t\t\t\t<\/div>\n\t\t\t\t<div class=\"elementor-element elementor-element-be835a6 elementor-widget elementor-widget-text-editor\" data-id=\"be835a6\" data-element_type=\"widget\" data-widget_type=\"text-editor.default\">\n\t\t\t\t<div class=\"elementor-widget-container\">\n\t\t\t\t\t\t\t<p>\u00c0nima Nua Cor Viu wines are organic, treated on the vine only with sulphur and copper. From Conca de Barber\u00e0 and Pened\u00e8s we apply our efforts and work in combining new and traditional techniques with the principal aim of a respect for the environment and sustainability.<\/p>\t\t\t\t\t\t<\/div>\n\t\t\t\t<\/div>\n\t\t\t\t<\/div>\n\t\t<div class=\"has_eae_slider elementor-element elementor-element-7b8e5af e-con-full e-flex e-con e-child\" data-id=\"7b8e5af\" data-element_type=\"container\" data-settings=\"{&quot;content_width&quot;:&quot;full&quot;}\">\n\t\t\t\t<div class=\"elementor-element elementor-element-8e7222a elementor-widget elementor-widget-html\" data-id=\"8e7222a\" data-element_type=\"widget\" data-widget_type=\"html.default\">\n\t\t\t\t<div class=\"elementor-widget-container\">\n\t\t\t<div id=\"vinos4\" class=\"container-fluid producte producte--overflow\">\n    <!-- Add Pagination -->\n    <div class=\"swiper-pagination\"><\/div>\n    <div class=\"swiper-container\">\n\t\t\t\t\t<div class=\"swiper-wrapper\">\n\t\t\t\t\t\t\n\t\t\t\t\t\t<!-- slide -->\n\t\t\t\t\t\t<div class=\"swiper-slide\">\n\t\t \t\t\t\t\t<!-- Producte imatge -->\n\t\t \t\t\t\t\t<div class=\"producte__img\">\n\t\t \t\t\t\t\t\t<img decoding=\"async\" src=\"https:\/\/domeniowines.com\/wp-content\/uploads\/2023\/10\/viu1.png\">\n\t\t \t\t\t\t\t<\/div>\n\t\t \n\t\t \t\t\t\t\t<!-- Producte informaci\u00f3 -->\n\t\t \t\t\t\t\t<div class=\"producte__info\">\n\t\t\t\t\t\t\t\t<h2>\n  \u00c0nima nua cor viu withe\n\t\t\t\t\t\t\t\t<\/h2>\n\t\t\n\t\t\t\t\t\t\t\t<dl>\n\t\t\t\t\t\t\t\t\t<dt>Varieties<\/dt>\n\t\t\t\t\t\t\t\t\t\t<dd>Macabeo and Parellada<\/dd>\n\t\t\t\t\t\t\t\t\t<!-- <dt>Anyada<\/dt>\n\t\t\t\t\t\t\t\t\t\t<dd>2017<\/dd> -->\n\t\t\t\t\t\t\t\t\t<dt>Alcohol<\/dt>\n\t\t\t\t\t\t\t\t\t\t<dd>13%<\/dd>\n\t\t\t\t\t\t\t\t\t<dt>Serve at<\/dt>\n\t\t\t\t\t\t\t\t\t\t<dd>8-10 \u00b0C<\/dd>\n\t\t\t\t\t\t\t\t\t<dt>Technical file<\/dt>\n\t\t\t\t\t\t\t\t\t\t<dd><a href=\"https:\/\/domeniowines.com\/uploads\/fitxes-tecniques\/vi\/AnimaNuaCorViu-Blanc-EN.pdf\" target=\"_blank\" class=\"download\">Download PDF<\/a><\/dd>\n\t\t\t\t\t\t\t\t<\/dl>\n\t\t\n\t\t\t\t\t\t\t\t<h4>Tasting note<\/h4>\n\t\t\t\t\t\t\t\t<p>\n  \u00c0nima Nua Cor Viu wines are organic, treated on the vine only with sulphur and copper. They offer complex aromas evoking ripe fruit with white flesh, aniseed and spices. Vibrant in the mouth, fresh, warm and luscious, thanks to resting on the lees. \n\t\t\t\t\t\t\t\t<\/p>\n\n\t\t \t\t\t\t\t\t<div class=\"producte__info__DO\">\n\t\t\t\t\t\t\t\t\t<img decoding=\"async\" src=\"https:\/\/domeniowines.com\/wp-content\/uploads\/2023\/10\/conca11.png\" alt=\"Conca\">\n\t\t \t\t\t\t\t\t<\/div>\n\t\t \t\t\t\t\t<\/div>\n\t\t \t\t\t\t<\/div> <!-- \/ slide -->\n\n\n\t\t\t \t\t\t<!-- slide -->\n\t\t\t\t\t\t<div class=\"swiper-slide\">\n\t\t \t\t\t\t\t<!-- Producte imatge -->\n\t\t \t\t\t\t\t<div class=\"producte__img\">\n\t\t \t\t\t\t\t\t<img decoding=\"async\" src=\"https:\/\/domeniowines.com\/wp-content\/uploads\/2023\/10\/viu2.png\">\n\t\t \t\t\t\t\t<\/div>\n\t\t \n\t\t \t\t\t\t\t<!-- Producte informaci\u00f3 -->\n\t\t \t\t\t\t\t<div class=\"producte__info\">\n\t\t\t\t\t\t\t\t<h2>\n  \u00c0nima nua cor viu red\n\t\t\t\t\t\t\t\t<\/h2>\n\t\t\n\t\t\t\t\t\t\t\t<dl>\n\t\t\t\t\t\t\t\t\t<dt>Varieties<\/dt>\n\t\t\t\t\t\t\t\t\t\t<dd>Tempranillo<\/dd>\n\t\t\t\t\t\t\t\t\t<!-- <dt>Anyada<\/dt>\n\t\t\t\t\t\t\t\t\t\t<dd>2017<\/dd> -->\n\t\t\t\t\t\t\t\t\t<dt>Alcohol<\/dt>\n\t\t\t\t\t\t\t\t\t\t<dd>12,5%<\/dd>\n\t\t\t\t\t\t\t\t\t<dt>Serve at<\/dt>\n\t\t\t\t\t\t\t\t\t\t<dd>12-14 \u00b0C<\/dd>\n\t\t\t\t\t\t\t\t\t<dt>Technical file<\/dt>\n\t\t\t\t\t\t\t\t\t\t<dd><a href=\"https:\/\/domeniowines.com\/uploads\/fitxes-tecniques\/vi\/AnimaNuaCorViu-Negre-EN.pdf\" target=\"_blank\" class=\"download\">Download PDF<\/a><\/dd>\n\t\t\t\t\t\t\t\t<\/dl>\n\t\t\n\t\t\t\t\t\t\t\t<h4>Tasting note<\/h4>\n\t\t\t\t\t\t\t\t<p>\n  \u00c0nima Nua Cor Viu wines are organic, treated on the vine only with sulphur and copper. A strong red colour, of average depth and brilliant. Rich and intense aromas, a sensation of berries combined with touches of ripe fruit and spices. A sensory pleasure with short maturation on the lees to give smoothness and delicacy.\n\t\t\t\t\t\t\t\t<\/p>\n\n\t\t \t\t\t\t\t\t<div class=\"producte__info__DO\">\n\t\t\t\t\t\t\t\t\t<img decoding=\"async\" src=\"https:\/\/domeniowines.com\/wp-content\/uploads\/2023\/10\/conca11.png\" alt=\"Conca\">\n\t\t \t\t\t\t\t\t<\/div>\n\t\t \t\t\t\t\t<\/div>\n\t\t \t\t\t\t<\/div> \n\t\t\t\t\t\t<!-- \/ slide -->\n\n\t\t\t\t\t<\/div> \n\t\t\t\t<\/div>\n\t\n\t\t\t\t<!-- Navigation buttons -->\n\t\t\t    <div class=\"button button-slider button-slider--left\">\u2039<\/div>\n\t\t\t    <div class=\"button button-slider button-slider--right\">\u203a<\/div>\n<\/div>\t\t<\/div>\n\t\t\t\t<\/div>\n\t\t\t\t<\/div>\n\t\t\t\t\t<\/div>\n\t\t\t\t<\/div>\n\t\t<div class=\"has_eae_slider elementor-element elementor-element-e50238e e-flex e-con-boxed e-con e-parent\" data-id=\"e50238e\" data-element_type=\"container\" data-settings=\"{&quot;background_background&quot;:&quot;classic&quot;,&quot;content_width&quot;:&quot;boxed&quot;}\" data-core-v316-plus=\"true\">\n\t\t\t\t\t<div class=\"e-con-inner\">\n\t\t\t\t<div class=\"elementor-element elementor-element-ad98ab9 arrow elementor-widget elementor-widget-heading\" data-id=\"ad98ab9\" data-element_type=\"widget\" data-widget_type=\"heading.default\">\n\t\t\t\t<div class=\"elementor-widget-container\">\n\t\t\t<p class=\"elementor-heading-title elementor-size-default\"><a href=\"https:\/\/domeniowines.com\/en\/domenio-wines\/\">BACK TO OUR WINES<\/a><\/p>\t\t<\/div>\n\t\t\t\t<\/div>\n\t\t\t\t\t<\/div>\n\t\t\t\t<\/div>\n\t\t\t\t\t\t\t<\/div>\n\t\t","protected":false},"excerpt":{"rendered":"<p>HOME \/ WINES \/ \u00c0NIMA NUA COR VIU \u00c0nima nua cor viu D.O. CONCA DE BARBER\u00c0 | D.O. PENED\u00c8S | ECO From the earth. \u00c0nima Nua Cor Viu wines are organic, treated on the vine only with sulphur and copper. From Conca de Barber\u00e0 and Pened\u00e8s we apply our efforts and work in combining new [&hellip;]<\/p>\n","protected":false},"author":1,"featured_media":0,"parent":0,"menu_order":0,"comment_status":"closed","ping_status":"closed","template":"","meta":{"_eb_attr":"","footnotes":""},"class_list":["post-4819","page","type-page","status-publish","hentry"],"yoast_head":"<!-- This site is optimized with the Yoast SEO plugin v25.5 - https:\/\/yoast.com\/wordpress\/plugins\/seo\/ -->\n<title>\u00c0NIMA NUA COR VIU - Domenio<\/title>\n<meta name=\"robots\" content=\"index, follow, max-snippet:-1, max-image-preview:large, max-video-preview:-1\" \/>\n<link rel=\"canonical\" href=\"https:\/\/domeniowines.com\/anima-nua-cor-viu\/\" \/>\n<meta property=\"og:locale\" content=\"en_US\" \/>\n<meta property=\"og:type\" content=\"article\" \/>\n<meta property=\"og:title\" content=\"\u00c0NIMA NUA COR VIU - Domenio\" \/>\n<meta property=\"og:description\" content=\"HOME \/ WINES \/ \u00c0NIMA NUA COR VIU \u00c0nima nua cor viu D.O. CONCA DE BARBER\u00c0 | D.O. PENED\u00c8S | ECO From the earth. \u00c0nima Nua Cor Viu wines are organic, treated on the vine only with sulphur and copper. From Conca de Barber\u00e0 and Pened\u00e8s we apply our efforts and work in combining new [&hellip;]\" \/>\n<meta property=\"og:url\" content=\"https:\/\/domeniowines.com\/anima-nua-cor-viu\/\" \/>\n<meta property=\"og:site_name\" content=\"Domenio\" \/>\n<meta property=\"article:modified_time\" content=\"2024-05-29T10:19:58+00:00\" \/>\n<meta property=\"og:image\" content=\"https:\/\/domeniowines.com\/wp-content\/uploads\/2023\/10\/viu1.png\" \/>\n<meta name=\"twitter:card\" content=\"summary_large_image\" \/>\n<meta name=\"twitter:label1\" content=\"Est. reading time\" \/>\n\t<meta name=\"twitter:data1\" content=\"1 minute\" \/>\n<script type=\"application\/ld+json\" class=\"yoast-schema-graph\">{\"@context\":\"https:\/\/schema.org\",\"@graph\":[{\"@type\":\"WebPage\",\"@id\":\"https:\/\/domeniowines.com\/anima-nua-cor-viu\/\",\"url\":\"https:\/\/domeniowines.com\/anima-nua-cor-viu\/\",\"name\":\"\u00c0NIMA NUA COR VIU - Domenio\",\"isPartOf\":{\"@id\":\"https:\/\/domeniowines.com\/#website\"},\"primaryImageOfPage\":{\"@id\":\"https:\/\/domeniowines.com\/anima-nua-cor-viu\/#primaryimage\"},\"image\":{\"@id\":\"https:\/\/domeniowines.com\/anima-nua-cor-viu\/#primaryimage\"},\"thumbnailUrl\":\"https:\/\/domeniowines.com\/wp-content\/uploads\/2023\/10\/viu1.png\",\"datePublished\":\"2023-10-05T19:57:33+00:00\",\"dateModified\":\"2024-05-29T10:19:58+00:00\",\"breadcrumb\":{\"@id\":\"https:\/\/domeniowines.com\/anima-nua-cor-viu\/#breadcrumb\"},\"inLanguage\":\"en-US\",\"potentialAction\":[{\"@type\":\"ReadAction\",\"target\":[\"https:\/\/domeniowines.com\/anima-nua-cor-viu\/\"]}]},{\"@type\":\"ImageObject\",\"inLanguage\":\"en-US\",\"@id\":\"https:\/\/domeniowines.com\/anima-nua-cor-viu\/#primaryimage\",\"url\":\"https:\/\/domeniowines.com\/wp-content\/uploads\/2023\/10\/viu1.png\",\"contentUrl\":\"https:\/\/domeniowines.com\/wp-content\/uploads\/2023\/10\/viu1.png\"},{\"@type\":\"BreadcrumbList\",\"@id\":\"https:\/\/domeniowines.com\/anima-nua-cor-viu\/#breadcrumb\",\"itemListElement\":[{\"@type\":\"ListItem\",\"position\":1,\"name\":\"Portada\",\"item\":\"https:\/\/domeniowines.com\/en\/\"},{\"@type\":\"ListItem\",\"position\":2,\"name\":\"\u00c0NIMA NUA COR VIU\"}]},{\"@type\":\"WebSite\",\"@id\":\"https:\/\/domeniowines.com\/#website\",\"url\":\"https:\/\/domeniowines.com\/\",\"name\":\"Domenio\",\"description\":\"Vins i caves | 1917\",\"potentialAction\":[{\"@type\":\"SearchAction\",\"target\":{\"@type\":\"EntryPoint\",\"urlTemplate\":\"https:\/\/domeniowines.com\/?s={search_term_string}\"},\"query-input\":{\"@type\":\"PropertyValueSpecification\",\"valueRequired\":true,\"valueName\":\"search_term_string\"}}],\"inLanguage\":\"en-US\"}]}<\/script>\n<!-- \/ Yoast SEO plugin. -->","yoast_head_json":{"title":"\u00c0NIMA NUA COR VIU - Domenio","robots":{"index":"index","follow":"follow","max-snippet":"max-snippet:-1","max-image-preview":"max-image-preview:large","max-video-preview":"max-video-preview:-1"},"canonical":"https:\/\/domeniowines.com\/anima-nua-cor-viu\/","og_locale":"en_US","og_type":"article","og_title":"\u00c0NIMA NUA COR VIU - Domenio","og_description":"HOME \/ WINES \/ \u00c0NIMA NUA COR VIU \u00c0nima nua cor viu D.O. CONCA DE BARBER\u00c0 | D.O. PENED\u00c8S | ECO From the earth. \u00c0nima Nua Cor Viu wines are organic, treated on the vine only with sulphur and copper. From Conca de Barber\u00e0 and Pened\u00e8s we apply our efforts and work in combining new [&hellip;]","og_url":"https:\/\/domeniowines.com\/anima-nua-cor-viu\/","og_site_name":"Domenio","article_modified_time":"2024-05-29T10:19:58+00:00","og_image":[{"url":"https:\/\/domeniowines.com\/wp-content\/uploads\/2023\/10\/viu1.png","type":"","width":"","height":""}],"twitter_card":"summary_large_image","twitter_misc":{"Est. reading time":"1 minute"},"schema":{"@context":"https:\/\/schema.org","@graph":[{"@type":"WebPage","@id":"https:\/\/domeniowines.com\/anima-nua-cor-viu\/","url":"https:\/\/domeniowines.com\/anima-nua-cor-viu\/","name":"\u00c0NIMA NUA COR VIU - Domenio","isPartOf":{"@id":"https:\/\/domeniowines.com\/#website"},"primaryImageOfPage":{"@id":"https:\/\/domeniowines.com\/anima-nua-cor-viu\/#primaryimage"},"image":{"@id":"https:\/\/domeniowines.com\/anima-nua-cor-viu\/#primaryimage"},"thumbnailUrl":"https:\/\/domeniowines.com\/wp-content\/uploads\/2023\/10\/viu1.png","datePublished":"2023-10-05T19:57:33+00:00","dateModified":"2024-05-29T10:19:58+00:00","breadcrumb":{"@id":"https:\/\/domeniowines.com\/anima-nua-cor-viu\/#breadcrumb"},"inLanguage":"en-US","potentialAction":[{"@type":"ReadAction","target":["https:\/\/domeniowines.com\/anima-nua-cor-viu\/"]}]},{"@type":"ImageObject","inLanguage":"en-US","@id":"https:\/\/domeniowines.com\/anima-nua-cor-viu\/#primaryimage","url":"https:\/\/domeniowines.com\/wp-content\/uploads\/2023\/10\/viu1.png","contentUrl":"https:\/\/domeniowines.com\/wp-content\/uploads\/2023\/10\/viu1.png"},{"@type":"BreadcrumbList","@id":"https:\/\/domeniowines.com\/anima-nua-cor-viu\/#breadcrumb","itemListElement":[{"@type":"ListItem","position":1,"name":"Portada","item":"https:\/\/domeniowines.com\/en\/"},{"@type":"ListItem","position":2,"name":"\u00c0NIMA NUA COR VIU"}]},{"@type":"WebSite","@id":"https:\/\/domeniowines.com\/#website","url":"https:\/\/domeniowines.com\/","name":"Domenio","description":"Vins i caves | 1917","potentialAction":[{"@type":"SearchAction","target":{"@type":"EntryPoint","urlTemplate":"https:\/\/domeniowines.com\/?s={search_term_string}"},"query-input":{"@type":"PropertyValueSpecification","valueRequired":true,"valueName":"search_term_string"}}],"inLanguage":"en-US"}]}},"featured_media_urls":[],"_links":{"self":[{"href":"https:\/\/domeniowines.com\/en\/wp-json\/wp\/v2\/pages\/4819","targetHints":{"allow":["GET"]}}],"collection":[{"href":"https:\/\/domeniowines.com\/en\/wp-json\/wp\/v2\/pages"}],"about":[{"href":"https:\/\/domeniowines.com\/en\/wp-json\/wp\/v2\/types\/page"}],"author":[{"embeddable":true,"href":"https:\/\/domeniowines.com\/en\/wp-json\/wp\/v2\/users\/1"}],"replies":[{"embeddable":true,"href":"https:\/\/domeniowines.com\/en\/wp-json\/wp\/v2\/comments?post=4819"}],"version-history":[{"count":24,"href":"https:\/\/domeniowines.com\/en\/wp-json\/wp\/v2\/pages\/4819\/revisions"}],"predecessor-version":[{"id":6710,"href":"https:\/\/domeniowines.com\/en\/wp-json\/wp\/v2\/pages\/4819\/revisions\/6710"}],"wp:attachment":[{"href":"https:\/\/domeniowines.com\/en\/wp-json\/wp\/v2\/media?parent=4819"}],"curies":[{"name":"wp","href":"https:\/\/api.w.org\/{rel}","templated":true}]}}