{"id":4906,"date":"2023-09-25T20:43:34","date_gmt":"2023-09-25T18:43:34","guid":{"rendered":"https:\/\/domeniowines.com\/cooperative-spirit\/"},"modified":"2024-03-21T11:31:53","modified_gmt":"2024-03-21T10:31:53","slug":"cooperative-in-spirit","status":"publish","type":"page","link":"https:\/\/domeniowines.com\/en\/cooperative-in-spirit\/","title":{"rendered":"COOPERATIVE IN SPIRIT"},"content":{"rendered":"\t\t<div data-elementor-type=\"wp-page\" data-elementor-id=\"4906\" class=\"elementor elementor-4906 elementor-632\" data-elementor-post-type=\"page\">\n\t\t\t\t\t\t\t<div class=\"has_eae_slider elementor-element elementor-element-7853c96 e-flex e-con-boxed e-con e-parent\" data-id=\"7853c96\" data-element_type=\"container\" data-settings=\"{&quot;background_background&quot;:&quot;classic&quot;,&quot;content_width&quot;:&quot;boxed&quot;}\" data-core-v316-plus=\"true\">\n\t\t\t\t\t<div class=\"e-con-inner\">\n\t\t\t\t<div class=\"elementor-element elementor-element-227645b elementor-widget elementor-widget-spacer\" data-id=\"227645b\" data-element_type=\"widget\" data-widget_type=\"spacer.default\">\n\t\t\t\t<div class=\"elementor-widget-container\">\n\t\t\t<style>\/*! elementor - v3.17.0 - 01-11-2023 *\/\n.elementor-column .elementor-spacer-inner{height:var(--spacer-size)}.e-con{--container-widget-width:100%}.e-con-inner>.elementor-widget-spacer,.e-con>.elementor-widget-spacer{width:var(--container-widget-width,var(--spacer-size));--align-self:var(--container-widget-align-self,initial);--flex-shrink:0}.e-con-inner>.elementor-widget-spacer>.elementor-widget-container,.e-con>.elementor-widget-spacer>.elementor-widget-container{height:100%;width:100%}.e-con-inner>.elementor-widget-spacer>.elementor-widget-container>.elementor-spacer,.e-con>.elementor-widget-spacer>.elementor-widget-container>.elementor-spacer{height:100%}.e-con-inner>.elementor-widget-spacer>.elementor-widget-container>.elementor-spacer>.elementor-spacer-inner,.e-con>.elementor-widget-spacer>.elementor-widget-container>.elementor-spacer>.elementor-spacer-inner{height:var(--container-widget-height,var(--spacer-size))}.e-con-inner>.elementor-widget-spacer.elementor-widget-empty,.e-con>.elementor-widget-spacer.elementor-widget-empty{position:relative;min-height:22px;min-width:22px}.e-con-inner>.elementor-widget-spacer.elementor-widget-empty .elementor-widget-empty-icon,.e-con>.elementor-widget-spacer.elementor-widget-empty .elementor-widget-empty-icon{position:absolute;top:0;bottom:0;left:0;right:0;margin:auto;padding:0;width:22px;height:22px}<\/style>\t\t<div class=\"elementor-spacer\">\n\t\t\t<div class=\"elementor-spacer-inner\"><\/div>\n\t\t<\/div>\n\t\t\t\t<\/div>\n\t\t\t\t<\/div>\n\t\t\t\t<div class=\"elementor-element elementor-element-cb82c05 elementor-widget elementor-widget-text-editor\" data-id=\"cb82c05\" data-element_type=\"widget\" data-widget_type=\"text-editor.default\">\n\t\t\t\t<div class=\"elementor-widget-container\">\n\t\t\t<style>\/*! elementor - v3.17.0 - 01-11-2023 *\/\n.elementor-widget-text-editor.elementor-drop-cap-view-stacked .elementor-drop-cap{background-color:#69727d;color:#fff}.elementor-widget-text-editor.elementor-drop-cap-view-framed .elementor-drop-cap{color:#69727d;border:3px solid;background-color:transparent}.elementor-widget-text-editor:not(.elementor-drop-cap-view-default) .elementor-drop-cap{margin-top:8px}.elementor-widget-text-editor:not(.elementor-drop-cap-view-default) .elementor-drop-cap-letter{width:1em;height:1em}.elementor-widget-text-editor .elementor-drop-cap{float:left;text-align:center;line-height:1;font-size:50px}.elementor-widget-text-editor .elementor-drop-cap-letter{display:inline-block}<\/style>\t\t\t\t<p>HOME \/ BY CELLERS DOMENYS \/ <span style=\"color: #999999;\">COOPERATIVE SPIRIT<\/span><\/p>\n\t\t\t\t\t\t<\/div>\n\t\t\t\t<\/div>\n\t\t\t\t<div class=\"elementor-element elementor-element-7d0a599 elementor-widget-mobile__width-inherit elementor-widget elementor-widget-heading\" data-id=\"7d0a599\" data-element_type=\"widget\" data-widget_type=\"heading.default\">\n\t\t\t\t<div class=\"elementor-widget-container\">\n\t\t\t<style>\/*! elementor - v3.17.0 - 01-11-2023 *\/\n.elementor-heading-title{padding:0;margin:0;line-height:1}.elementor-widget-heading .elementor-heading-title[class*=elementor-size-]>a{color:inherit;font-size:inherit;line-height:inherit}.elementor-widget-heading .elementor-heading-title.elementor-size-small{font-size:15px}.elementor-widget-heading .elementor-heading-title.elementor-size-medium{font-size:19px}.elementor-widget-heading .elementor-heading-title.elementor-size-large{font-size:29px}.elementor-widget-heading .elementor-heading-title.elementor-size-xl{font-size:39px}.elementor-widget-heading .elementor-heading-title.elementor-size-xxl{font-size:59px}<\/style><h2 class=\"elementor-heading-title elementor-size-default\">Viticulturist by nature, cooperative in spirit\n<\/h2>\t\t<\/div>\n\t\t\t\t<\/div>\n\t\t\t\t\t<\/div>\n\t\t\t\t<\/div>\n\t\t<div class=\"has_eae_slider elementor-element elementor-element-497380e e-flex e-con-boxed e-con e-parent\" data-id=\"497380e\" data-element_type=\"container\" data-settings=\"{&quot;background_background&quot;:&quot;classic&quot;,&quot;content_width&quot;:&quot;boxed&quot;}\" data-core-v316-plus=\"true\">\n\t\t\t\t\t<div class=\"e-con-inner\">\n\t\t<div class=\"has_eae_slider elementor-element elementor-element-0d77e1d e-con-full e-flex e-con e-child\" data-id=\"0d77e1d\" data-element_type=\"container\" data-settings=\"{&quot;content_width&quot;:&quot;full&quot;}\">\n\t\t\t\t<div class=\"elementor-element elementor-element-712f187 elementor-nav-menu__align-left elementor-nav-menu--dropdown-none elementor-widget elementor-widget-nav-menu\" data-id=\"712f187\" data-element_type=\"widget\" data-settings=\"{&quot;layout&quot;:&quot;vertical&quot;,&quot;submenu_icon&quot;:{&quot;value&quot;:&quot;&lt;i class=\\&quot;\\&quot;&gt;&lt;\\\/i&gt;&quot;,&quot;library&quot;:&quot;&quot;}}\" data-widget_type=\"nav-menu.default\">\n\t\t\t\t<div class=\"elementor-widget-container\">\n\t\t\t<link rel=\"stylesheet\" href=\"https:\/\/domeniowines.com\/wp-content\/plugins\/elementor-pro\/assets\/css\/widget-nav-menu.min.css\">\t\t\t<nav class=\"elementor-nav-menu--main elementor-nav-menu__container elementor-nav-menu--layout-vertical e--pointer-text e--animation-shrink\">\n\t\t\t\t<ul id=\"menu-1-712f187\" class=\"elementor-nav-menu sm-vertical\"><li class=\"menu-item menu-item-type-post_type menu-item-object-page menu-item-5047\"><a href=\"https:\/\/domeniowines.com\/en\/cooperative-in-spirit\/\" class=\"elementor-item\">COOPERATIVE IN SPIRIT<\/a><\/li>\n<li class=\"menu-item menu-item-type-post_type menu-item-object-page menu-item-5048\"><a href=\"https:\/\/domeniowines.com\/en\/a-cooperative-enterprise\/\" class=\"elementor-item\">A COOPERATIVE ENTERPRISE<\/a><\/li>\n<li class=\"menu-item menu-item-type-post_type menu-item-object-page menu-item-5049\"><a href=\"https:\/\/domeniowines.com\/en\/prizes-won\/\" class=\"elementor-item\">Outstanding awards<\/a><\/li>\n<\/ul>\t\t\t<\/nav>\n\t\t\t\t\t\t<nav class=\"elementor-nav-menu--dropdown elementor-nav-menu__container\" aria-hidden=\"true\">\n\t\t\t\t<ul id=\"menu-2-712f187\" class=\"elementor-nav-menu sm-vertical\"><li class=\"menu-item menu-item-type-post_type menu-item-object-page menu-item-5047\"><a href=\"https:\/\/domeniowines.com\/en\/cooperative-in-spirit\/\" class=\"elementor-item\" tabindex=\"-1\">COOPERATIVE IN SPIRIT<\/a><\/li>\n<li class=\"menu-item menu-item-type-post_type menu-item-object-page menu-item-5048\"><a href=\"https:\/\/domeniowines.com\/en\/a-cooperative-enterprise\/\" class=\"elementor-item\" tabindex=\"-1\">A COOPERATIVE ENTERPRISE<\/a><\/li>\n<li class=\"menu-item menu-item-type-post_type menu-item-object-page menu-item-5049\"><a href=\"https:\/\/domeniowines.com\/en\/prizes-won\/\" class=\"elementor-item\" tabindex=\"-1\">Outstanding awards<\/a><\/li>\n<\/ul>\t\t\t<\/nav>\n\t\t\t\t<\/div>\n\t\t\t\t<\/div>\n\t\t\t\t<\/div>\n\t\t<div class=\"has_eae_slider elementor-element elementor-element-7b8e5af e-con-full e-flex e-con e-child\" data-id=\"7b8e5af\" data-element_type=\"container\" data-settings=\"{&quot;content_width&quot;:&quot;full&quot;}\">\n\t\t\t\t<div class=\"elementor-element elementor-element-5383290 elementor-widget elementor-widget-image\" data-id=\"5383290\" data-element_type=\"widget\" data-widget_type=\"image.default\">\n\t\t\t\t<div class=\"elementor-widget-container\">\n\t\t\t<style>\/*! elementor - v3.17.0 - 01-11-2023 *\/\n.elementor-widget-image{text-align:center}.elementor-widget-image a{display:inline-block}.elementor-widget-image a img[src$=\".svg\"]{width:48px}.elementor-widget-image img{vertical-align:middle;display:inline-block}<\/style>\t\t\t\t\t\t\t\t\t\t\t\t<img loading=\"lazy\" decoding=\"async\" width=\"1920\" height=\"1080\" src=\"https:\/\/domeniowines.com\/wp-content\/uploads\/2023\/09\/esperit-cooperatiu-1.jpg\" class=\"attachment-full size-full wp-image-692\" alt=\"\" srcset=\"https:\/\/domeniowines.com\/wp-content\/uploads\/2023\/09\/esperit-cooperatiu-1.jpg 1920w, https:\/\/domeniowines.com\/wp-content\/uploads\/2023\/09\/esperit-cooperatiu-1-300x169.jpg 300w, https:\/\/domeniowines.com\/wp-content\/uploads\/2023\/09\/esperit-cooperatiu-1-1024x576.jpg 1024w, https:\/\/domeniowines.com\/wp-content\/uploads\/2023\/09\/esperit-cooperatiu-1-768x432.jpg 768w, https:\/\/domeniowines.com\/wp-content\/uploads\/2023\/09\/esperit-cooperatiu-1-1536x864.jpg 1536w, https:\/\/domeniowines.com\/wp-content\/uploads\/2023\/09\/esperit-cooperatiu-1-600x338.jpg 600w, https:\/\/domeniowines.com\/wp-content\/uploads\/2023\/09\/esperit-cooperatiu-1-1200x675.jpg 1200w\" sizes=\"auto, (max-width: 1920px) 100vw, 1920px\" \/>\t\t\t\t\t\t\t\t\t\t\t\t\t\t\t<\/div>\n\t\t\t\t<\/div>\n\t\t\t\t<div class=\"elementor-element elementor-element-e8e0714 elementor-widget elementor-widget-heading\" data-id=\"e8e0714\" data-element_type=\"widget\" data-widget_type=\"heading.default\">\n\t\t\t\t<div class=\"elementor-widget-container\">\n\t\t\t<h2 class=\"elementor-heading-title elementor-size-default\">Cellers Domenys, a cooperative with more than 100 years of history<\/h2>\t\t<\/div>\n\t\t\t\t<\/div>\n\t\t\t\t<div class=\"elementor-element elementor-element-21e352e elementor-widget elementor-widget-heading\" data-id=\"21e352e\" data-element_type=\"widget\" data-widget_type=\"heading.default\">\n\t\t\t\t<div class=\"elementor-widget-container\">\n\t\t\t<p class=\"elementor-heading-title elementor-size-default\">Domenio is a project for bottling and marketing at national and international level by Cellers Domenys, one of the most important cooperatives in southeast Catalonia. Producers of wines, cavas and oils, at Domenio we work the land, the vineyards, the grapes and the olive orchards in eight benchmark villages in the Catalan market. These, combined with the abilities, knowledge and potential of the winery, are the pillars of our project for a long-term future.<\/p>\t\t<\/div>\n\t\t\t\t<\/div>\n\t\t\t\t<div class=\"elementor-element elementor-element-3f8d4df elementor-widget elementor-widget-heading\" data-id=\"3f8d4df\" data-element_type=\"widget\" data-widget_type=\"heading.default\">\n\t\t\t\t<div class=\"elementor-widget-container\">\n\t\t\t<p class=\"elementor-heading-title elementor-size-default\">Cooperation, participation, innovation, social responsibility\u2026 Since 1917, these and many others form the set of values that have stimulated Cellers Domenys to work on constructing an entity committed to the people and the land. Today, the cooperative represents the union of several organisations in the Catalan viticulture sector. More than 100 years of history being written with a cooperative spirit and character.<\/p>\t\t<\/div>\n\t\t\t\t<\/div>\n\t\t\t\t<div class=\"elementor-element elementor-element-a35fa0d elementor-widget elementor-widget-heading\" data-id=\"a35fa0d\" data-element_type=\"widget\" data-widget_type=\"heading.default\">\n\t\t\t\t<div class=\"elementor-widget-container\">\n\t\t\t<h3 class=\"elementor-heading-title elementor-size-default\">Products made with soul<\/h3>\t\t<\/div>\n\t\t\t\t<\/div>\n\t\t\t\t<div class=\"elementor-element elementor-element-6a22b87 elementor-widget elementor-widget-heading\" data-id=\"6a22b87\" data-element_type=\"widget\" data-widget_type=\"heading.default\">\n\t\t\t\t<div class=\"elementor-widget-container\">\n\t\t\t<p class=\"elementor-heading-title elementor-size-default\">The working lands of Cellers Domenys \u2013from the coast to the interior of Catalonia\u2013 are full of top quality material. Viticulture and oil production, mixing tradition and new technology in equal parts, form part of the processes of preparing wine, cava and oil in the cooperative. A production that is recognised and classified under 5 important Designations of Origin in the area, warranting the control applied by Domenio in its products: DO Pened\u00e8s, DO Conca de Barber\u00e0, DO Catalu\u00f1a, DO Cava and Siurana PDO.<\/p>\t\t<\/div>\n\t\t\t\t<\/div>\n\t\t\t\t<div class=\"elementor-element elementor-element-b040a08 elementor-widget elementor-widget-heading\" data-id=\"b040a08\" data-element_type=\"widget\" data-widget_type=\"heading.default\">\n\t\t\t\t<div class=\"elementor-widget-container\">\n\t\t\t<p class=\"elementor-heading-title elementor-size-default\">Recognition under these Designations of Origin clearly demonstrates the work and dedication of all the members of the cooperative and also of the human team of Domenio, which has a whole technological and advisory structure to ensure optimisation in the management and technical control of cultivation and the processes involved in the development of the fruit. This also helps in the maintenance and protection of the properties and crops through rigorous information on conditions in the vineyards and olive orchards. Pioneers in implementing a comprehensive vine management programme, called Domenio Vitis, which provides for exhaustive control over the individual parcels of grape production, Domenio applies rigorous technical management to the cultivated land through a traceability system designed to guarantee food security in all the processes.<\/p>\t\t<\/div>\n\t\t\t\t<\/div>\n\t\t\t\t<div class=\"elementor-element elementor-element-16e473c elementor-widget elementor-widget-image\" data-id=\"16e473c\" data-element_type=\"widget\" data-widget_type=\"image.default\">\n\t\t\t\t<div class=\"elementor-widget-container\">\n\t\t\t\t\t\t\t\t\t\t\t\t\t\t\t<img loading=\"lazy\" decoding=\"async\" width=\"1920\" height=\"1080\" src=\"https:\/\/domeniowines.com\/wp-content\/uploads\/2023\/09\/esperit-cooperatiu-2.jpg\" class=\"attachment-full size-full wp-image-703\" alt=\"\" srcset=\"https:\/\/domeniowines.com\/wp-content\/uploads\/2023\/09\/esperit-cooperatiu-2.jpg 1920w, https:\/\/domeniowines.com\/wp-content\/uploads\/2023\/09\/esperit-cooperatiu-2-300x169.jpg 300w, https:\/\/domeniowines.com\/wp-content\/uploads\/2023\/09\/esperit-cooperatiu-2-1024x576.jpg 1024w, https:\/\/domeniowines.com\/wp-content\/uploads\/2023\/09\/esperit-cooperatiu-2-768x432.jpg 768w, https:\/\/domeniowines.com\/wp-content\/uploads\/2023\/09\/esperit-cooperatiu-2-1536x864.jpg 1536w, https:\/\/domeniowines.com\/wp-content\/uploads\/2023\/09\/esperit-cooperatiu-2-600x338.jpg 600w, https:\/\/domeniowines.com\/wp-content\/uploads\/2023\/09\/esperit-cooperatiu-2-1200x675.jpg 1200w\" sizes=\"auto, (max-width: 1920px) 100vw, 1920px\" \/>\t\t\t\t\t\t\t\t\t\t\t\t\t\t\t<\/div>\n\t\t\t\t<\/div>\n\t\t\t\t<div class=\"elementor-element elementor-element-5035e3a elementor-widget elementor-widget-spacer\" data-id=\"5035e3a\" data-element_type=\"widget\" data-widget_type=\"spacer.default\">\n\t\t\t\t<div class=\"elementor-widget-container\">\n\t\t\t\t\t<div class=\"elementor-spacer\">\n\t\t\t<div class=\"elementor-spacer-inner\"><\/div>\n\t\t<\/div>\n\t\t\t\t<\/div>\n\t\t\t\t<\/div>\n\t\t\t\t<div class=\"elementor-element elementor-element-f3987f3 elementor-widget elementor-widget-heading\" data-id=\"f3987f3\" data-element_type=\"widget\" data-widget_type=\"heading.default\">\n\t\t\t\t<div class=\"elementor-widget-container\">\n\t\t\t<h3 class=\"elementor-heading-title elementor-size-default\">Proximity as a guarantee of best results\n<\/h3>\t\t<\/div>\n\t\t\t\t<\/div>\n\t\t\t\t<div class=\"elementor-element elementor-element-de9eca9 elementor-widget elementor-widget-heading\" data-id=\"de9eca9\" data-element_type=\"widget\" data-widget_type=\"heading.default\">\n\t\t\t\t<div class=\"elementor-widget-container\">\n\t\t\t<p class=\"elementor-heading-title elementor-size-default\">From field management (farms, treatments, incidents and pests\u2026) to the final preparation of our wines, cavas and oils, passing through testing before the grapes and olives are harvested and quality checks in our laboratories, ours is a complex process and requires special attention to guarantee all the quality processes required. For this reason, we like to work with local products, harvested at kilometre 0, with people who understand the area after many years working in the fields of Baix Pened\u00e8s, Conca de Barber\u00e0 and Alt Camp. Only in this way can we achieve wines, cavas and oils with their own essence, aroma and flavour; guaranteeing a production that fulfils the protocols and standards in all processes, both when they enter our wineries and oil mills and when they leave.<\/p>\t\t<\/div>\n\t\t\t\t<\/div>\n\t\t\t\t<\/div>\n\t\t\t\t\t<\/div>\n\t\t\t\t<\/div>\n\t\t\t\t\t\t\t<\/div>\n\t\t","protected":false},"excerpt":{"rendered":"<p>HOME \/ BY CELLERS DOMENYS \/ COOPERATIVE SPIRIT Viticulturist by nature, cooperative in spirit Cellers Domenys, a cooperative with more than 100 years of history Domenio is a project for bottling and marketing at national and international level by Cellers Domenys, one of the most important cooperatives in southeast Catalonia. Producers of wines, cavas and [&hellip;]<\/p>\n","protected":false},"author":1,"featured_media":0,"parent":0,"menu_order":0,"comment_status":"closed","ping_status":"closed","template":"","meta":{"_eb_attr":"","footnotes":""},"class_list":["post-4906","page","type-page","status-publish","hentry"],"yoast_head":"<!-- This site is optimized with the Yoast SEO plugin v25.5 - https:\/\/yoast.com\/wordpress\/plugins\/seo\/ -->\n<title>COOPERATIVE IN SPIRIT - Domenio<\/title>\n<meta name=\"robots\" content=\"index, follow, max-snippet:-1, max-image-preview:large, max-video-preview:-1\" \/>\n<link rel=\"canonical\" href=\"https:\/\/domeniowines.com\/en\/cooperative-in-spirit\/\" \/>\n<meta property=\"og:locale\" content=\"en_US\" \/>\n<meta property=\"og:type\" content=\"article\" \/>\n<meta property=\"og:title\" content=\"COOPERATIVE IN SPIRIT - Domenio\" \/>\n<meta property=\"og:description\" content=\"HOME \/ BY CELLERS DOMENYS \/ COOPERATIVE SPIRIT Viticulturist by nature, cooperative in spirit Cellers Domenys, a cooperative with more than 100 years of history Domenio is a project for bottling and marketing at national and international level by Cellers Domenys, one of the most important cooperatives in southeast Catalonia. Producers of wines, cavas and [&hellip;]\" \/>\n<meta property=\"og:url\" content=\"https:\/\/domeniowines.com\/en\/cooperative-in-spirit\/\" \/>\n<meta property=\"og:site_name\" content=\"Domenio\" \/>\n<meta property=\"article:modified_time\" content=\"2024-03-21T10:31:53+00:00\" \/>\n<meta property=\"og:image\" content=\"https:\/\/domeniowines.com\/wp-content\/uploads\/2023\/09\/esperit-cooperatiu-1.jpg\" \/>\n\t<meta property=\"og:image:width\" content=\"1920\" \/>\n\t<meta property=\"og:image:height\" content=\"1080\" \/>\n\t<meta property=\"og:image:type\" content=\"image\/jpeg\" \/>\n<meta name=\"twitter:card\" content=\"summary_large_image\" \/>\n<meta name=\"twitter:label1\" content=\"Est. reading time\" \/>\n\t<meta name=\"twitter:data1\" content=\"3 minutes\" \/>\n<script type=\"application\/ld+json\" class=\"yoast-schema-graph\">{\"@context\":\"https:\/\/schema.org\",\"@graph\":[{\"@type\":\"WebPage\",\"@id\":\"https:\/\/domeniowines.com\/en\/cooperative-in-spirit\/\",\"url\":\"https:\/\/domeniowines.com\/en\/cooperative-in-spirit\/\",\"name\":\"COOPERATIVE IN SPIRIT - Domenio\",\"isPartOf\":{\"@id\":\"https:\/\/domeniowines.com\/#website\"},\"primaryImageOfPage\":{\"@id\":\"https:\/\/domeniowines.com\/en\/cooperative-in-spirit\/#primaryimage\"},\"image\":{\"@id\":\"https:\/\/domeniowines.com\/en\/cooperative-in-spirit\/#primaryimage\"},\"thumbnailUrl\":\"https:\/\/domeniowines.com\/wp-content\/uploads\/2023\/09\/esperit-cooperatiu-1.jpg\",\"datePublished\":\"2023-09-25T18:43:34+00:00\",\"dateModified\":\"2024-03-21T10:31:53+00:00\",\"breadcrumb\":{\"@id\":\"https:\/\/domeniowines.com\/en\/cooperative-in-spirit\/#breadcrumb\"},\"inLanguage\":\"en-US\",\"potentialAction\":[{\"@type\":\"ReadAction\",\"target\":[\"https:\/\/domeniowines.com\/en\/cooperative-in-spirit\/\"]}]},{\"@type\":\"ImageObject\",\"inLanguage\":\"en-US\",\"@id\":\"https:\/\/domeniowines.com\/en\/cooperative-in-spirit\/#primaryimage\",\"url\":\"https:\/\/domeniowines.com\/wp-content\/uploads\/2023\/09\/esperit-cooperatiu-1.jpg\",\"contentUrl\":\"https:\/\/domeniowines.com\/wp-content\/uploads\/2023\/09\/esperit-cooperatiu-1.jpg\"},{\"@type\":\"BreadcrumbList\",\"@id\":\"https:\/\/domeniowines.com\/en\/cooperative-in-spirit\/#breadcrumb\",\"itemListElement\":[{\"@type\":\"ListItem\",\"position\":1,\"name\":\"Portada\",\"item\":\"https:\/\/domeniowines.com\/en\/\"},{\"@type\":\"ListItem\",\"position\":2,\"name\":\"COOPERATIVE IN SPIRIT\"}]},{\"@type\":\"WebSite\",\"@id\":\"https:\/\/domeniowines.com\/#website\",\"url\":\"https:\/\/domeniowines.com\/\",\"name\":\"Domenio\",\"description\":\"Vins i caves | 1917\",\"potentialAction\":[{\"@type\":\"SearchAction\",\"target\":{\"@type\":\"EntryPoint\",\"urlTemplate\":\"https:\/\/domeniowines.com\/?s={search_term_string}\"},\"query-input\":{\"@type\":\"PropertyValueSpecification\",\"valueRequired\":true,\"valueName\":\"search_term_string\"}}],\"inLanguage\":\"en-US\"}]}<\/script>\n<!-- \/ Yoast SEO plugin. -->","yoast_head_json":{"title":"COOPERATIVE IN SPIRIT - Domenio","robots":{"index":"index","follow":"follow","max-snippet":"max-snippet:-1","max-image-preview":"max-image-preview:large","max-video-preview":"max-video-preview:-1"},"canonical":"https:\/\/domeniowines.com\/en\/cooperative-in-spirit\/","og_locale":"en_US","og_type":"article","og_title":"COOPERATIVE IN SPIRIT - Domenio","og_description":"HOME \/ BY CELLERS DOMENYS \/ COOPERATIVE SPIRIT Viticulturist by nature, cooperative in spirit Cellers Domenys, a cooperative with more than 100 years of history Domenio is a project for bottling and marketing at national and international level by Cellers Domenys, one of the most important cooperatives in southeast Catalonia. Producers of wines, cavas and [&hellip;]","og_url":"https:\/\/domeniowines.com\/en\/cooperative-in-spirit\/","og_site_name":"Domenio","article_modified_time":"2024-03-21T10:31:53+00:00","og_image":[{"width":1920,"height":1080,"url":"https:\/\/domeniowines.com\/wp-content\/uploads\/2023\/09\/esperit-cooperatiu-1.jpg","type":"image\/jpeg"}],"twitter_card":"summary_large_image","twitter_misc":{"Est. reading time":"3 minutes"},"schema":{"@context":"https:\/\/schema.org","@graph":[{"@type":"WebPage","@id":"https:\/\/domeniowines.com\/en\/cooperative-in-spirit\/","url":"https:\/\/domeniowines.com\/en\/cooperative-in-spirit\/","name":"COOPERATIVE IN SPIRIT - Domenio","isPartOf":{"@id":"https:\/\/domeniowines.com\/#website"},"primaryImageOfPage":{"@id":"https:\/\/domeniowines.com\/en\/cooperative-in-spirit\/#primaryimage"},"image":{"@id":"https:\/\/domeniowines.com\/en\/cooperative-in-spirit\/#primaryimage"},"thumbnailUrl":"https:\/\/domeniowines.com\/wp-content\/uploads\/2023\/09\/esperit-cooperatiu-1.jpg","datePublished":"2023-09-25T18:43:34+00:00","dateModified":"2024-03-21T10:31:53+00:00","breadcrumb":{"@id":"https:\/\/domeniowines.com\/en\/cooperative-in-spirit\/#breadcrumb"},"inLanguage":"en-US","potentialAction":[{"@type":"ReadAction","target":["https:\/\/domeniowines.com\/en\/cooperative-in-spirit\/"]}]},{"@type":"ImageObject","inLanguage":"en-US","@id":"https:\/\/domeniowines.com\/en\/cooperative-in-spirit\/#primaryimage","url":"https:\/\/domeniowines.com\/wp-content\/uploads\/2023\/09\/esperit-cooperatiu-1.jpg","contentUrl":"https:\/\/domeniowines.com\/wp-content\/uploads\/2023\/09\/esperit-cooperatiu-1.jpg"},{"@type":"BreadcrumbList","@id":"https:\/\/domeniowines.com\/en\/cooperative-in-spirit\/#breadcrumb","itemListElement":[{"@type":"ListItem","position":1,"name":"Portada","item":"https:\/\/domeniowines.com\/en\/"},{"@type":"ListItem","position":2,"name":"COOPERATIVE IN SPIRIT"}]},{"@type":"WebSite","@id":"https:\/\/domeniowines.com\/#website","url":"https:\/\/domeniowines.com\/","name":"Domenio","description":"Vins i caves | 1917","potentialAction":[{"@type":"SearchAction","target":{"@type":"EntryPoint","urlTemplate":"https:\/\/domeniowines.com\/?s={search_term_string}"},"query-input":{"@type":"PropertyValueSpecification","valueRequired":true,"valueName":"search_term_string"}}],"inLanguage":"en-US"}]}},"featured_media_urls":[],"_links":{"self":[{"href":"https:\/\/domeniowines.com\/en\/wp-json\/wp\/v2\/pages\/4906","targetHints":{"allow":["GET"]}}],"collection":[{"href":"https:\/\/domeniowines.com\/en\/wp-json\/wp\/v2\/pages"}],"about":[{"href":"https:\/\/domeniowines.com\/en\/wp-json\/wp\/v2\/types\/page"}],"author":[{"embeddable":true,"href":"https:\/\/domeniowines.com\/en\/wp-json\/wp\/v2\/users\/1"}],"replies":[{"embeddable":true,"href":"https:\/\/domeniowines.com\/en\/wp-json\/wp\/v2\/comments?post=4906"}],"version-history":[{"count":22,"href":"https:\/\/domeniowines.com\/en\/wp-json\/wp\/v2\/pages\/4906\/revisions"}],"predecessor-version":[{"id":6452,"href":"https:\/\/domeniowines.com\/en\/wp-json\/wp\/v2\/pages\/4906\/revisions\/6452"}],"wp:attachment":[{"href":"https:\/\/domeniowines.com\/en\/wp-json\/wp\/v2\/media?parent=4906"}],"curies":[{"name":"wp","href":"https:\/\/api.w.org\/{rel}","templated":true}]}}