{"id":4951,"date":"2023-09-27T17:42:17","date_gmt":"2023-09-27T15:42:17","guid":{"rendered":"https:\/\/domeniowines.com\/cooperative-company\/"},"modified":"2024-03-26T16:57:50","modified_gmt":"2024-03-26T15:57:50","slug":"a-cooperative-enterprise","status":"publish","type":"page","link":"https:\/\/domeniowines.com\/en\/a-cooperative-enterprise\/","title":{"rendered":"A COOPERATIVE ENTERPRISE"},"content":{"rendered":"\t\t<div data-elementor-type=\"wp-page\" data-elementor-id=\"4951\" class=\"elementor elementor-4951 elementor-725\" data-elementor-post-type=\"page\">\n\t\t\t\t\t\t\t<div class=\"has_eae_slider elementor-element elementor-element-bbe0faa e-flex e-con-boxed e-con e-parent\" data-id=\"bbe0faa\" data-element_type=\"container\" data-settings=\"{&quot;background_background&quot;:&quot;classic&quot;,&quot;content_width&quot;:&quot;boxed&quot;}\" data-core-v316-plus=\"true\">\n\t\t\t\t\t<div class=\"e-con-inner\">\n\t\t\t\t<div class=\"elementor-element elementor-element-afe3cc9 elementor-widget elementor-widget-spacer\" data-id=\"afe3cc9\" data-element_type=\"widget\" data-widget_type=\"spacer.default\">\n\t\t\t\t<div class=\"elementor-widget-container\">\n\t\t\t<style>\/*! elementor - v3.17.0 - 01-11-2023 *\/\n.elementor-column .elementor-spacer-inner{height:var(--spacer-size)}.e-con{--container-widget-width:100%}.e-con-inner>.elementor-widget-spacer,.e-con>.elementor-widget-spacer{width:var(--container-widget-width,var(--spacer-size));--align-self:var(--container-widget-align-self,initial);--flex-shrink:0}.e-con-inner>.elementor-widget-spacer>.elementor-widget-container,.e-con>.elementor-widget-spacer>.elementor-widget-container{height:100%;width:100%}.e-con-inner>.elementor-widget-spacer>.elementor-widget-container>.elementor-spacer,.e-con>.elementor-widget-spacer>.elementor-widget-container>.elementor-spacer{height:100%}.e-con-inner>.elementor-widget-spacer>.elementor-widget-container>.elementor-spacer>.elementor-spacer-inner,.e-con>.elementor-widget-spacer>.elementor-widget-container>.elementor-spacer>.elementor-spacer-inner{height:var(--container-widget-height,var(--spacer-size))}.e-con-inner>.elementor-widget-spacer.elementor-widget-empty,.e-con>.elementor-widget-spacer.elementor-widget-empty{position:relative;min-height:22px;min-width:22px}.e-con-inner>.elementor-widget-spacer.elementor-widget-empty .elementor-widget-empty-icon,.e-con>.elementor-widget-spacer.elementor-widget-empty .elementor-widget-empty-icon{position:absolute;top:0;bottom:0;left:0;right:0;margin:auto;padding:0;width:22px;height:22px}<\/style>\t\t<div class=\"elementor-spacer\">\n\t\t\t<div class=\"elementor-spacer-inner\"><\/div>\n\t\t<\/div>\n\t\t\t\t<\/div>\n\t\t\t\t<\/div>\n\t\t\t\t<div class=\"elementor-element elementor-element-79e3c17 elementor-widget elementor-widget-text-editor\" data-id=\"79e3c17\" data-element_type=\"widget\" data-widget_type=\"text-editor.default\">\n\t\t\t\t<div class=\"elementor-widget-container\">\n\t\t\t<style>\/*! elementor - v3.17.0 - 01-11-2023 *\/\n.elementor-widget-text-editor.elementor-drop-cap-view-stacked .elementor-drop-cap{background-color:#69727d;color:#fff}.elementor-widget-text-editor.elementor-drop-cap-view-framed .elementor-drop-cap{color:#69727d;border:3px solid;background-color:transparent}.elementor-widget-text-editor:not(.elementor-drop-cap-view-default) .elementor-drop-cap{margin-top:8px}.elementor-widget-text-editor:not(.elementor-drop-cap-view-default) .elementor-drop-cap-letter{width:1em;height:1em}.elementor-widget-text-editor .elementor-drop-cap{float:left;text-align:center;line-height:1;font-size:50px}.elementor-widget-text-editor .elementor-drop-cap-letter{display:inline-block}<\/style>\t\t\t\t<p>HOME \/ BY CELLERS DOMENYS \/ <span style=\"color: #999999;\">COOPERATIVE COMPANY<\/span><\/p>\n\t\t\t\t\t\t<\/div>\n\t\t\t\t<\/div>\n\t\t\t\t<div class=\"elementor-element elementor-element-36dc0fe elementor-widget-mobile__width-inherit elementor-widget elementor-widget-heading\" data-id=\"36dc0fe\" data-element_type=\"widget\" data-widget_type=\"heading.default\">\n\t\t\t\t<div class=\"elementor-widget-container\">\n\t\t\t<style>\/*! elementor - v3.17.0 - 01-11-2023 *\/\n.elementor-heading-title{padding:0;margin:0;line-height:1}.elementor-widget-heading .elementor-heading-title[class*=elementor-size-]>a{color:inherit;font-size:inherit;line-height:inherit}.elementor-widget-heading .elementor-heading-title.elementor-size-small{font-size:15px}.elementor-widget-heading .elementor-heading-title.elementor-size-medium{font-size:19px}.elementor-widget-heading .elementor-heading-title.elementor-size-large{font-size:29px}.elementor-widget-heading .elementor-heading-title.elementor-size-xl{font-size:39px}.elementor-widget-heading .elementor-heading-title.elementor-size-xxl{font-size:59px}<\/style><h2 class=\"elementor-heading-title elementor-size-default\">A cooperative enterprise<\/h2>\t\t<\/div>\n\t\t\t\t<\/div>\n\t\t\t\t\t<\/div>\n\t\t\t\t<\/div>\n\t\t<div class=\"has_eae_slider elementor-element elementor-element-497380e e-flex e-con-boxed e-con e-parent\" data-id=\"497380e\" data-element_type=\"container\" data-settings=\"{&quot;background_background&quot;:&quot;classic&quot;,&quot;content_width&quot;:&quot;boxed&quot;}\" data-core-v316-plus=\"true\">\n\t\t\t\t\t<div class=\"e-con-inner\">\n\t\t<div class=\"has_eae_slider elementor-element elementor-element-0d77e1d e-con-full e-flex e-con e-child\" data-id=\"0d77e1d\" data-element_type=\"container\" data-settings=\"{&quot;content_width&quot;:&quot;full&quot;}\">\n\t\t\t\t<div class=\"elementor-element elementor-element-b05ea27 elementor-nav-menu__align-left elementor-nav-menu--dropdown-none elementor-widget elementor-widget-nav-menu\" data-id=\"b05ea27\" data-element_type=\"widget\" data-settings=\"{&quot;layout&quot;:&quot;vertical&quot;,&quot;submenu_icon&quot;:{&quot;value&quot;:&quot;&lt;i class=\\&quot;\\&quot;&gt;&lt;\\\/i&gt;&quot;,&quot;library&quot;:&quot;&quot;}}\" data-widget_type=\"nav-menu.default\">\n\t\t\t\t<div class=\"elementor-widget-container\">\n\t\t\t<link rel=\"stylesheet\" href=\"https:\/\/domeniowines.com\/wp-content\/plugins\/elementor-pro\/assets\/css\/widget-nav-menu.min.css\">\t\t\t<nav class=\"elementor-nav-menu--main elementor-nav-menu__container elementor-nav-menu--layout-vertical e--pointer-text e--animation-shrink\">\n\t\t\t\t<ul id=\"menu-1-b05ea27\" class=\"elementor-nav-menu sm-vertical\"><li class=\"menu-item menu-item-type-post_type menu-item-object-page menu-item-5047\"><a href=\"https:\/\/domeniowines.com\/en\/cooperative-in-spirit\/\" class=\"elementor-item\">COOPERATIVE IN SPIRIT<\/a><\/li>\n<li class=\"menu-item menu-item-type-post_type menu-item-object-page menu-item-5048\"><a href=\"https:\/\/domeniowines.com\/en\/a-cooperative-enterprise\/\" class=\"elementor-item\">A COOPERATIVE ENTERPRISE<\/a><\/li>\n<li class=\"menu-item menu-item-type-post_type menu-item-object-page menu-item-5049\"><a href=\"https:\/\/domeniowines.com\/en\/prizes-won\/\" class=\"elementor-item\">Outstanding awards<\/a><\/li>\n<\/ul>\t\t\t<\/nav>\n\t\t\t\t\t\t<nav class=\"elementor-nav-menu--dropdown elementor-nav-menu__container\" aria-hidden=\"true\">\n\t\t\t\t<ul id=\"menu-2-b05ea27\" class=\"elementor-nav-menu sm-vertical\"><li class=\"menu-item menu-item-type-post_type menu-item-object-page menu-item-5047\"><a href=\"https:\/\/domeniowines.com\/en\/cooperative-in-spirit\/\" class=\"elementor-item\" tabindex=\"-1\">COOPERATIVE IN SPIRIT<\/a><\/li>\n<li class=\"menu-item menu-item-type-post_type menu-item-object-page menu-item-5048\"><a href=\"https:\/\/domeniowines.com\/en\/a-cooperative-enterprise\/\" class=\"elementor-item\" tabindex=\"-1\">A COOPERATIVE ENTERPRISE<\/a><\/li>\n<li class=\"menu-item menu-item-type-post_type menu-item-object-page menu-item-5049\"><a href=\"https:\/\/domeniowines.com\/en\/prizes-won\/\" class=\"elementor-item\" tabindex=\"-1\">Outstanding awards<\/a><\/li>\n<\/ul>\t\t\t<\/nav>\n\t\t\t\t<\/div>\n\t\t\t\t<\/div>\n\t\t\t\t<\/div>\n\t\t<div class=\"has_eae_slider elementor-element elementor-element-7b8e5af e-con-full e-flex e-con e-child\" data-id=\"7b8e5af\" data-element_type=\"container\" data-settings=\"{&quot;content_width&quot;:&quot;full&quot;}\">\n\t\t\t\t<div class=\"elementor-element elementor-element-5383290 elementor-widget elementor-widget-image\" data-id=\"5383290\" data-element_type=\"widget\" data-widget_type=\"image.default\">\n\t\t\t\t<div class=\"elementor-widget-container\">\n\t\t\t<style>\/*! elementor - v3.17.0 - 01-11-2023 *\/\n.elementor-widget-image{text-align:center}.elementor-widget-image a{display:inline-block}.elementor-widget-image a img[src$=\".svg\"]{width:48px}.elementor-widget-image img{vertical-align:middle;display:inline-block}<\/style>\t\t\t\t\t\t\t\t\t\t\t\t<img loading=\"lazy\" decoding=\"async\" width=\"1920\" height=\"1080\" src=\"https:\/\/domeniowines.com\/wp-content\/uploads\/2023\/09\/empresa-cooperativa.jpg\" class=\"attachment-full size-full wp-image-730\" alt=\"\" srcset=\"https:\/\/domeniowines.com\/wp-content\/uploads\/2023\/09\/empresa-cooperativa.jpg 1920w, https:\/\/domeniowines.com\/wp-content\/uploads\/2023\/09\/empresa-cooperativa-300x169.jpg 300w, https:\/\/domeniowines.com\/wp-content\/uploads\/2023\/09\/empresa-cooperativa-1024x576.jpg 1024w, https:\/\/domeniowines.com\/wp-content\/uploads\/2023\/09\/empresa-cooperativa-768x432.jpg 768w, https:\/\/domeniowines.com\/wp-content\/uploads\/2023\/09\/empresa-cooperativa-1536x864.jpg 1536w, https:\/\/domeniowines.com\/wp-content\/uploads\/2023\/09\/empresa-cooperativa-600x338.jpg 600w, https:\/\/domeniowines.com\/wp-content\/uploads\/2023\/09\/empresa-cooperativa-1200x675.jpg 1200w\" sizes=\"auto, (max-width: 1920px) 100vw, 1920px\" \/>\t\t\t\t\t\t\t\t\t\t\t\t\t\t\t<\/div>\n\t\t\t\t<\/div>\n\t\t\t\t<div class=\"elementor-element elementor-element-eedf54e elementor-widget elementor-widget-spacer\" data-id=\"eedf54e\" data-element_type=\"widget\" data-widget_type=\"spacer.default\">\n\t\t\t\t<div class=\"elementor-widget-container\">\n\t\t\t\t\t<div class=\"elementor-spacer\">\n\t\t\t<div class=\"elementor-spacer-inner\"><\/div>\n\t\t<\/div>\n\t\t\t\t<\/div>\n\t\t\t\t<\/div>\n\t\t\t\t<div class=\"elementor-element elementor-element-e8e0714 elementor-widget elementor-widget-heading\" data-id=\"e8e0714\" data-element_type=\"widget\" data-widget_type=\"heading.default\">\n\t\t\t\t<div class=\"elementor-widget-container\">\n\t\t\t<h2 class=\"elementor-heading-title elementor-size-default\">A cooperative enterprise<\/h2>\t\t<\/div>\n\t\t\t\t<\/div>\n\t\t\t\t<div class=\"elementor-element elementor-element-21e352e elementor-widget elementor-widget-heading\" data-id=\"21e352e\" data-element_type=\"widget\" data-widget_type=\"heading.default\">\n\t\t\t\t<div class=\"elementor-widget-container\">\n\t\t\t<h2 class=\"elementor-heading-title elementor-size-default\">Sant Jaume dels Domenys, Banyeres del Pened\u00e8s, Bellvei del Pened\u00e8s, La Bisbal del Pened\u00e8s, Rocafort de Queralt, Blancafort, Rodony\u00e0 and Pira. The Cellers Domenys organisation is made up of eight cooperatives, with a total of more than 800 members, a human team formed by around fifty professionals and with territorial spread of over 2,600 hectares of vineyards and olive orchards.<\/h2>\t\t<\/div>\n\t\t\t\t<\/div>\n\t\t\t\t<div class=\"elementor-element elementor-element-3f8d4df elementor-widget elementor-widget-heading\" data-id=\"3f8d4df\" data-element_type=\"widget\" data-widget_type=\"heading.default\">\n\t\t\t\t<div class=\"elementor-widget-container\">\n\t\t\t<h2 class=\"elementor-heading-title elementor-size-default\">Cellers Domenys is a top grade cooperative preparing food products of 100% cooperative origin. Wines for daily consumption and for special events, cold-pressed oils, well structured blends and cavas for celebrating the finest occasions. All these are exhaustively controlled, from production in the field until they are finally bottled by Domenio.<\/h2>\t\t<\/div>\n\t\t\t\t<\/div>\n\t\t\t\t<div class=\"elementor-element elementor-element-5fc847c elementor-widget elementor-widget-heading\" data-id=\"5fc847c\" data-element_type=\"widget\" data-widget_type=\"heading.default\">\n\t\t\t\t<div class=\"elementor-widget-container\">\n\t\t\t<h2 class=\"elementor-heading-title elementor-size-default\">The cooperative heart of Cellers Domenys gives our products a special character, not only in the end result but also through the contribution made by the land and the people who work there.<\/h2>\t\t<\/div>\n\t\t\t\t<\/div>\n\t\t\t\t<div class=\"elementor-element elementor-element-a35fa0d elementor-widget elementor-widget-heading\" data-id=\"a35fa0d\" data-element_type=\"widget\" data-widget_type=\"heading.default\">\n\t\t\t\t<div class=\"elementor-widget-container\">\n\t\t\t<h3 class=\"elementor-heading-title elementor-size-default\">Cellers Domenys, a union of 8 villages<\/h3>\t\t<\/div>\n\t\t\t\t<\/div>\n\t\t\t\t<div class=\"elementor-element elementor-element-6a22b87 elementor-widget elementor-widget-heading\" data-id=\"6a22b87\" data-element_type=\"widget\" data-widget_type=\"heading.default\">\n\t\t\t\t<div class=\"elementor-widget-container\">\n\t\t\t<h2 class=\"elementor-heading-title elementor-size-default\">Cellers Domenys was formed in 1917 in Sant Jaume dels Domenys. In 2006 a move began to join together the various cooperatives in the area, ending in 2024 with a brotherhood of eight villages: Banyeres del Pened\u00e8s, Bellvei del Pened\u00e8s, La Bisbal del Pened\u00e8s, Blancafort, Rocafort de Queralt, Rodony\u00e0, Pira and, of course, Sant Jaume dels Domenys.\n<\/h2>\t\t<\/div>\n\t\t\t\t<\/div>\n\t\t\t\t<div class=\"elementor-element elementor-element-b040a08 elementor-widget elementor-widget-heading\" data-id=\"b040a08\" data-element_type=\"widget\" data-widget_type=\"heading.default\">\n\t\t\t\t<div class=\"elementor-widget-container\">\n\t\t\t<h2 class=\"elementor-heading-title elementor-size-default\">This merger of villages has resulted in an organisation which has extended its borders to take on new challenges, now from an international perspective, in new targets to be achieved day by day. With its way of working, very local and in a cooperative spirit, Cellers Domenys is an enterprise which has been growing for more than 100 years due to the confidence it inspires and the attributes of its products. With its sights set on offering high quality standards throughout the production, the organisation maintains its backing for innovation and technology in the preparation of all its wines, cavas and oils, while also, committed to the land, working on all those institutional decisions that are directed to positioning the cooperative as a benchmark worldwide, but without losing the cooperative essence.<\/h2>\t\t<\/div>\n\t\t\t\t<\/div>\n\t\t\t\t<div class=\"elementor-element elementor-element-a76f915 elementor-widget elementor-widget-text-editor\" data-id=\"a76f915\" data-element_type=\"widget\" data-widget_type=\"text-editor.default\">\n\t\t\t\t<div class=\"elementor-widget-container\">\n\t\t\t\t\t\t\t<p data-pm-slice=\"1 1 []\">Would you like to know more about the Cellers Domenys cooperative? You can find out all about it <a href=\"https:\/\/domeniowines.com\/en\/\">here<\/a>.<\/p>\t\t\t\t\t\t<\/div>\n\t\t\t\t<\/div>\n\t\t\t\t<\/div>\n\t\t\t\t\t<\/div>\n\t\t\t\t<\/div>\n\t\t\t\t\t\t\t<\/div>\n\t\t","protected":false},"excerpt":{"rendered":"<p>HOME \/ BY CELLERS DOMENYS \/ COOPERATIVE COMPANY A cooperative enterprise A cooperative enterprise Sant Jaume dels Domenys, Banyeres del Pened\u00e8s, Bellvei del Pened\u00e8s, La Bisbal del Pened\u00e8s, Rocafort de Queralt, Blancafort, Rodony\u00e0 and Pira. The Cellers Domenys organisation is made up of eight cooperatives, with a total of more than 800 members, a human [&hellip;]<\/p>\n","protected":false},"author":1,"featured_media":0,"parent":0,"menu_order":0,"comment_status":"closed","ping_status":"closed","template":"","meta":{"_eb_attr":"","footnotes":""},"class_list":["post-4951","page","type-page","status-publish","hentry"],"yoast_head":"<!-- This site is optimized with the Yoast SEO plugin v25.5 - https:\/\/yoast.com\/wordpress\/plugins\/seo\/ -->\n<title>A COOPERATIVE ENTERPRISE - Domenio<\/title>\n<meta name=\"robots\" content=\"index, follow, max-snippet:-1, max-image-preview:large, max-video-preview:-1\" \/>\n<link rel=\"canonical\" href=\"https:\/\/domeniowines.com\/empresa-cooperativa\/\" \/>\n<meta property=\"og:locale\" content=\"en_US\" \/>\n<meta property=\"og:type\" content=\"article\" \/>\n<meta property=\"og:title\" content=\"A COOPERATIVE ENTERPRISE - Domenio\" \/>\n<meta property=\"og:description\" content=\"HOME \/ BY CELLERS DOMENYS \/ COOPERATIVE COMPANY A cooperative enterprise A cooperative enterprise Sant Jaume dels Domenys, Banyeres del Pened\u00e8s, Bellvei del Pened\u00e8s, La Bisbal del Pened\u00e8s, Rocafort de Queralt, Blancafort, Rodony\u00e0 and Pira. The Cellers Domenys organisation is made up of eight cooperatives, with a total of more than 800 members, a human [&hellip;]\" \/>\n<meta property=\"og:url\" content=\"https:\/\/domeniowines.com\/empresa-cooperativa\/\" \/>\n<meta property=\"og:site_name\" content=\"Domenio\" \/>\n<meta property=\"article:modified_time\" content=\"2024-03-26T15:57:50+00:00\" \/>\n<meta property=\"og:image\" content=\"https:\/\/domeniowines.com\/wp-content\/uploads\/2023\/09\/empresa-cooperativa.jpg\" \/>\n\t<meta property=\"og:image:width\" content=\"1920\" \/>\n\t<meta property=\"og:image:height\" content=\"1080\" \/>\n\t<meta property=\"og:image:type\" content=\"image\/jpeg\" \/>\n<meta name=\"twitter:card\" content=\"summary_large_image\" \/>\n<meta name=\"twitter:label1\" content=\"Est. reading time\" \/>\n\t<meta name=\"twitter:data1\" content=\"2 minutes\" \/>\n<script type=\"application\/ld+json\" class=\"yoast-schema-graph\">{\"@context\":\"https:\/\/schema.org\",\"@graph\":[{\"@type\":\"WebPage\",\"@id\":\"https:\/\/domeniowines.com\/empresa-cooperativa\/\",\"url\":\"https:\/\/domeniowines.com\/empresa-cooperativa\/\",\"name\":\"A COOPERATIVE ENTERPRISE - Domenio\",\"isPartOf\":{\"@id\":\"https:\/\/domeniowines.com\/#website\"},\"primaryImageOfPage\":{\"@id\":\"https:\/\/domeniowines.com\/empresa-cooperativa\/#primaryimage\"},\"image\":{\"@id\":\"https:\/\/domeniowines.com\/empresa-cooperativa\/#primaryimage\"},\"thumbnailUrl\":\"https:\/\/domeniowines.com\/wp-content\/uploads\/2023\/09\/empresa-cooperativa.jpg\",\"datePublished\":\"2023-09-27T15:42:17+00:00\",\"dateModified\":\"2024-03-26T15:57:50+00:00\",\"breadcrumb\":{\"@id\":\"https:\/\/domeniowines.com\/empresa-cooperativa\/#breadcrumb\"},\"inLanguage\":\"en-US\",\"potentialAction\":[{\"@type\":\"ReadAction\",\"target\":[\"https:\/\/domeniowines.com\/empresa-cooperativa\/\"]}]},{\"@type\":\"ImageObject\",\"inLanguage\":\"en-US\",\"@id\":\"https:\/\/domeniowines.com\/empresa-cooperativa\/#primaryimage\",\"url\":\"https:\/\/domeniowines.com\/wp-content\/uploads\/2023\/09\/empresa-cooperativa.jpg\",\"contentUrl\":\"https:\/\/domeniowines.com\/wp-content\/uploads\/2023\/09\/empresa-cooperativa.jpg\"},{\"@type\":\"BreadcrumbList\",\"@id\":\"https:\/\/domeniowines.com\/empresa-cooperativa\/#breadcrumb\",\"itemListElement\":[{\"@type\":\"ListItem\",\"position\":1,\"name\":\"Portada\",\"item\":\"https:\/\/domeniowines.com\/en\/\"},{\"@type\":\"ListItem\",\"position\":2,\"name\":\"A COOPERATIVE ENTERPRISE\"}]},{\"@type\":\"WebSite\",\"@id\":\"https:\/\/domeniowines.com\/#website\",\"url\":\"https:\/\/domeniowines.com\/\",\"name\":\"Domenio\",\"description\":\"Vins i caves | 1917\",\"potentialAction\":[{\"@type\":\"SearchAction\",\"target\":{\"@type\":\"EntryPoint\",\"urlTemplate\":\"https:\/\/domeniowines.com\/?s={search_term_string}\"},\"query-input\":{\"@type\":\"PropertyValueSpecification\",\"valueRequired\":true,\"valueName\":\"search_term_string\"}}],\"inLanguage\":\"en-US\"}]}<\/script>\n<!-- \/ Yoast SEO plugin. -->","yoast_head_json":{"title":"A COOPERATIVE ENTERPRISE - Domenio","robots":{"index":"index","follow":"follow","max-snippet":"max-snippet:-1","max-image-preview":"max-image-preview:large","max-video-preview":"max-video-preview:-1"},"canonical":"https:\/\/domeniowines.com\/empresa-cooperativa\/","og_locale":"en_US","og_type":"article","og_title":"A COOPERATIVE ENTERPRISE - Domenio","og_description":"HOME \/ BY CELLERS DOMENYS \/ COOPERATIVE COMPANY A cooperative enterprise A cooperative enterprise Sant Jaume dels Domenys, Banyeres del Pened\u00e8s, Bellvei del Pened\u00e8s, La Bisbal del Pened\u00e8s, Rocafort de Queralt, Blancafort, Rodony\u00e0 and Pira. The Cellers Domenys organisation is made up of eight cooperatives, with a total of more than 800 members, a human [&hellip;]","og_url":"https:\/\/domeniowines.com\/empresa-cooperativa\/","og_site_name":"Domenio","article_modified_time":"2024-03-26T15:57:50+00:00","og_image":[{"width":1920,"height":1080,"url":"https:\/\/domeniowines.com\/wp-content\/uploads\/2023\/09\/empresa-cooperativa.jpg","type":"image\/jpeg"}],"twitter_card":"summary_large_image","twitter_misc":{"Est. reading time":"2 minutes"},"schema":{"@context":"https:\/\/schema.org","@graph":[{"@type":"WebPage","@id":"https:\/\/domeniowines.com\/empresa-cooperativa\/","url":"https:\/\/domeniowines.com\/empresa-cooperativa\/","name":"A COOPERATIVE ENTERPRISE - Domenio","isPartOf":{"@id":"https:\/\/domeniowines.com\/#website"},"primaryImageOfPage":{"@id":"https:\/\/domeniowines.com\/empresa-cooperativa\/#primaryimage"},"image":{"@id":"https:\/\/domeniowines.com\/empresa-cooperativa\/#primaryimage"},"thumbnailUrl":"https:\/\/domeniowines.com\/wp-content\/uploads\/2023\/09\/empresa-cooperativa.jpg","datePublished":"2023-09-27T15:42:17+00:00","dateModified":"2024-03-26T15:57:50+00:00","breadcrumb":{"@id":"https:\/\/domeniowines.com\/empresa-cooperativa\/#breadcrumb"},"inLanguage":"en-US","potentialAction":[{"@type":"ReadAction","target":["https:\/\/domeniowines.com\/empresa-cooperativa\/"]}]},{"@type":"ImageObject","inLanguage":"en-US","@id":"https:\/\/domeniowines.com\/empresa-cooperativa\/#primaryimage","url":"https:\/\/domeniowines.com\/wp-content\/uploads\/2023\/09\/empresa-cooperativa.jpg","contentUrl":"https:\/\/domeniowines.com\/wp-content\/uploads\/2023\/09\/empresa-cooperativa.jpg"},{"@type":"BreadcrumbList","@id":"https:\/\/domeniowines.com\/empresa-cooperativa\/#breadcrumb","itemListElement":[{"@type":"ListItem","position":1,"name":"Portada","item":"https:\/\/domeniowines.com\/en\/"},{"@type":"ListItem","position":2,"name":"A COOPERATIVE ENTERPRISE"}]},{"@type":"WebSite","@id":"https:\/\/domeniowines.com\/#website","url":"https:\/\/domeniowines.com\/","name":"Domenio","description":"Vins i caves | 1917","potentialAction":[{"@type":"SearchAction","target":{"@type":"EntryPoint","urlTemplate":"https:\/\/domeniowines.com\/?s={search_term_string}"},"query-input":{"@type":"PropertyValueSpecification","valueRequired":true,"valueName":"search_term_string"}}],"inLanguage":"en-US"}]}},"featured_media_urls":[],"_links":{"self":[{"href":"https:\/\/domeniowines.com\/en\/wp-json\/wp\/v2\/pages\/4951","targetHints":{"allow":["GET"]}}],"collection":[{"href":"https:\/\/domeniowines.com\/en\/wp-json\/wp\/v2\/pages"}],"about":[{"href":"https:\/\/domeniowines.com\/en\/wp-json\/wp\/v2\/types\/page"}],"author":[{"embeddable":true,"href":"https:\/\/domeniowines.com\/en\/wp-json\/wp\/v2\/users\/1"}],"replies":[{"embeddable":true,"href":"https:\/\/domeniowines.com\/en\/wp-json\/wp\/v2\/comments?post=4951"}],"version-history":[{"count":15,"href":"https:\/\/domeniowines.com\/en\/wp-json\/wp\/v2\/pages\/4951\/revisions"}],"predecessor-version":[{"id":6504,"href":"https:\/\/domeniowines.com\/en\/wp-json\/wp\/v2\/pages\/4951\/revisions\/6504"}],"wp:attachment":[{"href":"https:\/\/domeniowines.com\/en\/wp-json\/wp\/v2\/media?parent=4951"}],"curies":[{"name":"wp","href":"https:\/\/api.w.org\/{rel}","templated":true}]}}